{"id":1865,"date":"2021-03-08T20:19:58","date_gmt":"2021-03-08T19:19:58","guid":{"rendered":"http:\/\/image-bible.ch\/?page_id=1865"},"modified":"2024-11-13T18:44:53","modified_gmt":"2024-11-13T17:44:53","slug":"d41-3-bible-nouveau-testament","status":"publish","type":"page","link":"http:\/\/image-bible.ch\/?page_id=1865","title":{"rendered":"G53.3 \/ Bible Nouveau-Testament"},"content":{"rendered":"<p style=\"text-align: center;\"><span style=\"font-family: 'comic sans ms', sans-serif; font-size: 14pt;\">G53.3<\/span><span style=\"font-family: 'comic sans ms', sans-serif; font-size: 14pt;\"> &#8211; Couronnement de la Vierge Marie \/ Bible Nouveau-Testament<\/span><\/p>\n<p><img loading=\"lazy\" decoding=\"async\" class=\"alignnone wp-image-5750\" src=\"http:\/\/image-bible.ch\/wp-content\/uploads\/2021\/05\/52.-Couronnement-de-la-Vierge-Marie-C-201x300.jpg\" alt=\"\" width=\"355\" height=\"530\" srcset=\"http:\/\/image-bible.ch\/wp-content\/uploads\/2021\/05\/52.-Couronnement-de-la-Vierge-Marie-C-201x300.jpg 201w, http:\/\/image-bible.ch\/wp-content\/uploads\/2021\/05\/52.-Couronnement-de-la-Vierge-Marie-C.jpg 326w\" sizes=\"(max-width: 355px) 100vw, 355px\" \/><\/p>\n<p><strong>Apocalypse : la femme couronn\u00e9e de 12 \u00e9toiles<\/strong><\/p>\n<p><span class=\"verse_number\">Ap 12,<sup><span style=\"color: #0000ff;\">1<\/span><\/sup><\/span> Un <em><strong>grand signe<\/strong> <\/em>apparut dans le ciel\u00a0: <strong>une Femme,<\/strong> ayant le <em>soleil pour manteau,<\/em> <em>la lune<\/em> sous les pieds, et sur la <em>t\u00eate une couronne de douze \u00e9toiles<\/em>.<\/p>\n<p><sup><span class=\"verse_number\" style=\"color: #0000ff;\">2<\/span><\/sup> Elle est <em>enceinte<\/em>, elle <em>crie<\/em>, dans les douleurs et la torture d\u2019un <em>enfantement<\/em>.<\/p>\n<p><sup><span class=\"verse_number\" style=\"color: #0000ff;\">3<\/span><\/sup> <strong><em>Un autre signe<\/em> <\/strong>apparut dans le ciel\u00a0: <strong>un grand dragon<\/strong>, rouge <em>feu<\/em>, avec<em> sept t\u00eate<\/em>s et <em>dix cornes,<\/em> et, sur chacune des sept t\u00eates, un <em>diad\u00e8me<\/em>.<\/p>\n<p><sup><span class=\"verse_number\" style=\"color: #0000ff;\">4<\/span><\/sup> Sa queue, entra\u00eenant <em>le tiers des \u00e9toiles du ciel<\/em>, les pr\u00e9cipita sur la terre. Le Dragon vint se poster devant la femme qui allait enfanter, afin de <em>d\u00e9vorer l\u2019enfant<\/em> d\u00e8s sa <em>naissance<\/em>.<\/p>\n<p><sup><span class=\"verse_number\" style=\"color: #0000ff;\">5<\/span><\/sup> Or, elle mit au monde<strong> un fils, un enfant m\u00e2le<\/strong>, celui qui sera <em>le berger<\/em> de toutes les nations, les conduisant avec un sceptre de fer. L\u2019enfant fut <em>enlev\u00e9<\/em> jusqu<em>\u2019aupr\u00e8s de Dieu<\/em> et de son Tr\u00f4ne, <sup><span class=\"verse_number\" style=\"color: #0000ff;\">6<\/span><\/sup> et la Femme s\u2019enfuit <em>au d\u00e9sert<\/em>, o\u00f9 <strong>Dieu<\/strong> lui a pr\u00e9par\u00e9 <em>une place<\/em>, pour qu\u2019elle y soit nourrie pendant <em>mille deux cent soixante jours<\/em>.<\/p>\n<p><sup><span class=\"verse_number\" style=\"color: #0000ff;\">7<\/span><\/sup> Il y eut alors <em>un combat<\/em> dans le ciel\u00a0: <strong>Michel<\/strong>, avec ses <em>anges<\/em>, dut <em>combattre<\/em> <strong>le Dragon<\/strong>. <strong>Le Dragon<\/strong>, lui aussi, combattait avec ses anges, <sup><span class=\"verse_number\" style=\"color: #0000ff;\">8 <\/span><\/sup>mais il ne fut <em>pas le plus fort<\/em>\u00a0; pour eux d\u00e9sormais, <em>nulle place dans le ciel<\/em>.<\/p>\n<p><sup><span class=\"verse_number\" style=\"color: #0000ff;\">9<\/span><\/sup> Oui, il fut rejet\u00e9, <strong>le grand Dragon<\/strong>, <em>le Serpent des origines<\/em>, celui qu\u2019on nomme <strong>Diable et Satan<\/strong>, <em>le s\u00e9ducteur<\/em> du monde entier. Il fut <em>jet\u00e9 sur la terre<\/em>, et ses anges furent jet\u00e9s avec lui.<\/p>\n<p><sup><span class=\"verse_number\" style=\"color: #0000ff;\">10<\/span><\/sup> Alors j\u2019entendis dans le ciel une voix forte, qui proclamait\u00a0: \u00ab\u00a0<em>Maintenant voici le salut, la puissance et le r\u00e8gne de notre <strong>Dieu<\/strong>, voici le pouvoir de son <strong>Christ<\/strong><\/em>\u00a0! Car il est rejet\u00e9, l\u2019accusateur de nos fr\u00e8res, lui qui les accusait, jour et nuit, devant notre Dieu.<\/p>\n<p><sup><span class=\"verse_number\" style=\"color: #0000ff;\">11<\/span><\/sup> Eux-m\u00eames l\u2019ont vaincu <em>par le sang de l\u2019Agneau<\/em>, par <em>la parole<\/em> dont ils furent les t\u00e9moins\u00a0; d\u00e9tach\u00e9s de leur propre vie, ils sont all\u00e9s jusqu\u2019\u00e0 mourir.<\/p>\n<p><sup><span class=\"verse_number\" style=\"color: #0000ff;\">12<\/span><\/sup> Cieux, soyez donc <em>dans la joie<\/em>, et vous qui avez aux cieux votre demeure\u00a0! Malheur \u00e0 la terre et \u00e0 la mer\u00a0: <strong>le diable<\/strong> est descendu vers vous, plein d\u2019une grande fureur\u00a0; il sait qu\u2019il lui reste peu de temps.\u00a0\u00bb<\/p>\n<p><a href=\"http:\/\/image-bible.ch\/?page_id=4460\">Voir l&rsquo;Assomption de la Vierge Marie<\/a><\/p>\n<p><strong><span style=\"color: #993300;\">Vocabulaire :<\/span><\/strong><\/p>\n<p>&nbsp;<\/p>\n<p><strong><span style=\"color: #0000ff;\">Questions :<\/span><\/strong><\/p>\n<p>&nbsp;<\/p>\n<p>&nbsp;<\/p>\n<h4>Comnmentaire :<\/h4>\n<table style=\"width: 94.1768%; height: 615px;\">\n<tbody>\n<tr>\n<td style=\"width: 642px;\">\n<p style=\"text-align: justify;\">Celle qui s&rsquo;est d\u00e9clar\u00e9e \u00ab\u00a0servante du Seigneur\u00a0\u00bb (Lc 1,38) \u00e0 l&rsquo;Annonciation est rest\u00e9e, durant toute sa vie terrestre, fid\u00e8le \u00e0 ce que ce nom exprime, confirmant ainsi qu\u2019elle est v\u00e9ritablement disciple du Christ, lui qui soulign\u00e9 le caract\u00e8re de service de sa mission : le Fils de l&rsquo;homme \u00ab\u00a0n&rsquo;est pas venu pour \u00eatre servi, mais pour servir et donner sa vie en ran\u00e7on pour une multitude\u00a0\u00bb (Mt 20, 28).<\/p>\n<p style=\"text-align: justify;\">C&rsquo;est pourquoi Marie est devenue la premi\u00e8re des servantes du Christ en conduisant ses fr\u00e8res (les ap\u00f4tres en particulier) et les soeurs, dans l&rsquo;humilit\u00e9 et la patience, jusqu&rsquo;au Roi. Servir, c&rsquo;est r\u00e9gner, et Marie a pleinement atteint cet \u00e9tat de libert\u00e9 royale qui est propre aux disciples du Christ. Mais plus exactement servir c\u2019est laisser J\u00e9sus r\u00e9gner sur nos vies, et nos c\u0153urs et par nous, \u00e9largir son royaume \u00e0 tous nos s\u0153urs et fr\u00e8res.<\/p>\n<p style=\"text-align: justify;\">Le Christ, s&rsquo;est fait ob\u00e9issant jusqu&rsquo;\u00e0 la mort et il a \u00e9t\u00e9 exalt\u00e9 par le P\u00e8re (cf. Ph 2, 8-9), et il est entr\u00e9 dans la gloire de son royaume ; \u00e0 lui, tout est soumis, en attendant que lui-m\u00eame soumette \u00e0 son P\u00e8re toute la cr\u00e9ation, afin que Dieu soit tout en tous (cf. 1 Co 15, 27-28).<\/p>\n<p style=\"text-align: justify;\">\u00ab\u00a0Marie, \u00e0 partir du consentement qu\u2019elle apporta par sa foi au jour de l\u2019Annonciation et qu\u2019elle maintint sous la croix dans sa fermet\u00e9, cette maternit\u00e9 de Marie dans l\u2019\u00e9conomie de la gr\u00e2ce se continue sans interruption jusqu\u2019\u00e0 la consommation d\u00e9finitive de tous les \u00e9lus. En effet, apr\u00e8s l\u2019Assomption au ciel, son r\u00f4le dans le salut ne s\u2019interrompt pas : par son intercession multiple, elle continue \u00e0 nous obtenir les dons qui assurent notre salut \u00e9ternel. Son amour maternel la rend attentive aux fr\u00e8res de son Fils dont le p\u00e8lerinage n\u2019est pas achev\u00e9, et qui se trouvent engag\u00e9s dans les p\u00e9rils et les \u00e9preuves, jusqu\u2019\u00e0 ce qu\u2019ils parviennent \u00e0 la patrie bienheureuse.\u00bb (Lumen Gentium 62).<\/p>\n<p style=\"text-align: justify;\">Ainsi, dans son assomption au ciel, Marie est comme envelopp\u00e9e dans toute la r\u00e9alit\u00e9 de la communion des saints, et son union \u00e0 son Fils dans la gloire est toute tendue vers la pl\u00e9nitude d\u00e9finitive du Royaume, lorsque \u00abDieu sera tout en tous\u00bb (1 Co 15,28).<\/p>\n<\/td>\n<\/tr>\n<\/tbody>\n<\/table>\n<h3>Psaume\u00a0: 20,2-8.14<\/h3>\n<p>Seigneur, le roi se r\u00e9jouit de ta force ; quelle all\u00e9gresse lui donne ta victoire !<\/p>\n<p>Tu as r\u00e9pondu au d\u00e9sir de son coeur, tu n&rsquo;as pas rejet\u00e9 le souhait de ses l\u00e8vres.<\/p>\n<p>Tu lui destines b\u00e9n\u00e9dictions et bienfaits, tu mets sur sa t\u00eate une couronne d&rsquo;or.<\/p>\n<p>La vie qu&rsquo;il t&rsquo;a demand\u00e9e, tu la lui donnes, de longs jours, des ann\u00e9es sans fin.<\/p>\n<p>Par ta victoire, grandit son \u00e9clat : tu le rev\u00eats de splendeur et de gloire.<\/p>\n<p>Tu mets en lui ta b\u00e9n\u00e9diction pour toujours : ta pr\u00e9sence l&#8217;emplit de joie !<\/p>\n<p>Oui, le roi s&rsquo;appuie sur le Seigneur : la gr\u00e2ce du Tr\u00e8s-Haut le rend in\u00e9branlable.<\/p>\n<p>Dresse-toi, Seigneur, dans ta force : nous f\u00eaterons, nous chanterons ta vaillance.<\/p>\n<h3>M\u00e9ditation<\/h3>\n<p>Plac\u00e9e par l&rsquo;adorable Trinit\u00e9 au-dessus de tous les ch\u0153urs ang\u00e9liques, Marie, fille ch\u00e9rie du P\u00e8re, m\u00e8re bien aim\u00e9e du Fils, \u00e9pouse sans tache du Saint-Esprit, est couronn\u00e9e Reine du ciel et de la terre.<\/p>\n<p>Ce myst\u00e8re repr\u00e9sente le couronnement de toute vie chr\u00e9tienne. Marie a \u00e9t\u00e9 fid\u00e8le \u00e0 Dieu. Dieu lui donne la r\u00e9compense promise. Le bonheur que nous recherchons sera n\u00f4tre pour toujours si nous aussi nous sommes fid\u00e8les. Il faut y penser. C&rsquo;est minute par minute, heure par heure que se joue le r\u00e9sultat final.<\/p>\n","protected":false},"excerpt":{"rendered":"<p>G53.3 &#8211; Couronnement de la Vierge Marie \/ Bible Nouveau-Testament Apocalypse : la femme couronn\u00e9e de 12 \u00e9toiles Ap 12,1 Un grand signe apparut dans le ciel\u00a0: une Femme, ayant le soleil pour manteau, la lune sous les pieds, et<\/p>\n","protected":false},"author":1,"featured_media":0,"parent":0,"menu_order":0,"comment_status":"closed","ping_status":"closed","template":"","meta":{"footnotes":""},"_links":{"self":[{"href":"http:\/\/image-bible.ch\/index.php?rest_route=\/wp\/v2\/pages\/1865"}],"collection":[{"href":"http:\/\/image-bible.ch\/index.php?rest_route=\/wp\/v2\/pages"}],"about":[{"href":"http:\/\/image-bible.ch\/index.php?rest_route=\/wp\/v2\/types\/page"}],"author":[{"embeddable":true,"href":"http:\/\/image-bible.ch\/index.php?rest_route=\/wp\/v2\/users\/1"}],"replies":[{"embeddable":true,"href":"http:\/\/image-bible.ch\/index.php?rest_route=%2Fwp%2Fv2%2Fcomments&post=1865"}],"version-history":[{"count":9,"href":"http:\/\/image-bible.ch\/index.php?rest_route=\/wp\/v2\/pages\/1865\/revisions"}],"predecessor-version":[{"id":9499,"href":"http:\/\/image-bible.ch\/index.php?rest_route=\/wp\/v2\/pages\/1865\/revisions\/9499"}],"wp:attachment":[{"href":"http:\/\/image-bible.ch\/index.php?rest_route=%2Fwp%2Fv2%2Fmedia&parent=1865"}],"curies":[{"name":"wp","href":"https:\/\/api.w.org\/{rel}","templated":true}]}}