{"id":2109,"date":"2021-03-16T09:25:50","date_gmt":"2021-03-16T08:25:50","guid":{"rendered":"http:\/\/image-bible.ch\/?page_id=2109"},"modified":"2024-08-20T14:18:42","modified_gmt":"2024-08-20T12:18:42","slug":"b17-le-discours-sur-la-montagne-les-beatitudes","status":"publish","type":"page","link":"http:\/\/image-bible.ch\/?page_id=2109","title":{"rendered":"B17. Le discours sur la montagne : les b\u00e9atitudes"},"content":{"rendered":"<p style=\"text-align: center;\"><span style=\"font-size: 14pt; font-family: 'comic sans ms', sans-serif;\">B17 &#8211; Le discours sur la montagne : les b\u00e9atitudes<\/span><\/p>\n<p><span style=\"font-family: 'comic sans ms', sans-serif;\">| <a href=\"http:\/\/image-bible.ch\/?page_id=2112\" target=\"_blank\" rel=\"noreferrer noopener\">La Bible des Pauvres<\/a> | <a href=\"http:\/\/image-bible.ch\/?page_id=2114\" target=\"_blank\" rel=\"noopener\"> Images<\/a> | <a href=\"http:\/\/image-bible.ch\/?page_id=2116\" target=\"_blank\" rel=\"noreferrer noopener\">Nouveau-Testament<\/a> | <a href=\"http:\/\/image-bible.ch\/?page_id=2121\" target=\"_blank\" rel=\"noreferrer noopener\">Ancien-Testament<\/a> | <a href=\"http:\/\/image-bible.ch\/?page_id=2123\" target=\"_blank\" rel=\"noreferrer noopener\">Interpr\u00e9tation<\/a> | <a href=\"http:\/\/image-bible.ch\/?page_id=2125\" target=\"_blank\" rel=\"noreferrer noopener\">Ic\u00f4ne<\/a> | <a href=\"http:\/\/image-bible.ch\/?page_id=2127\" target=\"_blank\" rel=\"noreferrer noopener\">F\u00eate juive et chr\u00e9tienne<\/a> | <a href=\"http:\/\/image-bible.ch\/?page_id=2130\" target=\"_blank\" rel=\"noreferrer noopener\">KT enfants<\/a> | <a href=\"http:\/\/image-bible.ch\/?page_id=2132\" target=\"_blank\" rel=\"noreferrer noopener\">Jeunes<\/a> | <a href=\"http:\/\/image-bible.ch\/?page_id=2134\" target=\"_blank\" rel=\"noreferrer noopener\">Divers Vid\u00e9o &#8211; R\u00e9f\u00e9rences<\/a> |<\/span><\/p>\n<hr \/>\n<p style=\"text-align: center;\"><strong><span style=\"font-family: 'book antiqua', palatino, serif;\">Page de pr\u00e9sentation<\/span><\/strong><\/p>\n<p>Le sermon sur la montagne<\/p>\n<p>Du livre les 40 clefs pour rencontrer J\u00e9sus : <a href=\"http:\/\/image-bible.ch\/wp-content\/uploads\/10.-Le-sermon-sur-la-montagne.pdf\">10. Le sermon sur la montagne<\/a><\/p>\n<p><img loading=\"lazy\" decoding=\"async\" class=\"alignnone size-medium wp-image-5947\" src=\"http:\/\/image-bible.ch\/wp-content\/uploads\/2021\/09\/Sermon-sur-la-montagne-Cosimo-Rosselli-Chapelle-Sixtine-Vatican-300x182.jpg\" alt=\"\" width=\"300\" height=\"182\" srcset=\"http:\/\/image-bible.ch\/wp-content\/uploads\/2021\/09\/Sermon-sur-la-montagne-Cosimo-Rosselli-Chapelle-Sixtine-Vatican-300x182.jpg 300w, http:\/\/image-bible.ch\/wp-content\/uploads\/2021\/09\/Sermon-sur-la-montagne-Cosimo-Rosselli-Chapelle-Sixtine-Vatican-1024x621.jpg 1024w, http:\/\/image-bible.ch\/wp-content\/uploads\/2021\/09\/Sermon-sur-la-montagne-Cosimo-Rosselli-Chapelle-Sixtine-Vatican-768x465.jpg 768w, http:\/\/image-bible.ch\/wp-content\/uploads\/2021\/09\/Sermon-sur-la-montagne-Cosimo-Rosselli-Chapelle-Sixtine-Vatican.jpg 1500w\" sizes=\"(max-width: 300px) 100vw, 300px\" \/><\/p>\n<p><em>Sermon sur la montagne, Cosimo Rosselli, Chapelle Sixtine<\/em><\/p>\n<p><img decoding=\"async\" class=\" lazyloaded\" src=\"https:\/\/vodeus.tv\/storage\/videos\/2019\/06\/12\/f\/4\/f443cc7d2400e767c5bcce17963787d7f51df5ac_375x212.jpg\" alt=\"Paroles de vitrail - Le sermon sur la montagne\" data-src=\"\/storage\/videos\/2019\/06\/12\/f\/4\/f443cc7d2400e767c5bcce17963787d7f51df5ac_375x212.jpg\" \/><\/p>\n<p><em>Vitrail de la cath\u00e9drale de Strasbourg<\/em><\/p>\n<p><a href=\"https:\/\/vodeus.tv\/video\/paroles-de-vitrail-le-sermon-sur-la-montagne-1191\">Animation vitrail du sermon sur la montagne<\/a><\/p>\n<p>Pr\u00e9figur\u00e9 par Mo\u00efse qui re\u00e7oit le don de la Loi<\/p>\n<p><img loading=\"lazy\" decoding=\"async\" class=\"alignnone size-medium wp-image-5948\" src=\"http:\/\/image-bible.ch\/wp-content\/uploads\/2021\/09\/Histoire-de-Moise-don-de-la-loi-Cosimo-Rosselli-Chapelle-Sixtine-Vatican-300x190.jpg\" alt=\"\" width=\"300\" height=\"190\" srcset=\"http:\/\/image-bible.ch\/wp-content\/uploads\/2021\/09\/Histoire-de-Moise-don-de-la-loi-Cosimo-Rosselli-Chapelle-Sixtine-Vatican-300x190.jpg 300w, http:\/\/image-bible.ch\/wp-content\/uploads\/2021\/09\/Histoire-de-Moise-don-de-la-loi-Cosimo-Rosselli-Chapelle-Sixtine-Vatican-1024x649.jpg 1024w, http:\/\/image-bible.ch\/wp-content\/uploads\/2021\/09\/Histoire-de-Moise-don-de-la-loi-Cosimo-Rosselli-Chapelle-Sixtine-Vatican-768x487.jpg 768w, http:\/\/image-bible.ch\/wp-content\/uploads\/2021\/09\/Histoire-de-Moise-don-de-la-loi-Cosimo-Rosselli-Chapelle-Sixtine-Vatican-1536x974.jpg 1536w, http:\/\/image-bible.ch\/wp-content\/uploads\/2021\/09\/Histoire-de-Moise-don-de-la-loi-Cosimo-Rosselli-Chapelle-Sixtine-Vatican-2048x1299.jpg 2048w\" sizes=\"(max-width: 300px) 100vw, 300px\" \/><\/p>\n<p><em>Histoire de Mo\u00efse, Cosimo Rosselli, Chapelle Sixtine<\/em><\/p>\n<hr \/>\n<table style=\"border-collapse: collapse; width: 100%;\">\n<tbody>\n<tr>\n<td style=\"width: 100%;\"><span style=\"font-size: 10pt;\">B10.\u00a0<a href=\"http:\/\/image-bible.ch\/?page_id=59\">Le bapt\u00eame de J\u00e9sus<\/a>\u00a0\u2013 B11.<a href=\"http:\/\/image-bible.ch\/?page_id=61\">Les tentations<\/a>\u00a0\u2013 B12.\u00a0<a href=\"http:\/\/image-bible.ch\/?page_id=63\">La multiplication des pains<\/a>\u00a0 \u2013 B13.\u00a0<a href=\"http:\/\/image-bible.ch\/?page_id=65\">Repas chez le pharisien, le repentir de Marie-Madeleine<\/a>\u00a0\u2013 B14.\u00a0<a href=\"http:\/\/image-bible.ch\/?page_id=68\">Le r\u00e9veil (r\u00e9surrection) de Lazare<\/a>\u00a0\u2013 B15.\u00a0<a href=\"http:\/\/image-bible.ch\/?page_id=70\">La Transfiguration<\/a>\u00a0\u2013 B16.\u00a0<a href=\"http:\/\/image-bible.ch\/?page_id=72\">Les vendeurs chass\u00e9s du Temple<\/a>\u00a0 \u2013 B17.\u00a0<a href=\"http:\/\/image-bible.ch\/?page_id=2109\">Le discours sur la montagne : les b\u00e9atitudes<\/a><\/span><\/td>\n<\/tr>\n<\/tbody>\n<\/table>\n","protected":false},"excerpt":{"rendered":"<p>B17 &#8211; Le discours sur la montagne : les b\u00e9atitudes | La Bible des Pauvres | Images | Nouveau-Testament | Ancien-Testament | Interpr\u00e9tation | Ic\u00f4ne | F\u00eate juive et chr\u00e9tienne | KT enfants | Jeunes | Divers Vid\u00e9o &#8211; R\u00e9f\u00e9rences<\/p>\n","protected":false},"author":1,"featured_media":0,"parent":0,"menu_order":0,"comment_status":"closed","ping_status":"closed","template":"","meta":{"footnotes":""},"_links":{"self":[{"href":"http:\/\/image-bible.ch\/index.php?rest_route=\/wp\/v2\/pages\/2109"}],"collection":[{"href":"http:\/\/image-bible.ch\/index.php?rest_route=\/wp\/v2\/pages"}],"about":[{"href":"http:\/\/image-bible.ch\/index.php?rest_route=\/wp\/v2\/types\/page"}],"author":[{"embeddable":true,"href":"http:\/\/image-bible.ch\/index.php?rest_route=\/wp\/v2\/users\/1"}],"replies":[{"embeddable":true,"href":"http:\/\/image-bible.ch\/index.php?rest_route=%2Fwp%2Fv2%2Fcomments&post=2109"}],"version-history":[{"count":17,"href":"http:\/\/image-bible.ch\/index.php?rest_route=\/wp\/v2\/pages\/2109\/revisions"}],"predecessor-version":[{"id":7290,"href":"http:\/\/image-bible.ch\/index.php?rest_route=\/wp\/v2\/pages\/2109\/revisions\/7290"}],"wp:attachment":[{"href":"http:\/\/image-bible.ch\/index.php?rest_route=%2Fwp%2Fv2%2Fmedia&parent=2109"}],"curies":[{"name":"wp","href":"https:\/\/api.w.org\/{rel}","templated":true}]}}