{"id":2116,"date":"2021-03-16T09:30:00","date_gmt":"2021-03-16T08:30:00","guid":{"rendered":"http:\/\/image-bible.ch\/?page_id=2116"},"modified":"2024-11-05T16:32:54","modified_gmt":"2024-11-05T15:32:54","slug":"b17-3-bible-nouveau-testament","status":"publish","type":"page","link":"http:\/\/image-bible.ch\/?page_id=2116","title":{"rendered":"B17.3 \/ Bible Nouveau-Testament"},"content":{"rendered":"<p style=\"text-align: center;\">B17.<strong> Le discours sur la montagne : les b\u00e9atitudes \/ Bible Nouveau-Testament<\/strong><\/p>\n<p><span class=\"verse_number\">Mt <span style=\"color: #0000ff;\">5,<sup>1<\/sup><\/span><\/span> Voyant les foules, <strong>J\u00e9sus<\/strong> gravit <span style=\"color: #008000;\">la montagne<\/span>. Il s\u2019assit, et ses disciples s\u2019approch\u00e8rent de lui.<\/p>\n<p><sup><span class=\"verse_number\" style=\"color: #0000ff;\">2<\/span><\/sup> Alors, ouvrant la bouche, il les enseignait. Il disait\u00a0:<\/p>\n<p><sup><span class=\"verse_number\" style=\"color: #0000ff;\">3<\/span><\/sup> \u00ab\u00a0<strong><span style=\"color: #ff0000;\">Heureux<\/span><\/strong> les <em>pauvres de c\u0153ur,<\/em> car le royaume des Cieux est \u00e0 eux.<\/p>\n<p><sup><span class=\"verse_number\" style=\"color: #0000ff;\">4<\/span><\/sup> <span style=\"color: #ff0000;\"><strong>Heureux<\/strong><\/span> ceux qui <em>pleurent<\/em>, car ils seront <em>consol\u00e9s<\/em>.<\/p>\n<p><sup><span class=\"verse_number\" style=\"color: #0000ff;\">5<\/span><\/sup> <strong><span style=\"color: #ff0000;\">Heureux<\/span><\/strong> les <em>doux<\/em>, car ils recevront la terre en <em>h\u00e9ritage<\/em>.<\/p>\n<p><sup><span class=\"verse_number\" style=\"color: #0000ff;\">6<\/span><\/sup> <strong><span style=\"color: #ff0000;\">Heureux<\/span><\/strong> ceux qui ont faim et soif de <em>la justice<\/em>, car ils seront rassasi\u00e9s.<\/p>\n<p><sup><span class=\"verse_number\" style=\"color: #0000ff;\">7<\/span><\/sup> <strong><span style=\"color: #ff0000;\">Heureux<\/span><\/strong> les mis\u00e9ricordieux, car ils obtiendront <em>mis\u00e9ricorde<\/em>.<\/p>\n<p><sup><span class=\"verse_number\" style=\"color: #0000ff;\">8<\/span><\/sup> <strong><span style=\"color: #ff0000;\">Heureux<\/span><\/strong> les <em>c\u0153urs purs<\/em>, car ils verront Dieu.<\/p>\n<p><sup><span class=\"verse_number\" style=\"color: #0000ff;\">9<\/span><\/sup> <strong><span style=\"color: #ff0000;\">Heureux<\/span><\/strong> les artisans de <em>paix<\/em>, car ils seront appel\u00e9s fils de Dieu.<\/p>\n<p><sup><span class=\"verse_number\" style=\"color: #0000ff;\">10<\/span><\/sup> <strong><span style=\"color: #ff0000;\">Heureux<\/span> <\/strong>ceux qui sont <em>pers\u00e9cut\u00e9s pour la justice<\/em>, car le royaume des Cieux est \u00e0 eux.<\/p>\n<p><sup><span class=\"verse_number\" style=\"color: #0000ff;\">11<\/span><\/sup> <strong><span style=\"color: #ff0000;\">Heureux<\/span><\/strong> \u00eates-vous si l\u2019on vous <em>insulte<\/em>, si l\u2019on vous pers\u00e9cute et si l\u2019on dit faussement toute sorte de mal contre vous, \u00e0 cause de moi.<\/p>\n<p><sup><span class=\"verse_number\" style=\"color: #0000ff;\">12<\/span><\/sup> R\u00e9jouissez-vous, soyez dans <em>l\u2019all\u00e9gresse<\/em>, car votre r\u00e9compense est grande dans les cieux\u00a0! C\u2019est ainsi qu\u2019on a pers\u00e9cut\u00e9 les <em>proph\u00e8tes<\/em> qui vous ont pr\u00e9c\u00e9d\u00e9s.<\/p>\n<p><span style=\"color: #993300;\"><strong>Vocabulaire :<\/strong><\/span><\/p>\n<p>&nbsp;<\/p>\n<p><strong><span style=\"color: #0000ff;\">Questions :<\/span><\/strong><\/p>\n<p>&nbsp;<\/p>\n<p><strong>Commentaire :<\/strong><\/p>\n<p>Dans l&rsquo;Ancien Testament, on trouve des textes l\u00e9gislatifs (p. ex. les dix commandements qui sont pr\u00e9sent\u00e9s, avec de menues diff\u00e9rences, en Ex 20 et Dt 5). La conviction des croyants est que Dieu poursuit son \u0153uvre de cr\u00e9ation par sa parole transmise \u00e0 Mo\u00efse. La Loi permet de vaincre le chaos, d\u2019organiser le monde et de rendre possible la vie sociale (cf. par exemple l&rsquo;institution de l&rsquo;ann\u00e9e jubilaire en Lv 25).<\/p>\n<p>Dans le Nouveau Testament, l&rsquo;\u00c9vangile de Matthieu pr\u00e9sente volontiers J\u00e9sus comme un nouveau Mo\u00efse, l\u00e9gislateur, particuli\u00e8rement dans le Sermon sur la montagne. C\u2019est l&rsquo;un des plus longs. On y rep\u00e8re la fameuse opposition : <em>\u00ab Vous avez appris qu&rsquo;il a \u00e9t\u00e9 dit aux anciens\u2026 \/ Et moi je vous le dis\u2026<\/em><em>\u00a0<\/em><em>\u00bb<\/em> (Mt 5,21.27.31.33.38.43). Opposition qui n&rsquo;est pas abolition, mais d\u00e9passement, le Sermon sur la montagne \u00e9tant la derni\u00e8re actualisation de la Loi.<\/p>\n<p>Cependant la diff\u00e9rence entre ancienne et nouvelle Alliance tient moins \u00e0 son contenu (une nouvelle Loi succ\u00e8derait \u00e0 l&rsquo;ancienne) qu&rsquo;au mode de relation qui appara\u00eet\u00a0: celui qui dit la Loi n&rsquo;est plus la divinit\u00e9 invisible, alt\u00e9rit\u00e9 qu&rsquo;on ne peut voir sans mourir, il a pris un visage humain et se soumet \u00e0 la Loi qu&rsquo;il prononce, c\u2019est J\u00e9sus lui-m\u00eame. Ainsi ce qui compte c\u2019est la relation personnelle avec Lui, pour entrer dans la b\u00e9atitude\u00a0: Heureux\u00a0! Entrer dans la joie permanente de Dieu\u00a0!<\/p>\n<p>J\u00e9sus int\u00e9riorise et radicalise la Loi, partant de la lettre pour mieux faire entendre le souffle, son esprit. C&rsquo;est tout le paradoxe des \u00ab\u00a0antith\u00e8ses\u00a0\u00bb (Mt 5,21-48) : la col\u00e8re est mise en lien avec le meurtre, et l&rsquo;amour du prochain est \u00e9tendu \u00e0 l&rsquo;amour des ennemis.<\/p>\n<p>La Loi est r\u00e9sum\u00e9e par le double commandement de l\u2019amour\u00a0: Aimer Dieu de tout son \u00eatre et aimer son prochain comme soi-m\u00eame (nous nous savons aim\u00e9s de Dieu).<\/p>\n<p>Le chiffre huit renvoie \u00e0 la R\u00e9surrection et \u00e0 l\u2019accomplissement, ainsi la joie des B\u00e9atitudes est le reflet et le rayonnement du Christ ressuscit\u00e9 et vivant\u00a0!<\/p>\n<p>Saint Matthieu a soigneusement construit son \u00e9vangile\u00a0: il a rassembl\u00e9 dans le premier discours de J\u00e9sus l\u2019essentiel de son enseignement sur la Bonne Nouvelle du R\u00e8gne de Dieu. Ce <em>Sermon sur la Montagne<\/em> est adress\u00e9 \u00e0 tous les baptis\u00e9s, \u00e0 tous ceux et celles qui se savent fils et filles du P\u00e8re.<\/p>\n<p>Le Sermon sur la montagne est la grande charte du Royaume de justice que J\u00e9sus est venu \u00e9tablir. D\u2019entr\u00e9e de jeu, J\u00e9sus dit : \u00ab\u00a0<em>N\u2019allez pas croire que je sois venu abroger la Loi ou les Proph\u00e8tes\u00a0; je ne suis pas venu abroger, mais accomplir. Car en v\u00e9rit\u00e9 je vous le d\u00e9clare, avant que ne passent le ciel et la terre, pas uni, par un point sur l\u2019i ne passera de la loi, que tout ne soit arriv\u00e9.\u00a0<\/em>\u00bb (5,17-18)<\/p>\n<p>Cette sentence indique-t-elle la radicalisation de la Loi ancienne, avec une multitude d\u2019exigences et d\u2019interdits? Quelle est cette nouvelle justice par rapport \u00e0 la Loi de l\u2019Ancien Testament?<\/p>\n<p>Effectivement, il y a radicalisation de la Torah traditionnelle. Les antith\u00e8ses (<a>5,21-48<\/a>) viennent l\u2019appuyer. \u00c0 l\u2019autorit\u00e9 formelle de la Loi, \u00e0 ce qui en constitue la lettre, J\u00e9sus, dans l\u2019\u00c9vangile de Matthieu, substitue la volont\u00e9 absolue de Dieu (les ablutions\u00a0: <a>15,3-6.10-19<\/a>\u00a0; le divorce\u00a0: <a>19,4-8<\/a>\u00a0; le serment\u00a0: <a>5,33-37<\/a>\u00a0; la vengeance\u00a0: <a>5,38-42<\/a>). En plus, il parle comme Dieu lui-m\u00eame pour proclamer la volont\u00e9 de Dieu. La d\u00e9claration est souveraine\u00a0: \u00ab\u00a0<em>Vous avez appris qu\u2019il a \u00e9t\u00e9 dit : Et moi je vous dis<\/em>&#8230;\u00a0\u00bb (<a>5,21.27.33<\/a>) Que signifie cette r\u00e9interpr\u00e9tation de la Loi? Vise-t-elle \u00e0 accabler l\u2019\u00eatre humain, \u00e0 l\u2019\u00e9touffer sous des exigences trop \u00e9tendues et trop difficiles?<\/p>\n<p>Ce serait se tromper grandement sur Dieu et sur J\u00e9sus que d\u2019envisager ainsi le d\u00e9passement auquel il appelle. En fait, lorsqu\u2019il dit\u00a0: <em>vous donc, vous serez parfaits comme votre P\u00e8re c\u00e9leste est parfait<\/em>, J\u00e9sus situe l\u2019exigence au niveau d\u2019une relation entre le Cr\u00e9ateur, qui a donn\u00e9 sa Loi et fait conna\u00eetre ses volont\u00e9s, et les humains. Et ce Cr\u00e9ateur est son P\u00e8re qui l\u2019a envoy\u00e9 \u00e9tablir son Royaume pour le bonheur de tous. Un pareil don appelle une r\u00e9ponse qui est aussi un don. Le don est pr\u00e9sence du donateur. On ne peut prendre le don sans se rendre pr\u00e9sent \u00e0 celui qui donne, sans r\u00e9pondre \u00e0 l\u2019amour qui s\u2019offre et qui appelle le disciple \u00e0 l\u2019amour, \u00e0 l\u2019abandon total et \u00e0 la disponibilit\u00e9.<\/p>\n<p>L\u2019ob\u00e9issance radicale dont il est question dans le Sermon sur la montagne prend sa source dans l\u2019amour de Dieu et ne peut se d\u00e9ployer que dans l\u2019amour illimit\u00e9, notamment celui de l\u2019ennemi (<a>5,43-48<\/a>) et celui de l\u2019homme et de la femme en d\u00e9tresse (<a>25,31-46<\/a>).<\/p>\n<p>La nouvelle charte est bien une loi qui appelle \u00e0 l\u2019extr\u00eame de l\u2019amour. Comme le Christ J\u00e9sus lui-m\u00eame qui a fait la volont\u00e9 de son P\u00e8re jusqu\u2019au bout. Ses actes ont toujours \u00e9t\u00e9 au rendez-vous de ses paroles. Il n\u2019a pas \u00e9t\u00e9 comme le faux proph\u00e8te qui dit des paroles justes mais ne fait pas, donc qui ment.<\/p>\n<p>Voir <strong>Cahiers \u00c9vangile n\u00b0 94<\/strong> le sermon sur la montagne.<\/p>\n","protected":false},"excerpt":{"rendered":"<p>B17. Le discours sur la montagne : les b\u00e9atitudes \/ Bible Nouveau-Testament Mt 5,1 Voyant les foules, J\u00e9sus gravit la montagne. Il s\u2019assit, et ses disciples s\u2019approch\u00e8rent de lui. 2 Alors, ouvrant la bouche, il les enseignait. Il disait\u00a0: 3<\/p>\n","protected":false},"author":1,"featured_media":0,"parent":0,"menu_order":0,"comment_status":"closed","ping_status":"closed","template":"","meta":{"footnotes":""},"_links":{"self":[{"href":"http:\/\/image-bible.ch\/index.php?rest_route=\/wp\/v2\/pages\/2116"}],"collection":[{"href":"http:\/\/image-bible.ch\/index.php?rest_route=\/wp\/v2\/pages"}],"about":[{"href":"http:\/\/image-bible.ch\/index.php?rest_route=\/wp\/v2\/types\/page"}],"author":[{"embeddable":true,"href":"http:\/\/image-bible.ch\/index.php?rest_route=\/wp\/v2\/users\/1"}],"replies":[{"embeddable":true,"href":"http:\/\/image-bible.ch\/index.php?rest_route=%2Fwp%2Fv2%2Fcomments&post=2116"}],"version-history":[{"count":8,"href":"http:\/\/image-bible.ch\/index.php?rest_route=\/wp\/v2\/pages\/2116\/revisions"}],"predecessor-version":[{"id":8984,"href":"http:\/\/image-bible.ch\/index.php?rest_route=\/wp\/v2\/pages\/2116\/revisions\/8984"}],"wp:attachment":[{"href":"http:\/\/image-bible.ch\/index.php?rest_route=%2Fwp%2Fv2%2Fmedia&parent=2116"}],"curies":[{"name":"wp","href":"https:\/\/api.w.org\/{rel}","templated":true}]}}