{"id":2125,"date":"2021-03-16T09:33:04","date_gmt":"2021-03-16T08:33:04","guid":{"rendered":"http:\/\/image-bible.ch\/?page_id=2125"},"modified":"2024-11-05T16:52:04","modified_gmt":"2024-11-05T15:52:04","slug":"b17-6-icone","status":"publish","type":"page","link":"http:\/\/image-bible.ch\/?page_id=2125","title":{"rendered":"B17.6 \/ Ic\u00f4ne"},"content":{"rendered":"\r\n<p style=\"text-align: center;\"><span style=\"font-size: 14pt; font-family: 'comic sans ms', sans-serif;\">B17. Le discours sur la montagne : les b\u00e9atitudes \/ Ic\u00f4ne<\/span><\/p>\r\n<p><img loading=\"lazy\" decoding=\"async\" class=\"alignnone  wp-image-8987\" src=\"http:\/\/image-bible.ch\/wp-content\/uploads\/Beatitudes-Fra-Angelico-300x288.jpg\" alt=\"\" width=\"596\" height=\"572\" srcset=\"http:\/\/image-bible.ch\/wp-content\/uploads\/Beatitudes-Fra-Angelico-300x288.jpg 300w, http:\/\/image-bible.ch\/wp-content\/uploads\/Beatitudes-Fra-Angelico-1024x984.jpg 1024w, http:\/\/image-bible.ch\/wp-content\/uploads\/Beatitudes-Fra-Angelico-768x738.jpg 768w, http:\/\/image-bible.ch\/wp-content\/uploads\/Beatitudes-Fra-Angelico-1536x1475.jpg 1536w, http:\/\/image-bible.ch\/wp-content\/uploads\/Beatitudes-Fra-Angelico.jpg 1998w\" sizes=\"(max-width: 596px) 100vw, 596px\" \/><\/p>\r\n<p><em>B\u00e9atitudes, Fra Angelico, couvent St Marc, Florence.<\/em><\/p>\r\n<p><img loading=\"lazy\" decoding=\"async\" class=\"alignnone  wp-image-8988\" src=\"http:\/\/image-bible.ch\/wp-content\/uploads\/Beatitudes-sermon-sur-la-montagne-265x300.webp\" alt=\"\" width=\"573\" height=\"649\" srcset=\"http:\/\/image-bible.ch\/wp-content\/uploads\/Beatitudes-sermon-sur-la-montagne-265x300.webp 265w, http:\/\/image-bible.ch\/wp-content\/uploads\/Beatitudes-sermon-sur-la-montagne-905x1024.webp 905w, http:\/\/image-bible.ch\/wp-content\/uploads\/Beatitudes-sermon-sur-la-montagne-768x869.webp 768w, http:\/\/image-bible.ch\/wp-content\/uploads\/Beatitudes-sermon-sur-la-montagne-1358x1536.webp 1358w, http:\/\/image-bible.ch\/wp-content\/uploads\/Beatitudes-sermon-sur-la-montagne.webp 1588w\" sizes=\"(max-width: 573px) 100vw, 573px\" \/><\/p>\r\n<p><em>Ic\u00f4ne du sermon sur la montagne<\/em><\/p>\r\n<p>&nbsp;<\/p>\r\n","protected":false},"excerpt":{"rendered":"<p>B17. Le discours sur la montagne : les b\u00e9atitudes \/ Ic\u00f4ne B\u00e9atitudes, Fra Angelico, couvent St Marc, Florence. Ic\u00f4ne du sermon sur la montagne &nbsp;<\/p>\n","protected":false},"author":1,"featured_media":0,"parent":0,"menu_order":0,"comment_status":"closed","ping_status":"closed","template":"","meta":{"footnotes":""},"_links":{"self":[{"href":"http:\/\/image-bible.ch\/index.php?rest_route=\/wp\/v2\/pages\/2125"}],"collection":[{"href":"http:\/\/image-bible.ch\/index.php?rest_route=\/wp\/v2\/pages"}],"about":[{"href":"http:\/\/image-bible.ch\/index.php?rest_route=\/wp\/v2\/types\/page"}],"author":[{"embeddable":true,"href":"http:\/\/image-bible.ch\/index.php?rest_route=\/wp\/v2\/users\/1"}],"replies":[{"embeddable":true,"href":"http:\/\/image-bible.ch\/index.php?rest_route=%2Fwp%2Fv2%2Fcomments&post=2125"}],"version-history":[{"count":6,"href":"http:\/\/image-bible.ch\/index.php?rest_route=\/wp\/v2\/pages\/2125\/revisions"}],"predecessor-version":[{"id":8989,"href":"http:\/\/image-bible.ch\/index.php?rest_route=\/wp\/v2\/pages\/2125\/revisions\/8989"}],"wp:attachment":[{"href":"http:\/\/image-bible.ch\/index.php?rest_route=%2Fwp%2Fv2%2Fmedia&parent=2125"}],"curies":[{"name":"wp","href":"https:\/\/api.w.org\/{rel}","templated":true}]}}