{"id":2134,"date":"2021-03-16T09:37:38","date_gmt":"2021-03-16T08:37:38","guid":{"rendered":"http:\/\/image-bible.ch\/?page_id=2134"},"modified":"2021-03-27T13:36:52","modified_gmt":"2021-03-27T12:36:52","slug":"b17-10-divers-video-references","status":"publish","type":"page","link":"http:\/\/image-bible.ch\/?page_id=2134","title":{"rendered":"B17.10 \/ Divers Vid\u00e9o &#8211; R\u00e9f\u00e9rences"},"content":{"rendered":"\r\n<p style=\"text-align: center;\"><span style=\"font-size: 14pt; font-family: 'comic sans ms', sans-serif;\">B17. Le discours sur la montagne : les b\u00e9atitudes \/ Divers Vid\u00e9o &#8211; R\u00e9f\u00e9rences<\/span><\/p>\r\n<p>Texte<\/p>\r\n","protected":false},"excerpt":{"rendered":"<p>B17. Le discours sur la montagne : les b\u00e9atitudes \/ Divers Vid\u00e9o &#8211; R\u00e9f\u00e9rences Texte<\/p>\n","protected":false},"author":1,"featured_media":0,"parent":0,"menu_order":0,"comment_status":"closed","ping_status":"closed","template":"","meta":{"footnotes":""},"_links":{"self":[{"href":"http:\/\/image-bible.ch\/index.php?rest_route=\/wp\/v2\/pages\/2134"}],"collection":[{"href":"http:\/\/image-bible.ch\/index.php?rest_route=\/wp\/v2\/pages"}],"about":[{"href":"http:\/\/image-bible.ch\/index.php?rest_route=\/wp\/v2\/types\/page"}],"author":[{"embeddable":true,"href":"http:\/\/image-bible.ch\/index.php?rest_route=\/wp\/v2\/users\/1"}],"replies":[{"embeddable":true,"href":"http:\/\/image-bible.ch\/index.php?rest_route=%2Fwp%2Fv2%2Fcomments&post=2134"}],"version-history":[{"count":3,"href":"http:\/\/image-bible.ch\/index.php?rest_route=\/wp\/v2\/pages\/2134\/revisions"}],"predecessor-version":[{"id":3935,"href":"http:\/\/image-bible.ch\/index.php?rest_route=\/wp\/v2\/pages\/2134\/revisions\/3935"}],"wp:attachment":[{"href":"http:\/\/image-bible.ch\/index.php?rest_route=%2Fwp%2Fv2%2Fmedia&parent=2134"}],"curies":[{"name":"wp","href":"https:\/\/api.w.org\/{rel}","templated":true}]}}