{"id":2310,"date":"2021-03-16T16:36:04","date_gmt":"2021-03-16T15:36:04","guid":{"rendered":"http:\/\/image-bible.ch\/?page_id=2310"},"modified":"2024-11-18T21:03:47","modified_gmt":"2024-11-18T20:03:47","slug":"d22-5-interpretation","status":"publish","type":"page","link":"http:\/\/image-bible.ch\/?page_id=2310","title":{"rendered":"D22.5 \/ Interpr\u00e9tation"},"content":{"rendered":"<p style=\"text-align: center;\"><span style=\"font-family: 'comic sans ms', sans-serif; font-size: 14pt;\">D22.5<\/span><span style=\"font-family: 'comic sans ms', sans-serif; font-size: 14pt;\"> &#8211; Gu\u00e9rison du paralytique \/ Interpr\u00e9tation<\/span><\/p>\n<h3><strong>Les liens entre Matthieu 9,1-8 et 1 Rois 17,17-24<\/strong><\/h3>\n<p>De m\u00eame que \u00c9lie rappelle \u00e0 la vie le fils de la veuve de Sarepta, par sa pri\u00e8re et son geste; ainsi J\u00e9sus gu\u00e9rit le paralytique en le lib\u00e9rant de tout p\u00e9ch\u00e9.<\/p>\n<ol>\n<li><strong>La puissance divine agissant \u00e0 travers un serviteur :<\/strong>\n<ul>\n<li>Dans Matthieu 9, J\u00e9sus agit avec l\u2019autorit\u00e9 divine pour pardonner et gu\u00e9rir, montrant qu\u2019il est plus qu\u2019un simple homme.<\/li>\n<li>Dans 1 Rois 17, \u00c9lie, en tant que proph\u00e8te, implore Dieu, et la vie est restaur\u00e9e. Dans les deux cas, Dieu est \u00e0 l\u2019origine du miracle.<\/li>\n<\/ul>\n<\/li>\n<li><strong>Restauration de la vie :<\/strong>\n<ul>\n<li>Dans Matthieu, le paralytique est lib\u00e9r\u00e9 de son p\u00e9ch\u00e9 et de sa paralysie, symbolisant une restauration spirituelle et physique.<\/li>\n<li>Dans 1 Rois, le fils de la veuve est ramen\u00e9 \u00e0 la vie, litt\u00e9ralement et spirituellement, car la foi de sa m\u00e8re est raviv\u00e9e.<\/li>\n<\/ul>\n<\/li>\n<li><strong>Lien entre p\u00e9ch\u00e9 et restauration :<\/strong>\n<ul>\n<li>Dans Matthieu, J\u00e9sus commence par pardonner les p\u00e9ch\u00e9s, montrant que le pardon est au c\u0153ur de la gu\u00e9rison.<\/li>\n<li>Dans 1 Rois, la veuve per\u00e7oit la mort de son fils comme une cons\u00e9quence de son p\u00e9ch\u00e9, et la r\u00e9surrection peut \u00eatre vue comme une r\u00e9ponse de Dieu \u00e0 son d\u00e9sarroi et \u00e0 sa culpabilit\u00e9.<\/li>\n<\/ul>\n<\/li>\n<li><strong>La foi en Dieu confirm\u00e9e par un miracle :<\/strong>\n<ul>\n<li>Les foules qui assistent \u00e0 la gu\u00e9rison du paralytique glorifient Dieu, reconnaissant son autorit\u00e9 et sa puissance.<\/li>\n<li>La veuve de Sarepta, t\u00e9moin de la r\u00e9surrection de son fils, confesse que Dieu parle v\u00e9ritablement \u00e0 travers \u00c9lie.<\/li>\n<\/ul>\n<\/li>\n<li><strong>Un message universel d\u2019esp\u00e9rance :<\/strong>\n<ul>\n<li>Dans Matthieu, J\u00e9sus r\u00e9v\u00e8le que la gu\u00e9rison et le pardon sont pour tous ceux qui croient.<\/li>\n<li>Dans 1 Rois, l\u2019intervention de Dieu chez une veuve \u00e9trang\u00e8re montre que son amour et sa puissance s\u2019\u00e9tendent au-del\u00e0 d\u2019Isra\u00ebl.<\/li>\n<\/ul>\n<\/li>\n<\/ol>\n<hr \/>\n<h3><strong>Conclusion<\/strong><\/h3>\n<p>Les deux r\u00e9cits soulignent que <strong>Dieu est la source de vie<\/strong> et qu\u2019il agit pour restaurer l\u2019homme spirituellement et physiquement. \u00c0 travers J\u00e9sus dans Matthieu et \u00c9lie dans 1 Rois, Dieu manifeste sa compassion et sa puissance, appelant \u00e0 la foi et \u00e0 la glorification de son Nom. Ces r\u00e9cits renforcent l\u2019id\u00e9e que la foi, la pri\u00e8re et la confiance en Dieu ouvrent la voie \u00e0 sa mis\u00e9ricorde et \u00e0 sa restauration.<\/p>\n<h3><strong>Les liens entre Matthieu 9,1-8 et Holopherne<\/strong><\/h3>\n<p>Judith par sa beaut\u00e9, sa pri\u00e8re et sa d\u00e9termination supplante Holopherne dans son dessein de nuire au peuple \u00e9lu. J\u00e9sus par le pardon des p\u00e9ch\u00e9s rel\u00e8ve le paralytique et lui redonne une vie normalee.<\/p>\n<ol>\n<li><strong>L\u2019autorit\u00e9 divine sur les forces du mal :<\/strong>\n<ul>\n<li>Dans Matthieu 9, J\u00e9sus d\u00e9montre son autorit\u00e9 sur le p\u00e9ch\u00e9 et la maladie, des cons\u00e9quences du mal qui paralysent l&rsquo;homme spirituellement et physiquement.<\/li>\n<li>Dans le livre de Judith, Dieu manifeste son autorit\u00e9 en d\u00e9livrant Isra\u00ebl d&rsquo;Holopherne, un agent du mal et de l&rsquo;oppression.<\/li>\n<\/ul>\n<\/li>\n<li><strong>Une victoire lib\u00e9ratrice :<\/strong>\n<ul>\n<li>J\u00e9sus lib\u00e8re le paralytique de son fardeau spirituel (le p\u00e9ch\u00e9) et physique (la paralysie), r\u00e9tablissant ainsi sa dignit\u00e9 et sa vie.<\/li>\n<li>Judith, instrument de Dieu, lib\u00e8re Isra\u00ebl de la menace oppressante d&rsquo;Holopherne, redonnant au peuple sa libert\u00e9 et sa s\u00e9curit\u00e9.<\/li>\n<\/ul>\n<\/li>\n<li><strong>La glorification de Dieu :<\/strong>\n<ul>\n<li>Dans Matthieu 9, les foules louent Dieu en voyant l&rsquo;autorit\u00e9 de J\u00e9sus.<\/li>\n<li>Apr\u00e8s la victoire sur Holopherne, Isra\u00ebl c\u00e9l\u00e8bre et loue Dieu pour sa d\u00e9livrance.<\/li>\n<\/ul>\n<\/li>\n<li><strong>Le contraste entre orgueil humain et soumission \u00e0 Dieu :<\/strong>\n<ul>\n<li>Holopherne, symbole de l\u2019orgueil et de la puissance humaine oppos\u00e9e \u00e0 Dieu, est vaincu par Judith, une femme humble mais fid\u00e8le.<\/li>\n<li>Les scribes dans Matthieu 9 s\u2019opposent \u00e0 J\u00e9sus en raison de leur orgueil et de leur incapacit\u00e9 \u00e0 reconna\u00eetre l\u2019autorit\u00e9 divine qu\u2019il incarne.<\/li>\n<\/ul>\n<\/li>\n<\/ol>\n<hr \/>\n<h3><strong>Conclusion<\/strong><\/h3>\n<p>Le parall\u00e8le entre ces deux r\u00e9cits r\u00e9side dans le fait que <strong>Dieu intervient pour sauver<\/strong>, en surmontant les forces qui paralysent ou menacent son peuple, qu\u2019il s\u2019agisse du p\u00e9ch\u00e9, de la maladie (Matthieu 9), ou d\u2019un oppresseur arrogant comme Holopherne (Judith). Ces r\u00e9cits montrent \u00e9galement que la puissance de Dieu agit souvent de mani\u00e8re inattendue, que ce soit par l\u2019autorit\u00e9 d\u2019un homme incarnant la divinit\u00e9 (J\u00e9sus) ou par une femme fid\u00e8le accomplissant un acte audacieux (Judith). Dans les deux cas, Dieu restaure la vie et la libert\u00e9.<\/p>\n","protected":false},"excerpt":{"rendered":"<p>D22.5 &#8211; Gu\u00e9rison du paralytique \/ Interpr\u00e9tation Les liens entre Matthieu 9,1-8 et 1 Rois 17,17-24 De m\u00eame que \u00c9lie rappelle \u00e0 la vie le fils de la veuve de Sarepta, par sa pri\u00e8re et son geste; ainsi J\u00e9sus gu\u00e9rit<\/p>\n","protected":false},"author":1,"featured_media":0,"parent":0,"menu_order":0,"comment_status":"closed","ping_status":"closed","template":"","meta":{"footnotes":""},"_links":{"self":[{"href":"http:\/\/image-bible.ch\/index.php?rest_route=\/wp\/v2\/pages\/2310"}],"collection":[{"href":"http:\/\/image-bible.ch\/index.php?rest_route=\/wp\/v2\/pages"}],"about":[{"href":"http:\/\/image-bible.ch\/index.php?rest_route=\/wp\/v2\/types\/page"}],"author":[{"embeddable":true,"href":"http:\/\/image-bible.ch\/index.php?rest_route=\/wp\/v2\/users\/1"}],"replies":[{"embeddable":true,"href":"http:\/\/image-bible.ch\/index.php?rest_route=%2Fwp%2Fv2%2Fcomments&post=2310"}],"version-history":[{"count":6,"href":"http:\/\/image-bible.ch\/index.php?rest_route=\/wp\/v2\/pages\/2310\/revisions"}],"predecessor-version":[{"id":9510,"href":"http:\/\/image-bible.ch\/index.php?rest_route=\/wp\/v2\/pages\/2310\/revisions\/9510"}],"wp:attachment":[{"href":"http:\/\/image-bible.ch\/index.php?rest_route=%2Fwp%2Fv2%2Fmedia&parent=2310"}],"curies":[{"name":"wp","href":"https:\/\/api.w.org\/{rel}","templated":true}]}}