{"id":2329,"date":"2021-03-16T16:40:14","date_gmt":"2021-03-16T15:40:14","guid":{"rendered":"http:\/\/image-bible.ch\/?page_id=2329"},"modified":"2024-11-08T14:21:14","modified_gmt":"2024-11-08T13:21:14","slug":"d23-3-bible-nouveau-testament","status":"publish","type":"page","link":"http:\/\/image-bible.ch\/?page_id=2329","title":{"rendered":"D23.3 \/ Bible Nouveau-Testament"},"content":{"rendered":"<p style=\"text-align: center;\"><span style=\"font-family: 'comic sans ms', sans-serif; font-size: 14pt;\">D23.3<\/span><span style=\"font-family: 'comic sans ms', sans-serif; font-size: 14pt;\"> &#8211; Gu\u00e9rison de l&rsquo;aveugle de naissance \/ Bible Nouveau-Testament<\/span><\/p>\n<p><img loading=\"lazy\" decoding=\"async\" class=\"alignnone size-medium wp-image-6812\" src=\"http:\/\/image-bible.ch\/wp-content\/uploads\/23a_Guerison-aveugle-naissance_Jn12-200x300.jpg\" alt=\"\" width=\"200\" height=\"300\" srcset=\"http:\/\/image-bible.ch\/wp-content\/uploads\/23a_Guerison-aveugle-naissance_Jn12-200x300.jpg 200w, http:\/\/image-bible.ch\/wp-content\/uploads\/23a_Guerison-aveugle-naissance_Jn12-682x1024.jpg 682w, http:\/\/image-bible.ch\/wp-content\/uploads\/23a_Guerison-aveugle-naissance_Jn12-768x1152.jpg 768w, http:\/\/image-bible.ch\/wp-content\/uploads\/23a_Guerison-aveugle-naissance_Jn12-1024x1536.jpg 1024w, http:\/\/image-bible.ch\/wp-content\/uploads\/23a_Guerison-aveugle-naissance_Jn12.jpg 1175w\" sizes=\"(max-width: 200px) 100vw, 200px\" \/><\/p>\n<p><span style=\"color: #0000ff;\">Jn 9,1\u202641\u00a0:<\/span><\/p>\n<p><sup><span style=\"color: #0000ff;\">1<\/span><\/sup> En passant,<strong> J\u00e9sus<\/strong> vit un <strong>homme aveugle de naissance.<\/strong><\/p>\n<p><sup><span style=\"color: #0000ff;\">2<\/span><\/sup> Ses <strong>disciples<\/strong> l\u2019interrog\u00e8rent\u00a0: \u00ab\u00a0<strong>Rabbi<\/strong>, <span style=\"color: #ff0000;\">qui a p\u00e9ch\u00e9<\/span>, <strong>lui<\/strong> ou ses <strong>parents<\/strong>, pour qu\u2019il soit <span style=\"color: #ff0000;\">n\u00e9 aveugle<\/span>\u00a0?\u00a0\u00bb <sup><span style=\"color: #0000ff;\">3<\/span><\/sup> J\u00e9sus r\u00e9pondit : \u00ab <em>Ni lui, ni ses parents n\u2019ont p\u00e9ch\u00e9<\/em>. Mais c\u2019\u00e9tait pour que <span style=\"color: #ff0000;\">les \u0153uvres de Dieu se manifestent en lui<\/span>. <sup><span style=\"color: #0000ff;\">4<\/span><\/sup> Il nous <em>faut travailler aux \u0153uvres<\/em> de Celui qui m\u2019a envoy\u00e9, tant qu\u2019il fait jour ; la nuit vient o\u00f9 personne ne pourra plus y travailler. <sup><span style=\"color: #0000ff;\">5<\/span><\/sup> Aussi longtemps que je suis dans le monde, <em>je suis la lumi\u00e8re du monde<\/em>. \u00bb<\/p>\n<p><sup><span style=\"color: #0000ff;\">6<\/span><\/sup> Cela dit, il <em>cracha \u00e0 terre<\/em> et, avec <em>la salive<\/em>, il fit de<em> la boue<\/em> ; puis il appliqua la boue<em> sur les yeux<\/em> de <strong>l\u2019aveugle<\/strong>, <sup><span style=\"color: #0000ff;\">7<\/span><\/sup> et lui dit :<\/p>\n<p>\u00ab <em>Va te laver<\/em> \u00e0<span style=\"color: #008000;\"> la piscine de Silo\u00e9<\/span> \u00bb \u2013 ce nom se traduit :<span style=\"color: #008000;\"> Envoy\u00e9<\/span>. L\u2019aveugle y alla donc, et il <em>se lava<\/em> ; quand il revint, <span style=\"color: #ff0000;\">il voyait<\/span>\u2026<\/p>\n<p><sup><span style=\"color: #0000ff;\">13<\/span><\/sup> On l\u2019am\u00e8ne aux <strong>pharisiens<\/strong>, lui, <strong>l\u2019ancien aveugle<\/strong>.<\/p>\n<p><sup><span style=\"color: #0000ff;\">14<\/span><\/sup> Or, c\u2019\u00e9tait <span style=\"color: #993300;\">un jour de sabbat<\/span> que <strong>J\u00e9sus<\/strong> avait fait de <em>la boue et lui avait ouvert les yeux<\/em>.<\/p>\n<p><sup><span style=\"color: #0000ff;\">15<\/span><\/sup> \u00c0 leur tour, <strong>les pharisiens<\/strong> lui demandaient <em>comment il pouvait voir<\/em>. Il leur r\u00e9pondit\u00a0: \u00ab\u00a0<em>Il m\u2019a mis de la boue sur les yeux, je me suis lav\u00e9, et je vois<\/em>.\u00a0\u00bb<\/p>\n<p><sup><span style=\"color: #0000ff;\">16<\/span><\/sup> Parmi <strong>les pharisiens<\/strong>, certains disaient\u00a0: \u00ab\u00a0<span style=\"color: #ff0000;\">Cet homme-l\u00e0 n\u2019est pas de Dieu,<\/span> puisqu\u2019il <span style=\"color: #ff0000;\">n\u2019observe pas le repos<\/span> du <span style=\"color: #993300;\">sabbat.<\/span>\u00a0\u00bb D\u2019autres disaient\u00a0: \u00ab\u00a0Comment <span style=\"color: #ff0000;\">un homme p\u00e9cheur<\/span> peut-il accomplir <span style=\"color: #ff0000;\">des signes pareils\u00a0<\/span>?\u00a0\u00bb Ainsi donc ils \u00e9taient <em>divis\u00e9s<\/em>.<\/p>\n<p><sup><span style=\"color: #0000ff;\">17<\/span> <\/sup>Alors ils s\u2019adressent de nouveau <strong>\u00e0 l\u2019aveugl<\/strong>e\u00a0: \u00ab\u00a0Et toi, <em>que dis-tu de lui, puisqu\u2019il t\u2019a ouvert les yeux\u00a0?<\/em>\u00a0\u00bb Il dit\u00a0: \u00ab\u00a0<span style=\"color: #ff0000;\">C\u2019est un proph\u00e8te<\/span>.\u00a0\u00bb \u2026<\/p>\n<p><sup><span style=\"color: #0000ff;\">24<\/span><\/sup> Pour <span style=\"color: #993300;\">la seconde fois<\/span>,<strong> les pharisiens<\/strong> convoqu\u00e8rent <strong>l\u2019homme qui avait \u00e9t\u00e9 aveugle<\/strong>, et ils lui dirent\u00a0: \u00ab\u00a0<em>Rends gloire \u00e0 Dieu\u00a0! Nous savons, nous, que cet homme est un p\u00e9cheur.\u00a0\u00bb<\/em><\/p>\n<p><sup><span style=\"color: #0000ff;\">25<\/span><\/sup><strong> Il<\/strong> r\u00e9pondit\u00a0: \u00ab\u00a0<em>Est-ce un p\u00e9cheur\u00a0? Je n\u2019en sais rien.<\/em> Mais il y a une chose que je sais\u00a0: <em>j\u2019\u00e9tais aveugle, et \u00e0 pr\u00e9sent je vois.<\/em>\u00a0\u00bb<\/p>\n<p><sup><span style=\"color: #0000ff;\">26<\/span><\/sup><strong> Ils<\/strong> lui dirent alors\u00a0: \u00ab<em>\u00a0Comment<\/em> a-t-il fait <em>pour t\u2019ouvrir les yeux<\/em>\u00a0?\u00a0\u00bb<\/p>\n<p><sup><span style=\"color: #0000ff;\">27<\/span><\/sup> Il leur r\u00e9pondit\u00a0: \u00ab\u00a0Je vous l\u2019ai d\u00e9j\u00e0 dit, et vous n\u2019avez pas \u00e9cout\u00e9. Pourquoi voulez-vous m\u2019entendre encore une fois\u00a0? Serait-ce que vous <span style=\"color: #ff0000;\">voulez, vous aussi, devenir ses disciples\u00a0?<\/span>\u00a0\u00bb \u2026<\/p>\n<p>Et <strong>ils<\/strong> le<em> jet\u00e8rent dehors<\/em>.<\/p>\n<p><sup><span style=\"color: #0000ff;\">35<\/span><\/sup> <strong>J\u00e9sus<\/strong> apprit qu\u2019ils l\u2019avaient jet\u00e9 dehors. Il le retrouva et lui dit\u00a0: \u00ab\u00a0<span style=\"color: #ff0000;\">Crois-tu au Fils de l\u2019homme\u00a0?<\/span>\u00a0\u00bb<\/p>\n<p><sup><span style=\"color: #0000ff;\">36<\/span><\/sup><strong> Il<\/strong> r\u00e9pondit\u00a0: \u00ab\u00a0<span style=\"color: #ff0000;\">Et qui est-il, Seigneur, pour que je croie en lui\u00a0?<\/span>\u00a0\u00bb<\/p>\n<p><sup><span style=\"color: #0000ff;\">37<\/span> <\/sup><strong>J\u00e9sus<\/strong> lui dit\u00a0: \u00ab\u00a0<strong><span style=\"color: #ff0000;\">Tu le vois, et c\u2019est lui qui te parle.<\/span><\/strong>\u00a0\u00bb<\/p>\n<p><sup><span style=\"color: #0000ff;\">38<\/span><\/sup><strong> Il<\/strong> dit\u00a0: \u00ab\u00a0<span style=\"color: #ff0000;\"><strong>Je crois, Seigneur\u00a0!<\/strong><\/span>\u00a0\u00bb Et <strong>il<\/strong> <em>se prosterna devant lui.<\/em><\/p>\n<p><sup><span style=\"color: #0000ff;\">39<\/span><\/sup> <strong>J\u00e9sus<\/strong> dit alors\u00a0: \u00ab\u00a0Je suis venu en ce monde <strong><span style=\"color: #ff0000;\">pour rendre un jugement<\/span><\/strong>\u00a0: <span style=\"color: #ff0000;\">que ceux qui ne voient pas puissent voir, et que ceux qui voient deviennent aveugles.<\/span>\u00a0\u00bb<\/p>\n<p><sup><span style=\"color: #0000ff;\">40<\/span><\/sup> <strong>Parmi les pharisiens<\/strong>, ceux qui \u00e9taient avec lui entendirent ces paroles et lui dirent\u00a0: \u00ab\u00a0<em>Serions-nous aveugles, nous aussi\u00a0?<\/em>\u00a0\u00bb<\/p>\n<p><sup><span style=\"color: #0000ff;\">41<\/span> <\/sup><strong>J\u00e9sus<\/strong> leur r\u00e9pondit\u00a0: \u00ab\u00a0Si vous \u00e9tiez aveugles, vous n\u2019auriez pas de p\u00e9ch\u00e9\u00a0; mais du moment que vous dites\u00a0: <span style=\"color: #ff0000;\">\u201cNous voyons\u00a0!\u201d, votre p\u00e9ch\u00e9 demeure<\/span>.<\/p>\n<p><span style=\"color: #993300;\"><b>Vocabulaire :<br \/>\n<\/b><\/span><\/p>\n<ul>\n<li><span style=\"color: #993300;\"><b>De la boue avec la salive<\/b> : Dans l\u2019Antiquit\u00e9, on croyait \u00e0 la vertu curative de la salive. L\u2019auteur biblique se r\u00e9f\u00e8re au r\u00e9cit de la cr\u00e9ation (<a style=\"color: #993300;\"><i>Gen\u00e8se<\/i> 2, 7<\/a>), o\u00f9 Dieu prend du limon de la terre et en mod\u00e8le l\u2019homme. J\u00e9sus remod\u00e8le l\u2019aveugle bless\u00e9 dans son \u00eatre.<\/span><\/li>\n<li><span style=\"color: #993300;\"><b>Silo\u00e9<\/b> : L\u2019\u00e9tymologie du mot signifie : \u00ab envoy\u00e9 \u00bb. L\u2019eau qui gu\u00e9rit est associ\u00e9e ici directement \u00e0 J\u00e9sus.<\/span><\/li>\n<li><span style=\"color: #993300;\"><b>Le rejet de la synagogue<\/b> : Le r\u00e9cit rend compte ici des difficult\u00e9s des premi\u00e8res communaut\u00e9s chr\u00e9tiennes; en fait, il s\u2019agit du moment o\u00f9 les disciples de J\u00e9sus, apr\u00e8s sa mort, ne pourront plus fr\u00e9quenter le lieu de pri\u00e8re des Juifs.<\/span><\/li>\n<li><span style=\"color: #993300;\"><b>Je suis venu\u2026 pour que ceux qui voient deviennent aveugles.<\/b> Un bibliste traduit ainsi cette sentence : \u00ab pour que ceux qui voient prennent conscience de leur aveuglement \u00bb. L\u2019apparition de la lumi\u00e8re a la possibilit\u00e9 de chasser une fausse lumi\u00e8re (on croit voir), et de constater les t\u00e9n\u00e8bres qui obscurcissent le c\u0153ur.<\/span><\/li>\n<\/ul>\n<p><strong><span style=\"color: #0000ff;\">Questions :<\/span> <\/strong><\/p>\n<p><span style=\"color: #0000ff;\">Quels sont les liens suppos\u00e9s entre p\u00e9ch\u00e9 et handicap (aveugle) pourquoi ?<\/span><\/p>\n<p><span style=\"color: #0000ff;\">En quoi J\u00e9sus par la gu\u00e9rison et son discours change la mani\u00e8re de comprendre la maladie, l&rsquo;handicap, le p\u00e9ch\u00e9 ?<\/span><\/p>\n<p><span style=\"color: #0000ff;\">Quelles sont les diff\u00e9rences entre p\u00e9ch\u00e9s et maladie \/ handicap ?<\/span><\/p>\n<p><strong>Commentaire :<\/strong><\/p>\n<p>Bien que la c\u00e9cit\u00e9 ait aussi un sens spirituel, on ne peut pas dire qu\u2019elle soit une maladie psychosomatique. Pourtant J\u00e9sus gu\u00e9rit plusieurs aveugles : celui de Bethsa\u00efde (Mc 8,22-26), de J\u00e9richo (Mc 10,46-52), deux aveugles anonymes (Mt 9,27-31) et l\u2019aveugle-n\u00e9 (Jn 9,1-41). Issus, en g\u00e9n\u00e9ral, de milieux paysans de Galil\u00e9e, les malades gu\u00e9ris par J\u00e9sus sont souvent des gens qui ne peuvent pas se payer de m\u00e9decins. Ils sont d\u00e9favoris\u00e9s \u00e9conomiquement, socialement et religieusement. Leur gu\u00e9rison leur permet d\u2019\u00eatre pleinement r\u00e9int\u00e9gr\u00e9s dans la communaut\u00e9. Mais, dans les \u00c9vangiles, les gu\u00e9risons ne sont pas l\u00e0 pour nous renseigner sur le malade, mais bien plut\u00f4t pour nous parler de J\u00e9sus.<\/p>\n<p><span style=\"font-size: 16px;\"><i>La rencontre de J\u00e9sus permet \u00e0 l\u2019aveugle de naissance d\u2019acc\u00e9der non seulement \u00e0 la gu\u00e9rison corporelle, mais aussi \u00e0 celle du c\u0153ur : J\u00e9sus lui offre un avenir d\u2019une profondeur inestimable et in\u00e9puisable. Tel est aussi le don que tout baptis\u00e9 re\u00e7oit du Fils, celui d\u2019\u00eatre fils et fille du P\u00e8re. De jour en jour, dans un cheminement pers\u00e9v\u00e9rant, le baptis\u00e9 est remodel\u00e9 \u00e0 l\u2019image du Christ; le Ressuscit\u00e9 le recr\u00e9e, l\u2019illumine, lui ouvre un chemin au c\u0153ur des t\u00e9n\u00e8bres. Devant une telle gr\u00e2ce re\u00e7ue, il va de soi d\u2019\u00eatre reconnaissant en vivant d\u2019une fa\u00e7on cons\u00e9quente.<\/i><\/span><\/p>\n<p><b><span style=\"font-family: Helvetica, Arial; font-size: small;\"><span style=\"color: #660000;\">L&rsquo;aveuglement de l&rsquo;esprit<\/span><\/span><\/b><\/p>\n<p>\u00catre aveugle de naissance est une lourde \u00e9preuve, mais l\u2019aveuglement de l\u2019esprit est un malheur plus grand. Le r\u00e9cit de Jean consacre peu d\u2019espace au miracle pour mieux mettre en exergue J\u00e9sus, le donateur, et l\u2019aveugle-n\u00e9, devenu t\u00e9moin du don re\u00e7u. D\u2019autre part, l\u2019\u00e9vang\u00e9liste souligne la nuit qui enveloppe la famille, les disciples et le peuple, ainsi que les t\u00e9n\u00e8bres dans lesquelles s\u2019enfoncent les pharisiens. Des chapitres sept \u00e0 dix de l\u2019<i>\u00c9vangile selon Jean<\/i>, une division s\u2019installe vraiment chez les gens, autour des actes et des paroles de J\u00e9sus.<\/p>\n<p>Au d\u00e9part, l\u2019\u00e9vang\u00e9liste fait \u00e9tat de cette croyance que si l\u2019homme est infirme, cela tient aux p\u00e9ch\u00e9s de ses parents ou aux siens dont il aurait subi par avance le ch\u00e2timent. Puis, les voisins doutent, et, lorsque les pharisiens entrent en sc\u00e8ne, ils s\u2019enfoncent dans les t\u00e9n\u00e8bres de l\u2019envie et du mensonge, du scepticisme et de la contradiction. Les discussions se multiplient et culminent dans une violence certaine; on fait un proc\u00e8s, non pas tant \u00e0 l\u2019aveugle, mais \u00e0 J\u00e9sus lui-m\u00eame. J\u00e9sus serait semblable \u00e0 un poss\u00e9d\u00e9, puisqu\u2019il ne respecte pas le sabbat et chasse le mal par le mal. L\u2019effort des opposants va s\u2019intensifier pour envelopper dans la nuit l\u2019aveugle gu\u00e9ri.<\/p>\n<p>Voil\u00e0 quel chemin de t\u00e9n\u00e8bres les pharisiens empruntent avec leur pr\u00e9tendu savoir et leur endurcissement \u00e0 ne s\u2019en tenir qu\u2019\u00e0 leur mani\u00e8re de voir! Par leur refus, \u2014 le p\u00e9ch\u00e9 le plus grave est celui du refus de croire \u2014, n\u2019illustrent-ils pas la deuxi\u00e8me partie de l\u2019affirmation de J\u00e9sus : <i>Je suis venu en ce monde pour une remise en question : pour que ceux qui ne voient pas puissent voir, et que ceux qui voient deviennent aveugles?<\/i> (v. 39).<\/p>\n<p><b><span style=\"font-family: Helvetica, Arial; font-size: small;\"><span style=\"color: #660000;\">La d\u00e9couverte de J\u00e9sus<\/span><\/span><\/b><\/p>\n<p>Au d\u00e9part, l\u2019aveugle ne conna\u00eet pas J\u00e9sus et ne sait pas d\u2019o\u00f9 il est (<a>v. 11<\/a>). Puis, \u00e0 ses proches, il leur dit que le gu\u00e9risseur s\u2019appelle J\u00e9sus. Apr\u00e8s les objections des uns et des autres quant \u00e0 l\u2019identit\u00e9 de J\u00e9sus il proclame que son bienfaiteur <i>est un proph\u00e8te<\/i> (v. 17). Par la suite, il affirme que J\u00e9sus est l\u2019Envoy\u00e9 de Dieu :<i> Si cet homme-l\u00e0 ne venait pas de Dieu, il ne pourrait rien faire<\/i> (v. 33). Plus tard, il confesse, en se prosternant devant J\u00e9sus, qu\u2019il est le Fils de l\u2019homme et il l\u2019appelle <i>Seigneur<\/i> (<a>vv. 36-38<\/a>). Toutes les rencontres \u00e9prouvantes sont des moments o\u00f9 sa parole s\u2019affermit, o\u00f9 ses t\u00e9moignages se succ\u00e8dent de plus en plus d\u00e9cisifs.<\/p>\n<p><b><span style=\"font-family: Helvetica, Arial; font-size: small;\"><span style=\"color: #660000;\">Le baptis\u00e9 vit dans la lumi\u00e8re du Christ<\/span><\/span><\/b><\/p>\n<p>Le cheminement dans la foi, vers la lumi\u00e8re du Christ, v\u00e9cu par l\u2019aveugle de naissance, symbolise l\u2019itin\u00e9raire spirituel de tout baptis\u00e9. \u00c0 quelle profondeur insoup\u00e7onn\u00e9e le baptis\u00e9 est-il appel\u00e9! Toute sa vie de foi et de confiance d\u2019ailleurs ne constitue-t-elle pas une initiation cat\u00e9chum\u00e9nale toujours \u00e0 poursuivre?<\/p>\n<p>\u00c0 l\u2019origine, le don de Dieu est offert gratuitement. Tout comme Dieu, \u00e0 la cr\u00e9ation, mod\u00e8le le visage de l\u2019homme, J\u00e9sus ouvre les yeux de l\u2019aveugle \u00e0 deux reprises. Cette re-cr\u00e9ation s\u2019op\u00e8re pour nous dans la gr\u00e2ce baptismale, op\u00e9rante dans tous les moments de notre vie, qu\u2019ils soient joyeux ou rudes et douloureux. Le Seigneur ressuscit\u00e9 ne cesse de nous remodeler \u00e0 son image, par l\u2019Esprit qui nous investit d\u2019une mission de t\u00e9moignage. Aujourd\u2019hui comme hier, celui-ci se vit parfois en douceur et parfois dans l\u2019incompr\u00e9hension et le rire des sceptiques.<\/p>\n<p>La dimension \u00e9thique du bapt\u00eame appelle le t\u00e9moignage. L\u2019auteur de la <i>Lettre aux \u00c9ph\u00e9siens<\/i> trace les contours de cette vie v\u00e9cue dans la lumi\u00e8re du Christ, en invitant chacun \u00e0 rechercher la bont\u00e9, la justice et la v\u00e9rit\u00e9 (<a>v. 9<\/a>). Il dit : <i>Autrefois, vous n\u2019\u00e9tiez que t\u00e9n\u00e8bres; maintenant, dans le Seigneur, vous \u00eates devenus lumi\u00e8re&#8230;<\/i> (v. 8).<\/p>\n","protected":false},"excerpt":{"rendered":"<p>D23.3 &#8211; Gu\u00e9rison de l&rsquo;aveugle de naissance \/ Bible Nouveau-Testament Jn 9,1\u202641\u00a0: 1 En passant, J\u00e9sus vit un homme aveugle de naissance. 2 Ses disciples l\u2019interrog\u00e8rent\u00a0: \u00ab\u00a0Rabbi, qui a p\u00e9ch\u00e9, lui ou ses parents, pour qu\u2019il soit n\u00e9 aveugle\u00a0?\u00a0\u00bb 3<\/p>\n","protected":false},"author":1,"featured_media":0,"parent":0,"menu_order":0,"comment_status":"closed","ping_status":"closed","template":"","meta":{"footnotes":""},"_links":{"self":[{"href":"http:\/\/image-bible.ch\/index.php?rest_route=\/wp\/v2\/pages\/2329"}],"collection":[{"href":"http:\/\/image-bible.ch\/index.php?rest_route=\/wp\/v2\/pages"}],"about":[{"href":"http:\/\/image-bible.ch\/index.php?rest_route=\/wp\/v2\/types\/page"}],"author":[{"embeddable":true,"href":"http:\/\/image-bible.ch\/index.php?rest_route=\/wp\/v2\/users\/1"}],"replies":[{"embeddable":true,"href":"http:\/\/image-bible.ch\/index.php?rest_route=%2Fwp%2Fv2%2Fcomments&post=2329"}],"version-history":[{"count":7,"href":"http:\/\/image-bible.ch\/index.php?rest_route=\/wp\/v2\/pages\/2329\/revisions"}],"predecessor-version":[{"id":9140,"href":"http:\/\/image-bible.ch\/index.php?rest_route=\/wp\/v2\/pages\/2329\/revisions\/9140"}],"wp:attachment":[{"href":"http:\/\/image-bible.ch\/index.php?rest_route=%2Fwp%2Fv2%2Fmedia&parent=2329"}],"curies":[{"name":"wp","href":"https:\/\/api.w.org\/{rel}","templated":true}]}}