{"id":2331,"date":"2021-03-16T16:40:29","date_gmt":"2021-03-16T15:40:29","guid":{"rendered":"http:\/\/image-bible.ch\/?page_id=2331"},"modified":"2024-11-08T14:22:51","modified_gmt":"2024-11-08T13:22:51","slug":"d23-4-bible-ancien-testament","status":"publish","type":"page","link":"http:\/\/image-bible.ch\/?page_id=2331","title":{"rendered":"D23.4 \/ Bible Ancien-Testament"},"content":{"rendered":"<p style=\"text-align: center;\"><span style=\"font-family: 'comic sans ms', sans-serif; font-size: 14pt;\">D23.4<\/span><span style=\"font-family: 'comic sans ms', sans-serif; font-size: 14pt;\"> &#8211; Gu\u00e9rison de l&rsquo;aveugle de naissance \/ Bible Ancien-Testament<\/span><\/p>\n<h3>Gu\u00e9rison de Tobit<\/h3>\n<p><img loading=\"lazy\" decoding=\"async\" class=\"alignnone size-medium wp-image-6768\" src=\"http:\/\/image-bible.ch\/wp-content\/uploads\/Guerison-de-Tobit-par-Tobie-avec-le-beaume-de-poisson-294x300.jpg\" alt=\"\" width=\"294\" height=\"300\" srcset=\"http:\/\/image-bible.ch\/wp-content\/uploads\/Guerison-de-Tobit-par-Tobie-avec-le-beaume-de-poisson-294x300.jpg 294w, http:\/\/image-bible.ch\/wp-content\/uploads\/Guerison-de-Tobit-par-Tobie-avec-le-beaume-de-poisson-1005x1024.jpg 1005w, http:\/\/image-bible.ch\/wp-content\/uploads\/Guerison-de-Tobit-par-Tobie-avec-le-beaume-de-poisson-768x783.jpg 768w, http:\/\/image-bible.ch\/wp-content\/uploads\/Guerison-de-Tobit-par-Tobie-avec-le-beaume-de-poisson-1507x1536.jpg 1507w, http:\/\/image-bible.ch\/wp-content\/uploads\/Guerison-de-Tobit-par-Tobie-avec-le-beaume-de-poisson.jpg 1631w\" sizes=\"(max-width: 294px) 100vw, 294px\" \/><\/p>\n<p><em>Enluminure, Paris, Biblioth\u00e8que Sainte-Genevi\u00e8ve, Ms. 14 f. 200v<\/em><\/p>\n<p><img loading=\"lazy\" decoding=\"async\" class=\"alignnone size-medium wp-image-7222\" src=\"http:\/\/image-bible.ch\/wp-content\/uploads\/18_Histoire-de-Tobit-223x300.jpeg\" alt=\"\" width=\"223\" height=\"300\" srcset=\"http:\/\/image-bible.ch\/wp-content\/uploads\/18_Histoire-de-Tobit-223x300.jpeg 223w, http:\/\/image-bible.ch\/wp-content\/uploads\/18_Histoire-de-Tobit-763x1024.jpeg 763w, http:\/\/image-bible.ch\/wp-content\/uploads\/18_Histoire-de-Tobit-768x1031.jpeg 768w, http:\/\/image-bible.ch\/wp-content\/uploads\/18_Histoire-de-Tobit-1144x1536.jpeg 1144w, http:\/\/image-bible.ch\/wp-content\/uploads\/18_Histoire-de-Tobit.jpeg 1395w\" sizes=\"(max-width: 223px) 100vw, 223px\" \/><\/p>\n<p><span style=\"color: #0000ff;\">Tb 2,10\u00a0:<\/span> <em>Tobit raconte<\/em><em>\u00a0:<\/em><\/p>\n<p><sup><span style=\"color: #0000ff;\">10<\/span><\/sup> Je ne m\u2019aper\u00e7us pas qu\u2019il y avait des <em>moineaux<\/em> dans le mur, au-dessus de moi, et<span style=\"color: #ff0000;\"> leur<em> fiente<\/em><\/span> me <em>tomba<\/em> toute chaude <em>dans les yeux<\/em> et provoqua d<em>es leucomes.<\/em> Je me rendis chez <em>les m\u00e9decins<\/em> pour \u00eatre soign\u00e9, mais plus ils m\u2019appliquaient l<em>eurs baumes<\/em>, plus ce voile blanch\u00e2tre m\u2019emp\u00eachait de voir, et je finis par devenir <strong><span style=\"color: #ff0000;\">compl\u00e8tement aveugle<\/span><\/strong> : je restai <span style=\"color: #ff0000;\">priv\u00e9 de la vue<\/span> durant <span style=\"color: #993300;\">quatre ans.<\/span><\/p>\n<p class=\"yiv0072246162msonormal\"><em>Dieu, par son envoy\u00e9, <strong>l\u2019ange Rapha\u00ebl<\/strong> dont le nom signifie \u00ab Dieu gu\u00e9rit \u00bb, r\u00e9v\u00e8le \u00e0 <strong>Tobie<\/strong> comment son p\u00e8re <strong>Tobit<\/strong> pourra gu\u00e9rir de sa c\u00e9cit\u00e9, gr\u00e2ce \u00e0 l\u2019application du<span style=\"color: #ff0000;\"> fiel d\u2019un poisson<\/span>. (cf. Tb 6,4-9).<\/em><\/p>\n<p><strong><span style=\"color: #993300;\">Vocabulaire :<\/span><\/strong><\/p>\n<p>&nbsp;<\/p>\n<p><strong><span style=\"color: #0000ff;\">Questions :<\/span><\/strong><\/p>\n<p>&nbsp;<\/p>\n<p><strong>Commentaire :<\/strong><\/p>\n<p>Si Tobit a \u00e9t\u00e9 gu\u00e9ri \u00e0 la suite d&rsquo;une intervention divine qui s&rsquo;est manifest\u00e9e par l&rsquo;envoi de Rapha\u00ebl, qui lui-m\u00eame a enseign\u00e9 \u00e0 Tobie, le fils, les gestes qu&rsquo;il devait effectuer, il n&rsquo;est dit \u00e0 aucun moment que la c\u00e9cit\u00e9 de Tobit a \u00e9t\u00e9 provoqu\u00e9e par Dieu.<br \/>\nL\u2019ange Rapha\u00ebl \u2014 \u00ab celui qui gu\u00e9rit \u00bb en h\u00e9breu \u2014 est cette figure de Dieu qui redonne confiance et aide \u00e0 gu\u00e9rir, de ce Dieu qui se fait mon compagnon de route, qui conna\u00eet tous les chemins, toutes les pistes jusqu\u2019\u00e0 sa maison.<br \/>\nIl perce cette coquille de t\u00e9n\u00e8bres pour que la lumi\u00e8re entre \u00e0 nouveau et que le Seigneur puisse gu\u00e9rir ce c\u0153ur malade.<\/p>\n<h3>S\u00e9paration de la lumi\u00e8re et des t\u00e9n\u00e8bres<\/h3>\n<p><img loading=\"lazy\" decoding=\"async\" class=\"alignnone size-medium wp-image-7176\" src=\"http:\/\/image-bible.ch\/wp-content\/uploads\/18.-Gn-1-2-5_Separation-Lumiere-tenebres-224x300.jpg\" alt=\"\" width=\"224\" height=\"300\" srcset=\"http:\/\/image-bible.ch\/wp-content\/uploads\/18.-Gn-1-2-5_Separation-Lumiere-tenebres-224x300.jpg 224w, http:\/\/image-bible.ch\/wp-content\/uploads\/18.-Gn-1-2-5_Separation-Lumiere-tenebres-764x1024.jpg 764w, http:\/\/image-bible.ch\/wp-content\/uploads\/18.-Gn-1-2-5_Separation-Lumiere-tenebres-768x1029.jpg 768w, http:\/\/image-bible.ch\/wp-content\/uploads\/18.-Gn-1-2-5_Separation-Lumiere-tenebres-1146x1536.jpg 1146w, http:\/\/image-bible.ch\/wp-content\/uploads\/18.-Gn-1-2-5_Separation-Lumiere-tenebres.jpg 1404w\" sizes=\"(max-width: 224px) 100vw, 224px\" \/><\/p>\n<p><span style=\"color: #0000ff;\">Gn 1,2-5\u00a0:<\/span><\/p>\n<p><span style=\"color: #0000ff;\"><sup>2<\/sup><\/span> <strong>La terre<\/strong> \u00e9tait <em>informe et vide<\/em>, <em>les t\u00e9n\u00e8bres<\/em> \u00e9taient au-dessus <span style=\"color: #008000;\">de l\u2019ab\u00eeme<\/span> et <strong>le souffle de Dieu<\/strong> <em>planai<\/em>t au-dessus <em>des eaux<\/em>.<\/p>\n<p><sup><span style=\"color: #0000ff;\">3<\/span><\/sup><strong> Dieu<\/strong> dit : \u00ab <span style=\"color: #ff0000;\">Que la lumi\u00e8re soit.<\/span> \u00bb Et <span style=\"color: #ff0000;\">la lumi\u00e8re fut<\/span>.<\/p>\n<p><sup><span style=\"color: #0000ff;\">4<\/span><\/sup> <strong>Dieu<\/strong> vit que la lumi\u00e8re \u00e9tait bonne, et <strong>Dieu<\/strong> <strong><span style=\"color: #ff0000;\">s\u00e9para<\/span><\/strong> <span style=\"color: #ff0000;\"><em>la lumi\u00e8re des t\u00e9n\u00e8bres<\/em><\/span>.<\/p>\n<p><sup><span style=\"color: #0000ff;\">5<\/span><\/sup> <strong>Dieu<\/strong> appela la lumi\u00e8re <em>\u00ab jour \u00bb<\/em>, il appela les t\u00e9n\u00e8bres <em>\u00ab nuit \u00bb<\/em>.<em> Il y eut un soir, il y eut un matin : premier jour.<\/em><\/p>\n<p><strong><span style=\"color: #993300;\">Vocabulaire :<\/span><\/strong><\/p>\n<p>&nbsp;<\/p>\n<p><strong><span style=\"color: #0000ff;\">Questions :<\/span><\/strong><\/p>\n<p>&nbsp;<\/p>\n<p><strong>Commentaire : <\/strong><\/p>\n<p>Il y a une opposition naturelle entre la lumi\u00e8re et les t\u00e9n\u00e8bres. Elle traverse l&rsquo;ensemble de la Bible. Mais cette opposition ne doit pas \u00eatre vue dans la perspective d&rsquo;un combat sans fin entre deux entit\u00e9s \u00e9gales qui seraient le bien et le mal, les bons et les m\u00e9chants. L&rsquo;opposition est plut\u00f4t d\u00e9termin\u00e9e par la r\u00e9v\u00e9lation de Dieu qui a choisi la lumi\u00e8re comme \u00e9tant le champ de son action cr\u00e9atrice. S&rsquo;il y a un combat, l&rsquo;issue en est d\u00e9j\u00e0 d\u00e9cid\u00e9e par la victoire de la lumi\u00e8re sur les t\u00e9n\u00e8bres et la mort. D\u00e9sormais, la lumi\u00e8re est associ\u00e9e \u00e0 la pr\u00e9sence de celui qui d\u00e9sire la vie.<\/p>\n","protected":false},"excerpt":{"rendered":"<p>D23.4 &#8211; Gu\u00e9rison de l&rsquo;aveugle de naissance \/ Bible Ancien-Testament Gu\u00e9rison de Tobit Enluminure, Paris, Biblioth\u00e8que Sainte-Genevi\u00e8ve, Ms. 14 f. 200v Tb 2,10\u00a0: Tobit raconte\u00a0: 10 Je ne m\u2019aper\u00e7us pas qu\u2019il y avait des moineaux dans le mur, au-dessus de<\/p>\n","protected":false},"author":1,"featured_media":0,"parent":0,"menu_order":0,"comment_status":"closed","ping_status":"closed","template":"","meta":{"footnotes":""},"_links":{"self":[{"href":"http:\/\/image-bible.ch\/index.php?rest_route=\/wp\/v2\/pages\/2331"}],"collection":[{"href":"http:\/\/image-bible.ch\/index.php?rest_route=\/wp\/v2\/pages"}],"about":[{"href":"http:\/\/image-bible.ch\/index.php?rest_route=\/wp\/v2\/types\/page"}],"author":[{"embeddable":true,"href":"http:\/\/image-bible.ch\/index.php?rest_route=\/wp\/v2\/users\/1"}],"replies":[{"embeddable":true,"href":"http:\/\/image-bible.ch\/index.php?rest_route=%2Fwp%2Fv2%2Fcomments&post=2331"}],"version-history":[{"count":8,"href":"http:\/\/image-bible.ch\/index.php?rest_route=\/wp\/v2\/pages\/2331\/revisions"}],"predecessor-version":[{"id":9141,"href":"http:\/\/image-bible.ch\/index.php?rest_route=\/wp\/v2\/pages\/2331\/revisions\/9141"}],"wp:attachment":[{"href":"http:\/\/image-bible.ch\/index.php?rest_route=%2Fwp%2Fv2%2Fmedia&parent=2331"}],"curies":[{"name":"wp","href":"https:\/\/api.w.org\/{rel}","templated":true}]}}