{"id":2333,"date":"2021-03-16T16:40:46","date_gmt":"2021-03-16T15:40:46","guid":{"rendered":"http:\/\/image-bible.ch\/?page_id=2333"},"modified":"2024-11-18T21:09:14","modified_gmt":"2024-11-18T20:09:14","slug":"d23-5-interpretation","status":"publish","type":"page","link":"http:\/\/image-bible.ch\/?page_id=2333","title":{"rendered":"D23.5 \/ Interpr\u00e9tation"},"content":{"rendered":"<p style=\"text-align: center;\"><span style=\"font-family: 'comic sans ms', sans-serif; font-size: 14pt;\">D23.5<\/span><span style=\"font-family: 'comic sans ms', sans-serif; font-size: 14pt;\"> &#8211; Gu\u00e9rison de l&rsquo;aveugle de naissance \/ Interpr\u00e9tation<\/span><\/p>\n<h3><strong>Les liens entre Tobie 2,10 et Jean 9<\/strong><\/h3>\n<p>De m\u00eame que Tobith est gu\u00e9ri par la fiente de poisson que son fils Tobie a rapport\u00e9e gr\u00e2ce \u00e0 l\u2019ange Rapha\u00ebl. Ainsi l\u2019aveugle de naissance est gu\u00e9ri par la salive et la boue que J\u00e9sus applique sur ses yeux.<\/p>\n<p>Le lien entre <strong>Tobie 2,10<\/strong> (la c\u00e9cit\u00e9 de Tobit) et <strong>Jean 9<\/strong> (la gu\u00e9rison de l\u2019aveugle-n\u00e9) r\u00e9side dans les th\u00e8mes de <strong>la souffrance, la foi, et la manifestation de l\u2019\u0153uvre de Dieu \u00e0 travers la c\u00e9cit\u00e9 physique et spirituelle<\/strong>. Ces r\u00e9cits explorent comment Dieu agit dans des situations de perte ou de faiblesse pour r\u00e9v\u00e9ler sa puissance et sa gloire.<\/p>\n<div class=\"flex max-w-full flex-col flex-grow\">\n<div class=\"min-h-8 text-message flex w-full flex-col items-end gap-2 whitespace-normal break-words [.text-message+&amp;]:mt-5\" dir=\"auto\" data-message-author-role=\"assistant\" data-message-id=\"4f2a85aa-816b-4f91-95c0-137104610353\" data-message-model-slug=\"gpt-4o\">\n<div class=\"flex w-full flex-col gap-1 empty:hidden first:pt-[3px]\">\n<div class=\"markdown prose w-full break-words dark:prose-invert light\">\n<ol>\n<li><strong>La c\u00e9cit\u00e9 comme \u00e9preuve permise par Dieu :<\/strong>\n<ul>\n<li>Dans Tobie, la c\u00e9cit\u00e9 de Tobit semble \u00eatre une \u00e9preuve inexplicable, mais elle pr\u00e9pare le terrain pour une intervention divine qui restaurera non seulement sa vue, mais aussi l\u2019unit\u00e9 et la b\u00e9n\u00e9diction de sa famille.<\/li>\n<li>Dans Jean, J\u00e9sus montre que l\u2019aveuglement de l\u2019homme n\u2019est pas une punition pour le p\u00e9ch\u00e9, mais une occasion pour que la gloire de Dieu soit manifest\u00e9e \u00e0 travers la gu\u00e9rison.<\/li>\n<\/ul>\n<\/li>\n<li><strong>La foi dans la souffrance :<\/strong>\n<ul>\n<li>Tobit reste fid\u00e8le \u00e0 Dieu malgr\u00e9 sa c\u00e9cit\u00e9, continuant \u00e0 prier et \u00e0 attendre sa d\u00e9livrance.<\/li>\n<li>L\u2019aveugle-n\u00e9, m\u00eame s\u2019il ne demande pas explicitement la gu\u00e9rison, fait preuve d\u2019ob\u00e9issance en suivant les instructions de J\u00e9sus, ce qui lui ouvre le chemin vers la foi.<\/li>\n<\/ul>\n<\/li>\n<li><strong>La manifestation de la gloire de Dieu :<\/strong>\n<ul>\n<li>Dans Tobie, la c\u00e9cit\u00e9 de Tobit conduit \u00e0 une cha\u00eene d\u2019\u00e9v\u00e9nements o\u00f9 l\u2019intervention divine devient \u00e9vidente (via l\u2019ange Rapha\u00ebl et la gu\u00e9rison finale).<\/li>\n<li>Dans Jean, la gu\u00e9rison de l\u2019aveugle-n\u00e9 t\u00e9moigne publiquement de la puissance de J\u00e9sus comme lumi\u00e8re du monde, r\u00e9v\u00e9lant qu\u2019il est l\u2019envoy\u00e9 de Dieu.<\/li>\n<\/ul>\n<\/li>\n<li><strong>La gu\u00e9rison physique et spirituelle :<\/strong>\n<ul>\n<li>Tobit recouvre non seulement sa vue, mais retrouve aussi une nouvelle esp\u00e9rance et une confirmation de la providence divine.<\/li>\n<li>L\u2019aveugle-n\u00e9, en plus de sa gu\u00e9rison physique, fait un chemin spirituel qui le conduit \u00e0 reconna\u00eetre J\u00e9sus comme le Fils de Dieu, contrairement aux pharisiens, aveugles dans leur c\u0153ur.<\/li>\n<\/ul>\n<\/li>\n<\/ol>\n<hr \/>\n<h3><strong>Conclusion<\/strong><\/h3>\n<p>Dans <strong>Tobie 2,10<\/strong> et <strong>Jean 9<\/strong>, la c\u00e9cit\u00e9 sert de point de d\u00e9part pour une r\u00e9v\u00e9lation de l\u2019\u0153uvre de Dieu. Dans les deux r\u00e9cits, ce qui semble \u00eatre une \u00e9preuve injuste devient un lieu de b\u00e9n\u00e9diction, de transformation et de foi renouvel\u00e9e. La c\u00e9cit\u00e9 est ainsi non seulement une r\u00e9alit\u00e9 physique, mais aussi un symbole spirituel, appelant \u00e0 ouvrir les yeux du c\u0153ur pour voir l\u2019action de Dieu dans nos vies.<\/p>\n<\/div>\n<\/div>\n<\/div>\n<\/div>\n<div class=\"mb-2 flex gap-3 empty:hidden -ml-2\">\n<div class=\"items-center justify-start rounded-xl p-1 flex\">\n<div class=\"flex items-center\">\n<h3><strong>Les liens entre Gen\u00e8se 1,2-5 et Jean 9<\/strong><\/h3>\n<\/div>\n<\/div>\n<\/div>\n<p>De m\u00eame que Dieu s\u00e9pare la lumi\u00e8re des t\u00e9n\u00e8bres, le bien du mal. Ainsi la gu\u00e9rison de l\u2019aveugle de naissance met en lumi\u00e8re ceux qui sont disciples et suivent J\u00e9sus et ceux qui demeurent dans l\u2019incr\u00e9dulit\u00e9 et le p\u00e9ch\u00e9.<\/p>\n<p>Le lien entre <strong>Gen\u00e8se 1,2-5<\/strong> (la cr\u00e9ation de la lumi\u00e8re) et <strong>Jean 9<\/strong> (la gu\u00e9rison de l&rsquo;aveugle-n\u00e9) repose sur les th\u00e8mes de <strong>la lumi\u00e8re comme signe de la vie, de l&rsquo;ordre et de la r\u00e9v\u00e9lation divine<\/strong>, et sur la transformation op\u00e9r\u00e9e par Dieu qui dissipe les t\u00e9n\u00e8bres, qu&rsquo;elles soient physiques, spirituelles ou existentielles.<\/p>\n<ol>\n<li><strong>La lumi\u00e8re comme cr\u00e9ation et restauration :<\/strong>\n<ul>\n<li>Dans Gen\u00e8se, la lumi\u00e8re est le premier acte cr\u00e9ateur de Dieu, marquant le d\u00e9but de la vie et de l\u2019ordre.<\/li>\n<li>Dans Jean 9, J\u00e9sus, en tant que \u00ab lumi\u00e8re du monde \u00bb, accomplit une \u0153uvre de recr\u00e9ation en restaurant la vue de l\u2019aveugle, lui donnant une nouvelle vie et l\u2019amenant \u00e0 la foi.<\/li>\n<\/ul>\n<\/li>\n<li><strong>La s\u00e9paration entre t\u00e9n\u00e8bres et lumi\u00e8re :<\/strong>\n<ul>\n<li>En Gen\u00e8se, Dieu s\u00e9pare la lumi\u00e8re des t\u00e9n\u00e8bres, instaurant une distinction essentielle dans la cr\u00e9ation.<\/li>\n<li>Dans Jean, J\u00e9sus op\u00e8re une s\u00e9paration spirituelle : l\u2019aveugle passe des t\u00e9n\u00e8bres (ignorance et c\u00e9cit\u00e9) \u00e0 la lumi\u00e8re (foi et vision), tandis que les pharisiens choisissent de rester dans les t\u00e9n\u00e8bres de l\u2019incr\u00e9dulit\u00e9.<\/li>\n<\/ul>\n<\/li>\n<li><strong>L\u2019action de Dieu dans le chaos :<\/strong>\n<ul>\n<li>Dans Gen\u00e8se, Dieu transforme le chaos primordial (informe et vide) en une cr\u00e9ation ordonn\u00e9e, commenc\u00e9e par la lumi\u00e8re.<\/li>\n<li>Dans Jean, J\u00e9sus intervient dans le chaos de la vie de l\u2019aveugle (exclusion, souffrance) pour lui donner une existence nouvelle et illumin\u00e9e par la foi.<\/li>\n<\/ul>\n<\/li>\n<li><strong>La parole comme agent de cr\u00e9ation :<\/strong>\n<ul>\n<li>Dans Gen\u00e8se, Dieu dit : \u00ab Que la lumi\u00e8re soit \u00bb, et la lumi\u00e8re appara\u00eet par sa Parole.<\/li>\n<li>Dans Jean, J\u00e9sus, la Parole incarn\u00e9e (Logos), accomplit la gu\u00e9rison et la r\u00e9v\u00e9lation par son action et ses paroles : \u00ab Tant que je suis dans le monde, je suis la lumi\u00e8re du monde \u00bb (Jean 9,5).<\/li>\n<\/ul>\n<\/li>\n<li><strong>La lumi\u00e8re comme signe de la pr\u00e9sence divine :<\/strong>\n<ul>\n<li>Dans Gen\u00e8se, la lumi\u00e8re r\u00e9v\u00e8le la pr\u00e9sence active de Dieu dans la cr\u00e9ation.<\/li>\n<li>Dans Jean, la lumi\u00e8re de J\u00e9sus r\u00e9v\u00e8le la pr\u00e9sence de Dieu au milieu des hommes, amenant les croyants \u00e0 une nouvelle compr\u00e9hension de leur relation avec Lui.<\/li>\n<\/ul>\n<\/li>\n<\/ol>\n<hr \/>\n<h3><strong>Conclusion<\/strong><\/h3>\n<p>Les deux passages convergent autour de l&rsquo;id\u00e9e que <strong>Dieu est source de lumi\u00e8re et de vie<\/strong>. En Gen\u00e8se, la lumi\u00e8re marque le d\u00e9but de la cr\u00e9ation et de l\u2019ordre dans le monde. En Jean, J\u00e9sus, la lumi\u00e8re du monde, apporte gu\u00e9rison et foi, renouvelant la cr\u00e9ation dans la vie de l\u2019aveugle-n\u00e9. Ces textes invitent \u00e0 sortir des t\u00e9n\u00e8bres spirituelles pour entrer dans la lumi\u00e8re de Dieu, \u00e0 la fois cr\u00e9atrice et r\u00e9demptrice.<\/p>\n","protected":false},"excerpt":{"rendered":"<p>D23.5 &#8211; Gu\u00e9rison de l&rsquo;aveugle de naissance \/ Interpr\u00e9tation Les liens entre Tobie 2,10 et Jean 9 De m\u00eame que Tobith est gu\u00e9ri par la fiente de poisson que son fils Tobie a rapport\u00e9e gr\u00e2ce \u00e0 l\u2019ange Rapha\u00ebl. Ainsi l\u2019aveugle<\/p>\n","protected":false},"author":1,"featured_media":0,"parent":0,"menu_order":0,"comment_status":"closed","ping_status":"closed","template":"","meta":{"footnotes":""},"_links":{"self":[{"href":"http:\/\/image-bible.ch\/index.php?rest_route=\/wp\/v2\/pages\/2333"}],"collection":[{"href":"http:\/\/image-bible.ch\/index.php?rest_route=\/wp\/v2\/pages"}],"about":[{"href":"http:\/\/image-bible.ch\/index.php?rest_route=\/wp\/v2\/types\/page"}],"author":[{"embeddable":true,"href":"http:\/\/image-bible.ch\/index.php?rest_route=\/wp\/v2\/users\/1"}],"replies":[{"embeddable":true,"href":"http:\/\/image-bible.ch\/index.php?rest_route=%2Fwp%2Fv2%2Fcomments&post=2333"}],"version-history":[{"count":6,"href":"http:\/\/image-bible.ch\/index.php?rest_route=\/wp\/v2\/pages\/2333\/revisions"}],"predecessor-version":[{"id":9511,"href":"http:\/\/image-bible.ch\/index.php?rest_route=\/wp\/v2\/pages\/2333\/revisions\/9511"}],"wp:attachment":[{"href":"http:\/\/image-bible.ch\/index.php?rest_route=%2Fwp%2Fv2%2Fmedia&parent=2333"}],"curies":[{"name":"wp","href":"https:\/\/api.w.org\/{rel}","templated":true}]}}