{"id":2339,"date":"2021-03-16T16:41:37","date_gmt":"2021-03-16T15:41:37","guid":{"rendered":"http:\/\/image-bible.ch\/?page_id=2339"},"modified":"2024-11-08T14:26:19","modified_gmt":"2024-11-08T13:26:19","slug":"d23-8-kt-enfants","status":"publish","type":"page","link":"http:\/\/image-bible.ch\/?page_id=2339","title":{"rendered":"D23.8 \/ KT enfants"},"content":{"rendered":"<p style=\"text-align: center;\"><span style=\"font-family: 'comic sans ms', sans-serif; font-size: 14pt;\">D23.8<\/span><span style=\"font-family: 'comic sans ms', sans-serif; font-size: 14pt;\"> &#8211; Gu\u00e9rison de l&rsquo;aveugle de naissance \/ KT enfants<\/span><\/p>\n<p>Voir KT 42 : <a href=\"https:\/\/www.kt42.fr\/2018\/09\/meditation-sur-le-recit-de-laveugle-de.html\">L&rsquo;aveugle de naissance<\/a><\/p>\n<p>Voir id\u00e9es cat\u00e9 : <a href=\"http:\/\/www.idees-cate.com\/le_cate\/aveuglene.html\">L&rsquo;aveugle de naissance<\/a><\/p>\n<p>La gu\u00e9rison de l&rsquo;aveugle mendiant Bartim\u00e9e :<\/p>\n<div id='gallery-1' class='gallery galleryid-2339 gallery-columns-3 gallery-size-medium'><figure class='gallery-item'>\n\t\t\t<div class='gallery-icon portrait'>\n\t\t\t\t<a href='http:\/\/image-bible.ch\/?attachment_id=8038'><img loading=\"lazy\" decoding=\"async\" width=\"228\" height=\"300\" src=\"http:\/\/image-bible.ch\/wp-content\/uploads\/Jesus-guerit-_-laveugle-Bartimee-07-228x300.jpg\" class=\"attachment-medium size-medium\" alt=\"\" srcset=\"http:\/\/image-bible.ch\/wp-content\/uploads\/Jesus-guerit-_-laveugle-Bartimee-07-228x300.jpg 228w, http:\/\/image-bible.ch\/wp-content\/uploads\/Jesus-guerit-_-laveugle-Bartimee-07-777x1024.jpg 777w, http:\/\/image-bible.ch\/wp-content\/uploads\/Jesus-guerit-_-laveugle-Bartimee-07-768x1013.jpg 768w, http:\/\/image-bible.ch\/wp-content\/uploads\/Jesus-guerit-_-laveugle-Bartimee-07-1165x1536.jpg 1165w, http:\/\/image-bible.ch\/wp-content\/uploads\/Jesus-guerit-_-laveugle-Bartimee-07.jpg 1441w\" sizes=\"(max-width: 228px) 100vw, 228px\" \/><\/a>\n\t\t\t<\/div><\/figure><figure class='gallery-item'>\n\t\t\t<div class='gallery-icon portrait'>\n\t\t\t\t<a href='http:\/\/image-bible.ch\/?attachment_id=8037'><img loading=\"lazy\" decoding=\"async\" width=\"234\" height=\"300\" src=\"http:\/\/image-bible.ch\/wp-content\/uploads\/Jesus-guerit-_-laveugle-Bartimee-06-234x300.jpg\" class=\"attachment-medium size-medium\" alt=\"\" srcset=\"http:\/\/image-bible.ch\/wp-content\/uploads\/Jesus-guerit-_-laveugle-Bartimee-06-234x300.jpg 234w, http:\/\/image-bible.ch\/wp-content\/uploads\/Jesus-guerit-_-laveugle-Bartimee-06-797x1024.jpg 797w, http:\/\/image-bible.ch\/wp-content\/uploads\/Jesus-guerit-_-laveugle-Bartimee-06-768x987.jpg 768w, http:\/\/image-bible.ch\/wp-content\/uploads\/Jesus-guerit-_-laveugle-Bartimee-06-1196x1536.jpg 1196w, http:\/\/image-bible.ch\/wp-content\/uploads\/Jesus-guerit-_-laveugle-Bartimee-06.jpg 1465w\" sizes=\"(max-width: 234px) 100vw, 234px\" \/><\/a>\n\t\t\t<\/div><\/figure><figure class='gallery-item'>\n\t\t\t<div class='gallery-icon portrait'>\n\t\t\t\t<a href='http:\/\/image-bible.ch\/?attachment_id=8036'><img loading=\"lazy\" decoding=\"async\" width=\"227\" height=\"300\" src=\"http:\/\/image-bible.ch\/wp-content\/uploads\/Jesus-guerit-_-laveugle-Bartimee-05-227x300.jpg\" class=\"attachment-medium size-medium\" alt=\"\" srcset=\"http:\/\/image-bible.ch\/wp-content\/uploads\/Jesus-guerit-_-laveugle-Bartimee-05-227x300.jpg 227w, http:\/\/image-bible.ch\/wp-content\/uploads\/Jesus-guerit-_-laveugle-Bartimee-05-775x1024.jpg 775w, http:\/\/image-bible.ch\/wp-content\/uploads\/Jesus-guerit-_-laveugle-Bartimee-05-768x1015.jpg 768w, http:\/\/image-bible.ch\/wp-content\/uploads\/Jesus-guerit-_-laveugle-Bartimee-05-1163x1536.jpg 1163w, http:\/\/image-bible.ch\/wp-content\/uploads\/Jesus-guerit-_-laveugle-Bartimee-05.jpg 1438w\" sizes=\"(max-width: 227px) 100vw, 227px\" \/><\/a>\n\t\t\t<\/div><\/figure><figure class='gallery-item'>\n\t\t\t<div class='gallery-icon portrait'>\n\t\t\t\t<a href='http:\/\/image-bible.ch\/?attachment_id=8035'><img loading=\"lazy\" decoding=\"async\" width=\"229\" height=\"300\" src=\"http:\/\/image-bible.ch\/wp-content\/uploads\/Jesus-guerit-_-laveugle-Bartimee-04-229x300.jpg\" class=\"attachment-medium size-medium\" alt=\"\" srcset=\"http:\/\/image-bible.ch\/wp-content\/uploads\/Jesus-guerit-_-laveugle-Bartimee-04-229x300.jpg 229w, http:\/\/image-bible.ch\/wp-content\/uploads\/Jesus-guerit-_-laveugle-Bartimee-04-783x1024.jpg 783w, http:\/\/image-bible.ch\/wp-content\/uploads\/Jesus-guerit-_-laveugle-Bartimee-04-768x1004.jpg 768w, http:\/\/image-bible.ch\/wp-content\/uploads\/Jesus-guerit-_-laveugle-Bartimee-04-1175x1536.jpg 1175w, http:\/\/image-bible.ch\/wp-content\/uploads\/Jesus-guerit-_-laveugle-Bartimee-04.jpg 1453w\" sizes=\"(max-width: 229px) 100vw, 229px\" \/><\/a>\n\t\t\t<\/div><\/figure><figure class='gallery-item'>\n\t\t\t<div class='gallery-icon portrait'>\n\t\t\t\t<a href='http:\/\/image-bible.ch\/?attachment_id=8034'><img loading=\"lazy\" decoding=\"async\" width=\"222\" height=\"300\" src=\"http:\/\/image-bible.ch\/wp-content\/uploads\/Jesus-guerit-_-laveugle-Bartimee-03-222x300.jpg\" class=\"attachment-medium size-medium\" alt=\"\" srcset=\"http:\/\/image-bible.ch\/wp-content\/uploads\/Jesus-guerit-_-laveugle-Bartimee-03-222x300.jpg 222w, http:\/\/image-bible.ch\/wp-content\/uploads\/Jesus-guerit-_-laveugle-Bartimee-03-759x1024.jpg 759w, http:\/\/image-bible.ch\/wp-content\/uploads\/Jesus-guerit-_-laveugle-Bartimee-03-768x1036.jpg 768w, http:\/\/image-bible.ch\/wp-content\/uploads\/Jesus-guerit-_-laveugle-Bartimee-03-1138x1536.jpg 1138w, http:\/\/image-bible.ch\/wp-content\/uploads\/Jesus-guerit-_-laveugle-Bartimee-03.jpg 1408w\" sizes=\"(max-width: 222px) 100vw, 222px\" \/><\/a>\n\t\t\t<\/div><\/figure><figure class='gallery-item'>\n\t\t\t<div class='gallery-icon portrait'>\n\t\t\t\t<a href='http:\/\/image-bible.ch\/?attachment_id=8033'><img loading=\"lazy\" decoding=\"async\" width=\"222\" height=\"300\" src=\"http:\/\/image-bible.ch\/wp-content\/uploads\/Jesus-guerit-_-laveugle-Bartimee-02-222x300.jpg\" class=\"attachment-medium size-medium\" alt=\"\" srcset=\"http:\/\/image-bible.ch\/wp-content\/uploads\/Jesus-guerit-_-laveugle-Bartimee-02-222x300.jpg 222w, http:\/\/image-bible.ch\/wp-content\/uploads\/Jesus-guerit-_-laveugle-Bartimee-02-759x1024.jpg 759w, http:\/\/image-bible.ch\/wp-content\/uploads\/Jesus-guerit-_-laveugle-Bartimee-02-768x1036.jpg 768w, http:\/\/image-bible.ch\/wp-content\/uploads\/Jesus-guerit-_-laveugle-Bartimee-02-1138x1536.jpg 1138w, http:\/\/image-bible.ch\/wp-content\/uploads\/Jesus-guerit-_-laveugle-Bartimee-02.jpg 1408w\" sizes=\"(max-width: 222px) 100vw, 222px\" \/><\/a>\n\t\t\t<\/div><\/figure><figure class='gallery-item'>\n\t\t\t<div class='gallery-icon portrait'>\n\t\t\t\t<a href='http:\/\/image-bible.ch\/?attachment_id=8032'><img loading=\"lazy\" decoding=\"async\" width=\"252\" height=\"300\" src=\"http:\/\/image-bible.ch\/wp-content\/uploads\/Jesus-guerit-_-laveugle-Bartimee-01-252x300.jpg\" class=\"attachment-medium size-medium\" alt=\"\" srcset=\"http:\/\/image-bible.ch\/wp-content\/uploads\/Jesus-guerit-_-laveugle-Bartimee-01-252x300.jpg 252w, http:\/\/image-bible.ch\/wp-content\/uploads\/Jesus-guerit-_-laveugle-Bartimee-01-861x1024.jpg 861w, http:\/\/image-bible.ch\/wp-content\/uploads\/Jesus-guerit-_-laveugle-Bartimee-01-768x914.jpg 768w, http:\/\/image-bible.ch\/wp-content\/uploads\/Jesus-guerit-_-laveugle-Bartimee-01-1291x1536.jpg 1291w, http:\/\/image-bible.ch\/wp-content\/uploads\/Jesus-guerit-_-laveugle-Bartimee-01.jpg 1564w\" sizes=\"(max-width: 252px) 100vw, 252px\" \/><\/a>\n\t\t\t<\/div><\/figure>\n\t\t<\/div>\n\n","protected":false},"excerpt":{"rendered":"<p>D23.8 &#8211; Gu\u00e9rison de l&rsquo;aveugle de naissance \/ KT enfants Voir KT 42 : L&rsquo;aveugle de naissance Voir id\u00e9es cat\u00e9 : L&rsquo;aveugle de naissance La gu\u00e9rison de l&rsquo;aveugle mendiant Bartim\u00e9e :<\/p>\n","protected":false},"author":1,"featured_media":0,"parent":0,"menu_order":0,"comment_status":"closed","ping_status":"closed","template":"","meta":{"footnotes":""},"_links":{"self":[{"href":"http:\/\/image-bible.ch\/index.php?rest_route=\/wp\/v2\/pages\/2339"}],"collection":[{"href":"http:\/\/image-bible.ch\/index.php?rest_route=\/wp\/v2\/pages"}],"about":[{"href":"http:\/\/image-bible.ch\/index.php?rest_route=\/wp\/v2\/types\/page"}],"author":[{"embeddable":true,"href":"http:\/\/image-bible.ch\/index.php?rest_route=\/wp\/v2\/users\/1"}],"replies":[{"embeddable":true,"href":"http:\/\/image-bible.ch\/index.php?rest_route=%2Fwp%2Fv2%2Fcomments&post=2339"}],"version-history":[{"count":6,"href":"http:\/\/image-bible.ch\/index.php?rest_route=\/wp\/v2\/pages\/2339\/revisions"}],"predecessor-version":[{"id":9144,"href":"http:\/\/image-bible.ch\/index.php?rest_route=\/wp\/v2\/pages\/2339\/revisions\/9144"}],"wp:attachment":[{"href":"http:\/\/image-bible.ch\/index.php?rest_route=%2Fwp%2Fv2%2Fmedia&parent=2339"}],"curies":[{"name":"wp","href":"https:\/\/api.w.org\/{rel}","templated":true}]}}