{"id":2347,"date":"2021-03-16T16:45:29","date_gmt":"2021-03-16T15:45:29","guid":{"rendered":"http:\/\/image-bible.ch\/?page_id=2347"},"modified":"2024-08-20T15:17:35","modified_gmt":"2024-08-20T13:17:35","slug":"d22-la-guerison-du-paralytique","status":"publish","type":"page","link":"http:\/\/image-bible.ch\/?page_id=2347","title":{"rendered":"D22 &#8211; La gu\u00e9rison du paralytique"},"content":{"rendered":"<p style=\"text-align: center;\"><span style=\"font-size: 14pt; font-family: 'comic sans ms', sans-serif;\">D22 &#8211; La gu\u00e9rison d&rsquo;un paralytique<br \/>\n<\/span><\/p>\n<p><span style=\"font-family: 'comic sans ms', sans-serif;\">| <a href=\"http:\/\/image-bible.ch\/?page_id=1199\" target=\"_blank\" rel=\"noreferrer noopener\">La Bible des Pauvres<\/a> | <a href=\"http:\/\/image-bible.ch\/?page_id=1201\" target=\"_blank\" rel=\"noopener noreferrer\"> Images<\/a> | <a href=\"https:\/\/image-bible.ch\/?page_id=2306\" target=\"_blank\" rel=\"noreferrer noopener\">Nouveau-Testament<\/a> | <a href=\"http:\/\/image-bible.ch\/?page_id=2308\" target=\"_blank\" rel=\"noreferrer noopener\">Ancien-Testament<\/a> | <a href=\"http:\/\/image-bible.ch\/?page_id=2310\" target=\"_blank\" rel=\"noreferrer noopener\">Interpr\u00e9tation<\/a> | <a href=\"http:\/\/image-bible.ch\/?page_id=2312\" target=\"_blank\" rel=\"noreferrer noopener\">Ic\u00f4ne<\/a> | <a href=\"http:\/\/image-bible.ch\/?page_id=2315\" target=\"_blank\" rel=\"noreferrer noopener\">F\u00eate juive et chr\u00e9tienne<\/a> | <a href=\"http:\/\/image-bible.ch\/?page_id=2317\" target=\"_blank\" rel=\"noreferrer noopener\">KT enfants<\/a> | <a href=\"http:\/\/image-bible.ch\/?page_id=2319\" target=\"_blank\" rel=\"noreferrer noopener\">Jeunes<\/a> | <a href=\"http:\/\/image-bible.ch\/?page_id=1217\" target=\"_blank\" rel=\"noreferrer noopener\">Divers Vid\u00e9o &#8211; R\u00e9f\u00e9rences<\/a> |<\/span><\/p>\n<hr \/>\n<p style=\"text-align: center;\"><strong><span style=\"font-family: 'book antiqua', palatino, serif;\">Page de pr\u00e9sentation<\/span><\/strong><\/p>\n<p><img loading=\"lazy\" decoding=\"async\" class=\"alignnone wp-image-6529\" src=\"http:\/\/image-bible.ch\/wp-content\/uploads\/Guerison-du-paralytique-a-la-piscine-Jn5-20-Mosaique-byzantine-Monreale-252x300.jpg\" alt=\"\" width=\"488\" height=\"581\" srcset=\"http:\/\/image-bible.ch\/wp-content\/uploads\/Guerison-du-paralytique-a-la-piscine-Jn5-20-Mosaique-byzantine-Monreale-252x300.jpg 252w, http:\/\/image-bible.ch\/wp-content\/uploads\/Guerison-du-paralytique-a-la-piscine-Jn5-20-Mosaique-byzantine-Monreale-859x1024.jpg 859w, http:\/\/image-bible.ch\/wp-content\/uploads\/Guerison-du-paralytique-a-la-piscine-Jn5-20-Mosaique-byzantine-Monreale-768x916.jpg 768w, http:\/\/image-bible.ch\/wp-content\/uploads\/Guerison-du-paralytique-a-la-piscine-Jn5-20-Mosaique-byzantine-Monreale-1288x1536.jpg 1288w, http:\/\/image-bible.ch\/wp-content\/uploads\/Guerison-du-paralytique-a-la-piscine-Jn5-20-Mosaique-byzantine-Monreale.jpg 1573w\" sizes=\"(max-width: 488px) 100vw, 488px\" \/><\/p>\n<hr \/>\n<table style=\"border-collapse: collapse; width: 100%; height: 24px;\">\n<tbody>\n<tr style=\"height: 24px;\">\n<td style=\"width: 100%; height: 24px;\"><span style=\"font-size: 10pt;\">D22. <a href=\"http:\/\/image-bible.ch\/?page_id=2347\" target=\"_blank\" rel=\"noopener noreferrer\">Gu\u00e9rison du paralytique<\/a> \u2013 D23. <a href=\"http:\/\/image-bible.ch\/?page_id=2349\" target=\"_blank\" rel=\"noopener noreferrer\">Gu\u00e9rison de l&rsquo;aveugle de naissance<\/a> &#8211; D24 <a href=\"http:\/\/image-bible.ch\/?page_id=6971\">La gu\u00e9rison du l\u00e9preux<\/a><br \/>\n<\/span><\/td>\n<\/tr>\n<\/tbody>\n<\/table>\n","protected":false},"excerpt":{"rendered":"<p>D22 &#8211; La gu\u00e9rison d&rsquo;un paralytique | La Bible des Pauvres | Images | Nouveau-Testament | Ancien-Testament | Interpr\u00e9tation | Ic\u00f4ne | F\u00eate juive et chr\u00e9tienne | KT enfants | Jeunes | Divers Vid\u00e9o &#8211; R\u00e9f\u00e9rences | Page de pr\u00e9sentation<\/p>\n","protected":false},"author":1,"featured_media":0,"parent":0,"menu_order":0,"comment_status":"closed","ping_status":"closed","template":"","meta":{"footnotes":""},"_links":{"self":[{"href":"http:\/\/image-bible.ch\/index.php?rest_route=\/wp\/v2\/pages\/2347"}],"collection":[{"href":"http:\/\/image-bible.ch\/index.php?rest_route=\/wp\/v2\/pages"}],"about":[{"href":"http:\/\/image-bible.ch\/index.php?rest_route=\/wp\/v2\/types\/page"}],"author":[{"embeddable":true,"href":"http:\/\/image-bible.ch\/index.php?rest_route=\/wp\/v2\/users\/1"}],"replies":[{"embeddable":true,"href":"http:\/\/image-bible.ch\/index.php?rest_route=%2Fwp%2Fv2%2Fcomments&post=2347"}],"version-history":[{"count":16,"href":"http:\/\/image-bible.ch\/index.php?rest_route=\/wp\/v2\/pages\/2347\/revisions"}],"predecessor-version":[{"id":7320,"href":"http:\/\/image-bible.ch\/index.php?rest_route=\/wp\/v2\/pages\/2347\/revisions\/7320"}],"wp:attachment":[{"href":"http:\/\/image-bible.ch\/index.php?rest_route=%2Fwp%2Fv2%2Fmedia&parent=2347"}],"curies":[{"name":"wp","href":"https:\/\/api.w.org\/{rel}","templated":true}]}}