{"id":2351,"date":"2021-03-16T16:48:19","date_gmt":"2021-03-16T15:48:19","guid":{"rendered":"http:\/\/image-bible.ch\/?page_id=2351"},"modified":"2021-09-16T14:48:49","modified_gmt":"2021-09-16T12:48:49","slug":"e-les-rencontres","status":"publish","type":"page","link":"http:\/\/image-bible.ch\/?page_id=2351","title":{"rendered":"E &#8211; Les rencontres"},"content":{"rendered":"<table>\n<tbody>\n<tr>\n<td><em><span style=\"font-size: 10pt;\">E25. <a href=\"http:\/\/image-bible.ch\/?page_id=2353\">Rencontre de nuit avec Nicod\u00e8me<\/a> \u2013 E26. <a href=\"http:\/\/image-bible.ch\/?page_id=2375\">Rencontre avec la Samaritaine<\/a> \u2013 E27. <a href=\"http:\/\/image-bible.ch\/?page_id=2398\">Rencontre avec Zach\u00e9e<\/a><\/span><\/em><\/td>\n<\/tr>\n<\/tbody>\n<\/table>\n<h2 style=\"text-align: center;\"><span style=\"font-family: 'book antiqua', palatino, serif;\"><strong>E &#8211; Les rencontres<\/strong><\/span><\/h2>\n<h4 style=\"text-align: center;\"><span style=\"font-family: 'book antiqua', palatino, serif;\">Pr\u00e9sentation<\/span><\/h4>\n<p style=\"text-align: justify;\">J\u00e9sus sans cesse rencontre des personnes : la foule anonyme, et des personnes avec des noms et des situations pr\u00e9cises :<\/p>\n<p>Parmi toutes les rencontres de J\u00e9sus, nous avons retenu trois rencontres exemplaires :<\/p>\n<ul>\n<li>Nicod\u00e8me, qui vient de nuit rencontrer J\u00e9sus Jn 3<\/li>\n<li>J\u00e9sus qui rencontre la samaritaine au bord du puits de Jacob Jn 4<\/li>\n<li>J\u00e9sus qui demande \u00e0 Zach\u00e9e de descendre de son arbre pour demeurer chez lui<\/li>\n<\/ul>\n<p>Nous pourrions ajouter l&rsquo;appel des premiers disciples : \u00e0 la chapelle Sixtine l&rsquo;appel des ap\u00f4tres et mis en lien avec le passage de la mer rouge (P\u00e2que juive) : <a href=\"http:\/\/image-bible.ch\/wp-content\/uploads\/2021\/09\/3.-Appel-des-apotres-Passage-de-la-mer-avec-Moise-Chapelle-sixtine-Vatican.ppt\">3. Appel des ap\u00f4tres &#8211; Passage de la mer avec Mo\u00efse Chapelle sixtine Vatican<\/a><\/p>\n<p>Ainsi que la remise des clefs \u00e0 St Pierre mis en lien avec la r\u00e9volte de Dat\u00e2n et Cor\u00e9 face \u00e0 Mo\u00efse : <a href=\"http:\/\/image-bible.ch\/wp-content\/uploads\/2021\/09\/5.-Remise-des-clefs-a-Pierre-Revolte-de-Datan-et-Core-Chapelle-sixtine.ppt\">5. Remise des clefs \u00e0 Pierre &#8211; R\u00e9volte de D\u00e2tan et Cor\u00e9 Chapelle sixtine<\/a><\/p>\n<table border=\"0\" width=\"75%\" align=\"CENTER\">\n<tbody>\n<tr style=\"text-align: justify;\">\n<td valign=\"TOP\" width=\"40\"><img decoding=\"async\" src=\"https:\/\/www.lirelabible.net\/parcours\/menu-images\/menu_link_default.gif\" align=\"MIDDLE\" border=\"0\" \/> &#8211;<\/td>\n<td><a href=\"https:\/\/www.lirelabible.net\/parcours\/voir_ref.php?cle=652\">Invit\u00e9 par un ami, Nathana\u00ebl vient \u00e0 la rencontre de J\u00e9sus<\/a><\/td>\n<\/tr>\n<tr style=\"text-align: justify;\">\n<td valign=\"TOP\" width=\"40\"><img decoding=\"async\" src=\"https:\/\/www.lirelabible.net\/parcours\/menu-images\/menu_link_default.gif\" align=\"MIDDLE\" border=\"0\" \/> &#8211;<\/td>\n<td><a href=\"https:\/\/www.lirelabible.net\/parcours\/voir_ref.php?cle=656\">Nicod\u00e8me, un pharisien, vient voir J\u00e9sus de nuit Jn 3<\/a><\/td>\n<\/tr>\n<tr style=\"text-align: justify;\">\n<td valign=\"TOP\" width=\"40\"><img decoding=\"async\" src=\"https:\/\/www.lirelabible.net\/parcours\/menu-images\/menu_link_default.gif\" align=\"MIDDLE\" border=\"0\" \/> &#8211;<\/td>\n<td><a href=\"https:\/\/www.lirelabible.net\/parcours\/voir_ref.php?cle=654\">J\u00e9sus rencontre la femme samaritaine qui vient puiser de l&rsquo;eau Jn 4<\/a><\/td>\n<\/tr>\n<tr style=\"text-align: justify;\">\n<td valign=\"TOP\" width=\"40\"><img decoding=\"async\" src=\"https:\/\/www.lirelabible.net\/parcours\/menu-images\/menu_link_default.gif\" align=\"MIDDLE\" border=\"0\" \/> &#8211;<\/td>\n<td><a href=\"https:\/\/www.lirelabible.net\/parcours\/voir_ref.php?cle=655\">Un officier du roi demande \u00e0 J\u00e9sus la gu\u00e9rison de son fils<\/a><\/td>\n<\/tr>\n<tr style=\"text-align: justify;\">\n<td valign=\"TOP\" width=\"40\"><img decoding=\"async\" src=\"https:\/\/www.lirelabible.net\/parcours\/menu-images\/menu_link_default.gif\" align=\"MIDDLE\" border=\"0\" \/> &#8211;<\/td>\n<td><a href=\"https:\/\/www.lirelabible.net\/parcours\/voir_ref.php?cle=657\">Un homme l\u00e9preux vient au devant de J\u00e9sus pour \u00eatre gu\u00e9ri<\/a><\/td>\n<\/tr>\n<tr style=\"text-align: justify;\">\n<td valign=\"TOP\" width=\"40\"><img decoding=\"async\" src=\"https:\/\/www.lirelabible.net\/parcours\/menu-images\/menu_link_default.gif\" align=\"MIDDLE\" border=\"0\" \/> &#8211;<\/td>\n<td><a href=\"https:\/\/www.lirelabible.net\/parcours\/voir_ref.php?cle=659\">J\u00e9sus rencontre une foule rassembl\u00e9e pour l&rsquo;enterrement du fils d&rsquo;une veuve, \u00e0 Na\u00efn<\/a><\/td>\n<\/tr>\n<tr style=\"text-align: justify;\">\n<td valign=\"TOP\" width=\"40\"><img decoding=\"async\" src=\"https:\/\/www.lirelabible.net\/parcours\/menu-images\/menu_link_default.gif\" align=\"MIDDLE\" border=\"0\" \/> &#8211;<\/td>\n<td><a href=\"https:\/\/www.lirelabible.net\/parcours\/voir_ref.php?cle=660\">Un d\u00e9moniaque vient au devant de J\u00e9sus pour \u00eatre d\u00e9livr\u00e9, \u00e0 Gadara<\/a><\/td>\n<\/tr>\n<tr style=\"text-align: justify;\">\n<td valign=\"TOP\" width=\"40\"><img decoding=\"async\" src=\"https:\/\/www.lirelabible.net\/parcours\/menu-images\/menu_link_default.gif\" align=\"MIDDLE\" border=\"0\" \/> &#8211;<\/td>\n<td><a href=\"https:\/\/www.lirelabible.net\/parcours\/voir_ref.php?cle=665\">Des huissiers sont envoy\u00e9s vers J\u00e9sus pour l&rsquo;arr\u00eater<\/a><\/td>\n<\/tr>\n<tr style=\"text-align: justify;\">\n<td valign=\"TOP\" width=\"40\"><img decoding=\"async\" src=\"https:\/\/www.lirelabible.net\/parcours\/menu-images\/menu_link_default.gif\" align=\"MIDDLE\" border=\"0\" \/> &#8211;<\/td>\n<td><a href=\"https:\/\/www.lirelabible.net\/parcours\/voir_ref.php?cle=661\">Une femme adult\u00e8re, sur le point d&rsquo;\u00eatre mise \u00e0 mort, est amen\u00e9e devant J\u00e9sus Jn 8<\/a><\/td>\n<\/tr>\n<tr style=\"text-align: justify;\">\n<td valign=\"TOP\" width=\"40\"><img decoding=\"async\" src=\"https:\/\/www.lirelabible.net\/parcours\/menu-images\/menu_link_default.gif\" align=\"MIDDLE\" border=\"0\" \/> &#8211;<\/td>\n<td><a href=\"https:\/\/www.lirelabible.net\/parcours\/voir_ref.php?cle=45\">Un homme riche cherche \u00e0 avoir la vie \u00e9ternelle : il vient voir J\u00e9sus<\/a><\/td>\n<\/tr>\n<tr style=\"text-align: justify;\">\n<td valign=\"TOP\" width=\"40\"><img decoding=\"async\" src=\"https:\/\/www.lirelabible.net\/parcours\/menu-images\/menu_link_default.gif\" align=\"MIDDLE\" border=\"0\" \/> &#8211;<\/td>\n<td><a href=\"https:\/\/www.lirelabible.net\/parcours\/voir_ref.php?cle=663\">Bartim\u00e9e, un aveugle, interpelle J\u00e9sus pour \u00eatre gu\u00e9ri<\/a><\/td>\n<\/tr>\n<tr style=\"text-align: justify;\">\n<td valign=\"TOP\" width=\"40\"><img decoding=\"async\" src=\"https:\/\/www.lirelabible.net\/parcours\/menu-images\/menu_link_default.gif\" align=\"MIDDLE\" border=\"0\" \/> &#8211;<\/td>\n<td><a href=\"https:\/\/www.lirelabible.net\/parcours\/voir_ref.php?cle=664\">Zach\u00e9e, un collecteur d&rsquo;imp\u00f4ts, cherche \u00e0 voir qui est J\u00e9sus Lc 19<\/a><\/td>\n<\/tr>\n<tr style=\"text-align: justify;\">\n<td valign=\"TOP\" width=\"40\"><img decoding=\"async\" src=\"https:\/\/www.lirelabible.net\/parcours\/menu-images\/menu_link_default.gif\" align=\"MIDDLE\" border=\"0\" \/> &#8211;<\/td>\n<td><a href=\"https:\/\/www.lirelabible.net\/parcours\/voir_ref.php?cle=666\">J\u00e9sus rencontre des disciples se dirigeant vers Emma\u00fcs, apr\u00e8s sa r\u00e9surrection Lc 24<\/a><\/td>\n<\/tr>\n<tr style=\"text-align: justify;\">\n<td valign=\"TOP\" width=\"40\"><img decoding=\"async\" src=\"https:\/\/www.lirelabible.net\/parcours\/menu-images\/menu_link_default.gif\" align=\"MIDDLE\" border=\"0\" \/> &#8211;<\/td>\n<td><a href=\"https:\/\/www.lirelabible.net\/parcours\/voir_ref.php?cle=667\">J\u00e9sus vient \u00e0 la rencontre de Ses disciples, apr\u00e8s Sa r\u00e9surrection<\/a><\/td>\n<\/tr>\n<tr>\n<td style=\"text-align: justify;\" valign=\"TOP\" width=\"40\"><img decoding=\"async\" src=\"https:\/\/www.lirelabible.net\/parcours\/menu-images\/menu_link_default.gif\" align=\"MIDDLE\" border=\"0\" \/> &#8211;<\/td>\n<td style=\"text-align: justify;\"><a href=\"https:\/\/www.lirelabible.net\/parcours\/voir_ref.php?cle=669\">J\u00e9sus appara\u00eet \u00e0 Saul de Tarse &#8211; Paul, un pers\u00e9cuteur de l\u2019\u00c9glise<\/a><\/td>\n<\/tr>\n<\/tbody>\n<\/table>\n<p>&nbsp;<\/p>\n","protected":false},"excerpt":{"rendered":"<p>E25. Rencontre de nuit avec Nicod\u00e8me \u2013 E26. Rencontre avec la Samaritaine \u2013 E27. Rencontre avec Zach\u00e9e E &#8211; Les rencontres Pr\u00e9sentation J\u00e9sus sans cesse rencontre des personnes : la foule anonyme, et des personnes avec des noms et des<\/p>\n","protected":false},"author":1,"featured_media":0,"parent":0,"menu_order":0,"comment_status":"closed","ping_status":"closed","template":"","meta":{"footnotes":""},"_links":{"self":[{"href":"http:\/\/image-bible.ch\/index.php?rest_route=\/wp\/v2\/pages\/2351"}],"collection":[{"href":"http:\/\/image-bible.ch\/index.php?rest_route=\/wp\/v2\/pages"}],"about":[{"href":"http:\/\/image-bible.ch\/index.php?rest_route=\/wp\/v2\/types\/page"}],"author":[{"embeddable":true,"href":"http:\/\/image-bible.ch\/index.php?rest_route=\/wp\/v2\/users\/1"}],"replies":[{"embeddable":true,"href":"http:\/\/image-bible.ch\/index.php?rest_route=%2Fwp%2Fv2%2Fcomments&post=2351"}],"version-history":[{"count":12,"href":"http:\/\/image-bible.ch\/index.php?rest_route=\/wp\/v2\/pages\/2351\/revisions"}],"predecessor-version":[{"id":5972,"href":"http:\/\/image-bible.ch\/index.php?rest_route=\/wp\/v2\/pages\/2351\/revisions\/5972"}],"wp:attachment":[{"href":"http:\/\/image-bible.ch\/index.php?rest_route=%2Fwp%2Fv2%2Fmedia&parent=2351"}],"curies":[{"name":"wp","href":"https:\/\/api.w.org\/{rel}","templated":true}]}}