{"id":2359,"date":"2021-03-16T16:50:25","date_gmt":"2021-03-16T15:50:25","guid":{"rendered":"http:\/\/image-bible.ch\/?page_id=2359"},"modified":"2024-11-08T16:52:21","modified_gmt":"2024-11-08T15:52:21","slug":"e25-3-bible-nouvedau-testament","status":"publish","type":"page","link":"http:\/\/image-bible.ch\/?page_id=2359","title":{"rendered":"E25.3 \/ Bible Nouveau-Testament"},"content":{"rendered":"<p style=\"text-align: center;\"><span style=\"font-family: 'comic sans ms', sans-serif; font-size: 14pt;\">E25.3<\/span><span style=\"font-family: 'comic sans ms', sans-serif; font-size: 14pt;\"> &#8211; Rencontre de nuit avec Nicod\u00e8me \/ Bible Nouveau-Testament<\/span><\/p>\n<div id='gallery-1' class='gallery galleryid-2359 gallery-columns-3 gallery-size-medium'><figure class='gallery-item'>\n\t\t\t<div class='gallery-icon portrait'>\n\t\t\t\t<a href='http:\/\/image-bible.ch\/?attachment_id=6815'><img loading=\"lazy\" decoding=\"async\" width=\"200\" height=\"300\" src=\"http:\/\/image-bible.ch\/wp-content\/uploads\/25a_Nicodeme_Jn3-200x300.jpg\" class=\"attachment-medium size-medium\" alt=\"\" srcset=\"http:\/\/image-bible.ch\/wp-content\/uploads\/25a_Nicodeme_Jn3-200x300.jpg 200w, http:\/\/image-bible.ch\/wp-content\/uploads\/25a_Nicodeme_Jn3-683x1024.jpg 683w, http:\/\/image-bible.ch\/wp-content\/uploads\/25a_Nicodeme_Jn3-768x1152.jpg 768w, http:\/\/image-bible.ch\/wp-content\/uploads\/25a_Nicodeme_Jn3-1024x1536.jpg 1024w, http:\/\/image-bible.ch\/wp-content\/uploads\/25a_Nicodeme_Jn3.jpg 1177w\" sizes=\"(max-width: 200px) 100vw, 200px\" \/><\/a>\n\t\t\t<\/div><\/figure><figure class='gallery-item'>\n\t\t\t<div class='gallery-icon landscape'>\n\t\t\t\t<a href='http:\/\/image-bible.ch\/?attachment_id=8075'><img loading=\"lazy\" decoding=\"async\" width=\"300\" height=\"254\" src=\"http:\/\/image-bible.ch\/wp-content\/uploads\/Jesus-rencontre-_-Nicodeme-300x254.jpg\" class=\"attachment-medium size-medium\" alt=\"\" srcset=\"http:\/\/image-bible.ch\/wp-content\/uploads\/Jesus-rencontre-_-Nicodeme-300x254.jpg 300w, http:\/\/image-bible.ch\/wp-content\/uploads\/Jesus-rencontre-_-Nicodeme-1024x868.jpg 1024w, http:\/\/image-bible.ch\/wp-content\/uploads\/Jesus-rencontre-_-Nicodeme-768x651.jpg 768w, http:\/\/image-bible.ch\/wp-content\/uploads\/Jesus-rencontre-_-Nicodeme-1536x1302.jpg 1536w, http:\/\/image-bible.ch\/wp-content\/uploads\/Jesus-rencontre-_-Nicodeme-2048x1736.jpg 2048w\" sizes=\"(max-width: 300px) 100vw, 300px\" \/><\/a>\n\t\t\t<\/div><\/figure>\n\t\t<\/div>\n\n<p><span style=\"color: #0000ff;\">Jean 3,1-17<\/span><\/p>\n<p><span style=\"color: #0000ff;\"><sup><span class=\"verse_number\">1<\/span><\/sup><\/span> Il y avait <strong>un homme, un pharisien<\/strong> nomm\u00e9 <strong>Nicod\u00e8me<\/strong>\u00a0; c\u2019\u00e9tait <em>un notable<\/em> parmi les Juifs.<\/p>\n<p><span style=\"color: #0000ff;\"><sup><span class=\"verse_number\">2<\/span><\/sup><\/span> Il vint trouver <strong>J\u00e9sus<\/strong> <span style=\"color: #993300;\">pendant la nuit.<\/span> Il lui dit\u00a0: \u00ab\u00a0Rabbi, nous le savons, c\u2019est de la part de <strong>Dieu<\/strong> que tu es venu comme un ma\u00eetre qui enseigne, car personne ne peut accomplir les signes que toi, tu accomplis, si Dieu n\u2019est pas avec lui.\u00a0\u00bb<\/p>\n<p><sup><span class=\"verse_number\" style=\"color: #0000ff;\">3<\/span><\/sup> <strong>J\u00e9sus<\/strong> lui r\u00e9pondit\u00a0: \u00ab\u00a0Amen, amen, je te le dis\u00a0: \u00e0 moins de <strong><span style=\"color: #ff0000;\">na\u00eetre d\u2019en haut<\/span><\/strong>, on ne peut voir le royaume de Dieu.\u00a0\u00bb<\/p>\n<p><sup><span class=\"verse_number\" style=\"color: #0000ff;\">4<\/span><\/sup> <strong>Nicod\u00e8me<\/strong> lui r\u00e9pliqua\u00a0: \u00ab\u00a0Comment un homme peut-il na\u00eetre quand il est vieux\u00a0? Peut-il entrer une deuxi\u00e8me fois dans le sein de sa m\u00e8re et rena\u00eetre\u00a0?\u00a0\u00bb<\/p>\n<p><sup><span class=\"verse_number\" style=\"color: #0000ff;\">5<\/span><\/sup> <strong>J\u00e9sus<\/strong> r\u00e9pondit\u00a0: \u00ab\u00a0Amen, amen, je te le dis\u00a0: personne, \u00e0 moins de <strong><span style=\"color: #ff0000;\">na\u00eetre de l\u2019eau et de l\u2019Esprit<\/span><\/strong>, ne peut entrer dans le royaume de Dieu.<\/p>\n<p><sup><span class=\"verse_number\" style=\"color: #0000ff;\">6<\/span><\/sup> Ce qui est <em>n\u00e9 de la chair est chair<\/em>\u00a0; ce qui est <em>n\u00e9 de l\u2019Esprit est esprit<\/em>.<\/p>\n<p><sup><span class=\"verse_number\" style=\"color: #0000ff;\">7<\/span><\/sup> Ne sois pas \u00e9tonn\u00e9 si je t\u2019ai dit\u00a0: il vous faut <span style=\"color: #ff0000;\"><strong>na\u00eetre d\u2019en haut<\/strong><\/span>.<\/p>\n<p><sup><span class=\"verse_number\" style=\"color: #0000ff;\">8<\/span><\/sup> <em>Le vent souffle o\u00f9 il veut<\/em>\u00a0: tu entends sa voix, mais tu ne sais ni d\u2019o\u00f9 il vient ni o\u00f9 il va. Il en est ainsi pour qui est n\u00e9 du <strong><span style=\"color: #ff0000;\">souffle de l\u2019Esprit.<\/span><\/strong>\u00a0\u00bb<\/p>\n<p><sup><span class=\"verse_number\" style=\"color: #0000ff;\">9<\/span><\/sup> <strong>Nicod\u00e8me<\/strong> reprit\u00a0: \u00ab\u00a0Comment cela peut-il se faire\u00a0?\u00a0\u00bb<\/p>\n<p><sup><span class=\"verse_number\" style=\"color: #0000ff;\">10<\/span><\/sup> <strong>J\u00e9sus<\/strong> lui r\u00e9pondit\u00a0: \u00ab\u00a0Tu es un ma\u00eetre qui enseigne Isra\u00ebl et tu ne connais pas ces choses-l\u00e0\u00a0?<\/p>\n<p><sup><span class=\"verse_number\" style=\"color: #0000ff;\">11<\/span><\/sup> Amen, amen, je te le dis\u00a0: nous parlons de ce que nous savons, nous t\u00e9moignons de ce que nous avons vu, et vous ne recevez pas notre t\u00e9moignage.<\/p>\n<p><sup><span class=\"verse_number\" style=\"color: #0000ff;\">12<\/span><\/sup> Si vous ne croyez pas lorsque je vous <span style=\"color: #ff0000;\"><em>parle des choses de la terre<\/em><\/span>, comment croirez-vous quand je vous parlerai des <span style=\"color: #ff0000;\">choses du ciel<\/span>\u00a0?<\/p>\n<p><sup><span class=\"verse_number\" style=\"color: #0000ff;\">13<\/span><\/sup> Car nul n\u2019est mont\u00e9 au ciel sinon celui qui est <span style=\"color: #ff0000;\">descendu du ciel<\/span>, le <strong>Fils de l\u2019homme<\/strong>.<\/p>\n<p><sup><span class=\"verse_number\" style=\"color: #0000ff;\">14<\/span><\/sup> De m\u00eame que <em>le serpent de bronze<\/em> fut \u00e9lev\u00e9 par <strong>Mo\u00efse<\/strong> dans le d\u00e9sert, ainsi faut-il que l<strong>e Fils de l\u2019homme<\/strong> soit \u00e9lev\u00e9,<\/p>\n<p><sup><span class=\"verse_number\" style=\"color: #0000ff;\">15<\/span><\/sup> afin qu\u2019en lui tout homme qui croit <span style=\"color: #ff0000;\"><strong>ait la vie \u00e9ternelle<\/strong><\/span>.<\/p>\n<p><sup><span class=\"verse_number\" style=\"color: #0000ff;\">16<\/span><\/sup> Car Dieu a tellement aim\u00e9 le monde qu\u2019il a donn\u00e9 son Fils unique, afin que quiconque croit en lui ne se perde pas, mais obtienne <strong><span style=\"color: #ff0000;\">la vie \u00e9ternelle<\/span><\/strong>.<\/p>\n<p><sup><span class=\"verse_number\" style=\"color: #0000ff;\">17<\/span><\/sup> Car Dieu a envoy\u00e9 son Fils dans le monde, <em>non pas pour juger<\/em> le monde, mais pour que, par lui,<strong><span style=\"color: #ff0000;\"> le monde soit sauv\u00e9<\/span><\/strong>.<\/p>\n<p><strong><span style=\"color: #993300;\">Vocabulaire :<\/span><\/strong><\/p>\n<p><span style=\"color: #993300;\">Le fils de l&rsquo;homme :<\/span><\/p>\n<p><span style=\"color: #993300;\">Na\u00eetre d&rsquo;en-haut :<\/span><\/p>\n<p><span style=\"color: #993300;\">Na\u00eetre de l&rsquo;eau et de l&rsquo;esprit :<\/span><\/p>\n<p><span style=\"color: #993300;\">Vie \u00e9ternelle :<\/span><\/p>\n<p><span style=\"color: #0000ff;\"><strong>Questions :<\/strong><\/span><\/p>\n<p><span style=\"color: #0000ff;\">1\u00b0 Que signifie na\u00eetre d&rsquo;en-haut ?<\/span><\/p>\n<p><span style=\"color: #0000ff;\">2\u00b0 Quelles sont les diff\u00e9rences entre les choses de la terre et celles du ciel ?<\/span><\/p>\n<p><span style=\"color: #0000ff;\">3\u00b0 Pourquoi Nicod\u00e8me vient de nuit ? Quelle lumi\u00e8re lui apporte J\u00e9sus ?<\/span><\/p>\n<h4>Commentaire :<\/h4>\n<p>Nicod\u00e8me vient discuter avec J\u00e9sus comme avec un coll\u00e8gue. Il vient de nuit, peut-\u00eatre pour passer inaper\u00e7u, mais surtout parce que c\u2019est un temps favorable \u00e0 l\u2019\u00e9tude de la Loi et \u00e0 la m\u00e9ditation du myst\u00e8re de Dieu. Mais, encore plus important, il faut tenir compte de l\u2019univers symbolique de Jean : la nuit est associ\u00e9e \u00e0 la non-foi en J\u00e9sus, Christ et Fils de Dieu, ou \u00e0 tout le moins \u00e0 une m\u00e9connaissance de son identit\u00e9. \u00c0 l\u2019oppos\u00e9 de Nicod\u00e8me, c\u2019est en pleine lumi\u00e8re de midi que la Samaritaine (Jn 4) acc\u00e8de \u00e0 la foi.<\/p>\n<p>L\u2019\u00e9change se d\u00e9roule sur un fond de malentendu, un proc\u00e9d\u00e9 litt\u00e9raire cher \u00e0 Jean.<\/p>\n<p>Nicod\u00e8me comprend le \u00ab na\u00eetre d\u2019en haut \u00bb comme un \u00ab na\u00eetre \u00e0 nouveau \u00bb physique. Son incompr\u00e9hension permet \u00e0 J\u00e9sus de pr\u00e9ciser dans quel sens le \u00ab na\u00eetre d\u2019en haut \u00bb est un v\u00e9ritable \u00ab na\u00eetre \u00e0 nouveau \u00bb : il s\u2019agit du sens surnaturel de \u00ab na\u00eetre de l\u2019eau et de l\u2019Esprit \u00bb. La mention de l\u2019eau et de l\u2019Esprit fait r\u00e9f\u00e9rence au bapt\u00eame. La triple immersion dans l\u2019eau fait participer \u00e0 la mort et r\u00e9surrection du Christ. L\u2019Esprit cr\u00e9ateur et sanctificateur, est source de vie et fait na\u00eetre \u00e0 la vie d\u2019enfant de Dieu.<\/p>\n<p>J\u00e9sus respecte le d\u00e9sir de savoir de Nicod\u00e8me, mais il l\u2019invite \u00e0 se laisser conduire par l\u2019Esprit jusqu\u2019au c\u0153ur de Dieu qui est Amour, l\u00e0 o\u00f9 J\u00e9sus lui-m\u00eame est \u00e9tabli \u00e0 demeure.<\/p>\n<p>\u00ab Dieu a tant aim\u00e9 le monde qu&rsquo;il a donn\u00e9 son Fils unique, afin que quiconque croit en lui ne se perde pas, mais qu&rsquo;il ait la vie \u00e9ternelle \u00bb (Jn 3,16). Ce verset pr\u00e9sente une belle synth\u00e8se de l&rsquo;histoire du salut : la vie prend sa source dans l&rsquo;amour de Dieu et le Fils unique la r\u00e9pand dans le monde. L&rsquo;intervention amoureuse de Dieu d\u00e9clenche un processus au bout duquel l&rsquo;homme acc\u00e8de \u00e0 la vie \u00e9ternelle.<\/p>\n<p>L&rsquo;\u00e9l\u00e9vation sur la croix procure la vie. Seul, le Fils \u00e9pouse l&rsquo;intention du P\u00e8re (Jn 3,15-16b) : la vie \u00e9ternelle donn\u00e9e \u00e0 quiconque croit. C\u2019est le sens du rappel du serpent d\u2019airain \u00e9rig\u00e9 par Mo\u00efse contre les morsures des serpents au d\u00e9sert.<\/p>\n","protected":false},"excerpt":{"rendered":"<p>E25.3 &#8211; Rencontre de nuit avec Nicod\u00e8me \/ Bible Nouveau-Testament Jean 3,1-17 1 Il y avait un homme, un pharisien nomm\u00e9 Nicod\u00e8me\u00a0; c\u2019\u00e9tait un notable parmi les Juifs. 2 Il vint trouver J\u00e9sus pendant la nuit. Il lui dit\u00a0: \u00ab\u00a0Rabbi,<\/p>\n","protected":false},"author":1,"featured_media":0,"parent":0,"menu_order":0,"comment_status":"closed","ping_status":"closed","template":"","meta":{"footnotes":""},"_links":{"self":[{"href":"http:\/\/image-bible.ch\/index.php?rest_route=\/wp\/v2\/pages\/2359"}],"collection":[{"href":"http:\/\/image-bible.ch\/index.php?rest_route=\/wp\/v2\/pages"}],"about":[{"href":"http:\/\/image-bible.ch\/index.php?rest_route=\/wp\/v2\/types\/page"}],"author":[{"embeddable":true,"href":"http:\/\/image-bible.ch\/index.php?rest_route=\/wp\/v2\/users\/1"}],"replies":[{"embeddable":true,"href":"http:\/\/image-bible.ch\/index.php?rest_route=%2Fwp%2Fv2%2Fcomments&post=2359"}],"version-history":[{"count":11,"href":"http:\/\/image-bible.ch\/index.php?rest_route=\/wp\/v2\/pages\/2359\/revisions"}],"predecessor-version":[{"id":9158,"href":"http:\/\/image-bible.ch\/index.php?rest_route=\/wp\/v2\/pages\/2359\/revisions\/9158"}],"wp:attachment":[{"href":"http:\/\/image-bible.ch\/index.php?rest_route=%2Fwp%2Fv2%2Fmedia&parent=2359"}],"curies":[{"name":"wp","href":"https:\/\/api.w.org\/{rel}","templated":true}]}}