{"id":2363,"date":"2021-03-16T16:51:02","date_gmt":"2021-03-16T15:51:02","guid":{"rendered":"http:\/\/image-bible.ch\/?page_id=2363"},"modified":"2024-11-08T17:12:57","modified_gmt":"2024-11-08T16:12:57","slug":"e25-5-interpretation","status":"publish","type":"page","link":"http:\/\/image-bible.ch\/?page_id=2363","title":{"rendered":"E25.5 \/ Interpr\u00e9tation"},"content":{"rendered":"<p style=\"text-align: center;\"><span style=\"font-family: 'comic sans ms', sans-serif; font-size: 14pt;\">E25.5<\/span><span style=\"font-family: 'comic sans ms', sans-serif; font-size: 14pt;\"> &#8211; Rencontre de nuit avec Nicod\u00e8me \/ Interpr\u00e9tation<\/span><\/p>\n<h2><strong>Le combat de Jacob<\/strong><\/h2>\n<p>De m\u00eame que Dieu s\u2019adresse \u00e0 Jacob de nuit pour lui r\u00e9v\u00e9ler le combat qu\u2019il m\u00e8ne contre son fr\u00e8re \u00c9sa\u00fc, de m\u00eame Nicod\u00e8me vient trouver J\u00e9sus de nuit pour d\u00e9couvrir la voie du vrai disciple : na\u00eetre \u00e0 nouveau d\u2019en haut.<\/p>\n<p>Le lien entre ces deux r\u00e9cits r\u00e9side dans le th\u00e8me de la transformation spirituelle, de la qu\u00eate de la v\u00e9rit\u00e9 et du processus de r\u00e9conciliation avec Dieu. Que ce soit par le combat de Jacob ou la rencontre de Nicod\u00e8me, les deux r\u00e9cits illustrent le cheminement vers une nouvelle compr\u00e9hension de soi et de la relation avec Dieu.<\/p>\n<div class=\"flex max-w-full flex-col flex-grow\">\n<div class=\"min-h-8 text-message flex w-full flex-col items-end gap-2 whitespace-normal break-words [.text-message+&amp;]:mt-5\" dir=\"auto\" data-message-author-role=\"assistant\" data-message-id=\"ea9cfdf0-3daf-429f-9ebf-3f5953dfb4aa\" data-message-model-slug=\"gpt-4o-mini\">\n<div class=\"flex w-full flex-col gap-1 empty:hidden first:pt-[3px]\">\n<div class=\"markdown prose w-full break-words dark:prose-invert light\">\n<p>Le lien entre le combat de Jacob et la rencontre nocturne de Nicod\u00e8me avec J\u00e9sus peut \u00eatre compris en termes spirituels et th\u00e9ologiques. Bien qu&rsquo;il n&rsquo;y ait pas de connexion directe ou explicite entre ces deux \u00e9v\u00e9nements dans les \u00c9critures, on peut toutefois discerner des parall\u00e8les symboliques qui permettent d&rsquo;enrichir la compr\u00e9hension des deux r\u00e9cits.<\/p>\n<h3>1. <strong>Le combat de Jacob (Gen\u00e8se 32:22-32)<\/strong><\/h3>\n<p>Dans ce passage, Jacob lutte avec un myst\u00e9rieux \u00ab\u00a0homme\u00a0\u00bb pendant toute une nuit, un combat qui se termine par une b\u00e9n\u00e9diction et un changement de nom pour Jacob, qui devient \u00ab\u00a0Isra\u00ebl\u00a0\u00bb. Cette rencontre est marqu\u00e9e par plusieurs th\u00e8mes importants :<\/p>\n<ul>\n<li><strong>Transformation spirituelle<\/strong> : Jacob sort de ce combat transform\u00e9, non seulement physiquement (il boite \u00e0 cause de l&rsquo;\u00e9preuve), mais aussi spirituellement, car il devient Isra\u00ebl, le p\u00e8re des douze tribus. Il doit accepter une sorte de d\u00e9faite (il ne peut pas vaincre l&rsquo;\u00ab homme \u00bb) pour \u00eatre b\u00e9ni.<\/li>\n<li><strong>Lutte avec Dieu<\/strong> : Le myst\u00e8re de la nature de l\u2019\u00ab homme \u00bb dans le texte a souvent \u00e9t\u00e9 interpr\u00e9t\u00e9 comme une manifestation de Dieu lui-m\u00eame ou comme un ange. La lutte repr\u00e9sente une confrontation avec le divin et la remise en question de soi.<\/li>\n<li><strong>V\u00e9rit\u00e9 et r\u00e9conciliation<\/strong> : Jacob reconna\u00eet qu&rsquo;il a lutt\u00e9 avec Dieu, et cela le pousse \u00e0 une plus grande humilit\u00e9 et \u00e0 une r\u00e9conciliation avec son pass\u00e9.<\/li>\n<\/ul>\n<h3>2. <strong>La rencontre de Nicod\u00e8me avec J\u00e9sus (Jean 3:1-21)<\/strong><\/h3>\n<p>Nicod\u00e8me, un pharisien et un membre du Sanh\u00e9drin, vient de nuit rencontrer J\u00e9sus. Ce dialogue, qui tourne autour de la notion de \u00ab nouvelle naissance \u00bb, est central pour comprendre le chemin de la foi chr\u00e9tienne :<\/p>\n<ul>\n<li><strong>La qu\u00eate de la v\u00e9rit\u00e9<\/strong> : Tout comme Jacob cherche la b\u00e9n\u00e9diction et la v\u00e9rit\u00e9 dans son combat, Nicod\u00e8me cherche la v\u00e9rit\u00e9 en venant vers J\u00e9sus, m\u00eame si cela se fait dans la discr\u00e9tion de la nuit. Il veut comprendre le message de J\u00e9sus, mais il est limit\u00e9 par sa propre vision humaine.<\/li>\n<li><strong>Renouvellement spirituel<\/strong> : J\u00e9sus parle \u00e0 Nicod\u00e8me du besoin d&rsquo;une \u00ab\u00a0naissance d&rsquo;en haut\u00a0\u00bb (ou \u00ab\u00a0naissance spirituelle\u00a0\u00bb), une transformation radicale que seul l&rsquo;Esprit de Dieu peut apporter. Cela renvoie \u00e0 l&rsquo;id\u00e9e de changement profond, comme celui v\u00e9cu par Jacob apr\u00e8s sa lutte.<\/li>\n<li><strong>La lumi\u00e8re et les t\u00e9n\u00e8bres<\/strong> : Le fait que Nicod\u00e8me vienne de nuit peut symboliser son manque de clart\u00e9 spirituelle ou sa crainte des autres. Cela contraste avec la lumi\u00e8re de la r\u00e9v\u00e9lation que J\u00e9sus lui offre, tout comme Jacob, apr\u00e8s sa lutte nocturne, re\u00e7oit la b\u00e9n\u00e9diction et la lumi\u00e8re spirituelle.<\/li>\n<\/ul>\n<h3>3. <strong>Les parall\u00e8les spirituels<\/strong> :<\/h3>\n<ul>\n<li><strong>Lutte et transformation<\/strong> : Dans les deux r\u00e9cits, il y a un processus de lutte et de transformation. Jacob lutte physiquement et spirituellement avec un \u00eatre surnaturel, et apr\u00e8s sa victoire (m\u00eame s&rsquo;il sort \u00ab vaincu \u00bb), il est b\u00e9ni et transform\u00e9. De m\u00eame, Nicod\u00e8me doit \u00ab na\u00eetre de nouveau \u00bb, un processus qui l&rsquo;am\u00e8ne \u00e0 une transformation int\u00e9rieure, d&rsquo;une compr\u00e9hension humaine \u00e0 une compr\u00e9hension spirituelle.<\/li>\n<li><strong>La recherche de la v\u00e9rit\u00e9<\/strong> : Jacob cherche la b\u00e9n\u00e9diction de Dieu, et Nicod\u00e8me cherche \u00e0 comprendre les paroles de J\u00e9sus, tous deux devant affronter une forme de r\u00e9v\u00e9lation spirituelle. Dans les deux cas, la rencontre avec le divin provoque un changement profond dans leur vie.<\/li>\n<li><strong>La nuit et la lumi\u00e8re<\/strong> : Le combat de Jacob a lieu pendant la nuit, et la rencontre de Nicod\u00e8me avec J\u00e9sus se fait \u00e9galement de nuit. La nuit peut symboliser l&rsquo;obscurit\u00e9 de la compr\u00e9hension humaine, et la lumi\u00e8re est l&rsquo;illumination qui suit la rencontre avec Dieu.<\/li>\n<\/ul>\n<p>En r\u00e9sum\u00e9, le lien entre ces deux \u00e9v\u00e9nements r\u00e9side dans le th\u00e8me de la transformation spirituelle, de la qu\u00eate de la v\u00e9rit\u00e9 et du processus de r\u00e9conciliation avec Dieu. Que ce soit par le combat de Jacob ou la rencontre de Nicod\u00e8me, les deux r\u00e9cits illustrent le cheminement vers une nouvelle compr\u00e9hension de soi et de la relation avec Dieu.<\/p>\n<\/div>\n<\/div>\n<\/div>\n<\/div>\n<div class=\"mb-2 flex gap-3 empty:hidden -ml-2\">\n<div class=\"items-center justify-start rounded-xl p-1 flex\">\n<h2 class=\"flex items-center\"><\/h2>\n<\/div>\n<\/div>\n<h2><strong>Le songe de l&rsquo;\u00e9chelle de Jacob<\/strong><\/h2>\n<p>De m\u00eame que Jacob de nuit voit dans un songe une \u00e9chelle qui lie la terre et le ciel, ainsi Nicod\u00e8me d\u00e9couvre le v\u00e9ritable chemin qui m\u00e8ne \u00e0 la vie \u00e9ternelle et passe par l\u2019\u00e9l\u00e9vation de J\u00e9sus-Christ sur la croix.<\/p>\n<p>Dans ces deux r\u00e9cits, l&rsquo;ascension ou le passage vers Dieu est central : dans le r\u00eave de Jacob, il s&rsquo;agit d&rsquo;un moyen de communication entre le ciel et la terre, tandis que dans la rencontre avec Nicod\u00e8me, il s&rsquo;agit d&rsquo;une transformation spirituelle int\u00e9rieure, un chemin vers Dieu offert par J\u00e9sus. Les deux histoires illustrent des moments o\u00f9 l&rsquo;humanit\u00e9 est invit\u00e9e \u00e0 comprendre et \u00e0 s&rsquo;engager dans une relation plus profonde avec Dieu.<\/p>\n<p>Le lien entre le songe de l&rsquo;\u00e9chelle de Jacob et la rencontre de nuit entre J\u00e9sus et Nicod\u00e8me peut \u00eatre compris sous l&rsquo;angle symbolique et spirituel, en particulier en ce qui concerne la r\u00e9v\u00e9lation divine et l&rsquo;ascension vers Dieu.<\/p>\n<ol>\n<li><strong>Le songe de Jacob (Gen\u00e8se 28:10-19)<\/strong> : Dans ce passage, Jacob r\u00eave d&rsquo;une \u00e9chelle qui relie la terre au ciel, avec des anges qui montent et descendent. Ce r\u00eave est une vision de la communication entre Dieu et l&rsquo;humanit\u00e9, symbolisant l&rsquo;acc\u00e8s spirituel entre l&rsquo;humain et le divin. Dieu lui-m\u00eame lui parle et lui promet la b\u00e9n\u00e9diction, marquant un moment cl\u00e9 dans l&rsquo;histoire du salut. L&rsquo;\u00e9chelle repr\u00e9sente donc un chemin ou un moyen par lequel l&rsquo;homme peut entrer en relation avec Dieu.<\/li>\n<li><strong>La rencontre de J\u00e9sus avec Nicod\u00e8me (Jean 3:1-21)<\/strong> : Nicod\u00e8me, un pharisien et membre du Sanh\u00e9drin, vient de nuit rencontrer J\u00e9sus pour discuter de questions spirituelles. J\u00e9sus lui parle du nouveau naissance \u00ab\u00a0de l&rsquo;Esprit\u00a0\u00bb, un concept qui peut \u00eatre vu comme une ascension spirituelle, un passage d&rsquo;un \u00e9tat de connaissance limit\u00e9e vers une connaissance plus profonde de Dieu. J\u00e9sus r\u00e9v\u00e8le \u00e0 Nicod\u00e8me que l&rsquo;acc\u00e8s au Royaume de Dieu n&rsquo;est pas un chemin physique, mais un chemin spirituel, marqu\u00e9 par la transformation int\u00e9rieure, qui est possible par la foi en Lui, le Fils de l&rsquo;homme, et par l&rsquo;Esprit.<\/li>\n<\/ol>\n<h3>Les parall\u00e8les :<\/h3>\n<ol>\n<li><strong>L&rsquo;ascension vers Dieu<\/strong> : Dans les deux r\u00e9cits, il est question d&rsquo;une ascension ou d&rsquo;un passage spirituel. L&rsquo;\u00e9chelle de Jacob repr\u00e9sente la liaison entre la terre et le ciel, tandis que dans la rencontre de Nicod\u00e8me, J\u00e9sus parle de la n\u00e9cessit\u00e9 de \u00ab\u00a0na\u00eetre d&rsquo;en haut\u00a0\u00bb pour entrer dans le Royaume de Dieu (Jean 3:3). Ce \u00ab\u00a0na\u00eetre d&rsquo;en haut\u00a0\u00bb sugg\u00e8re une transformation spirituelle qui est n\u00e9cessaire pour pouvoir percevoir la dimension divine.<\/li>\n<li><strong>La r\u00e9v\u00e9lation divine<\/strong> : Le songe de Jacob est une r\u00e9v\u00e9lation directe de Dieu, tandis que J\u00e9sus, dans sa rencontre avec Nicod\u00e8me, r\u00e9v\u00e8le la v\u00e9rit\u00e9 sur la naissance spirituelle et le r\u00f4le du Saint-Esprit. Les deux \u00e9v\u00e9nements marquent des moments de compr\u00e9hension plus profonde de la relation entre l&rsquo;humain et Dieu.<\/li>\n<li><strong>La nuit comme m\u00e9taphore de l&rsquo;ignorance spirituelle<\/strong> : Dans le r\u00eave de Jacob, la nuit peut \u00eatre vue comme une p\u00e9riode d&rsquo;ignorance ou de confusion avant que la r\u00e9v\u00e9lation divine n&rsquo;\u00e9claire son c\u0153ur. De m\u00eame, la rencontre de Nicod\u00e8me a lieu de nuit, ce qui pourrait symboliser son ignorance spirituelle au d\u00e9but, qu&rsquo;il cherche \u00e0 \u00e9clairer en rencontrant J\u00e9sus. J\u00e9sus, en lui parlant de la naissance d&rsquo;en haut et du salut par la foi en Lui, lui offre la lumi\u00e8re n\u00e9cessaire pour comprendre cette r\u00e9alit\u00e9 spirituelle.<\/li>\n<\/ol>\n","protected":false},"excerpt":{"rendered":"<p>E25.5 &#8211; Rencontre de nuit avec Nicod\u00e8me \/ Interpr\u00e9tation Le combat de Jacob De m\u00eame que Dieu s\u2019adresse \u00e0 Jacob de nuit pour lui r\u00e9v\u00e9ler le combat qu\u2019il m\u00e8ne contre son fr\u00e8re \u00c9sa\u00fc, de m\u00eame Nicod\u00e8me vient trouver J\u00e9sus de<\/p>\n","protected":false},"author":1,"featured_media":0,"parent":0,"menu_order":0,"comment_status":"closed","ping_status":"closed","template":"","meta":{"footnotes":""},"_links":{"self":[{"href":"http:\/\/image-bible.ch\/index.php?rest_route=\/wp\/v2\/pages\/2363"}],"collection":[{"href":"http:\/\/image-bible.ch\/index.php?rest_route=\/wp\/v2\/pages"}],"about":[{"href":"http:\/\/image-bible.ch\/index.php?rest_route=\/wp\/v2\/types\/page"}],"author":[{"embeddable":true,"href":"http:\/\/image-bible.ch\/index.php?rest_route=\/wp\/v2\/users\/1"}],"replies":[{"embeddable":true,"href":"http:\/\/image-bible.ch\/index.php?rest_route=%2Fwp%2Fv2%2Fcomments&post=2363"}],"version-history":[{"count":5,"href":"http:\/\/image-bible.ch\/index.php?rest_route=\/wp\/v2\/pages\/2363\/revisions"}],"predecessor-version":[{"id":9161,"href":"http:\/\/image-bible.ch\/index.php?rest_route=\/wp\/v2\/pages\/2363\/revisions\/9161"}],"wp:attachment":[{"href":"http:\/\/image-bible.ch\/index.php?rest_route=%2Fwp%2Fv2%2Fmedia&parent=2363"}],"curies":[{"name":"wp","href":"https:\/\/api.w.org\/{rel}","templated":true}]}}