{"id":2365,"date":"2021-03-16T16:51:17","date_gmt":"2021-03-16T15:51:17","guid":{"rendered":"http:\/\/image-bible.ch\/?page_id=2365"},"modified":"2024-11-08T17:17:07","modified_gmt":"2024-11-08T16:17:07","slug":"e25-6-icone","status":"publish","type":"page","link":"http:\/\/image-bible.ch\/?page_id=2365","title":{"rendered":"E25.6 \/ Ic\u00f4ne"},"content":{"rendered":"<p style=\"text-align: center;\"><span style=\"font-family: 'comic sans ms', sans-serif; font-size: 14pt;\">E25.6<\/span><span style=\"font-family: 'comic sans ms', sans-serif; font-size: 14pt;\"> &#8211; Rencontre de nuit avec Nicod\u00e8me \/ Ic\u00f4ne<\/span><\/p>\n<p><img decoding=\"async\" class=\"wt-rounded wt-overflow-hidden image-overlay-img wt-object-fit-contain wt-vertical-center image-overlay-image--landscape\" src=\"https:\/\/i.etsystatic.com\/12387150\/r\/il\/b89417\/5567176374\/il_1140xN.5567176374_liak.jpg\" alt=\"Ic\u00f4ne de Saint Nikodimos, Saint Nicod\u00e8me l\u00c9tudiant de nuit de J\u00e9sus, Ic\u00f4ne orthodoxe, Saint Nikod\u00e8me Ic\u00f4ne Saint du Nouveau Testament image 1\" data-delay-src=\"https:\/\/i.etsystatic.com\/12387150\/r\/il\/b89417\/5567176374\/il_1140xN.5567176374_liak.jpg\" data-delay-srcset=\"https:\/\/i.etsystatic.com\/12387150\/r\/il\/b89417\/5567176374\/il_1140xN.5567176374_liak.jpg 1x, https:\/\/i.etsystatic.com\/12387150\/r\/il\/b89417\/5567176374\/il_1588xN.5567176374_liak.jpg 2x\" data-original-image-width=\"1280\" data-original-image-height=\"720\" data-index=\"0\" data-src-zoom-image=\"https:\/\/i.etsystatic.com\/12387150\/r\/il\/b89417\/5567176374\/il_fullxfull.5567176374_liak.jpg\" \/><\/p>\n<p style=\"text-align: center;\"><em>Saint Nicod\u00e8me<\/em><\/p>\n<p>&nbsp;<\/p>\n","protected":false},"excerpt":{"rendered":"<p>E25.6 &#8211; Rencontre de nuit avec Nicod\u00e8me \/ Ic\u00f4ne Saint Nicod\u00e8me &nbsp;<\/p>\n","protected":false},"author":1,"featured_media":0,"parent":0,"menu_order":0,"comment_status":"closed","ping_status":"closed","template":"","meta":{"footnotes":""},"_links":{"self":[{"href":"http:\/\/image-bible.ch\/index.php?rest_route=\/wp\/v2\/pages\/2365"}],"collection":[{"href":"http:\/\/image-bible.ch\/index.php?rest_route=\/wp\/v2\/pages"}],"about":[{"href":"http:\/\/image-bible.ch\/index.php?rest_route=\/wp\/v2\/types\/page"}],"author":[{"embeddable":true,"href":"http:\/\/image-bible.ch\/index.php?rest_route=\/wp\/v2\/users\/1"}],"replies":[{"embeddable":true,"href":"http:\/\/image-bible.ch\/index.php?rest_route=%2Fwp%2Fv2%2Fcomments&post=2365"}],"version-history":[{"count":4,"href":"http:\/\/image-bible.ch\/index.php?rest_route=\/wp\/v2\/pages\/2365\/revisions"}],"predecessor-version":[{"id":9163,"href":"http:\/\/image-bible.ch\/index.php?rest_route=\/wp\/v2\/pages\/2365\/revisions\/9163"}],"wp:attachment":[{"href":"http:\/\/image-bible.ch\/index.php?rest_route=%2Fwp%2Fv2%2Fmedia&parent=2365"}],"curies":[{"name":"wp","href":"https:\/\/api.w.org\/{rel}","templated":true}]}}