{"id":2371,"date":"2021-03-16T16:52:09","date_gmt":"2021-03-16T15:52:09","guid":{"rendered":"http:\/\/image-bible.ch\/?page_id=2371"},"modified":"2021-05-25T12:00:18","modified_gmt":"2021-05-25T10:00:18","slug":"e25-9-jeunes","status":"publish","type":"page","link":"http:\/\/image-bible.ch\/?page_id=2371","title":{"rendered":"E25.9 \/ Jeunes"},"content":{"rendered":"<p style=\"text-align: center;\"><span style=\"font-family: 'comic sans ms', sans-serif; font-size: 14pt;\">E25.9<\/span><span style=\"font-family: 'comic sans ms', sans-serif; font-size: 14pt;\"> &#8211; Rencontre de nuit avec Nicod\u00e8me \/ Jeunes<\/span><\/p>\n<h1 class=\"entry-title\">Jeu sur les rencontres de J\u00e9sus<\/h1>\n<div class=\"entry-content\">\n<div class=\"vc_row wpb_row vc_row-fluid\">\n<div class=\"wpb_column vc_column_container vc_col-sm-8\">\n<div class=\"vc_column-inner\">\n<div class=\"wpb_wrapper\">\n<div class=\"wpb_text_column wpb_content_element \">\n<div class=\"wpb_wrapper\">\n<h5><img loading=\"lazy\" decoding=\"async\" class=\"size-medium wp-image-297181 alignleft\" src=\"https:\/\/catechese.catholique.fr\/wp-content\/uploads\/sites\/15\/2018\/09\/INI241-Etape-2-Avec-1-jeu-Rencontres-Jesus-Cartes_Plateau-212x300.jpg\" sizes=\"(max-width: 212px) 100vw, 212px\" srcset=\"https:\/\/catechese.catholique.fr\/wp-content\/uploads\/sites\/15\/2018\/09\/INI241-Etape-2-Avec-1-jeu-Rencontres-Jesus-Cartes_Plateau-212x300.jpg 212w, https:\/\/catechese.catholique.fr\/wp-content\/uploads\/sites\/15\/2018\/09\/INI241-Etape-2-Avec-1-jeu-Rencontres-Jesus-Cartes_Plateau-724x1024.jpg 724w, https:\/\/catechese.catholique.fr\/wp-content\/uploads\/sites\/15\/2018\/09\/INI241-Etape-2-Avec-1-jeu-Rencontres-Jesus-Cartes_Plateau.jpg 826w\" alt=\"INI241-Etape-2-Avec-1-jeu-Rencontres-Jesus-Cartes_Plateau\" width=\"212\" height=\"300\" \/>Un jeu extrait de la revue <a href=\"https:\/\/catechese.catholique.fr\/outils\/propositions-danimation\/8632-initiales-n241-souffrir-pour-quoi-pour-qui\/\">Initiales 241 \u201cSouffrir, pour quoi, pour qui ? \u201c<\/a><\/h5>\n<h2>Les rencontres de J\u00e9sus<\/h2>\n<p>Un jeu de plateau pour permettre aux jeunes de d\u00e9couvrir au travers d\u2019un certain nombre de textes du Nouveau Testament comment J\u00e9sus a r\u00e9agi face \u00e0 la souffrance des gens qui l\u2019entouraient.<\/p>\n<p>En se d\u00e9pla\u00e7ant sur le plateau, chaque bin\u00f4me doit tenter de ramasser des cartes \u201cTexte\u201d et de gagner le droit de les garder en les mimant. Chaque carte renvoie au passage biblique d\u2019une rencontre de J\u00e9sus qui sera lu et analys\u00e9 en \u00e9quipe dans un second temps.<\/p>\n<ul>\n<li><a class=\"link-icon\" href=\"https:\/\/catechese.catholique.fr\/wp-content\/uploads\/sites\/15\/2018\/07\/INI241-Etape-2-Avec-1-jeu-Rencontres-Jesus-Cartes_Plateau.pdf\">Plateau de jeu + cartes + R\u00e8gles du jeu<\/a><\/li>\n<\/ul>\n<h4>Les personnages rencontr\u00e9s :<\/h4>\n<ul>\n<li>J\u00e9sus et Lazare : <a class=\"link-icon\" href=\"https:\/\/www.aelf.org\/bible\/Jn\/11\" target=\"_blank\" rel=\"noopener\">Jean 11, 32-35<\/a><\/li>\n<li>La gu\u00e9rison de la fille de Na\u00efm : <a class=\"link-icon\" href=\"https:\/\/www.aelf.org\/bible\/Mc\/5\" target=\"_blank\" rel=\"noopener\">Marc 5, 21-24 et 35-41<\/a><\/li>\n<li>La gu\u00e9rison d\u2019un l\u00e9preux : <a class=\"link-icon\" href=\"https:\/\/www.aelf.org\/bible\/Lc\/5\" target=\"_blank\" rel=\"noopener\">Luc 5, 12-16<\/a><\/li>\n<li>La gu\u00e9rison de l\u2019aveugle : <a class=\"link-icon\" href=\"https:\/\/www.aelf.org\/bible\/Jn\/9\" target=\"_blank\" rel=\"noopener\">Jean 9, 1-7<\/a><\/li>\n<li>Le paralytique : <a class=\"link-icon\" href=\"https:\/\/www.aelf.org\/bible\/Lc\/5\" target=\"_blank\" rel=\"noopener\">Luc 5, 17-26<\/a><\/li>\n<li>La femme adult\u00e8re : <a class=\"link-icon\" href=\"https:\/\/www.aelf.org\/bible\/Jn\/8\" target=\"_blank\" rel=\"noopener\">Jean 8, 1-11<\/a><\/li>\n<li>L\u2019onction \u00e0 B\u00e9thanie : <a class=\"link-icon\" href=\"https:\/\/www.aelf.org\/bible\/Jn\/12\" target=\"_blank\" rel=\"noopener\">Jean 12, 1-8<\/a><\/li>\n<li>J\u00e9sus en croix (P\u00e8re pardonne-leur \u2026) : <a class=\"link-icon\" href=\"https:\/\/www.aelf.org\/bible\/Lc\/23\" target=\"_blank\" rel=\"noopener\">Luc 23, 32-34<\/a><\/li>\n<\/ul>\n<\/div>\n<\/div>\n<\/div>\n<\/div>\n<\/div>\n<\/div>\n<\/div>\n","protected":false},"excerpt":{"rendered":"<p>E25.9 &#8211; Rencontre de nuit avec Nicod\u00e8me \/ Jeunes Jeu sur les rencontres de J\u00e9sus Un jeu extrait de la revue Initiales 241 \u201cSouffrir, pour quoi, pour qui ? \u201c Les rencontres de J\u00e9sus Un jeu de plateau pour permettre<\/p>\n","protected":false},"author":1,"featured_media":0,"parent":0,"menu_order":0,"comment_status":"closed","ping_status":"closed","template":"","meta":{"footnotes":""},"_links":{"self":[{"href":"http:\/\/image-bible.ch\/index.php?rest_route=\/wp\/v2\/pages\/2371"}],"collection":[{"href":"http:\/\/image-bible.ch\/index.php?rest_route=\/wp\/v2\/pages"}],"about":[{"href":"http:\/\/image-bible.ch\/index.php?rest_route=\/wp\/v2\/types\/page"}],"author":[{"embeddable":true,"href":"http:\/\/image-bible.ch\/index.php?rest_route=\/wp\/v2\/users\/1"}],"replies":[{"embeddable":true,"href":"http:\/\/image-bible.ch\/index.php?rest_route=%2Fwp%2Fv2%2Fcomments&post=2371"}],"version-history":[{"count":3,"href":"http:\/\/image-bible.ch\/index.php?rest_route=\/wp\/v2\/pages\/2371\/revisions"}],"predecessor-version":[{"id":5474,"href":"http:\/\/image-bible.ch\/index.php?rest_route=\/wp\/v2\/pages\/2371\/revisions\/5474"}],"wp:attachment":[{"href":"http:\/\/image-bible.ch\/index.php?rest_route=%2Fwp%2Fv2%2Fmedia&parent=2371"}],"curies":[{"name":"wp","href":"https:\/\/api.w.org\/{rel}","templated":true}]}}