{"id":2373,"date":"2021-03-16T16:52:31","date_gmt":"2021-03-16T15:52:31","guid":{"rendered":"http:\/\/image-bible.ch\/?page_id=2373"},"modified":"2021-12-15T22:33:07","modified_gmt":"2021-12-15T21:33:07","slug":"e25-10-divers-video-references","status":"publish","type":"page","link":"http:\/\/image-bible.ch\/?page_id=2373","title":{"rendered":"E25.10 \/ Divers Vid\u00e9o &#8211; R\u00e9f\u00e9rences"},"content":{"rendered":"<p style=\"text-align: center;\"><span style=\"font-family: 'comic sans ms', sans-serif; font-size: 14pt;\">E25.10<\/span><span style=\"font-family: 'comic sans ms', sans-serif; font-size: 14pt;\"> &#8211; Rencontre de nuit avec Nicod\u00e8me \/ Divers Vid\u00e9o &#8211; R\u00e9f\u00e9rences<\/span><\/p>\n<p>Sur la cr\u00e9ation : <a href=\"http:\/\/expositions.bnf.fr\/parole\/zoom\/11\/01.htm\">La cr\u00e9ation<\/a><\/p>\n","protected":false},"excerpt":{"rendered":"<p>E25.10 &#8211; Rencontre de nuit avec Nicod\u00e8me \/ Divers Vid\u00e9o &#8211; R\u00e9f\u00e9rences Sur la cr\u00e9ation : La cr\u00e9ation<\/p>\n","protected":false},"author":1,"featured_media":0,"parent":0,"menu_order":0,"comment_status":"closed","ping_status":"closed","template":"","meta":{"footnotes":""},"_links":{"self":[{"href":"http:\/\/image-bible.ch\/index.php?rest_route=\/wp\/v2\/pages\/2373"}],"collection":[{"href":"http:\/\/image-bible.ch\/index.php?rest_route=\/wp\/v2\/pages"}],"about":[{"href":"http:\/\/image-bible.ch\/index.php?rest_route=\/wp\/v2\/types\/page"}],"author":[{"embeddable":true,"href":"http:\/\/image-bible.ch\/index.php?rest_route=\/wp\/v2\/users\/1"}],"replies":[{"embeddable":true,"href":"http:\/\/image-bible.ch\/index.php?rest_route=%2Fwp%2Fv2%2Fcomments&post=2373"}],"version-history":[{"count":4,"href":"http:\/\/image-bible.ch\/index.php?rest_route=\/wp\/v2\/pages\/2373\/revisions"}],"predecessor-version":[{"id":7185,"href":"http:\/\/image-bible.ch\/index.php?rest_route=\/wp\/v2\/pages\/2373\/revisions\/7185"}],"wp:attachment":[{"href":"http:\/\/image-bible.ch\/index.php?rest_route=%2Fwp%2Fv2%2Fmedia&parent=2373"}],"curies":[{"name":"wp","href":"https:\/\/api.w.org\/{rel}","templated":true}]}}