{"id":2384,"date":"2021-03-16T16:54:30","date_gmt":"2021-03-16T15:54:30","guid":{"rendered":"http:\/\/image-bible.ch\/?page_id=2384"},"modified":"2024-11-08T17:22:56","modified_gmt":"2024-11-08T16:22:56","slug":"e26-4-bible-ancien-testament","status":"publish","type":"page","link":"http:\/\/image-bible.ch\/?page_id=2384","title":{"rendered":"E26.4 \/ Bible Ancien-Testament"},"content":{"rendered":"<p style=\"text-align: center;\"><span style=\"font-family: 'comic sans ms', sans-serif; font-size: 14pt;\">E26.4<\/span><span style=\"font-family: 'comic sans ms', sans-serif; font-size: 14pt;\"> &#8211; Rencontre avec la samaritaine \/ Bible Ancien-Testament<\/span><\/p>\n<p><strong><em>Mo\u00efse transforme l\u2019eau am\u00e8re de Mara en eau douce.<\/em><\/strong><\/p>\n<p><span style=\"color: #0000ff;\">Ex 15,22-26\u00a0:<\/span><\/p>\n<p><img loading=\"lazy\" decoding=\"async\" class=\"alignnone size-medium wp-image-7187\" src=\"http:\/\/image-bible.ch\/wp-content\/uploads\/21.-Ex-15-22-26_Moise-transforme-eau-de-Mara-217x300.jpg\" alt=\"\" width=\"217\" height=\"300\" srcset=\"http:\/\/image-bible.ch\/wp-content\/uploads\/21.-Ex-15-22-26_Moise-transforme-eau-de-Mara-217x300.jpg 217w, http:\/\/image-bible.ch\/wp-content\/uploads\/21.-Ex-15-22-26_Moise-transforme-eau-de-Mara-741x1024.jpg 741w, http:\/\/image-bible.ch\/wp-content\/uploads\/21.-Ex-15-22-26_Moise-transforme-eau-de-Mara-768x1061.jpg 768w, http:\/\/image-bible.ch\/wp-content\/uploads\/21.-Ex-15-22-26_Moise-transforme-eau-de-Mara-1112x1536.jpg 1112w, http:\/\/image-bible.ch\/wp-content\/uploads\/21.-Ex-15-22-26_Moise-transforme-eau-de-Mara.jpg 1373w\" sizes=\"(max-width: 217px) 100vw, 217px\" \/><\/p>\n<p><sup><span style=\"color: #0000ff;\">2<strong>2<\/strong><\/span><\/sup><strong> Mo\u00efse<\/strong> fit partir <strong>les fils d\u2019Isra\u00eb<\/strong>l de<span style=\"color: #008080;\"> la mer des Roseaux<\/span>, et ils sortirent en direction du <span style=\"color: #008080;\">d\u00e9sert de Shour<\/span>. Ils march\u00e8rent <em>trois jours<\/em> \u00e0 travers <span style=\"color: #008080;\">le d\u00e9sert<\/span> sans trouver <strong><span style=\"color: #ff0000;\">d\u2019eau<\/span><\/strong>.<\/p>\n<p><sup><span style=\"color: #0000ff;\">23<\/span><\/sup> Ils arriv\u00e8rent <span style=\"color: #008080;\">\u00e0 Mara<\/span> mais ne purent boire <span style=\"color: #ff0000;\"><strong>l\u2019eau de Mara<\/strong><\/span> car elle \u00e9tait <strong><span style=\"color: #ff0000;\">am\u00e8re<\/span> <\/strong>; d\u2019o\u00f9 son <em>nom de \u00ab Mara \u00bb.<\/em><\/p>\n<p><sup><span style=\"color: #0000ff;\">24<\/span><\/sup> Et <strong>le peuple<\/strong> r\u00e9crimina contre Mo\u00efse en disant : \u00ab<span style=\"color: #ff0000;\"> Que boirons-nous ?<\/span> \u00bb<\/p>\n<p><sup><span style=\"color: #0000ff;\">25<\/span><\/sup> Alors <strong>Mo\u00efse<\/strong> cria vers <strong>le Seigneur,<\/strong> et <strong>le Seigneur<\/strong> lui montra un <span style=\"color: #ff0000;\">morceau de bois<\/span>. Mo\u00efse le <span style=\"color: #ff0000;\">jeta dans l\u2019eau, et l\u2019eau devint douce<\/span>. C\u2019est l\u00e0 que le Seigneur leur <em>fixa un statut et un droit<\/em>, l\u00e0 o\u00f9 il les<span style=\"color: #ff0000;\"><strong> mit \u00e0 l\u2019\u00e9preuve<\/strong><\/span>.<\/p>\n<p><strong><span style=\"color: #993300;\">Vocabulaire :<\/span><\/strong><\/p>\n<p>&nbsp;<\/p>\n<p><strong><span style=\"color: #0000ff;\">Questions :<\/span><\/strong><\/p>\n<p>&nbsp;<\/p>\n<p><strong>Commentaire :<\/strong><\/p>\n<p>Voil\u00e0 trois jours qu&rsquo;il marche et erre, dans le d\u00e9sert. Trois jours, le chiffre absolu, celui au-del\u00e0 duquel on ne peut pas survivre sans eau. Et ce peuple, ramassis d&rsquo;anciens esclaves qui ne savent pas comment vivre libre et debout, a soif. Le peuple <span style=\"text-decoration: line-through;\">am\u00e8re<\/span> amer arrive au bord de l&rsquo;eau aussi saum\u00e2tre que le peuple. Une libert\u00e9 qui laisse un go\u00fbt amer ?<br \/>\nMo\u00efse, sur l&rsquo;ordre de Dieu, jette un b\u00e2ton dans l&rsquo;eau. Le b\u00e2ton, c&rsquo;est ce qui permet de tenir debout\u00a0! Ce qui remplace la colonne vert\u00e9brale quand elle ne tient plus. Ce qui permet de se redresser pour le dos courb\u00e9 des esclaves. Dieu donne un \u00ab\u00a0b\u00e2ton-colonne vert\u00e9brale\u00a0\u00bb au peuple\u00a0: Il enseigne au peuple, au bord de l&rsquo;eau devenue fra\u00eeche et d\u00e9salt\u00e9rante, les lois et les coutumes qui lui permettront de se redresser. Et le peuple tout neuf devient libre et debout, gr\u00e2ce au b\u00e2ton et \u00e0 l&rsquo;eau donn\u00e9s par Dieu.<\/p>\n<p><strong><em>Le serviteur d\u2019Abraham rencontre Rebecca au bord du puits.<\/em><\/strong><\/p>\n<p class=\"Normallivre\"><span style=\"color: #0000ff;\"><b>Gn 24,11\u202618<\/b><\/span><\/p>\n<p><img loading=\"lazy\" decoding=\"async\" class=\"alignnone size-medium wp-image-7188\" src=\"http:\/\/image-bible.ch\/wp-content\/uploads\/21.-Gn-24-11-18_Rebbeca-au-bord-du-puits-224x300.jpg\" alt=\"\" width=\"224\" height=\"300\" srcset=\"http:\/\/image-bible.ch\/wp-content\/uploads\/21.-Gn-24-11-18_Rebbeca-au-bord-du-puits-224x300.jpg 224w, http:\/\/image-bible.ch\/wp-content\/uploads\/21.-Gn-24-11-18_Rebbeca-au-bord-du-puits-765x1024.jpg 765w, http:\/\/image-bible.ch\/wp-content\/uploads\/21.-Gn-24-11-18_Rebbeca-au-bord-du-puits-768x1028.jpg 768w, http:\/\/image-bible.ch\/wp-content\/uploads\/21.-Gn-24-11-18_Rebbeca-au-bord-du-puits-1148x1536.jpg 1148w, http:\/\/image-bible.ch\/wp-content\/uploads\/21.-Gn-24-11-18_Rebbeca-au-bord-du-puits.jpg 1405w\" sizes=\"(max-width: 224px) 100vw, 224px\" \/><\/p>\n<p><sup>11<\/sup> Le serviteur d\u2019Abraham fit agenouiller les chameaux en dehors de la ville, pr\u00e8s d\u2019un puits d\u2019eau, \u00e0 l\u2019heure du soir, l\u2019heure o\u00f9 les femmes sortent pour y puiser. <sup>12<\/sup> Il dit\u00a0: \u00ab Seigneur, Dieu de mon ma\u00eetre Abraham, permets-moi de faire aujourd\u2019hui une heureuse rencontre [\u2026] <sup>14<\/sup> La jeune fille \u00e0 qui je dirai\u00a0: \u00ab Incline ta cruche pour que je boive\u00a0\u00bb, et qui r\u00e9pondra\u00a0: \u00ab Bois et je vais aussi abreuver tes chameaux\u00a0\u00bb, que cette jeune fille soit celle que tu destines \u00e0 ton serviteur Isaac\u00a0\u2026\u00a0\u00bb. <sup>15<\/sup> Il n\u2019avait pas fini de parler que sortit R\u00e9becca \u2026\u00a0; elle portait sa cruche sur l\u2019\u00e9paule [\u2026] <sup>17<\/sup> Le serviteur courut \u00e0 sa rencontre et dit\u00a0: \u00ab De gr\u00e2ce, donne-moi \u00e0 boire une gorg\u00e9e d\u2019eau de ta cruche\u00a0!\u00a0\u00bb<br \/>\n<sup>18<\/sup> Elle r\u00e9pondit\u00a0: \u00ab Bois, mon seigneur.\u00a0\u00bb<\/p>\n<p><strong>Vocabulaire :<\/strong><\/p>\n<p>&nbsp;<\/p>\n<p><strong>Questions :<\/strong><\/p>\n<p>&nbsp;<\/p>\n<p><strong>Commentaire :<\/strong><\/p>\n<p>Le puits est un lieu de rencontre. Eli\u00e8zer envoy\u00e9 par Abraham pour trouver une femme pour son fils Isaac, demande un signe au Seigneur pour reconna\u00eetre la jeune fille que Dieu a choisie\u00a0: <em>\u00ab<\/em><em>\u00a0Incline ta cruche pour que je boive\u00a0\u00bb<\/em>, et qui r\u00e9pondra\u00a0: \u00ab\u00a0<em>Bois et je vais aussi abreuver tes chameaux\u00a0\u00bb c\u2019est elle<\/em>. Au-del\u00e0 du signe c\u2019est la soif d\u2019eau, d\u2019amour, et de vie qui est signifi\u00e9.<\/p>\n","protected":false},"excerpt":{"rendered":"<p>E26.4 &#8211; Rencontre avec la samaritaine \/ Bible Ancien-Testament Mo\u00efse transforme l\u2019eau am\u00e8re de Mara en eau douce. Ex 15,22-26\u00a0: 22 Mo\u00efse fit partir les fils d\u2019Isra\u00ebl de la mer des Roseaux, et ils sortirent en direction du d\u00e9sert de<\/p>\n","protected":false},"author":1,"featured_media":0,"parent":0,"menu_order":0,"comment_status":"closed","ping_status":"closed","template":"","meta":{"footnotes":""},"_links":{"self":[{"href":"http:\/\/image-bible.ch\/index.php?rest_route=\/wp\/v2\/pages\/2384"}],"collection":[{"href":"http:\/\/image-bible.ch\/index.php?rest_route=\/wp\/v2\/pages"}],"about":[{"href":"http:\/\/image-bible.ch\/index.php?rest_route=\/wp\/v2\/types\/page"}],"author":[{"embeddable":true,"href":"http:\/\/image-bible.ch\/index.php?rest_route=\/wp\/v2\/users\/1"}],"replies":[{"embeddable":true,"href":"http:\/\/image-bible.ch\/index.php?rest_route=%2Fwp%2Fv2%2Fcomments&post=2384"}],"version-history":[{"count":6,"href":"http:\/\/image-bible.ch\/index.php?rest_route=\/wp\/v2\/pages\/2384\/revisions"}],"predecessor-version":[{"id":9165,"href":"http:\/\/image-bible.ch\/index.php?rest_route=\/wp\/v2\/pages\/2384\/revisions\/9165"}],"wp:attachment":[{"href":"http:\/\/image-bible.ch\/index.php?rest_route=%2Fwp%2Fv2%2Fmedia&parent=2384"}],"curies":[{"name":"wp","href":"https:\/\/api.w.org\/{rel}","templated":true}]}}