{"id":2400,"date":"2021-03-16T16:57:31","date_gmt":"2021-03-16T15:57:31","guid":{"rendered":"http:\/\/image-bible.ch\/?page_id=2400"},"modified":"2024-11-08T18:17:59","modified_gmt":"2024-11-08T17:17:59","slug":"27-1-la-bible-des-pauvres","status":"publish","type":"page","link":"http:\/\/image-bible.ch\/?page_id=2400","title":{"rendered":"E27.1 \/ La Bible des pauvres"},"content":{"rendered":"<p style=\"text-align: center;\"><span style=\"font-family: 'comic sans ms', sans-serif; font-size: 14pt;\">E27.1<\/span><span style=\"font-family: 'comic sans ms', sans-serif; font-size: 14pt;\"> &#8211; Rencontre avec Zach\u00e9e \/ La Bible des pauvres<\/span><\/p>\n<p>Du livre 40 rencontres avec J\u00e9sus : <a href=\"http:\/\/image-bible.ch\/wp-content\/uploads\/19.-Rencontre-de-Jesus-avec-Zachee-1.pdf\">19. Rencontre de J\u00e9sus avec Zach\u00e9e<\/a><\/p>\n<p><img loading=\"lazy\" decoding=\"async\" class=\"alignnone size-medium wp-image-6818\" src=\"http:\/\/image-bible.ch\/wp-content\/uploads\/27a_Zachee_Lc19-209x300.jpg\" alt=\"\" width=\"209\" height=\"300\" srcset=\"http:\/\/image-bible.ch\/wp-content\/uploads\/27a_Zachee_Lc19-209x300.jpg 209w, http:\/\/image-bible.ch\/wp-content\/uploads\/27a_Zachee_Lc19-715x1024.jpg 715w, http:\/\/image-bible.ch\/wp-content\/uploads\/27a_Zachee_Lc19-768x1100.jpg 768w, http:\/\/image-bible.ch\/wp-content\/uploads\/27a_Zachee_Lc19-1072x1536.jpg 1072w, http:\/\/image-bible.ch\/wp-content\/uploads\/27a_Zachee_Lc19.jpg 1206w\" sizes=\"(max-width: 209px) 100vw, 209px\" \/><\/p>\n","protected":false},"excerpt":{"rendered":"<p>E27.1 &#8211; Rencontre avec Zach\u00e9e \/ La Bible des pauvres Du livre 40 rencontres avec J\u00e9sus : 19. Rencontre de J\u00e9sus avec Zach\u00e9e<\/p>\n","protected":false},"author":1,"featured_media":0,"parent":0,"menu_order":0,"comment_status":"closed","ping_status":"closed","template":"","meta":{"footnotes":""},"_links":{"self":[{"href":"http:\/\/image-bible.ch\/index.php?rest_route=\/wp\/v2\/pages\/2400"}],"collection":[{"href":"http:\/\/image-bible.ch\/index.php?rest_route=\/wp\/v2\/pages"}],"about":[{"href":"http:\/\/image-bible.ch\/index.php?rest_route=\/wp\/v2\/types\/page"}],"author":[{"embeddable":true,"href":"http:\/\/image-bible.ch\/index.php?rest_route=\/wp\/v2\/users\/1"}],"replies":[{"embeddable":true,"href":"http:\/\/image-bible.ch\/index.php?rest_route=%2Fwp%2Fv2%2Fcomments&post=2400"}],"version-history":[{"count":5,"href":"http:\/\/image-bible.ch\/index.php?rest_route=\/wp\/v2\/pages\/2400\/revisions"}],"predecessor-version":[{"id":9171,"href":"http:\/\/image-bible.ch\/index.php?rest_route=\/wp\/v2\/pages\/2400\/revisions\/9171"}],"wp:attachment":[{"href":"http:\/\/image-bible.ch\/index.php?rest_route=%2Fwp%2Fv2%2Fmedia&parent=2400"}],"curies":[{"name":"wp","href":"https:\/\/api.w.org\/{rel}","templated":true}]}}