{"id":2404,"date":"2021-03-16T16:58:13","date_gmt":"2021-03-16T15:58:13","guid":{"rendered":"http:\/\/image-bible.ch\/?page_id=2404"},"modified":"2024-11-08T18:19:28","modified_gmt":"2024-11-08T17:19:28","slug":"27-3-bible-nouveau-testament","status":"publish","type":"page","link":"http:\/\/image-bible.ch\/?page_id=2404","title":{"rendered":"E27.3 \/ Bible Nouveau-Testament"},"content":{"rendered":"<p style=\"text-align: center;\"><span style=\"font-family: 'comic sans ms', sans-serif; font-size: 14pt;\">E27.3<\/span><span style=\"font-family: 'comic sans ms', sans-serif; font-size: 14pt;\"> &#8211; Rencontre avec Zach\u00e9e \/ Bible Nouveau-Testament<\/span><\/p>\n<p><span style=\"color: #0000ff;\">Lc 19,1-10 :<br \/>\n<\/span><\/p>\n<p><img loading=\"lazy\" decoding=\"async\" class=\"alignnone size-medium wp-image-6818\" src=\"http:\/\/image-bible.ch\/wp-content\/uploads\/27a_Zachee_Lc19-209x300.jpg\" alt=\"\" width=\"209\" height=\"300\" srcset=\"http:\/\/image-bible.ch\/wp-content\/uploads\/27a_Zachee_Lc19-209x300.jpg 209w, http:\/\/image-bible.ch\/wp-content\/uploads\/27a_Zachee_Lc19-715x1024.jpg 715w, http:\/\/image-bible.ch\/wp-content\/uploads\/27a_Zachee_Lc19-768x1100.jpg 768w, http:\/\/image-bible.ch\/wp-content\/uploads\/27a_Zachee_Lc19-1072x1536.jpg 1072w, http:\/\/image-bible.ch\/wp-content\/uploads\/27a_Zachee_Lc19.jpg 1206w\" sizes=\"(max-width: 209px) 100vw, 209px\" \/><\/p>\n<p><span style=\"color: #0000ff;\"><sup>1<\/sup><\/span> Entr\u00e9 dans <span style=\"color: #008000;\">la ville de J\u00e9richo<\/span>, <strong>J\u00e9sus<\/strong> la traversait.<\/p>\n<p><span style=\"color: #0000ff;\"><sup>2<\/sup><\/span> Or, il y avait un homme du nom de <strong>Zach\u00e9e<\/strong>\u00a0; il \u00e9tait le<em> chef des collecteurs d\u2019imp\u00f4ts,<\/em> et c\u2019\u00e9tait quelqu\u2019un de <span style=\"color: #ff0000;\">riche<\/span>.<\/p>\n<p><span style=\"color: #0000ff;\"><sup>3<\/sup><\/span> Il cherchait \u00e0 <strong><span style=\"color: #ff0000;\">voir<\/span><\/strong> qui \u00e9tait<strong> J\u00e9sus,<\/strong> mais il ne le pouvait pas \u00e0 cause de la foule, car il \u00e9tait de <span style=\"color: #ff0000;\">petite taille.<\/span><\/p>\n<p><span style=\"color: #0000ff;\"><sup>4<\/sup><\/span> Il courut donc en avant et <span style=\"color: #ff0000;\">grimpa<\/span> sur un <span style=\"color: #008000;\">sycomore<\/span> pour voir <strong>J\u00e9sus<\/strong> qui allait passer par l\u00e0.<\/p>\n<p><span style=\"color: #0000ff;\"><sup>5<\/sup><\/span> Arriv\u00e9 \u00e0 cet endroit, <strong>J\u00e9sus<\/strong><span style=\"color: #ff0000;\"> leva les yeux<\/span> et lui dit\u00a0: \u00ab\u00a0<strong>Zach\u00e9e<\/strong>, <span style=\"color: #ff0000;\">descends vite\u00a0<\/span>: aujourd\u2019hui il faut que j\u2019aille <strong><span style=\"color: #ff0000;\">demeurer dans ta maison<\/span><\/strong>.\u00a0\u00bb<\/p>\n<p><span style=\"color: #0000ff;\"><sup>6<\/sup><\/span> Vite, il descendit et re\u00e7ut <strong>J\u00e9sus<\/strong> avec <em>joie<\/em>.<\/p>\n<p><span style=\"color: #0000ff;\"><sup>7<\/sup><\/span> Voyant cela, tous r\u00e9criminaient\u00a0: \u00ab\u00a0Il est all\u00e9 loger chez un homme qui est un <span style=\"color: #ff0000;\">p\u00e9cheur<\/span>.\u00a0\u00bb<\/p>\n<p><span style=\"color: #0000ff;\"><sup>8<\/sup><\/span> <strong>Zach\u00e9e,<\/strong> debout, s\u2019adressa au Seigneur\u00a0: \u00ab\u00a0Voici, Seigneur\u00a0: je fais <span style=\"color: #ff0000;\">don aux pauvres de la moiti\u00e9 de mes biens<\/span>, et si j\u2019ai fait du tort \u00e0 quelqu\u2019un, je vais lui <em>rendre quatre fois plus<\/em>.\u00a0\u00bb<\/p>\n<p><span style=\"color: #0000ff;\"><sup>9<\/sup><\/span> Alors <strong>J\u00e9sus<\/strong> dit \u00e0 son sujet\u00a0: \u00ab\u00a0Aujourd\u2019hui,<span style=\"color: #ff0000;\"> le salut<\/span> est arriv\u00e9 pour cette maison, car lui aussi est <span style=\"color: #ff0000;\">un fils d\u2019Abraham<\/span>.<\/p>\n<p><span style=\"color: #0000ff;\"><sup>10<\/sup><\/span> En effet, le Fils de l\u2019homme est venu <strong><span style=\"color: #ff0000;\">chercher et sauver ce qui \u00e9tait perdu<\/span><\/strong>.\u00a0\u00bb<\/p>\n<p><strong><span style=\"color: #993300;\">Vocabulaire :<\/span><\/strong><\/p>\n<p>&nbsp;<\/p>\n<p><strong><span style=\"color: #0000ff;\">Questions :<\/span><\/strong><\/p>\n<p>&nbsp;<\/p>\n<h4>Commentaire :<\/h4>\n<p>Zach\u00e9e est un riche collecteur d&rsquo;imp\u00f4ts \u00e0 la solde des Romains et donc m\u00e9pris\u00e9, assimil\u00e9 aux p\u00e9cheurs publics en raison de son lien avec l&rsquo;occupant pa\u00efen. D\u00e8s lors, il est exclu du peuple de Dieu et tenu \u00e0 l&rsquo;\u00e9cart par tout juif observateur de la Loi.<br \/>\nZach\u00e9e a entendu parler de J\u00e9sus, mais il ne le conna\u00eet pas. Il d\u00e9sire le voir mais des obstacles sont sur sa rencontre\u00a0: la pr\u00e9sence m\u00eame de la foule et la \u00ab petite taille \u00bb N\u00e9anmoins, Zach\u00e9e sait prendre le moyen qui s&rsquo;impose, m\u00eame s&rsquo;il n&rsquo;a rien de conforme avec son rang social et sa dignit\u00e9 : comme un gamin, il court monter sur un sycomore.<br \/>\nLe programme esp\u00e9r\u00e9 se d\u00e9roule pour Zach\u00e9e au-del\u00e0 de toute attente. J\u00e9sus passe bel et bien par-l\u00e0, et il l\u00e8ve les yeux et voit, comme Zach\u00e9e avait escompt\u00e9 voir lui aussi. J\u00e9sus s\u2019adresse \u00e0 Zach\u00e9e\u00a0: descends vite : il me faut aujourd&rsquo;hui demeurer dans ta maison. Il y a de quoi provoquer la \u00ab joie \u00bbde Zach\u00e9e! Lui, qui est rejet\u00e9 et m\u00e9pris\u00e9 par ses compatriotes, est regard\u00e9 et accept\u00e9 par J\u00e9sus. Zach\u00e9e descend aussit\u00f4t et accueille volontiers et avec joie le voyageur de passage.<br \/>\nQue J\u00e9sus soit entr\u00e9 loger chez un homme p\u00e9cheur provoque une r\u00e9action chez les gens, se consid\u00e9rant justes et pensent que la fr\u00e9quentation des p\u00e9cheurs entra\u00eene une impuret\u00e9. La parole de J\u00e9sus \u00ab il me faut aujourd&rsquo;hui demeurer dans ta maison \u00bb contient des informations th\u00e9ologiques de poids. Le verbe \u00ab il faut \u00bb et l&rsquo;adverbe \u00ab aujourd&rsquo;hui \u00bb confirment la mise en place d&rsquo;une strat\u00e9gie salvifique. Que J\u00e9sus interrompe son voyage pour d\u00eener et passer la nuit chez le publicain en chef appartient au plan de salut de Dieu. Les termes \u00ab demeurer \u00bb, \u00ab loger \u00bb prennent ici une connotation sacr\u00e9e.<br \/>\nLa rencontre avec J\u00e9sus produit un changement chez Zach\u00e9e\u00a0: il accueille avec joie le salut en le reconnaissant \u00ab Seigneur \u00bb. Il annonce sur-le-champ la d\u00e9cision de donner aux pauvres la moiti\u00e9 de ce qui lui appartient et \u00e0 ceux qu&rsquo;il aurait pu l\u00e9ser, il s&rsquo;engage \u00e0 \u00ab rendre au quadruple \u00bb, voil\u00e0 le signe d&rsquo;une conversion totale.<br \/>\nEn reprenant la parole, J\u00e9sus s&rsquo;adresse tout autant \u00e0 ceux qui n&rsquo;ont pas support\u00e9 qu&rsquo;il ait accept\u00e9 l&rsquo;hospitalit\u00e9 d&rsquo;un p\u00e9cheur qu&rsquo;\u00e0 Zach\u00e9e. Malgr\u00e9 la profession qui fait consid\u00e9rer Zach\u00e9e comme un p\u00e9cheur, J\u00e9sus rappelle au collecteur d&rsquo;imp\u00f4t qu\u2019\u00ab il est lui aussi fils d&rsquo;Abraham \u00bb, c&rsquo;est-\u00e0-dire qu&rsquo;il appartient au peuple \u00e9lu. Le salut accord\u00e9 \u00e0 Zach\u00e9e est aussi consenti \u00e0 tous ceux qui vivent dans sa demeure.<\/p>\n<p>Et J\u00e9sus rappelle sa mission\u00a0: \u00ab\u00a0le Fils de l&rsquo;homme est venu chercher et sauver ce qui \u00e9tait perdu\u00a0\u00bb. Il joue le r\u00f4le salvifique de berger d&rsquo;une brebis perdue de la maison d&rsquo;Isra\u00ebl.<\/p>\n","protected":false},"excerpt":{"rendered":"<p>E27.3 &#8211; Rencontre avec Zach\u00e9e \/ Bible Nouveau-Testament Lc 19,1-10 : 1 Entr\u00e9 dans la ville de J\u00e9richo, J\u00e9sus la traversait. 2 Or, il y avait un homme du nom de Zach\u00e9e\u00a0; il \u00e9tait le chef des collecteurs d\u2019imp\u00f4ts, et<\/p>\n","protected":false},"author":1,"featured_media":0,"parent":0,"menu_order":0,"comment_status":"closed","ping_status":"closed","template":"","meta":{"footnotes":""},"_links":{"self":[{"href":"http:\/\/image-bible.ch\/index.php?rest_route=\/wp\/v2\/pages\/2404"}],"collection":[{"href":"http:\/\/image-bible.ch\/index.php?rest_route=\/wp\/v2\/pages"}],"about":[{"href":"http:\/\/image-bible.ch\/index.php?rest_route=\/wp\/v2\/types\/page"}],"author":[{"embeddable":true,"href":"http:\/\/image-bible.ch\/index.php?rest_route=\/wp\/v2\/users\/1"}],"replies":[{"embeddable":true,"href":"http:\/\/image-bible.ch\/index.php?rest_route=%2Fwp%2Fv2%2Fcomments&post=2404"}],"version-history":[{"count":8,"href":"http:\/\/image-bible.ch\/index.php?rest_route=\/wp\/v2\/pages\/2404\/revisions"}],"predecessor-version":[{"id":9172,"href":"http:\/\/image-bible.ch\/index.php?rest_route=\/wp\/v2\/pages\/2404\/revisions\/9172"}],"wp:attachment":[{"href":"http:\/\/image-bible.ch\/index.php?rest_route=%2Fwp%2Fv2%2Fmedia&parent=2404"}],"curies":[{"name":"wp","href":"https:\/\/api.w.org\/{rel}","templated":true}]}}