{"id":2406,"date":"2021-03-16T16:58:29","date_gmt":"2021-03-16T15:58:29","guid":{"rendered":"http:\/\/image-bible.ch\/?page_id=2406"},"modified":"2024-11-08T18:30:54","modified_gmt":"2024-11-08T17:30:54","slug":"27-4-bible-ancien-testament","status":"publish","type":"page","link":"http:\/\/image-bible.ch\/?page_id=2406","title":{"rendered":"E27.4 \/ Bible Ancien-Testament"},"content":{"rendered":"<p style=\"text-align: center;\"><span style=\"font-family: 'comic sans ms', sans-serif; font-size: 14pt;\">E27.4<\/span><span style=\"font-family: 'comic sans ms', sans-serif; font-size: 14pt;\"> &#8211; Rencontre avec Zach\u00e9e \/ Bible Ancien-Testament<\/span><\/p>\n<h3>Jonas et les habitants de Ninive<\/h3>\n<p class=\"Normallivre\"><span style=\"color: #0000ff;\">Jon 3,1-6<\/span><\/p>\n<p><img loading=\"lazy\" decoding=\"async\" class=\"alignnone size-medium wp-image-7200\" src=\"http:\/\/image-bible.ch\/wp-content\/uploads\/19.-Jon-3-Jonas-et-les-habitants-de-Ninive-225x300.jpg\" alt=\"\" width=\"225\" height=\"300\" srcset=\"http:\/\/image-bible.ch\/wp-content\/uploads\/19.-Jon-3-Jonas-et-les-habitants-de-Ninive-225x300.jpg 225w, http:\/\/image-bible.ch\/wp-content\/uploads\/19.-Jon-3-Jonas-et-les-habitants-de-Ninive.jpg 653w\" sizes=\"(max-width: 225px) 100vw, 225px\" \/><\/p>\n<p><sup>1<\/sup> La parole du Seigneur fut adress\u00e9e de nouveau \u00e0 Jonas\u00a0:<\/p>\n<p><sup>2<\/sup> \u00ab L\u00e8ve-toi, va \u00e0 Ninive, la grande ville pa\u00efenne, proclame le message que je te donne sur elle.\u00a0\u00bb<\/p>\n<p><sup>3<\/sup> Jonas se leva et partit pour Ninive, selon la parole du Seigneur. Or, Ninive \u00e9tait une ville extraordinairement grande\u00a0: il fallait trois jours pour la traverser.<\/p>\n<p><sup>4<\/sup> Jonas la parcourut une journ\u00e9e \u00e0 peine en proclamant\u00a0: \u00ab Encore quarante jours, et Ninive sera d\u00e9truite\u00a0!\u00a0\u00bb<\/p>\n<p><sup>5<\/sup> Aussit\u00f4t, les gens de Ninive crurent en Dieu. Ils annonc\u00e8rent un je\u00fbne, et tous, du plus grand au plus petit, se v\u00eatirent de toile \u00e0 sac.<\/p>\n<p><sup>6<\/sup> La chose arriva jusqu\u2019au roi de Ninive. Il se leva de son tr\u00f4ne, quitta son manteau, se couvrit d\u2019une toile \u00e0 sac, et s\u2019assit sur la cendre.<\/p>\n<p><strong><span style=\"color: #993300;\">Vocabulaire :<\/span><\/strong><\/p>\n<p>&nbsp;<\/p>\n<p><strong><span style=\"color: #0000ff;\">Questions :<\/span><\/strong><\/p>\n<p>&nbsp;<\/p>\n<p><strong>Commentaire :<\/strong><\/p>\n<h3><strong>La conversion des habitants de Ninive<\/strong><\/h3>\n<p><em>Jonas est surpris de la conversion des habitants de Ninive, mais au lieu de se r\u00e9jouir de cette conversion Jonas se f\u00e2che.<\/em> Il prie le Seigneur et dit\u00a0:\u00a0\u00ab\u00a0Ah\u00a0! Seigneur\u00a0! Je savais bien que tu es un Dieu bon et mis\u00e9ricordieux, lent \u00e0 la col\u00e8re et plein de bienveillance, et qui revient sur sa d\u00e9cision de faire du mal. Maintenant, Seigneur je t\u2019en prie, retire-moi la vie\u00a0; mieux vaut pour moi mourir que vivre\u00a0! \u2014 As-tu raison de te f\u00e2cher\u00a0?\u00a0\u00bb lui dit le Seigneur.<\/p>\n<p>Jonas ne croit pas en \u00ab\u00a0l\u2019efficacit\u00e9\u00a0\u00bb de la parole qu\u2019il dit de la part du Seigneur. Malgr\u00e9 son statut de proph\u00e8te, il ne conna\u00eet pas le dessein de Dieu : la mis\u00e9ricorde ! La fuite face \u00e0 la mission, l\u2019\u00e9chec d\u2019un projet, l\u2019angoisse travers\u00e9e dans la pri\u00e8re, le constat de la parole performative sur les habitants de Ninive, la col\u00e8re&#8230; Dans toutes ces \u00e9tapes, Dieu peu \u00e0 peu se r\u00e9v\u00e8le \u00e0 Jonas, il l\u2019oblige \u00e0 quitter ses r\u00e9sistances et ses id\u00e9es fausses pour d\u00e9couvrir, par don, qui est vraiment celui dont il porte la parole. Jonas comprend que cette parole efficace n\u2019est pas la sienne et qu\u2019elle ouvre \u00e0 la vraie foi pour tous, lui compris.<\/p>\n<p><em>Au d\u00e9but du livre de Jonas, le Seigneur demande \u00e0 Jonas d\u2019aller proph\u00e9tiser \u00e0 Ninive, mais Jonas d\u00e9cide de fuir dans la direction oppos\u00e9e sur un bateau. Une violente temp\u00eate survient. L\u2019\u00e9quipage pense que c\u2019est Jonas qui est \u00e0 l\u2019origine de la temp\u00eate. Jonas leur dit : \u00ab \u201cJetez-moi \u00e0 la mer\u201d \u00bb (Jon 1,12). Ce qu\u2019ils firent et Jonas plonge donc vers la mort. Alors le Seigneur d\u00e9p\u00eache un grand poisson pour engloutir Jonas, et il demeure dans ses entrailles, trois jours et trois nuits. Jonas prie son Dieu. Et le Seigneur commande au poisson de vomir Jonas sur la terre ferme (Jon 2,1-12).<br \/>\n<\/em><em>Le Seigneur demande une deuxi\u00e8me fois \u00e0 Jonas d\u2019aller \u00e0 Ninive. Il n\u2019a plus le choix, il accepte. Jonas avait \u00e0 peine march\u00e9 une journ\u00e9e en prof\u00e9rant cet oracle\u00a0: \u00ab\u00a0Encore quarante jours et Ninive sera d\u00e9truite\u00a0\u00bb, que d\u00e9j\u00e0 ses habitants croyaient en Dieu. Ils proclament un je\u00fbne et se rev\u00eatent tous de sacs. Dieu voit leur r\u00e9action et il revient sur sa d\u00e9cision de leur faire le mal qu\u2019il avait annonc\u00e9.<br \/>\n<\/em><em>Au lieu de se r\u00e9jouir de cette conversion Jonas se f\u00e2cha.<\/em> Il prie le Seigneur et dit : \u00ab Ah ! Seigneur ! Je savais bien que tu es un Dieu bon et mis\u00e9ricordieux, lent \u00e0 la col\u00e8re et plein de bienveillance, et qui revient sur sa d\u00e9cision de faire du mal. Maintenant, Seigneur je t\u2019en prie, retire-moi la vie ; mieux vaut pour moi mourir que vivre ! \u2014 As-tu raison de te f\u00e2cher ? \u00bb lui dit le Seigneur.<br \/>\n<em>Ainsi il y a la conversion des habitants de Ninive et la conversion encore partielle de Jonas.<\/em><\/p>\n<h3>Appel d\u2019Abraham et rencontre avec Dieu au ch\u00eane de Mor\u00e9<\/h3>\n<p><span style=\"color: #0000ff;\">Gn 12,1-7<\/span><\/p>\n<p><img loading=\"lazy\" decoding=\"async\" class=\"alignnone size-medium wp-image-7205\" src=\"http:\/\/image-bible.ch\/wp-content\/uploads\/22.-Gn-12-1-7_Appel-a-Abraham-220x300.jpg\" alt=\"\" width=\"220\" height=\"300\" srcset=\"http:\/\/image-bible.ch\/wp-content\/uploads\/22.-Gn-12-1-7_Appel-a-Abraham-220x300.jpg 220w, http:\/\/image-bible.ch\/wp-content\/uploads\/22.-Gn-12-1-7_Appel-a-Abraham-752x1024.jpg 752w, http:\/\/image-bible.ch\/wp-content\/uploads\/22.-Gn-12-1-7_Appel-a-Abraham-768x1045.jpg 768w, http:\/\/image-bible.ch\/wp-content\/uploads\/22.-Gn-12-1-7_Appel-a-Abraham-1128x1536.jpg 1128w, http:\/\/image-bible.ch\/wp-content\/uploads\/22.-Gn-12-1-7_Appel-a-Abraham.jpg 1221w\" sizes=\"(max-width: 220px) 100vw, 220px\" \/><\/p>\n<p><span style=\"color: #0000ff;\"><sup>1<\/sup><\/span> Le Seigneur dit \u00e0 <strong>Abram<\/strong> : \u00ab<span style=\"color: #ff0000;\"><strong> Quitte ton pays,<\/strong><\/span> ta parent\u00e9 et la maison de ton p\u00e8re, et<span style=\"color: #ff0000;\"> va vers le pays que je te montrerai.<\/span><\/p>\n<p><span style=\"color: #0000ff;\"><sup>2<\/sup><\/span> Je ferai de toi <em>une grande nation<\/em>, je te <em>b\u00e9nirai<\/em>, je rendrai grand<em> ton nom<\/em>, et tu deviendras <em>une b\u00e9n\u00e9diction<\/em>.<\/p>\n<p><span style=\"color: #0000ff;\"><sup>3<\/sup><\/span> Je b\u00e9nirai ceux qui te b\u00e9niront ; celui qui te maudira, je le r\u00e9prouverai. En toi seront b\u00e9nies toutes les familles de la terre. \u00bb<\/p>\n<p><span style=\"color: #0000ff;\"><sup>4<\/sup><\/span><strong> Abram<\/strong> s\u2019en alla, comme le Seigneur le lui avait dit, et <strong>Loth<\/strong> s\u2019en alla avec lui. <strong>Abram<\/strong> avait soixante-quinze ans lorsqu\u2019il sortit <span style=\"color: #008000;\">de Harane<\/span>.<\/p>\n<p><span style=\"color: #0000ff;\"><sup>5<\/sup><\/span> Il prit sa femme <strong>Sara\u00ef<\/strong>, son neveu <strong>Loth<\/strong>, tous les biens qu\u2019ils avaient acquis, et les personnes dont ils s\u2019\u00e9taient entour\u00e9s \u00e0 Harane ; ils se mirent en route <span style=\"color: #008000;\">pour Canaan<\/span> et ils arriv\u00e8rent dans ce pays.<\/p>\n<p><span style=\"color: #0000ff;\"><sup>6<\/sup><\/span> <strong>Abram<\/strong> traversa le pays jusqu\u2019au lieu nomm\u00e9 <span style=\"color: #008000;\">Sichem<\/span>, <span style=\"color: #008000;\">au ch\u00eane de Mor\u00e9<\/span>. <strong>Les Canan\u00e9ens<\/strong> \u00e9taient alors dans le pays.<\/p>\n<p><span style=\"color: #0000ff;\"><sup>7<\/sup><\/span> Le Seigneur apparut \u00e0 <strong>Abram<\/strong> et dit : \u00ab<span style=\"color: #ff0000;\"><strong> \u00c0 ta descendance je donnerai ce pays<\/strong><\/span>. \u00bb Et l\u00e0, <strong>Abram<\/strong> <em>b\u00e2tit un autel<\/em> au Seigneur qui lui \u00e9tait apparu.<\/p>\n<p><span style=\"color: #993300;\"><strong>Vocabulaire :<\/strong><\/span><\/p>\n<p>&nbsp;<\/p>\n<p><span style=\"color: #0000ff;\"><strong>Questions :<\/strong><\/span><\/p>\n<p>&nbsp;<\/p>\n<p><strong>Commentaire :<\/strong><\/p>\n<p>Au point de d\u00e9part de toute l\u2019histoire du peuple d\u2019Isra\u00ebl, il y a un homme particulier qui entend une parole, au plus profond de lui-m\u00eame. Elle l\u2019invite \u00e0 tout quitter pour entreprendre un long voyage vers un hypoth\u00e9tique pays dont il ne sait rien. C\u2019est le d\u00e9but d\u2019une longue histoire dont l\u2019unique ressort est la foi qui conduit Abraham \u00e0 conna\u00eetre peu \u00e0 peu le Dieu qui l\u2019appelle et faire alliance avec lui. Abraham est le p\u00e8re des croyants, le type d\u2019homme qui avance et agit par la foi.<\/p>\n<p>L\u2019itin\u00e9raire d\u2019Abraham : il quitte d&rsquo;abord la ville de Ur pour celle de Har\u00e2n puis il part au pays de Canaan, campant \u00e0 Sichem et dans une montagne pr\u00e8s de B\u00e9thel. De l\u00e0, via le d\u00e9sert du N\u00e9guev, il descend jusqu&rsquo;en \u00c9gypte. Il parcourt tout \u00ab\u00a0le croissant fertile\u00a0\u00bb.<\/p>\n<h3>Descendance d\u2019Abraham aussi nombreuses que les \u00e9toiles du ciel<\/h3>\n<p><span style=\"color: #0000ff;\">Gn 15,1-6<\/span><\/p>\n<p><img loading=\"lazy\" decoding=\"async\" class=\"alignnone size-medium wp-image-6819\" src=\"http:\/\/image-bible.ch\/wp-content\/uploads\/27bAT_Descendance-etoiles-Abraham_Gn15-213x300.jpg\" alt=\"\" width=\"213\" height=\"300\" srcset=\"http:\/\/image-bible.ch\/wp-content\/uploads\/27bAT_Descendance-etoiles-Abraham_Gn15-213x300.jpg 213w, http:\/\/image-bible.ch\/wp-content\/uploads\/27bAT_Descendance-etoiles-Abraham_Gn15-726x1024.jpg 726w, http:\/\/image-bible.ch\/wp-content\/uploads\/27bAT_Descendance-etoiles-Abraham_Gn15-768x1084.jpg 768w, http:\/\/image-bible.ch\/wp-content\/uploads\/27bAT_Descendance-etoiles-Abraham_Gn15-1089x1536.jpg 1089w, http:\/\/image-bible.ch\/wp-content\/uploads\/27bAT_Descendance-etoiles-Abraham_Gn15.jpg 1229w\" sizes=\"(max-width: 213px) 100vw, 213px\" \/><\/p>\n<p><span style=\"color: #0000ff;\"><sup>1<\/sup><\/span> Apr\u00e8s ces \u00e9v\u00e9nements, la parole du Seigneur fut adress\u00e9e \u00e0 <strong>Abram<\/strong> dans <strong><span style=\"color: #ff0000;\">une vision<\/span><\/strong> : \u00ab Ne crains pas, Abram ! Je suis <span style=\"color: #ff0000;\">un bouclier pour toi.<\/span> Ta r\u00e9compense sera tr\u00e8s grande. \u00bb<\/p>\n<p><span style=\"color: #0000ff;\"><sup>2<\/sup><\/span> Abram r\u00e9pondit : \u00ab Mon Seigneur Dieu, que pourrais-tu donc me donner ?<span style=\"color: #ff0000;\"> Je m\u2019en vais sans enfant<\/span>, et l\u2019h\u00e9ritier de ma maison, c\u2019est \u00c9li\u00e8zer de Damas. \u00bb<\/p>\n<p><span style=\"color: #0000ff;\"><sup>3<\/sup><\/span> <strong>Abram<\/strong> dit encore : \u00ab Tu ne m\u2019as pas donn\u00e9 de <strong><span style=\"color: #ff0000;\">descendance<\/span><\/strong>, et c\u2019est un de mes serviteurs qui sera mon h\u00e9ritier. \u00bb<\/p>\n<p><span style=\"color: #0000ff;\"><sup>4<\/sup><\/span> Alors cette parole du Seigneur fut adress\u00e9e \u00e0 <strong>Abram<\/strong> : \u00ab Ce n\u2019est pas lui qui sera ton h\u00e9ritier, mais quelqu\u2019un de ton sang. \u00bb<\/p>\n<p><span style=\"color: #0000ff;\"><sup>5<\/sup><\/span> Puis il <em>le fit sortir<\/em> et lui dit : \u00ab <span style=\"color: #ff0000;\"><strong>Regarde le ciel<\/strong><\/span>, et compte <span style=\"color: #ff0000;\">les \u00e9toiles<\/span>, si tu le peux\u2026 \u00bb Et il d\u00e9clara : \u00ab <strong><span style=\"color: #ff0000;\">Telle sera ta descendance !<\/span><\/strong> \u00bb<\/p>\n<p><span style=\"color: #0000ff;\"><sup>6<\/sup><\/span> <strong>Abram<\/strong> eut <span style=\"color: #ff0000;\"><strong>foi<\/strong> dans le Seigneur<\/span> et le Seigneur estima qu\u2019il \u00e9tait<strong><span style=\"color: #ff0000;\"> juste<\/span><\/strong>.<\/p>\n<p><strong><span style=\"color: #993300;\">Vocabulaire :<\/span><\/strong><\/p>\n<p>&nbsp;<\/p>\n<p><strong><span style=\"color: #0000ff;\">Questions :<\/span><\/strong><\/p>\n<p>&nbsp;<\/p>\n<h4>Commentaire :<\/h4>\n<p>A Abram qui se plaint de ne pas avoir de fils Dieu promet une descendance aussi nombreuse que les \u00e9toiles du ciel.<br \/>\nDieu lui donnera son fils Isaac (Cf. Gn 18 voir p. 65), le mettra \u00e0 l\u2019\u00e9preuve par l\u2019\u00e9pisode du sacrifice (Cf. Gn 22 voir p. 145). Abram devenu Abraham (= le p\u00e8re des croyants) a foi dans le Seigneur et avance avec confiance dans les pas de Dieu. Il est le mod\u00e8le du croyant qui se met en route pour suivre son Seigneur et son Dieu.<\/p>\n<p>&nbsp;<\/p>\n","protected":false},"excerpt":{"rendered":"<p>E27.4 &#8211; Rencontre avec Zach\u00e9e \/ Bible Ancien-Testament Jonas et les habitants de Ninive Jon 3,1-6 1 La parole du Seigneur fut adress\u00e9e de nouveau \u00e0 Jonas\u00a0: 2 \u00ab L\u00e8ve-toi, va \u00e0 Ninive, la grande ville pa\u00efenne, proclame le message<\/p>\n","protected":false},"author":1,"featured_media":0,"parent":0,"menu_order":0,"comment_status":"closed","ping_status":"closed","template":"","meta":{"footnotes":""},"_links":{"self":[{"href":"http:\/\/image-bible.ch\/index.php?rest_route=\/wp\/v2\/pages\/2406"}],"collection":[{"href":"http:\/\/image-bible.ch\/index.php?rest_route=\/wp\/v2\/pages"}],"about":[{"href":"http:\/\/image-bible.ch\/index.php?rest_route=\/wp\/v2\/types\/page"}],"author":[{"embeddable":true,"href":"http:\/\/image-bible.ch\/index.php?rest_route=\/wp\/v2\/users\/1"}],"replies":[{"embeddable":true,"href":"http:\/\/image-bible.ch\/index.php?rest_route=%2Fwp%2Fv2%2Fcomments&post=2406"}],"version-history":[{"count":11,"href":"http:\/\/image-bible.ch\/index.php?rest_route=\/wp\/v2\/pages\/2406\/revisions"}],"predecessor-version":[{"id":9173,"href":"http:\/\/image-bible.ch\/index.php?rest_route=\/wp\/v2\/pages\/2406\/revisions\/9173"}],"wp:attachment":[{"href":"http:\/\/image-bible.ch\/index.php?rest_route=%2Fwp%2Fv2%2Fmedia&parent=2406"}],"curies":[{"name":"wp","href":"https:\/\/api.w.org\/{rel}","templated":true}]}}