{"id":2414,"date":"2021-03-16T16:59:35","date_gmt":"2021-03-16T15:59:35","guid":{"rendered":"http:\/\/image-bible.ch\/?page_id=2414"},"modified":"2024-11-08T18:41:36","modified_gmt":"2024-11-08T17:41:36","slug":"27-8-kt-enfants","status":"publish","type":"page","link":"http:\/\/image-bible.ch\/?page_id=2414","title":{"rendered":"E27.8 KT enfants"},"content":{"rendered":"<p style=\"text-align: center;\"><span style=\"font-family: 'comic sans ms', sans-serif; font-size: 14pt;\">E27.8<\/span><span style=\"font-family: 'comic sans ms', sans-serif; font-size: 14pt;\"> &#8211; Rencontre avec Zach\u00e9e \/ KT enfants<\/span><\/p>\n<p>Un chant : Zach\u00e9e descend de ton arbre (Jo Akepsimas &#8211; Mannick)<a href=\"https:\/\/www.bayardmusique.com\/album\/1380\/les-tresors-de-studio-sm-chants-de-catechese-collectif\"> Chant sur Zach\u00e9e<\/a><\/p>\n<p>Diff\u00e9rentes animation autour de\u00a0 <a href=\"https:\/\/www.kt42.fr\/2017\/07\/jeux-et-activites-cate-sur-zachee.html\">Zach\u00e9e<\/a><\/p>\n<p>Module <a href=\"https:\/\/catechese-par-la-parole.catholique.fr\/02-zachee-bienvenue\">par la Parole Zach\u00e9e<\/a><\/p>\n<div id='gallery-1' class='gallery galleryid-2414 gallery-columns-3 gallery-size-medium'><figure class='gallery-item'>\n\t\t\t<div class='gallery-icon landscape'>\n\t\t\t\t<a href='http:\/\/image-bible.ch\/?attachment_id=8085'><img loading=\"lazy\" decoding=\"async\" width=\"300\" height=\"241\" src=\"http:\/\/image-bible.ch\/wp-content\/uploads\/Jesus-rencontre-_-Zachee-09-300x241.jpg\" class=\"attachment-medium size-medium\" alt=\"\" srcset=\"http:\/\/image-bible.ch\/wp-content\/uploads\/Jesus-rencontre-_-Zachee-09-300x241.jpg 300w, http:\/\/image-bible.ch\/wp-content\/uploads\/Jesus-rencontre-_-Zachee-09-1024x823.jpg 1024w, http:\/\/image-bible.ch\/wp-content\/uploads\/Jesus-rencontre-_-Zachee-09-768x617.jpg 768w, http:\/\/image-bible.ch\/wp-content\/uploads\/Jesus-rencontre-_-Zachee-09.jpg 1493w\" sizes=\"(max-width: 300px) 100vw, 300px\" \/><\/a>\n\t\t\t<\/div><\/figure><figure class='gallery-item'>\n\t\t\t<div class='gallery-icon portrait'>\n\t\t\t\t<a href='http:\/\/image-bible.ch\/?attachment_id=8084'><img loading=\"lazy\" decoding=\"async\" width=\"205\" height=\"300\" src=\"http:\/\/image-bible.ch\/wp-content\/uploads\/Jesus-rencontre-_-Zachee-08-205x300.jpg\" class=\"attachment-medium size-medium\" alt=\"\" srcset=\"http:\/\/image-bible.ch\/wp-content\/uploads\/Jesus-rencontre-_-Zachee-08-205x300.jpg 205w, http:\/\/image-bible.ch\/wp-content\/uploads\/Jesus-rencontre-_-Zachee-08-700x1024.jpg 700w, http:\/\/image-bible.ch\/wp-content\/uploads\/Jesus-rencontre-_-Zachee-08-768x1124.jpg 768w, http:\/\/image-bible.ch\/wp-content\/uploads\/Jesus-rencontre-_-Zachee-08-1050x1536.jpg 1050w, http:\/\/image-bible.ch\/wp-content\/uploads\/Jesus-rencontre-_-Zachee-08-1400x2048.jpg 1400w, http:\/\/image-bible.ch\/wp-content\/uploads\/Jesus-rencontre-_-Zachee-08.jpg 1468w\" sizes=\"(max-width: 205px) 100vw, 205px\" \/><\/a>\n\t\t\t<\/div><\/figure><figure class='gallery-item'>\n\t\t\t<div class='gallery-icon portrait'>\n\t\t\t\t<a href='http:\/\/image-bible.ch\/?attachment_id=8083'><img loading=\"lazy\" decoding=\"async\" width=\"255\" height=\"300\" src=\"http:\/\/image-bible.ch\/wp-content\/uploads\/Jesus-rencontre-_-Zachee-07-255x300.jpg\" class=\"attachment-medium size-medium\" alt=\"\" srcset=\"http:\/\/image-bible.ch\/wp-content\/uploads\/Jesus-rencontre-_-Zachee-07-255x300.jpg 255w, http:\/\/image-bible.ch\/wp-content\/uploads\/Jesus-rencontre-_-Zachee-07-768x905.jpg 768w, http:\/\/image-bible.ch\/wp-content\/uploads\/Jesus-rencontre-_-Zachee-07.jpg 798w\" sizes=\"(max-width: 255px) 100vw, 255px\" \/><\/a>\n\t\t\t<\/div><\/figure><figure class='gallery-item'>\n\t\t\t<div class='gallery-icon portrait'>\n\t\t\t\t<a href='http:\/\/image-bible.ch\/?attachment_id=8082'><img loading=\"lazy\" decoding=\"async\" width=\"208\" height=\"300\" src=\"http:\/\/image-bible.ch\/wp-content\/uploads\/Jesus-rencontre-_-Zachee-06-208x300.jpg\" class=\"attachment-medium size-medium\" alt=\"\" aria-describedby=\"gallery-1-8082\" srcset=\"http:\/\/image-bible.ch\/wp-content\/uploads\/Jesus-rencontre-_-Zachee-06-208x300.jpg 208w, http:\/\/image-bible.ch\/wp-content\/uploads\/Jesus-rencontre-_-Zachee-06-710x1024.jpg 710w, http:\/\/image-bible.ch\/wp-content\/uploads\/Jesus-rencontre-_-Zachee-06-768x1107.jpg 768w, http:\/\/image-bible.ch\/wp-content\/uploads\/Jesus-rencontre-_-Zachee-06-1065x1536.jpg 1065w, http:\/\/image-bible.ch\/wp-content\/uploads\/Jesus-rencontre-_-Zachee-06-1421x2048.jpg 1421w, http:\/\/image-bible.ch\/wp-content\/uploads\/Jesus-rencontre-_-Zachee-06.jpg 1757w\" sizes=\"(max-width: 208px) 100vw, 208px\" \/><\/a>\n\t\t\t<\/div>\n\t\t\t\t<figcaption class='wp-caption-text gallery-caption' id='gallery-1-8082'>\n\t\t\t\t4.0.3\n\t\t\t\t<\/figcaption><\/figure><figure class='gallery-item'>\n\t\t\t<div class='gallery-icon portrait'>\n\t\t\t\t<a href='http:\/\/image-bible.ch\/?attachment_id=8081'><img loading=\"lazy\" decoding=\"async\" width=\"205\" height=\"300\" src=\"http:\/\/image-bible.ch\/wp-content\/uploads\/Jesus-rencontre-_-Zachee-05-205x300.jpg\" class=\"attachment-medium size-medium\" alt=\"\" srcset=\"http:\/\/image-bible.ch\/wp-content\/uploads\/Jesus-rencontre-_-Zachee-05-205x300.jpg 205w, http:\/\/image-bible.ch\/wp-content\/uploads\/Jesus-rencontre-_-Zachee-05-699x1024.jpg 699w, http:\/\/image-bible.ch\/wp-content\/uploads\/Jesus-rencontre-_-Zachee-05-768x1124.jpg 768w, http:\/\/image-bible.ch\/wp-content\/uploads\/Jesus-rencontre-_-Zachee-05-1049x1536.jpg 1049w, http:\/\/image-bible.ch\/wp-content\/uploads\/Jesus-rencontre-_-Zachee-05-1399x2048.jpg 1399w, http:\/\/image-bible.ch\/wp-content\/uploads\/Jesus-rencontre-_-Zachee-05.jpg 1465w\" sizes=\"(max-width: 205px) 100vw, 205px\" \/><\/a>\n\t\t\t<\/div><\/figure><figure class='gallery-item'>\n\t\t\t<div class='gallery-icon portrait'>\n\t\t\t\t<a href='http:\/\/image-bible.ch\/?attachment_id=8080'><img loading=\"lazy\" decoding=\"async\" width=\"204\" height=\"300\" src=\"http:\/\/image-bible.ch\/wp-content\/uploads\/Jesus-rencontre-_-Zachee-04-204x300.jpg\" class=\"attachment-medium size-medium\" alt=\"\" srcset=\"http:\/\/image-bible.ch\/wp-content\/uploads\/Jesus-rencontre-_-Zachee-04-204x300.jpg 204w, http:\/\/image-bible.ch\/wp-content\/uploads\/Jesus-rencontre-_-Zachee-04-697x1024.jpg 697w, http:\/\/image-bible.ch\/wp-content\/uploads\/Jesus-rencontre-_-Zachee-04-768x1128.jpg 768w, http:\/\/image-bible.ch\/wp-content\/uploads\/Jesus-rencontre-_-Zachee-04-1046x1536.jpg 1046w, http:\/\/image-bible.ch\/wp-content\/uploads\/Jesus-rencontre-_-Zachee-04-1395x2048.jpg 1395w, http:\/\/image-bible.ch\/wp-content\/uploads\/Jesus-rencontre-_-Zachee-04.jpg 1459w\" sizes=\"(max-width: 204px) 100vw, 204px\" \/><\/a>\n\t\t\t<\/div><\/figure><figure class='gallery-item'>\n\t\t\t<div class='gallery-icon portrait'>\n\t\t\t\t<a href='http:\/\/image-bible.ch\/?attachment_id=8079'><img loading=\"lazy\" decoding=\"async\" width=\"204\" height=\"300\" src=\"http:\/\/image-bible.ch\/wp-content\/uploads\/Jesus-rencontre-_-Zachee-03-204x300.jpg\" class=\"attachment-medium size-medium\" alt=\"\" srcset=\"http:\/\/image-bible.ch\/wp-content\/uploads\/Jesus-rencontre-_-Zachee-03-204x300.jpg 204w, http:\/\/image-bible.ch\/wp-content\/uploads\/Jesus-rencontre-_-Zachee-03-697x1024.jpg 697w, http:\/\/image-bible.ch\/wp-content\/uploads\/Jesus-rencontre-_-Zachee-03-768x1129.jpg 768w, http:\/\/image-bible.ch\/wp-content\/uploads\/Jesus-rencontre-_-Zachee-03-1045x1536.jpg 1045w, http:\/\/image-bible.ch\/wp-content\/uploads\/Jesus-rencontre-_-Zachee-03-1393x2048.jpg 1393w, http:\/\/image-bible.ch\/wp-content\/uploads\/Jesus-rencontre-_-Zachee-03.jpg 1453w\" sizes=\"(max-width: 204px) 100vw, 204px\" \/><\/a>\n\t\t\t<\/div><\/figure><figure class='gallery-item'>\n\t\t\t<div class='gallery-icon portrait'>\n\t\t\t\t<a href='http:\/\/image-bible.ch\/?attachment_id=8078'><img loading=\"lazy\" decoding=\"async\" width=\"216\" height=\"300\" src=\"http:\/\/image-bible.ch\/wp-content\/uploads\/Jesus-rencontre-_-Zachee-02-216x300.jpg\" class=\"attachment-medium size-medium\" alt=\"\" srcset=\"http:\/\/image-bible.ch\/wp-content\/uploads\/Jesus-rencontre-_-Zachee-02-216x300.jpg 216w, http:\/\/image-bible.ch\/wp-content\/uploads\/Jesus-rencontre-_-Zachee-02-736x1024.jpg 736w, http:\/\/image-bible.ch\/wp-content\/uploads\/Jesus-rencontre-_-Zachee-02-768x1069.jpg 768w, http:\/\/image-bible.ch\/wp-content\/uploads\/Jesus-rencontre-_-Zachee-02-1104x1536.jpg 1104w, http:\/\/image-bible.ch\/wp-content\/uploads\/Jesus-rencontre-_-Zachee-02-1472x2048.jpg 1472w, http:\/\/image-bible.ch\/wp-content\/uploads\/Jesus-rencontre-_-Zachee-02.jpg 1537w\" sizes=\"(max-width: 216px) 100vw, 216px\" \/><\/a>\n\t\t\t<\/div><\/figure><figure class='gallery-item'>\n\t\t\t<div class='gallery-icon portrait'>\n\t\t\t\t<a href='http:\/\/image-bible.ch\/?attachment_id=8077'><img loading=\"lazy\" decoding=\"async\" width=\"197\" height=\"300\" src=\"http:\/\/image-bible.ch\/wp-content\/uploads\/Jesus-rencontre-_-Zachee-01-197x300.jpg\" class=\"attachment-medium size-medium\" alt=\"\" srcset=\"http:\/\/image-bible.ch\/wp-content\/uploads\/Jesus-rencontre-_-Zachee-01-197x300.jpg 197w, http:\/\/image-bible.ch\/wp-content\/uploads\/Jesus-rencontre-_-Zachee-01-674x1024.jpg 674w, http:\/\/image-bible.ch\/wp-content\/uploads\/Jesus-rencontre-_-Zachee-01-768x1167.jpg 768w, http:\/\/image-bible.ch\/wp-content\/uploads\/Jesus-rencontre-_-Zachee-01-1011x1536.jpg 1011w, http:\/\/image-bible.ch\/wp-content\/uploads\/Jesus-rencontre-_-Zachee-01-1348x2048.jpg 1348w, http:\/\/image-bible.ch\/wp-content\/uploads\/Jesus-rencontre-_-Zachee-01.jpg 1408w\" sizes=\"(max-width: 197px) 100vw, 197px\" \/><\/a>\n\t\t\t<\/div><\/figure>\n\t\t<\/div>\n\n","protected":false},"excerpt":{"rendered":"<p>E27.8 &#8211; Rencontre avec Zach\u00e9e \/ KT enfants Un chant : Zach\u00e9e descend de ton arbre (Jo Akepsimas &#8211; Mannick) Chant sur Zach\u00e9e Diff\u00e9rentes animation autour de\u00a0 Zach\u00e9e Module par la Parole Zach\u00e9e<\/p>\n","protected":false},"author":1,"featured_media":0,"parent":0,"menu_order":0,"comment_status":"closed","ping_status":"closed","template":"","meta":{"footnotes":""},"_links":{"self":[{"href":"http:\/\/image-bible.ch\/index.php?rest_route=\/wp\/v2\/pages\/2414"}],"collection":[{"href":"http:\/\/image-bible.ch\/index.php?rest_route=\/wp\/v2\/pages"}],"about":[{"href":"http:\/\/image-bible.ch\/index.php?rest_route=\/wp\/v2\/types\/page"}],"author":[{"embeddable":true,"href":"http:\/\/image-bible.ch\/index.php?rest_route=\/wp\/v2\/users\/1"}],"replies":[{"embeddable":true,"href":"http:\/\/image-bible.ch\/index.php?rest_route=%2Fwp%2Fv2%2Fcomments&post=2414"}],"version-history":[{"count":9,"href":"http:\/\/image-bible.ch\/index.php?rest_route=\/wp\/v2\/pages\/2414\/revisions"}],"predecessor-version":[{"id":9176,"href":"http:\/\/image-bible.ch\/index.php?rest_route=\/wp\/v2\/pages\/2414\/revisions\/9176"}],"wp:attachment":[{"href":"http:\/\/image-bible.ch\/index.php?rest_route=%2Fwp%2Fv2%2Fmedia&parent=2414"}],"curies":[{"name":"wp","href":"https:\/\/api.w.org\/{rel}","templated":true}]}}