{"id":2418,"date":"2021-03-16T17:00:12","date_gmt":"2021-03-16T16:00:12","guid":{"rendered":"http:\/\/image-bible.ch\/?page_id=2418"},"modified":"2021-03-29T17:14:07","modified_gmt":"2021-03-29T15:14:07","slug":"27-10-divers-video-references","status":"publish","type":"page","link":"http:\/\/image-bible.ch\/?page_id=2418","title":{"rendered":"E27.10 \/ Divers Vid\u00e9o &#8211; R\u00e9f\u00e9rences"},"content":{"rendered":"<p style=\"text-align: center;\"><span style=\"font-family: 'comic sans ms', sans-serif; font-size: 14pt;\">E27.10<\/span><span style=\"font-family: 'comic sans ms', sans-serif; font-size: 14pt;\"> &#8211; Rencontre avec Zach\u00e9e \/ Divers Vid\u00e9o &#8211; R\u00e9f\u00e9rences<\/span><\/p>\n<p>Texte<\/p>\n","protected":false},"excerpt":{"rendered":"<p>E27.10 &#8211; Rencontre avec Zach\u00e9e \/ Divers Vid\u00e9o &#8211; R\u00e9f\u00e9rences Texte<\/p>\n","protected":false},"author":1,"featured_media":0,"parent":0,"menu_order":0,"comment_status":"closed","ping_status":"closed","template":"","meta":{"footnotes":""},"_links":{"self":[{"href":"http:\/\/image-bible.ch\/index.php?rest_route=\/wp\/v2\/pages\/2418"}],"collection":[{"href":"http:\/\/image-bible.ch\/index.php?rest_route=\/wp\/v2\/pages"}],"about":[{"href":"http:\/\/image-bible.ch\/index.php?rest_route=\/wp\/v2\/types\/page"}],"author":[{"embeddable":true,"href":"http:\/\/image-bible.ch\/index.php?rest_route=\/wp\/v2\/users\/1"}],"replies":[{"embeddable":true,"href":"http:\/\/image-bible.ch\/index.php?rest_route=%2Fwp%2Fv2%2Fcomments&post=2418"}],"version-history":[{"count":3,"href":"http:\/\/image-bible.ch\/index.php?rest_route=\/wp\/v2\/pages\/2418\/revisions"}],"predecessor-version":[{"id":4055,"href":"http:\/\/image-bible.ch\/index.php?rest_route=\/wp\/v2\/pages\/2418\/revisions\/4055"}],"wp:attachment":[{"href":"http:\/\/image-bible.ch\/index.php?rest_route=%2Fwp%2Fv2%2Fmedia&parent=2418"}],"curies":[{"name":"wp","href":"https:\/\/api.w.org\/{rel}","templated":true}]}}