{"id":248,"date":"2021-03-02T13:34:50","date_gmt":"2021-03-02T12:34:50","guid":{"rendered":"http:\/\/image-bible.ch\/?page_id=248"},"modified":"2024-09-18T14:12:55","modified_gmt":"2024-09-18T12:12:55","slug":"bible-pauvres","status":"publish","type":"page","link":"http:\/\/image-bible.ch\/?page_id=248","title":{"rendered":"A1.1 \/ La Bible des pauvres"},"content":{"rendered":"\r\n<p style=\"text-align: center;\"><span style=\"font-size: 14pt; font-family: 'comic sans ms', sans-serif;\">A1. L&rsquo; annonciation \u00e0 Marie \/\u00a0 Bible des pauvres<\/span><\/p>\r\n<div class=\"wp-block-image\">\r\n<figure class=\"alignleft size-large is-resized\">\r\n<figcaption><em>\u00a0<\/em><\/figcaption>\r\n<\/figure>\r\n<\/div>\r\n\r\n\r\n\r\n<h2 class=\"wp-block-heading\">L&rsquo;annonciation<\/h2>\r\n\r\n\r\n\r\n\r\n\r\n<p><img loading=\"lazy\" decoding=\"async\" class=\"alignnone  wp-image-5356\" src=\"http:\/\/image-bible.ch\/wp-content\/uploads\/2021\/05\/1.-Annonciation-201x300.png\" alt=\"\" width=\"283\" height=\"422\" srcset=\"http:\/\/image-bible.ch\/wp-content\/uploads\/2021\/05\/1.-Annonciation-201x300.png 201w, http:\/\/image-bible.ch\/wp-content\/uploads\/2021\/05\/1.-Annonciation.png 269w\" sizes=\"(max-width: 283px) 100vw, 283px\" \/><\/p>\r\n<p>Diaporama sur cette page de la Bible : <a href=\"http:\/\/image-bible.ch\/wp-content\/uploads\/2021\/05\/1.-Annonciation.pptx\">1. Annonciation<\/a><\/p>\r\n<p style=\"text-align: justify;\"><strong>Types : <\/strong>Adam et \u00c8ve chass\u00e9 du paradis &#8211; G\u00e9d\u00e9on devant la toison <br \/><strong>Antitype :<\/strong> l\u2019Annonciation<\/p>\r\n\r\n\r\n\r\n<p style=\"text-align: justify;\">Dans la Gen\u00e8se on lit :\u00a0 le Seigneur parla au <strong>serpent<\/strong> : \u00ab sur ton ventre tu devras ramper\u00a0\u00bb. Et plus loin on lit sur le serpent et la femme : \u00ab\u00a0elle t\u2019\u00e9crasera la t\u00eate et tu l\u2019atteindras au talon\u00a0\u00bb. En effet cela <em>se r\u00e9alisa<\/em> par <strong>l\u2019annonciation<\/strong> \u00e0 la glorieuse Vierge Marie.<\/p>\r\n\r\n\r\n\r\n<p style=\"text-align: justify;\"><em><span class=\"has-inline-color has-vivid-red-color\">Gn 3,14-15 : \u00a0\u00a0Alors Yahv\u00e9 Dieu dit au serpent : Parce que tu as fait cela, maudit sois-tu entre tous les bestiaux et toutes les b\u00eates sauvages. Tu marcheras sur ton ventre et tu mangeras de la terre tous les jours de ta vie.\u00a0Je mettrai une hostilit\u00e9 entre toi et la femme, entre ton lignage et le sien. Il t&rsquo;\u00e9crasera la t\u00eate et tu l&rsquo;atteindras au talon<\/span><span class=\"has-inline-color has-vivid-purple-color\">.<\/span><\/em><\/p>\r\n\r\n\r\n\r\n<p style=\"text-align: justify;\">Dans le livre des Juges on lit : <strong>G\u00e9d\u00e9on<\/strong> demanda un signe du Seigneur pour sa victoire : <em>la toison seule devait \u00eatre mouill\u00e9e<\/em>. Cela est une bonne <em>pr\u00e9figuration<\/em> de la glorieuse <strong>Vierge<\/strong>, qui par la force de l\u2019Esprit-Saint, sans blessure de son corps devait accueillir un enfant.<\/p>\r\n\r\n\r\n\r\n<p style=\"text-align: justify;\"><em><span class=\"has-inline-color has-vivid-red-color\">Ju 6,37-40 : \u00a0\u00a0G\u00e9d\u00e9on dit \u00e0 Dieu : \u00ab Si vraiment tu veux d\u00e9livrer Isra\u00ebl par ma main, comme tu l&rsquo;as dit,37.\u00a0voici que j&rsquo;\u00e9tends sur l&rsquo;aire une toison de laine; s&rsquo;il y a de la ros\u00e9e seulement sur la toison et que tout le sol reste sec, alors je saurai que tu d\u00e9livreras Isra\u00ebl par ma main, comme tu l&rsquo;as dit. \u00bb\u00a0Et il en fut ainsi. G\u00e9d\u00e9on se leva le lendemain de bon matin, il pressa la toison et, de la toison, il exprima la ros\u00e9e, une pleine coupe d&rsquo;eau.\u00a0G\u00e9d\u00e9on dit encore \u00e0 Dieu : \u00ab Ne t&rsquo;irrite pas contre moi si je parle encore une fois. Permets que je fasse une derni\u00e8re fois l&rsquo;\u00e9preuve de la toison : qu&rsquo;il n&rsquo;y ait de sec que la seule toison et qu&rsquo;il y ait de la ros\u00e9e sur tout le sol! \u00bb\u00a0Et Dieu fit ainsi en cette nuit-l\u00e0. La toison seule resta s\u00e8che et il y eut de la ros\u00e9e sur tout le sol.<\/span><\/em><\/p>\r\n\r\n\r\n\r\n<p style=\"text-align: justify;\"><em><span class=\"has-inline-color has-vivid-red-color\">Ps 70,6 : Toi, mon soutien d\u00e8s avant ma naissance,<\/span><\/em><br \/><em><span class=\"has-inline-color has-vivid-red-color\">tu m&rsquo;as choisi d\u00e8s le ventre de ma m\u00e8re ; tu seras ma louange toujours !<\/span><\/em><\/p>\r\n\r\n\r\n\r\n<p style=\"text-align: justify;\"><em><span class=\"has-inline-color has-vivid-red-color\">Jr 31,22 : Combien de temps, fille rebelle, vas-tu encore vagabonder\u00a0? <\/span><\/em><br \/><em><span class=\"has-inline-color has-vivid-red-color\">Le Seigneur cr\u00e9e du nouveau dans le pays\u00a0: la femme entourera l\u2019homme\u00a0!<\/span><\/em><\/p>\r\n\r\n\r\n\r\n<p style=\"text-align: justify;\"><em><span class=\"has-inline-color has-vivid-red-color\">Es 7,14 : C\u2019est pourquoi le Seigneur lui-m\u00eame vous donnera un signe\u00a0: <\/span><\/em><br \/><em><span class=\"has-inline-color has-vivid-red-color\">Voici que la vierge est enceinte, elle enfantera un fils, qu\u2019elle appellera Emmanuel (c\u2019est-\u00e0-dire\u00a0: Dieu-avec-nous).<\/span><\/em><\/p>\r\n\r\n\r\n\r\n<p style=\"text-align: justify;\"><em><span class=\"has-inline-color has-vivid-red-color\">Ez 44,2 : Le Seigneur me dit\u00a0: \u00ab\u00a0Cette porte restera ferm\u00e9e\u00a0; <\/span><\/em><br \/><em><span class=\"has-inline-color has-vivid-red-color\">on ne l\u2019ouvrira pas\u00a0; personne n\u2019entrera par l\u00e0\u00a0; <\/span><\/em><br \/><em><span class=\"has-inline-color has-vivid-red-color\">car le Seigneur, le Dieu d\u2019Isra\u00ebl, est entr\u00e9 par l\u00e0\u00a0; elle restera ferm\u00e9e.<\/span><\/em><\/p>\r\n<p>Tapisserie de la Chaise-Dieu :<\/p>\r\n<p><img loading=\"lazy\" decoding=\"async\" class=\"alignnone  wp-image-8832\" src=\"http:\/\/image-bible.ch\/wp-content\/uploads\/1.-Annonciation-Eve-serpent-Toison-1-300x286.jpg\" alt=\"\" width=\"605\" height=\"577\" srcset=\"http:\/\/image-bible.ch\/wp-content\/uploads\/1.-Annonciation-Eve-serpent-Toison-1-300x286.jpg 300w, http:\/\/image-bible.ch\/wp-content\/uploads\/1.-Annonciation-Eve-serpent-Toison-1-1024x976.jpg 1024w, http:\/\/image-bible.ch\/wp-content\/uploads\/1.-Annonciation-Eve-serpent-Toison-1-768x732.jpg 768w, http:\/\/image-bible.ch\/wp-content\/uploads\/1.-Annonciation-Eve-serpent-Toison-1-1536x1464.jpg 1536w, http:\/\/image-bible.ch\/wp-content\/uploads\/1.-Annonciation-Eve-serpent-Toison-1-2048x1952.jpg 2048w\" sizes=\"(max-width: 605px) 100vw, 605px\" \/><\/p>\r\n<p>Eve serpent &#8211; Annonciation &#8211; Toison<\/p>\r\n","protected":false},"excerpt":{"rendered":"<p>A1. L&rsquo; annonciation \u00e0 Marie \/\u00a0 Bible des pauvres \u00a0 L&rsquo;annonciation Diaporama sur cette page de la Bible : 1. Annonciation Types : Adam et \u00c8ve chass\u00e9 du paradis &#8211; G\u00e9d\u00e9on devant la toison Antitype : l\u2019Annonciation Dans la Gen\u00e8se<\/p>\n","protected":false},"author":1,"featured_media":0,"parent":21,"menu_order":1,"comment_status":"closed","ping_status":"closed","template":"","meta":{"footnotes":""},"_links":{"self":[{"href":"http:\/\/image-bible.ch\/index.php?rest_route=\/wp\/v2\/pages\/248"}],"collection":[{"href":"http:\/\/image-bible.ch\/index.php?rest_route=\/wp\/v2\/pages"}],"about":[{"href":"http:\/\/image-bible.ch\/index.php?rest_route=\/wp\/v2\/types\/page"}],"author":[{"embeddable":true,"href":"http:\/\/image-bible.ch\/index.php?rest_route=\/wp\/v2\/users\/1"}],"replies":[{"embeddable":true,"href":"http:\/\/image-bible.ch\/index.php?rest_route=%2Fwp%2Fv2%2Fcomments&post=248"}],"version-history":[{"count":35,"href":"http:\/\/image-bible.ch\/index.php?rest_route=\/wp\/v2\/pages\/248\/revisions"}],"predecessor-version":[{"id":8888,"href":"http:\/\/image-bible.ch\/index.php?rest_route=\/wp\/v2\/pages\/248\/revisions\/8888"}],"up":[{"embeddable":true,"href":"http:\/\/image-bible.ch\/index.php?rest_route=\/wp\/v2\/pages\/21"}],"wp:attachment":[{"href":"http:\/\/image-bible.ch\/index.php?rest_route=%2Fwp%2Fv2%2Fmedia&parent=248"}],"curies":[{"name":"wp","href":"https:\/\/api.w.org\/{rel}","templated":true}]}}