{"id":2628,"date":"2021-03-18T19:52:26","date_gmt":"2021-03-18T18:52:26","guid":{"rendered":"http:\/\/image-bible.ch\/?page_id=2628"},"modified":"2024-08-20T16:14:56","modified_gmt":"2024-08-20T14:14:56","slug":"f-passion-et-mort","status":"publish","type":"page","link":"http:\/\/image-bible.ch\/?page_id=2628","title":{"rendered":"F &#8211; Passion et Mort"},"content":{"rendered":"<table style=\"border-collapse: collapse; width: 100%;\">\n<tbody>\n<tr>\n<td style=\"width: 100%;\"><em><span style=\"font-size: 10pt;\">F28. <a href=\"http:\/\/image-bible.ch\/?page_id=113\">L\u2019entr\u00e9e de J\u00e9sus \u00e0 J\u00e9rusalem &#8211; <\/a>F29.<a href=\"http:\/\/image-bible.ch\/?page_id=2731\"> Derni\u00e8re c\u00e8ne &#8211; <\/a>F30.<a href=\"http:\/\/image-bible.ch\/?page_id=2719\"> Lavement des pieds &#8211; <\/a>F31. <a href=\"http:\/\/image-bible.ch\/?page_id=2721\">Agonie du Christ \u00e0 Geths\u00e9mani<\/a> &#8211; F32. <a href=\"http:\/\/image-bible.ch\/?page_id=2723\">Judas vend J\u00e9sus<\/a> &#8211;\u00a0 F33. <a href=\"http:\/\/image-bible.ch\/?page_id=2725\">Judas prend l&rsquo;argent<\/a> &#8211; F34. <a href=\"http:\/\/image-bible.ch\/?page_id=2727\">Baiser de Judas &#8211; Arrestation de J\u00e9sus<\/a>\u00a0 &#8211; F35. <a href=\"http:\/\/image-bible.ch\/?page_id=98\">Judas se pend<\/a> &#8211; F36.<a href=\"http:\/\/image-bible.ch\/?page_id=96\"> J\u00e9sus devant Pilate &#8211; <\/a><\/span><\/em><em><span style=\"font-size: 10pt;\">F37.<a href=\"http:\/\/image-bible.ch\/?page_id=94\">\u00a0 Couronne d\u2019\u00e9pine \u2013 Moquerie &#8211; <\/a>F38. <a href=\"http:\/\/image-bible.ch\/?page_id=92\">La flagellation<\/a> &#8211; F39. \u00a0<a href=\"http:\/\/image-bible.ch\/?page_id=90\">J\u00e9sus porte sa croix<\/a> &#8211; F40. \u00a0<a href=\"http:\/\/image-bible.ch\/?page_id=88\">J\u00e9sus crucifi\u00e9<\/a>\u00a0&#8211; F41.<a href=\"http:\/\/image-bible.ch\/?page_id=86\"> Mort de J\u00e9sus \u2013 Le c\u00f4t\u00e9 transperc\u00e9 du Christ &#8211; <\/a>F42.<a href=\"http:\/\/image-bible.ch\/?page_id=84\"> Mise au tombeau &#8211; <\/a>F43.<a href=\"http:\/\/image-bible.ch\/?page_id=82\"> Descente au s\u00e9jour des morts<\/a><\/span><\/em><\/td>\n<\/tr>\n<\/tbody>\n<\/table>\n<h2 style=\"text-align: center;\"><span style=\"font-family: 'book antiqua', palatino, serif;\"><strong>F &#8211; Passion et Mort<\/strong><\/span><\/h2>\n<h4 style=\"text-align: center;\"><span style=\"font-family: 'book antiqua', palatino, serif;\">Pr\u00e9sentation<\/span><\/h4>\n<p class=\"Normallivre\"><i>De l\u2019entr\u00e9e triomphale de J\u00e9sus \u00e0 J\u00e9rusalem \u00e0 la mort et la mise au tombeau, nous mesurons l\u2019immensit\u00e9 de l\u2019amour de J\u00e9sus, qui se livre tout entier aux hommes, en accomplissant la volont\u00e9 de salut de Dieu son P\u00e8re.<\/i><\/p>\n<p class=\"Normallivre\">\n<p>&nbsp;<\/p>\n","protected":false},"excerpt":{"rendered":"<p>F28. L\u2019entr\u00e9e de J\u00e9sus \u00e0 J\u00e9rusalem &#8211; F29. Derni\u00e8re c\u00e8ne &#8211; F30. Lavement des pieds &#8211; F31. Agonie du Christ \u00e0 Geths\u00e9mani &#8211; F32. Judas vend J\u00e9sus &#8211;\u00a0 F33. Judas prend l&rsquo;argent &#8211; F34. Baiser de Judas &#8211; Arrestation de<\/p>\n","protected":false},"author":1,"featured_media":0,"parent":0,"menu_order":0,"comment_status":"closed","ping_status":"closed","template":"","meta":{"footnotes":""},"_links":{"self":[{"href":"http:\/\/image-bible.ch\/index.php?rest_route=\/wp\/v2\/pages\/2628"}],"collection":[{"href":"http:\/\/image-bible.ch\/index.php?rest_route=\/wp\/v2\/pages"}],"about":[{"href":"http:\/\/image-bible.ch\/index.php?rest_route=\/wp\/v2\/types\/page"}],"author":[{"embeddable":true,"href":"http:\/\/image-bible.ch\/index.php?rest_route=\/wp\/v2\/users\/1"}],"replies":[{"embeddable":true,"href":"http:\/\/image-bible.ch\/index.php?rest_route=%2Fwp%2Fv2%2Fcomments&post=2628"}],"version-history":[{"count":29,"href":"http:\/\/image-bible.ch\/index.php?rest_route=\/wp\/v2\/pages\/2628\/revisions"}],"predecessor-version":[{"id":7343,"href":"http:\/\/image-bible.ch\/index.php?rest_route=\/wp\/v2\/pages\/2628\/revisions\/7343"}],"wp:attachment":[{"href":"http:\/\/image-bible.ch\/index.php?rest_route=%2Fwp%2Fv2%2Fmedia&parent=2628"}],"curies":[{"name":"wp","href":"https:\/\/api.w.org\/{rel}","templated":true}]}}