{"id":268,"date":"2021-03-02T16:37:06","date_gmt":"2021-03-02T15:37:06","guid":{"rendered":"http:\/\/image-bible.ch\/?page_id=268"},"modified":"2021-09-13T16:35:05","modified_gmt":"2021-09-13T14:35:05","slug":"21-bible-nouveau-testament","status":"publish","type":"page","link":"http:\/\/image-bible.ch\/?page_id=268","title":{"rendered":"A1.3 \/ Nouveau-Testament"},"content":{"rendered":"<p style=\"text-align: center;\"><span style=\"font-size: 14pt; font-family: 'comic sans ms', sans-serif;\">A1. L\u2019 Annonciation \u00e0 Marie \/ Nouveau-Testament<\/span><\/p>\n<p><img loading=\"lazy\" decoding=\"async\" class=\"alignnone wp-image-5358\" src=\"http:\/\/image-bible.ch\/wp-content\/uploads\/2021\/05\/1.-c-Annonciation.png\" alt=\"\" width=\"232\" height=\"323\" \/><\/p>\n<p>Lc 1,26-38 (l<strong>es personnages en gras<\/strong>, <em>mot important en italique, <span style=\"color: #008000;\">lieu en vert<\/span>, <span style=\"color: #ff0000;\">en rouge les clefs du texte<\/span>)<\/em><\/p>\n<p><span style=\"color: #0000ff;\"><sup>26<\/sup><\/span> <em>Le <span style=\"color: #993300;\">sixi\u00e8me mois<\/span><\/em>, <strong>l\u2019ange Gabriel<\/strong> fut envoy\u00e9 par Dieu dans une ville de <span style=\"color: #339966;\"><strong>Galil\u00e9e<\/strong><\/span>, appel\u00e9e <span style=\"color: #339966;\"><strong>Nazareth<\/strong><\/span>, <span style=\"color: #0000ff;\"><sup>27 <\/sup><\/span>\u00e0 une jeune fille <em>vierge<\/em>, accord\u00e9e en mariage \u00e0 un homme de la maison de David, appel\u00e9<strong> Joseph<\/strong>\u00a0; et le nom de la jeune fille \u00e9tait <strong>Marie<\/strong>.<\/p>\n<p><span style=\"color: #0000ff;\"><sup>28<\/sup><\/span> <strong>L\u2019ange<\/strong> entra chez elle et dit\u00a0: \u00ab\u00a0<span style=\"color: #ff0000;\"><em>Je te salue, Combl\u00e9e-de-gr\u00e2ce, le Seigneur est avec toi<\/em><\/span>.\u00a0\u00bb<\/p>\n<p><span style=\"color: #0000ff;\"><sup>29<\/sup><\/span> \u00c0 cette parole, elle fut toute <em>boulevers\u00e9e<\/em>, et elle se demandait ce que pouvait <em>signifier<\/em> cette salutation.<\/p>\n<p><span style=\"color: #0000ff;\"><sup>30<\/sup><\/span> <strong>L\u2019ange<\/strong> lui dit alors\u00a0: \u00ab\u00a0<span style=\"color: #ff0000;\">Sois <em>sans crainte<\/em><\/span>, Marie, car tu as <em>trouv\u00e9 gr\u00e2ce<\/em> aupr\u00e8s de Dieu.<\/p>\n<p><span style=\"color: #0000ff;\"><sup>31<\/sup><\/span> Voici que tu vas <span style=\"color: #ff0000;\"><em>concevoir et enfanter un fils<\/em><\/span>\u00a0; tu lui donneras <em>le nom de <strong>J\u00e9sus<\/strong><\/em><strong>.<\/strong><\/p>\n<p><span style=\"color: #0000ff;\"><sup>32 <\/sup><\/span>Il sera grand, il sera appel\u00e9 <em>Fils du Tr\u00e8s-Haut<\/em>\u00a0; le Seigneur Dieu lui donnera <em>le tr\u00f4ne de David<\/em> son p\u00e8re\u00a0;<\/p>\n<p><span style=\"color: #0000ff;\"><sup>33<\/sup><\/span> il <em>r\u00e9gnera<\/em> pour toujours sur la maison de Jacob, et son<em> r\u00e8gne n\u2019aura pas de fin<\/em>.\u00a0\u00bb<\/p>\n<p><span style=\"color: #0000ff;\"><sup>34<\/sup><\/span> <strong>Marie<\/strong> dit \u00e0 <strong>l\u2019ange\u00a0<\/strong>: \u00ab\u00a0<em>Comment<\/em> cela va-t-il se faire puisque je ne connais pas d\u2019homme\u00a0?\u00a0\u00bb<\/p>\n<p><span style=\"color: #0000ff;\"><sup>35<\/sup><\/span><strong> L\u2019ange<\/strong> lui r\u00e9pondit\u00a0: \u00ab<strong>\u00a0<span style=\"color: #ff0000;\">L\u2019Esprit Saint<\/span><\/strong><span style=\"color: #ff0000;\"> <em>viendra sur toi<\/em><\/span>, et la puissance du Tr\u00e8s-Haut te prendra <em>sous son ombre<\/em>\u00a0; c\u2019est pourquoi celui qui va na\u00eetre sera <em>saint<\/em>, il sera appel\u00e9<span style=\"color: #ff0000;\"><strong> Fils de Dieu<\/strong><\/span>.<\/p>\n<p><span style=\"color: #0000ff;\"><sup>36<\/sup><\/span> Or voici que, dans sa vieillesse, <strong>\u00c9lisabeth<\/strong>, ta parente, a <em>con\u00e7u<\/em>, elle aussi, <em>un fils<\/em> et en est \u00e0 son<em><span style=\"color: #993300;\"> sixi\u00e8me mois<\/span>,<\/em> alors qu\u2019on l\u2019appelait la <em>femme st\u00e9rile<\/em>.<\/p>\n<p><span style=\"color: #0000ff;\"><sup>37<\/sup><\/span> <em>Car rien n\u2019est impossible \u00e0 Dieu<\/em>.\u00a0\u00bb<\/p>\n<p><span style=\"color: #0000ff;\"><sup>38<\/sup><\/span> <strong>Marie<\/strong> dit alors\u00a0: \u00ab\u00a0<span style=\"color: #ff0000;\">Voici <em>la servante du Seigneur<\/em><\/span>\u00a0; que tout m\u2019<em>advienne selon ta parole<\/em>.\u00a0\u00bb Alors l\u2019ange la quitta.<\/p>\n<p><span style=\"color: #993300;\"><strong>Vocabulaire :<\/strong><\/span><\/p>\n<p><span style=\"color: #993300;\"><strong>Ange :<\/strong> Cr\u00e9ature purement spirituelle, interm\u00e9diaire entre l&rsquo;homme et Dieu. Origine le mot grec \u00ab\u00a0agellos\u00a0\u00bb, qui signifie \u00ab\u00a0messager\u00a0\u00bb.<\/span><\/p>\n<p><span style=\"color: #993300;\"><strong>Elisabeth :<\/strong> de beth en h\u00e9breu la maison et El le nom de Dieu. La maison de Dieu.<\/span><\/p>\n<p><span style=\"color: #993300;\"><strong>Gabriel :<\/strong> en h\u00e9breu qui est avec Dieu (El)<\/span><\/p>\n<p><span class=\"ILfuVd\" style=\"color: #993300;\"><span class=\"hgKElc\"><strong>Gallil\u00e9e :<\/strong> vient de l&rsquo;h\u00e9breu galil, qui signifie \u00ab cylindre, cercle \u00bb. &#8230; Dans la Bible h\u00e9bra\u00efque, il est utilis\u00e9 avec un article d\u00e9fini (hagalil) pour d\u00e9signer la r\u00e9gion montagneuse d\u00e9limit\u00e9e par la plaine c\u00f4ti\u00e8re et des vall\u00e9es (la vall\u00e9e de Jezreel au sud, la vall\u00e9e du Jourdain \u00e0 l&rsquo;ouest et le Litani au nord).<\/span><\/span><\/p>\n<p><span style=\"color: #993300;\"><strong>J\u00e9sus :<\/strong> diminutif aram\u00e9en de <i>Yehoshuah<\/i> (h\u00e9breu), forme originale de <i>Josu\u00e9<\/i>. Le sens du mot est <i>salut<\/i>, <i>sant\u00e9.<\/i><\/span><\/p>\n<p><span style=\"color: #993300;\"><strong>Joseph :<\/strong> en h\u00e9breu <span class=\"ILfuVd\"><span class=\"hgKElc\">signifie \u00ab il augmentera \u00bb, \u00ab il ajoutera \u00bb ou \u00ab fera cro\u00eetre \u00bb.<\/span><\/span><\/span><\/p>\n<p><span style=\"color: #993300;\"><strong>Marie :<\/strong> d\u00e9rive de l&rsquo;h\u00e9breu \u00ab\u00a0Myriam\u00a0\u00bb, signifiant \u00ab\u00a0goutte de mer\u00a0\u00bb, et de l&rsquo;\u00e9gyptien \u00ab\u00a0merit\u00a0\u00bb, qui signifie \u00ab\u00a0aim\u00e9e\u00a0\u00bb<\/span><\/p>\n<p><span style=\"color: #993300;\"><strong>Nazareth :<\/strong> en h\u00e9breu, <span class=\"ILfuVd\"><span class=\"hgKElc\">signifie \u00ab\u00a0le rejeton\u00a0\u00bb ou \u00ab\u00a0le surgeon\u00a0\u00bb, tel celui annonc\u00e9 comme le Messie par le proph\u00e8te Isa\u00efe (Is.\u00a0 C&rsquo;est le lieu o\u00f9 J\u00e9sus a grandi.<\/span><\/span><\/span><\/p>\n<p><span style=\"color: #3366ff;\"><strong>Questions :<\/strong><\/span><\/p>\n<ol>\n<li><span style=\"color: #3366ff;\">A. Le d\u00e9roulement du dialogue<\/span><br \/>\n<span style=\"color: #3366ff;\">&#8211; que dit l&rsquo;ange ?<\/span><br \/>\n<span style=\"color: #3366ff;\">&#8211; que dit ou fait Marie ?<\/span><br \/>\n<span style=\"color: #3366ff;\">B. Qu&rsquo;est-il dit de l&rsquo;enfant ? (vv.31-33; v.35)<\/span><br \/>\n<span style=\"color: #3366ff;\">C. Quelle r\u00e9ponse trouvez-vous dans le texte \u00e0 la question de Marie :<\/span><br \/>\n<span style=\"color: #3366ff;\">\u00ab Comment cela se fera-t-il ? \u00bb<\/span><\/li>\n<li><span style=\"color: #3366ff;\">4. Interpr\u00e9tation<\/span><br \/>\n<span style=\"color: #3366ff;\">Comment Marie entre-t-elle dans le possible de Dieu ?<\/span><br \/>\n<span style=\"color: #3366ff;\">5. Appropriation :<\/span><br \/>\n<span style=\"color: #3366ff;\">Retour \u00e0 l&rsquo;image : que mettriez-vous dans l&rsquo;espace laiss\u00e9 vide par le peintre entre<\/span><br \/>\n<span style=\"color: #3366ff;\">Marie et l&rsquo;Ange ?<\/span><br \/>\n<span style=\"color: #3366ff;\">ou<\/span><br \/>\n<span style=\"color: #3366ff;\">Dans quelle situation aimeriez-vous oser dire : rien n&rsquo;est impossible \u00e0 Dieu ?<\/span><\/li>\n<\/ol>\n<p><strong>Sch\u00e9ma de l&rsquo;annonciation :<br \/>\n<\/strong><\/p>\n<p style=\"text-align: justify;\">Dans la Bible (A.T. comme N.T.) les annonciations de naissance : Isaac (Gn 17-18) &#8211; G\u00e9d\u00e9on (Jg 6,11-24) &#8211; Samson (Jg 13) &#8211; Samuel (1Sm 1) &#8211; Jean-Baptiste (Lc 1,5-33) &#8211; J\u00e9sus \u00e0 Joseph (Mt 1,18-35) &#8211; J\u00e9sus \u00e0 Marie (Lc 1,26-38) ont tous le m\u00eame sch\u00e9ma :<\/p>\n<p style=\"text-align: justify;\">La s\u00e9quence peut \u00eatre divis\u00e9e en cinq phases que l&rsquo;on retrouvera dans les repr\u00e9sentations artistiques de l\u2019Annonciation<sup id=\"cite_ref-3\" class=\"reference\"><a href=\"https:\/\/fr.wikipedia.org\/wiki\/L%27Annonciation#cite_note-3\">1<\/a><\/sup> , compl\u00e9t\u00e9e par 1-5-8 :<\/p>\n<ol>\n<li style=\"text-align: justify;\">pr\u00e9sentation des personnages,<\/li>\n<li style=\"text-align: justify;\"><strong><i>salutatio &#8211; salutation<\/i> :<\/strong> l\u2019ange entre et salue Marie : apparition d&rsquo;un messager (\u00ab\u00a0ange\u00a0\u00bb) qui suscite la crainte,<\/li>\n<li style=\"text-align: justify;\"><strong><i>conturbatio &#8211; surprise<\/i> :<\/strong> Marie est surprise, voire d\u00e9fiante\u00a0;<\/li>\n<li style=\"text-align: justify;\"><strong><i>annuntiatio &#8211; annonce<\/i> :<\/strong> l\u2019ange annonce \u00e0 Marie sa maternit\u00e9 divine : message de la part de Dieu,<\/li>\n<li style=\"text-align: justify;\">objection de la personne,<\/li>\n<li style=\"text-align: justify;\"><strong><i>quomodo &#8211; question \/ interrogation<\/i> :<\/strong> en r\u00e9ponse \u00e0 Marie, l&rsquo;ange explique comment cela arrivera : r\u00e9ponse du messager, avec un signe \u00e0 l&rsquo;appui,<\/li>\n<li style=\"text-align: justify;\"><strong><i>acceptatio &#8211; acceptation<\/i> :<\/strong> Marie se soumet \u00e0 la d\u00e9cision divine.<\/li>\n<li style=\"text-align: justify;\">r\u00e9alisation de l&rsquo;annonce\u00a0: la naissance.<\/li>\n<\/ol>\n<p><center><strong>Les cinq \u00e9tapes de l&rsquo;Annonciation<\/strong><sup id=\"cite_ref-4\" class=\"reference\"><a href=\"https:\/\/fr.wikipedia.org\/wiki\/L%27Annonciation#cite_note-4\">2<\/a><\/sup><\/center><\/p>\n<ul class=\"gallery mw-gallery-packed\">\n<li class=\"gallerybox\">\n<div>\n<div class=\"thumb\">\n<div><a class=\"image\" href=\"https:\/\/commons.wikimedia.org\/wiki\/File:Simone_Martini_-_Annonciation.jpg?uselang=fr\"><img loading=\"lazy\" decoding=\"async\" src=\"https:\/\/upload.wikimedia.org\/wikipedia\/commons\/thumb\/d\/d0\/Simone_Martini_-_Annonciation.jpg\/185px-Simone_Martini_-_Annonciation.jpg\" srcset=\"\/\/upload.wikimedia.org\/wikipedia\/commons\/thumb\/d\/d0\/Simone_Martini_-_Annonciation.jpg\/278px-Simone_Martini_-_Annonciation.jpg 1.5x, \/\/upload.wikimedia.org\/wikipedia\/commons\/thumb\/d\/d0\/Simone_Martini_-_Annonciation.jpg\/370px-Simone_Martini_-_Annonciation.jpg 2x\" alt=\"D\u00e9tail de peinture. L'ange l\u00e8ve la main en signe de salut.\" width=\"124\" height=\"150\" data-file-width=\"2011\" data-file-height=\"2443\" \/><\/a><\/div>\n<\/div>\n<div class=\"gallerytext\">\n<p><i>Salutatio<\/i> (<a title=\"Simone Martini\" href=\"https:\/\/fr.wikipedia.org\/wiki\/Simone_Martini\">Simone Martini<\/a>, <a title=\"Mus\u00e9e des Offices\" href=\"https:\/\/fr.wikipedia.org\/wiki\/Mus%C3%A9e_des_Offices\">Florence<\/a>, d\u00e9tail).<\/p>\n<\/div>\n<\/div>\n<\/li>\n<li class=\"gallerybox\">\n<div>\n<div class=\"thumb\">\n<div><a class=\"image\" href=\"https:\/\/commons.wikimedia.org\/wiki\/File:Mary_(Guido_da_Siena_-_Annunciation_-_Google_Art_Project).jpg?uselang=fr\"><img loading=\"lazy\" decoding=\"async\" src=\"https:\/\/upload.wikimedia.org\/wikipedia\/commons\/thumb\/c\/c2\/Mary_%28Guido_da_Siena_-_Annunciation_-_Google_Art_Project%29.jpg\/148px-Mary_%28Guido_da_Siena_-_Annunciation_-_Google_Art_Project%29.jpg\" srcset=\"\/\/upload.wikimedia.org\/wikipedia\/commons\/thumb\/c\/c2\/Mary_%28Guido_da_Siena_-_Annunciation_-_Google_Art_Project%29.jpg\/222px-Mary_%28Guido_da_Siena_-_Annunciation_-_Google_Art_Project%29.jpg 1.5x, \/\/upload.wikimedia.org\/wikipedia\/commons\/thumb\/c\/c2\/Mary_%28Guido_da_Siena_-_Annunciation_-_Google_Art_Project%29.jpg\/296px-Mary_%28Guido_da_Siena_-_Annunciation_-_Google_Art_Project%29.jpg 2x\" alt=\"D\u00e9tail de peinture. Marie se retire vers la droite avec un geste brusque.\" width=\"99\" height=\"150\" data-file-width=\"1336\" data-file-height=\"2028\" \/><\/a><\/div>\n<\/div>\n<div class=\"gallerytext\">\n<p><i>Conturbatio<\/i> (<a title=\"Guido da Siena\" href=\"https:\/\/fr.wikipedia.org\/wiki\/Guido_da_Siena\">Guido da Siena<\/a>, <a class=\"mw-redirect\" title=\"Mus\u00e9e d'art de l'universit\u00e9 de Princeton\" href=\"https:\/\/fr.wikipedia.org\/wiki\/Mus%C3%A9e_d%27art_de_l%27universit%C3%A9_de_Princeton\">Princeton<\/a>, d\u00e9tail).<\/p>\n<\/div>\n<\/div>\n<\/li>\n<li class=\"gallerybox\">\n<div>\n<div class=\"thumb\">\n<div><a class=\"image\" href=\"https:\/\/commons.wikimedia.org\/wiki\/File:Piermatteo_d%27Amelia_-_Annunciation,_c._1475.jpg?uselang=fr\"><img loading=\"lazy\" decoding=\"async\" src=\"https:\/\/upload.wikimedia.org\/wikipedia\/commons\/thumb\/4\/4d\/Piermatteo_d%27Amelia_-_Annunciation%2C_c._1475.jpg\/255px-Piermatteo_d%27Amelia_-_Annunciation%2C_c._1475.jpg\" srcset=\"\/\/upload.wikimedia.org\/wikipedia\/commons\/thumb\/4\/4d\/Piermatteo_d%27Amelia_-_Annunciation%2C_c._1475.jpg\/383px-Piermatteo_d%27Amelia_-_Annunciation%2C_c._1475.jpg 1.5x, \/\/upload.wikimedia.org\/wikipedia\/commons\/thumb\/4\/4d\/Piermatteo_d%27Amelia_-_Annunciation%2C_c._1475.jpg\/509px-Piermatteo_d%27Amelia_-_Annunciation%2C_c._1475.jpg 2x\" alt=\"Peinture. L'ange parle \u00e0 la Vierge qui l'\u00e9coute avec attention.\" width=\"170\" height=\"150\" data-file-width=\"2000\" data-file-height=\"1767\" \/><\/a><\/div>\n<\/div>\n<div class=\"gallerytext\">\n<p><i>Annuntiatio<\/i> (<a class=\"mw-redirect\" title=\"Piermatteo da Amelia\" href=\"https:\/\/fr.wikipedia.org\/wiki\/Piermatteo_da_Amelia\">Piermatteo da Amelia<\/a>, <a title=\"Mus\u00e9e Isabella Stewart Gardner\" href=\"https:\/\/fr.wikipedia.org\/wiki\/Mus%C3%A9e_Isabella_Stewart_Gardner\">Boston<\/a>).<\/p>\n<\/div>\n<\/div>\n<\/li>\n<li class=\"gallerybox\">\n<div>\n<div class=\"thumb\">\n<div><a class=\"image\" href=\"https:\/\/commons.wikimedia.org\/wiki\/File:Alesso_baldovinetti,_annunciazione_(cropped).jpg?uselang=fr\"><img loading=\"lazy\" decoding=\"async\" src=\"https:\/\/upload.wikimedia.org\/wikipedia\/commons\/thumb\/2\/20\/Alesso_baldovinetti%2C_annunciazione_%28cropped%29.jpg\/296px-Alesso_baldovinetti%2C_annunciazione_%28cropped%29.jpg\" srcset=\"\/\/upload.wikimedia.org\/wikipedia\/commons\/thumb\/2\/20\/Alesso_baldovinetti%2C_annunciazione_%28cropped%29.jpg\/444px-Alesso_baldovinetti%2C_annunciazione_%28cropped%29.jpg 1.5x, \/\/upload.wikimedia.org\/wikipedia\/commons\/thumb\/2\/20\/Alesso_baldovinetti%2C_annunciazione_%28cropped%29.jpg\/592px-Alesso_baldovinetti%2C_annunciazione_%28cropped%29.jpg 2x\" alt=\"D\u00e9tail de peinture. Marie a la main lev\u00e9e, face \u00e0 l'ange qui garde les bras crois\u00e9s.\" width=\"198\" height=\"150\" data-file-width=\"740\" data-file-height=\"563\" \/><\/a><\/div>\n<\/div>\n<div class=\"gallerytext\">\n<p><i>Quomodo<\/i> ou <i>interrogatio<\/i> (<a title=\"Alesso Baldovinetti\" href=\"https:\/\/fr.wikipedia.org\/wiki\/Alesso_Baldovinetti\">Alesso Baldovinetti<\/a>, d\u00e9tail, <a title=\"Mus\u00e9e des Offices\" href=\"https:\/\/fr.wikipedia.org\/wiki\/Mus%C3%A9e_des_Offices\">Florence<\/a>).<\/p>\n<\/div>\n<\/div>\n<\/li>\n<li class=\"gallerybox\">\n<div>\n<div class=\"thumb\">\n<div><a class=\"image\" href=\"https:\/\/commons.wikimedia.org\/wiki\/File:Fra_Angelico_049.jpg?uselang=fr\"><img loading=\"lazy\" decoding=\"async\" src=\"https:\/\/upload.wikimedia.org\/wikipedia\/commons\/thumb\/0\/0b\/Fra_Angelico_049.jpg\/189px-Fra_Angelico_049.jpg\" srcset=\"\/\/upload.wikimedia.org\/wikipedia\/commons\/thumb\/0\/0b\/Fra_Angelico_049.jpg\/283px-Fra_Angelico_049.jpg 1.5x, \/\/upload.wikimedia.org\/wikipedia\/commons\/thumb\/0\/0b\/Fra_Angelico_049.jpg\/377px-Fra_Angelico_049.jpg 2x\" alt=\"Peinture. Marie se tient \u00e0 genoux, les bras crois\u00e9s face \u00e0 l'ange debout.\" width=\"126\" height=\"150\" data-file-width=\"2536\" data-file-height=\"3024\" \/><\/a><\/div>\n<\/div>\n<div class=\"gallerytext\">\n<p><i>Acceptatio<\/i> (<a title=\"Mus\u00e9e des Offices\" href=\"https:\/\/fr.wikipedia.org\/wiki\/Fra_Angelico\">Fra Angelico<\/a>, <a title=\"\" href=\"https:\/\/fr.wikipedia.org\/wiki\/Couvent_San_Marco\">couvent San Marco<\/a>, cellule<\/p>\n<\/div>\n<\/div>\n<\/li>\n<\/ul>\n<p>&nbsp;<\/p>\n<p><!-- \/wp:paragraph --><\/p>\n","protected":false},"excerpt":{"rendered":"<p>A1. L\u2019 Annonciation \u00e0 Marie \/ Nouveau-Testament Lc 1,26-38 (les personnages en gras, mot important en italique, lieu en vert, en rouge les clefs du texte) 26 Le sixi\u00e8me mois, l\u2019ange Gabriel fut envoy\u00e9 par Dieu dans une ville de<\/p>\n","protected":false},"author":1,"featured_media":0,"parent":21,"menu_order":3,"comment_status":"closed","ping_status":"closed","template":"","meta":{"footnotes":""},"_links":{"self":[{"href":"http:\/\/image-bible.ch\/index.php?rest_route=\/wp\/v2\/pages\/268"}],"collection":[{"href":"http:\/\/image-bible.ch\/index.php?rest_route=\/wp\/v2\/pages"}],"about":[{"href":"http:\/\/image-bible.ch\/index.php?rest_route=\/wp\/v2\/types\/page"}],"author":[{"embeddable":true,"href":"http:\/\/image-bible.ch\/index.php?rest_route=\/wp\/v2\/users\/1"}],"replies":[{"embeddable":true,"href":"http:\/\/image-bible.ch\/index.php?rest_route=%2Fwp%2Fv2%2Fcomments&post=268"}],"version-history":[{"count":21,"href":"http:\/\/image-bible.ch\/index.php?rest_route=\/wp\/v2\/pages\/268\/revisions"}],"predecessor-version":[{"id":5856,"href":"http:\/\/image-bible.ch\/index.php?rest_route=\/wp\/v2\/pages\/268\/revisions\/5856"}],"up":[{"embeddable":true,"href":"http:\/\/image-bible.ch\/index.php?rest_route=\/wp\/v2\/pages\/21"}],"wp:attachment":[{"href":"http:\/\/image-bible.ch\/index.php?rest_route=%2Fwp%2Fv2%2Fmedia&parent=268"}],"curies":[{"name":"wp","href":"https:\/\/api.w.org\/{rel}","templated":true}]}}