{"id":2721,"date":"2021-03-20T16:15:29","date_gmt":"2021-03-20T15:15:29","guid":{"rendered":"http:\/\/image-bible.ch\/?page_id=2721"},"modified":"2024-08-20T16:40:55","modified_gmt":"2024-08-20T14:40:55","slug":"f31-agonie-du-christ-a-gethsemani","status":"publish","type":"page","link":"http:\/\/image-bible.ch\/?page_id=2721","title":{"rendered":"F31. Agonie du Christ \u00e0 Geths\u00e9mani"},"content":{"rendered":"<p style=\"text-align: center;\"><span style=\"font-size: 14pt; font-family: 'comic sans ms', sans-serif;\">F31 &#8211; Agonie du Christ \u00e0 Geths\u00e9mani<\/span><\/p>\n<p><span style=\"font-family: 'comic sans ms', sans-serif;\">| <a href=\"http:\/\/image-bible.ch\/?page_id=2961\" target=\"_blank\" rel=\"noreferrer noopener\">La Bible des Pauvres<\/a> | <a href=\"http:\/\/image-bible.ch\/?page_id=2963\" target=\"_blank\" rel=\"noopener\"> Images<\/a> | <a href=\"http:\/\/image-bible.ch\/?page_id=2965\" target=\"_blank\" rel=\"noreferrer noopener\">Nouveau-Testament<\/a> | <a href=\"http:\/\/image-bible.ch\/?page_id=2967\" target=\"_blank\" rel=\"noreferrer noopener\">Ancien-Testament<\/a> | <a href=\"http:\/\/image-bible.ch\/?page_id=2969\" target=\"_blank\" rel=\"noreferrer noopener\">Interpr\u00e9tation<\/a> | <a href=\"http:\/\/image-bible.ch\/?page_id=2971\" target=\"_blank\" rel=\"noreferrer noopener\">Ic\u00f4ne<\/a> | <a href=\"http:\/\/image-bible.ch\/?page_id=2973\" target=\"_blank\" rel=\"noreferrer noopener\">F\u00eate juive et chr\u00e9tienne<\/a> | <a href=\"http:\/\/image-bible.ch\/?page_id=2975\" target=\"_blank\" rel=\"noreferrer noopener\">KT enfants<\/a> | <a href=\"http:\/\/image-bible.ch\/?page_id=2977\" target=\"_blank\" rel=\"noreferrer noopener\">Jeunes<\/a> | <a href=\"http:\/\/image-bible.ch\/?page_id=2979\" target=\"_blank\" rel=\"noreferrer noopener\">Divers Vid\u00e9o &#8211; R\u00e9f\u00e9rences<\/a> |<\/span><\/p>\n<hr \/>\n<p style=\"text-align: center;\"><strong><span style=\"font-family: 'book antiqua', palatino, serif;\">Page de pr\u00e9sentation<\/span><\/strong><\/p>\n<p>Du livre les 40 clefs pour rencontrer J\u00e9sus : <a href=\"http:\/\/image-bible.ch\/wp-content\/uploads\/27.-Agonie.pdf\">27. Agonie<\/a><\/p>\n<p>Biblia pauperum : <a href=\"http:\/\/image-bible.ch\/wp-content\/uploads\/20.-Lagonie-de-Jesus.pptx\">20. L&rsquo;agonie de J\u00e9sus<\/a><\/p>\n<p><img loading=\"lazy\" decoding=\"async\" class=\"alignnone size-medium wp-image-5623\" src=\"http:\/\/image-bible.ch\/wp-content\/uploads\/2021\/05\/20.-Agonie-de-Jesus-194x300.jpg\" alt=\"\" width=\"194\" height=\"300\" srcset=\"http:\/\/image-bible.ch\/wp-content\/uploads\/2021\/05\/20.-Agonie-de-Jesus-194x300.jpg 194w, http:\/\/image-bible.ch\/wp-content\/uploads\/2021\/05\/20.-Agonie-de-Jesus.jpg 633w\" sizes=\"(max-width: 194px) 100vw, 194px\" \/><\/p>\n<hr \/>\n<table style=\"border-collapse: collapse; width: 100%; height: 24px;\">\n<tbody>\n<tr style=\"height: 24px;\">\n<td style=\"width: 100%; height: 24px;\"><span style=\"font-size: 10pt;\">F28. <a href=\"http:\/\/image-bible.ch\/?page_id=113\">Entr\u00e9e de J\u00e9sus \u00e0 J\u00e9rusalem<\/a> \u2013 F29. <a href=\"http:\/\/image-bible.ch\/?page_id=2731\" target=\"_blank\" rel=\"noopener\">Derni\u00e8re C\u00e8ne<\/a> \u2013 F30. <a href=\"http:\/\/image-bible.ch\/?page_id=2719\" target=\"_blank\" rel=\"noopener\">Lavement des pieds<\/a> \u2013 F31. <a href=\"http:\/\/image-bible.ch\/?page_id=2721\" target=\"_blank\" rel=\"noopener\">Agonie du Christ \u00e0 Geths\u00e9mani<\/a> \u2013 F32. <a href=\"http:\/\/image-bible.ch\/?page_id=2723\" target=\"_blank\" rel=\"noopener\">Judas vend J\u00e9sus<\/a> \u2013 F33. <a href=\"http:\/\/image-bible.ch\/?page_id=2725\" target=\"_blank\" rel=\"noopener\">Judas prend l&rsquo;argent<\/a> \u2013 F34. <a href=\"http:\/\/image-bible.ch\/?page_id=2727\" target=\"_blank\" rel=\"noopener\">Baiser de Judas &#8211; Arrestation de J\u00e9sus<\/a> \u2013 F35. <a href=\"http:\/\/image-bible.ch\/?page_id=98\" target=\"_blank\" rel=\"noopener\">Judas se pend<\/a> \u2013 F36. <a href=\"http:\/\/image-bible.ch\/?page_id=96\" target=\"_blank\" rel=\"noopener\">J\u00e9sus devant Pilate<\/a> \u2013 F37. <a href=\"http:\/\/image-bible.ch\/?page_id=94\" target=\"_blank\" rel=\"noopener\">Couronne d&rsquo;\u00e9pine &#8211; Moquerie<\/a> \u2013 F38. <a href=\"http:\/\/image-bible.ch\/?page_id=92\" target=\"_blank\" rel=\"noopener\">La flagellation<\/a>\u2013 F39. <a href=\"http:\/\/image-bible.ch\/?page_id=90\" target=\"_blank\" rel=\"noopener\">J\u00e9sus porte sa croix<\/a> \u2013 F40. <a href=\"http:\/\/image-bible.ch\/?page_id=88\" target=\"_blank\" rel=\"noopener\">J\u00e9sus crucifi\u00e9 <\/a>\u00a0\u2013 F41. <a href=\"http:\/\/image-bible.ch\/?page_id=86\" target=\"_blank\" rel=\"noopener\">Mort de J\u00e9sus &#8211; C\u00f4t\u00e9 transperc\u00e9<\/a>\u00a0 \u2013 F42. <a href=\"http:\/\/image-bible.ch\/?page_id=84\" target=\"_blank\" rel=\"noopener\">Mise au tombeau<\/a> \u2013 F43. <a href=\"http:\/\/image-bible.ch\/?page_id=82\" target=\"_blank\" rel=\"noopener\">Descente au s\u00e9jour des morts<\/a><\/span><\/td>\n<\/tr>\n<\/tbody>\n<\/table>\n","protected":false},"excerpt":{"rendered":"<p>F31 &#8211; Agonie du Christ \u00e0 Geths\u00e9mani | La Bible des Pauvres | Images | Nouveau-Testament | Ancien-Testament | Interpr\u00e9tation | Ic\u00f4ne | F\u00eate juive et chr\u00e9tienne | KT enfants | Jeunes | Divers Vid\u00e9o &#8211; R\u00e9f\u00e9rences | Page de<\/p>\n","protected":false},"author":1,"featured_media":0,"parent":0,"menu_order":0,"comment_status":"closed","ping_status":"closed","template":"","meta":{"footnotes":""},"_links":{"self":[{"href":"http:\/\/image-bible.ch\/index.php?rest_route=\/wp\/v2\/pages\/2721"}],"collection":[{"href":"http:\/\/image-bible.ch\/index.php?rest_route=\/wp\/v2\/pages"}],"about":[{"href":"http:\/\/image-bible.ch\/index.php?rest_route=\/wp\/v2\/types\/page"}],"author":[{"embeddable":true,"href":"http:\/\/image-bible.ch\/index.php?rest_route=\/wp\/v2\/users\/1"}],"replies":[{"embeddable":true,"href":"http:\/\/image-bible.ch\/index.php?rest_route=%2Fwp%2Fv2%2Fcomments&post=2721"}],"version-history":[{"count":6,"href":"http:\/\/image-bible.ch\/index.php?rest_route=\/wp\/v2\/pages\/2721\/revisions"}],"predecessor-version":[{"id":7359,"href":"http:\/\/image-bible.ch\/index.php?rest_route=\/wp\/v2\/pages\/2721\/revisions\/7359"}],"wp:attachment":[{"href":"http:\/\/image-bible.ch\/index.php?rest_route=%2Fwp%2Fv2%2Fmedia&parent=2721"}],"curies":[{"name":"wp","href":"https:\/\/api.w.org\/{rel}","templated":true}]}}