{"id":2738,"date":"2021-03-20T16:44:37","date_gmt":"2021-03-20T15:44:37","guid":{"rendered":"http:\/\/image-bible.ch\/?page_id=2738"},"modified":"2024-11-13T18:06:50","modified_gmt":"2024-11-13T17:06:50","slug":"g51-3-bible-n-t","status":"publish","type":"page","link":"http:\/\/image-bible.ch\/?page_id=2738","title":{"rendered":"G51.3 \/ Bible Nouveau-Testament"},"content":{"rendered":"<p style=\"text-align: center;\"><span style=\"font-family: 'comic sans ms', sans-serif; font-size: 14pt;\">G51.3<\/span><span style=\"font-family: 'comic sans ms', sans-serif; font-size: 14pt;\"> &#8211; Jugement dernier \/ Bible Nouveau-Testament<\/span><\/p>\n<p><span style=\"font-family: 'comic sans ms', sans-serif; font-size: 14pt;\"><img loading=\"lazy\" decoding=\"async\" class=\"alignnone wp-image-5745\" src=\"http:\/\/image-bible.ch\/wp-content\/uploads\/2021\/05\/51.-Jugement-dernier-C-202x300.jpg\" alt=\"\" width=\"289\" height=\"429\" srcset=\"http:\/\/image-bible.ch\/wp-content\/uploads\/2021\/05\/51.-Jugement-dernier-C-202x300.jpg 202w, http:\/\/image-bible.ch\/wp-content\/uploads\/2021\/05\/51.-Jugement-dernier-C.jpg 337w\" sizes=\"(max-width: 289px) 100vw, 289px\" \/><\/span><\/p>\n<p><span style=\"color: #0000ff;\">Mt 25,31-46 :<\/span><\/p>\n<p><sup><span class=\"verse_number\" style=\"color: #0000ff;\">31 <\/span><\/sup>\u00ab\u00a0Quand <strong>le Fils de l\u2019homme<\/strong> <span style=\"color: #ff0000;\">viendra dans sa gloire,<\/span> et tous les anges avec lui, alors il <span style=\"color: #ff0000;\">si\u00e9gera sur son tr\u00f4ne de gloire<\/span>.<\/p>\n<p><sup><span class=\"verse_number\" style=\"color: #0000ff;\">32<\/span><\/sup> Toutes les nations seront rassembl\u00e9es devant lui\u00a0;<span style=\"color: #ff0000;\"> il s\u00e9parera<\/span> les hommes les uns des autres, comme le berger s\u00e9pare les brebis des boucs\u00a0:<\/p>\n<p><sup><span class=\"verse_number\" style=\"color: #0000ff;\">33<\/span><\/sup> il placera les <span style=\"color: #ff0000;\">brebis \u00e0 sa droite<\/span>, et <span style=\"color: #ff0000;\">les boucs \u00e0 gauche<\/span>.<\/p>\n<p><sup><span class=\"verse_number\" style=\"color: #0000ff;\">34<\/span><\/sup> Alors <strong>le Roi<\/strong> dira \u00e0 ceux qui seront \u00e0 sa droite\u00a0: \u201c<span style=\"color: #ff0000;\">Venez, les b\u00e9nis de mon P\u00e8re<\/span>, recevez <span style=\"color: #ff0000;\">en h\u00e9ritage le Royaume<\/span> pr\u00e9par\u00e9 pour vous depuis la fondation du monde.<\/p>\n<p><sup><span class=\"verse_number\" style=\"color: #0000ff;\">35 <\/span><\/sup>Car j\u2019avais<em> faim<\/em>, et vous m\u2019avez <em>donn\u00e9 \u00e0 mange<\/em>r\u00a0; j\u2019avais <em>soif,<\/em> et vous m\u2019avez donn\u00e9<em> \u00e0 boire<\/em>\u00a0; j\u2019\u00e9tais un <em>\u00e9tranger<\/em>, et vous m\u2019avez<em> accueilli\u00a0<\/em>; <sup><span class=\"verse_number\" style=\"color: #0000ff;\">36<\/span><\/sup> j\u2019\u00e9tais <em>nu<\/em>, et vous m\u2019avez <em>habill\u00e9\u00a0<\/em>; j\u2019\u00e9tais <em>malade<\/em>, et vous m\u2019avez <em>visit\u00e9<\/em>\u00a0; j\u2019\u00e9tais <em>en prison<\/em>, et vous \u00eates <em>venus jusqu\u2019\u00e0 moi<\/em>\u00a0!\u201d<\/p>\n<p><sup><span class=\"verse_number\" style=\"color: #0000ff;\">37<\/span><\/sup> Alors <strong>les justes<\/strong> lui r\u00e9pondront\u00a0: \u201c<span style=\"color: #ff0000;\">Seigneur, quand est-ce que nous t\u2019avons vu<\/span>\u2026\u00a0? tu avais donc <em>faim<\/em>, et nous t\u2019avons <em>nourri<\/em>\u00a0? tu avais <em>soif<\/em>, et nous t\u2019avons donn\u00e9 \u00e0 <em>boire<\/em>\u00a0?<\/p>\n<p><sup><span class=\"verse_number\" style=\"color: #0000ff;\">38<\/span><\/sup> tu \u00e9tais un <em>\u00e9tranger,<\/em> et nous t\u2019avons <em>accueilli\u00a0<\/em>? tu \u00e9tais <em>nu<\/em>, et nous t\u2019avons <em>habill\u00e9\u00a0<\/em>?<\/p>\n<p><sup><span class=\"verse_number\" style=\"color: #0000ff;\">39<\/span><\/sup> tu \u00e9tais <em>malade ou en prison<\/em>\u2026 Quand sommes-nous <em>venus jusqu\u2019\u00e0 toi<\/em>\u00a0?\u201d<\/p>\n<p><sup><span class=\"verse_number\" style=\"color: #0000ff;\">40<\/span><\/sup> Et <strong>le Roi<\/strong> leur r\u00e9pondra\u00a0: \u201cAmen, je vous le dis\u00a0: <span style=\"color: #ff0000;\"><strong>chaque fois que vous l\u2019avez fait \u00e0 l\u2019un de ces plus petits de mes fr\u00e8res, c\u2019est \u00e0 moi que vous l\u2019avez fai<\/strong><\/span>t.\u201d<\/p>\n<p><sup><span class=\"verse_number\" style=\"color: #0000ff;\">41<\/span><\/sup> Alors il dira \u00e0 ceux qui seront <strong>\u00e0 sa gauche<\/strong>\u00a0: \u201cAllez-vous-en loin de moi, vous <strong>les maudits<\/strong>, dans<em> le feu \u00e9ternel<\/em> pr\u00e9par\u00e9 pour l<strong>e diable et ses anges<\/strong>.<\/p>\n<p><sup><span class=\"verse_number\" style=\"color: #0000ff;\">42<\/span><\/sup> Car j\u2019avais <em>faim<\/em>, et vous ne m\u2019avez <em>pas donn\u00e9 \u00e0 manger<\/em>\u00a0; j\u2019avais <em>soif<\/em>, et vous ne m\u2019avez <em>pas donn\u00e9 \u00e0 boire\u00a0<\/em>; <sup><span class=\"verse_number\" style=\"color: #0000ff;\">43<\/span><\/sup> j\u2019\u00e9tais un <em>\u00e9tranger<\/em>, et vous ne m\u2019avez <em>pas accueilli<\/em>\u00a0; j\u2019\u00e9tais <em>nu<\/em>, et vous ne m\u2019avez <em>pas habill\u00e9<\/em>\u00a0; j\u2019\u00e9tais <em>malade et en prison<\/em>, et vous ne m\u2019avez <em>pas visit\u00e9.<\/em>\u201d<\/p>\n<p><sup><span class=\"verse_number\" style=\"color: #0000ff;\">44<\/span><\/sup> Alors ils r\u00e9pondront, eux aussi\u00a0: \u201c<span style=\"color: #ff0000;\">Seigneur, quand t\u2019avons-nous vu avoir faim, avoir soif, \u00eatre nu, \u00e9tranger, malade ou en prison, sans nous mettre \u00e0 ton service\u00a0?\u201d<\/span><\/p>\n<p><sup><span class=\"verse_number\" style=\"color: #0000ff;\">45<\/span><\/sup> Il leur r\u00e9pondra\u00a0: \u201c<span style=\"color: #ff0000;\"><strong>Amen, je vous le dis\u00a0: chaque fois que vous ne l\u2019avez pas fait \u00e0 l\u2019un de ces plus petits, c\u2019est \u00e0 moi que vous ne l\u2019avez pas fait<\/strong><\/span>.\u201d<\/p>\n<p><sup><span class=\"verse_number\" style=\"color: #0000ff;\">46<\/span><\/sup> Et ils s\u2019en iront, ceux-ci au <em>ch\u00e2timent \u00e9ternel<\/em>, et les justes, \u00e0 <em>la vie \u00e9ternelle<\/em>.\u00a0\u00bb<\/p>\n<p><strong><span style=\"color: #993300;\">Vocabulaire :<\/span><\/strong><\/p>\n<p>&nbsp;<\/p>\n<p><strong><span style=\"color: #0000ff;\">Questions :<\/span><\/strong><\/p>\n<p>&nbsp;<\/p>\n<h4>Commentaire :<\/h4>\n<p>La fresque du jugement par le Fils de l\u2019homme ach\u00e8ve le discours sur la Fin, mais aussi l\u2019ensemble de la mission publique de J\u00e9sus, avant les \u00e9v\u00e9nements imminents de la Passion. C\u2019est aussi la conclusion des cinq grands discours, chez Matthieu : le Sermon sur la montagne (5,1 \u2013 7,27) (voir p. ), le discours de mission (ch. 10), le discours en paraboles (13 1-52) (voir p. , l\u2019Instruction sur l\u2019\u00c9glise (ch. 18) et le discours sur la Fin (24, 1 \u2013 25, 46).<\/p>\n<p>Les disciples avaient demand\u00e9 \u201c\u00a0quand\u00a0\u201d se produirait la Fin (24, 3). \u00c0 travers cinq paraboles, J\u00e9sus les avait r\u00e9orient\u00e9s vers un probl\u00e8me plus fondamental\u00a0: \u201c\u00a0comment\u00a0\u201d se pr\u00e9parer au jugement in\u00e9luctable\u00a0? Le tableau conclusif comprend une introduction solennelle, puis deux dialogues sym\u00e9triques et une allusion concise \u00e0 l\u2019ex\u00e9cution du verdict (v. 46).<\/p>\n<p>En accord avec les traditions juives anciennes, <em>l\u2019introduction<\/em> (v. 31-33) conf\u00e8re au Fils de l\u2019homme c\u00e9leste la fonction divine du jugement. Comme Dieu, il est accompagn\u00e9 par les anges (voir Za 14, 5). L\u2019\u00e9v\u00e9nement rassemble toutes les nations, symbolis\u00e9es par les brebis et les boucs, et consiste avant tout en un tri qui, inspir\u00e9 par la proph\u00e9tie d\u2019\u00c9z\u00e9chiel (Ez 34,1ss) donne au juge la fonction de berger. Le Fils de l\u2019homme se trouve donc par\u00e9 d\u2019attributs proprement divins en sorte que, dans la suite du r\u00e9cit, c\u2019est Dieu lui-m\u00eame qui prend le parti des petits.<\/p>\n<p>Appel\u00e9 maintenant <em>\u201c\u00a0le Roi\u00a0\u201d<\/em>, le Fils de l\u2019homme s\u2019adresse \u00e0 ceux que son P\u00e8re a b\u00e9nis. Ce <em>premier dialogue<\/em> (v. 34-40) se d\u00e9roule en trois \u00e9tapes. <em>a)<\/em> Le souverain \u00e9num\u00e8re les \u0153uvres de mis\u00e9ricorde pour lesquelles Dieu les b\u00e9nit et leur donne son Royaume en h\u00e9ritage. <em>b)<\/em> D\u00e9sign\u00e9s \u00e0 pr\u00e9sent comme les justes, ces \u00e9lus, \u00e9tonn\u00e9s, reprennent sous forme interrogative la liste des \u0153uvres de justice. <em>c)<\/em> Enfin, le Roi r\u00e9v\u00e8le \u00e0 ses interlocuteurs un myst\u00e8re\u00a0: chaque fois qu\u2019ils ont secouru ces plus petits, qu\u2019il appelle ses fr\u00e8res, c\u2019est \u00e0 lui-m\u00eame qu\u2019ils l\u2019ont fait.<\/p>\n<p>Le second dialogue (v. 41-45), parall\u00e8le au premier, caract\u00e9rise imm\u00e9diatement ceux de l\u2019autre groupe comme maudits et vou\u00e9s au feu inextinguible destin\u00e9 au diable et \u00e0 ses agents. Eux aussi s\u2019avouent bien surpris de n\u2019avoir pas reconnu leur Roi. Le lecteur apprend en outre que venir en aide aux petits, c\u2019\u00e9tait servir (v. 44) le souverain.<\/p>\n<p>Le jugement ne porte pas sur la foi ou l\u2019absence de foi en J\u00e9sus, mais sur l\u2019amour. Plus exactement, selon la pens\u00e9e jud\u00e9o-chr\u00e9tienne relay\u00e9e par Matthieu (voir aussi Jc 2, 14-26), vide est la foi qui n\u2019agit pas par l\u2019amour.<\/p>\n<p>Les actes r\u00e9pertori\u00e9s dans la fresque du jugement recouvrent en grande partie les \u0153uvres juives de mis\u00e9ricorde qui, cependant, n\u2019incluaient pas la visite des captifs. Ce motif, qui s\u2019\u00e9largira ensuite, naquit lorsque, chez les premiers chr\u00e9tiens, certains furent emprisonn\u00e9s \u00e0 cause de leur foi.<\/p>\n<h3>Psaume 84,7-14<\/h3>\n<p>Amour et v\u00e9rit\u00e9 se rencontrent, justice et paix s&#8217;embrassent ;<\/p>\n<p>la v\u00e9rit\u00e9 germera de la terre et du ciel se penchera la justice.<\/p>\n<p>Le Seigneur donnera ses bienfaits, et notre terre donnera son fruit.<\/p>\n<p>La justice marchera devant lui, et ses pas traceront le chemin.<\/p>\n<p>&nbsp;<\/p>\n","protected":false},"excerpt":{"rendered":"<p>G51.3 &#8211; Jugement dernier \/ Bible Nouveau-Testament Mt 25,31-46 : 31 \u00ab\u00a0Quand le Fils de l\u2019homme viendra dans sa gloire, et tous les anges avec lui, alors il si\u00e9gera sur son tr\u00f4ne de gloire. 32 Toutes les nations seront rassembl\u00e9es<\/p>\n","protected":false},"author":1,"featured_media":0,"parent":0,"menu_order":0,"comment_status":"closed","ping_status":"closed","template":"","meta":{"footnotes":""},"_links":{"self":[{"href":"http:\/\/image-bible.ch\/index.php?rest_route=\/wp\/v2\/pages\/2738"}],"collection":[{"href":"http:\/\/image-bible.ch\/index.php?rest_route=\/wp\/v2\/pages"}],"about":[{"href":"http:\/\/image-bible.ch\/index.php?rest_route=\/wp\/v2\/types\/page"}],"author":[{"embeddable":true,"href":"http:\/\/image-bible.ch\/index.php?rest_route=\/wp\/v2\/users\/1"}],"replies":[{"embeddable":true,"href":"http:\/\/image-bible.ch\/index.php?rest_route=%2Fwp%2Fv2%2Fcomments&post=2738"}],"version-history":[{"count":8,"href":"http:\/\/image-bible.ch\/index.php?rest_route=\/wp\/v2\/pages\/2738\/revisions"}],"predecessor-version":[{"id":9480,"href":"http:\/\/image-bible.ch\/index.php?rest_route=\/wp\/v2\/pages\/2738\/revisions\/9480"}],"wp:attachment":[{"href":"http:\/\/image-bible.ch\/index.php?rest_route=%2Fwp%2Fv2%2Fmedia&parent=2738"}],"curies":[{"name":"wp","href":"https:\/\/api.w.org\/{rel}","templated":true}]}}