{"id":275,"date":"2021-03-02T16:41:12","date_gmt":"2021-03-02T15:41:12","guid":{"rendered":"http:\/\/image-bible.ch\/?page_id=275"},"modified":"2021-09-15T15:14:25","modified_gmt":"2021-09-15T13:14:25","slug":"21-icone-2","status":"publish","type":"page","link":"http:\/\/image-bible.ch\/?page_id=275","title":{"rendered":"A1.6 \/ Ic\u00f4ne"},"content":{"rendered":"<p style=\"text-align: center;\"><span style=\"font-size: 14pt; font-family: 'comic sans ms', sans-serif;\">A1. L\u2019Annonciation \u00e0 Marie \/\u00a0 Ic\u00f4ne<\/span><\/p>\n<p>&nbsp;<\/p>\n<p><img loading=\"lazy\" decoding=\"async\" class=\"alignnone size-medium wp-image-5852\" src=\"http:\/\/image-bible.ch\/wp-content\/uploads\/2021\/09\/3.-Annonciation-Bihin-222x300.jpg\" alt=\"\" width=\"222\" height=\"300\" srcset=\"http:\/\/image-bible.ch\/wp-content\/uploads\/2021\/09\/3.-Annonciation-Bihin-222x300.jpg 222w, http:\/\/image-bible.ch\/wp-content\/uploads\/2021\/09\/3.-Annonciation-Bihin-759x1024.jpg 759w, http:\/\/image-bible.ch\/wp-content\/uploads\/2021\/09\/3.-Annonciation-Bihin-768x1036.jpg 768w, http:\/\/image-bible.ch\/wp-content\/uploads\/2021\/09\/3.-Annonciation-Bihin-1139x1536.jpg 1139w, http:\/\/image-bible.ch\/wp-content\/uploads\/2021\/09\/3.-Annonciation-Bihin.jpg 1289w\" sizes=\"(max-width: 222px) 100vw, 222px\" \/><\/p>\n<p>Annonciation, copie Jacques Bihin.<\/p>\n<p>La f\u00eate de l\u2019Annonciation fait l&rsquo;objet d&rsquo;une grande v\u00e9n\u00e9ration dans les \u00c9glises d&rsquo;Orient. En elle est c\u00e9l\u00e9br\u00e9 tout le myst\u00e8re de notre Salut.<\/p>\n<p>Par l&rsquo;acceptation de la Vierge, Dieu peut se faire homme afin de relever l&rsquo;humanit\u00e9 d\u00e9chue.<\/p>\n<p>L&rsquo;archange Gabriel en plein mouvement, le bras droit \u00e9tendu, d&rsquo;un large pas vient porter la b\u00e9n\u00e9diction divine, on dirait toute en h\u00e2te.<\/p>\n<p>Dans la main gauche il tient un sceptre, signe de puissance, en tant que messager du Seigneur.<\/p>\n<p>Assise sur un large coussin pos\u00e9 sur un tr\u00f4ne, la M\u00e8re de Dieu re\u00e7oit la salutation de l&rsquo;ange. D\u00e9j\u00e0 le Verbe s&rsquo;incarne en elle. D\u00e9j\u00e0 elle devient la M\u00e8re et Reine de tous les croyants. Sa main \u00e9lev\u00e9e traduit son \u00e9tonnement, alors que les traits de son visage expriment son acceptation et son humilit\u00e9. Du haut de l&rsquo;ic\u00f4ne un large rayon, \u00e9manant d&rsquo;un arc de cercle, symbole des cieux, descend sur la M\u00e8re de Dieu. La colombe, signe du Saint-Esprit, se tient dans l&rsquo;\u00e9paisseur du rayon et une triple pointe finale, signe de la Trinit\u00e9.<\/p>\n<p><em>\u00ab\u00a0Aujourd&rsquo;hui commence \u00e0 poindre l\u2019aurore de notre salut,<\/em><\/p>\n<p><em>et se manifeste le myst\u00e8re \u00e9ternel<\/em><\/p>\n<p><em>Car le fils de dieu devient le fils de la Vierge, et Gabriel annonce cette gr\u00e2ce.<\/em><\/p>\n<p><em>Avec l\u2019ange, nous aussi disons donc \u00e0 la M\u00e8re de Dieu\u00a0: <\/em><\/p>\n<p><em>\u00ab R\u00e9jouis-toi, \u00f4 Vierge pleine de gr\u00e2ce, le Seigneur est avec Toi \u00bb.<\/em><\/p>\n<p>Tropaire de la F\u00eate de l&rsquo;Annonciation de la Tr\u00e8s Sainte M\u00e8re de Dieu, Notre-Dame et toujours Vierge Marie, le 25 Mars.<\/p>\n<p>&nbsp;<\/p>\n<p>\u00ab\u00a0<em>Aujourd\u2019hui s\u2019accomplit notre salut et le myst\u00e8re d\u2019avant les si\u00e8cles est r\u00e9v\u00e9l\u00e9<br \/>\n<\/em><em>Le Fils de Dieu devient fils de la Vierge et Gabriel annonce la bonne nouvelle de la gr\u00e2ce.<br \/>\nAvec lui clamons \u00e0 la M\u00e8re de Dieu :\u00a0 r\u00e9jouis-toi, pleine de gr\u00e2ce, le Seigneur est avec toi.<\/em>\u00a0\u00bb Tropaire de la f\u00eate<\/p>\n<p><strong>Annonciation mosa\u00efque du V<sup>e<\/sup> si\u00e8cle<\/strong><\/p>\n<p><img loading=\"lazy\" decoding=\"async\" class=\"alignnone size-medium wp-image-5366\" src=\"http:\/\/image-bible.ch\/wp-content\/uploads\/2021\/05\/Mosaique-Annonciation-225x300.jpg\" alt=\"\" width=\"225\" height=\"300\" srcset=\"http:\/\/image-bible.ch\/wp-content\/uploads\/2021\/05\/Mosaique-Annonciation-225x300.jpg 225w, http:\/\/image-bible.ch\/wp-content\/uploads\/2021\/05\/Mosaique-Annonciation.jpg 450w\" sizes=\"(max-width: 225px) 100vw, 225px\" \/><\/p>\n<p><em>Mosa\u00efque pal\u00e9ochr\u00e9tienne du V<sup>e<\/sup> si\u00e8cle<\/em><\/p>\n<p>L\u2019ic\u00f4ne de l\u2019Annonciation figure l\u2019archange Gabriel envoy\u00e9 par Dieu pour annoncer \u00e0 la vierge Marie qu\u2019elle va enfanter le Fils de Dieu auquel elle donnera le nom de J\u00e9sus , comme nous le rapporte l\u2019\u00e9vangile de Luc chapitre 1 versets 24 \u00e0 38.<\/p>\n<p>La sc\u00e8ne se passe \u00e0 <strong>Nazareth<\/strong> \u00e0 l\u2019int\u00e9rieur de la maison de Marie\u00a0comme l\u2019indique le voile tendu et les d\u00e9tails architecturaux. Les attitudes des deux protagonistes expriment un dialogue\u00a0: dynamisme de l\u2019<strong>ange<\/strong> qui entre, indiqu\u00e9 par le mouvement des jambes (ic\u00f4ne Ohrid), qui salue ( il tient le b\u00e2ton des messagers) ,qui b\u00e9nit\u00a0\u00ab\u00a0<em>R\u00e9jouis-toi pleine de gr\u00e2ce le Seigneur est avec to<\/em>i\u00a0\u00bb et qui r\u00e9pond aux questions de Marie avant de s\u2019en aller \u00a0: \u00a0\u00bb <em>et il la quitta\u00a0\u00bb<\/em><strong>.<\/strong>. <strong>La vierge Marie,<\/strong> qu\u2019elle soit repr\u00e9sent\u00e9e debout comme sur l\u2019ic\u00f4ne d\u2019Oustiug ou si\u00e9geant en majest\u00e9 sur un tr\u00f4ne (mosa\u00efque et Ohrid)\u00a0file\u00a0un \u00e9cheveau de fil rouge symbolisant \u00e0 la fois la pourpre du\u00a0voile du Temple o\u00f9 elle a grandi , voile qui se d\u00e9chirera \u00e0 la mort du Christ sur le Croix, mais qui symbolise \u00e9galement le corps du Christ qui va prendre forme dans ses entrailles, comme le montre de mani\u00e8re tr\u00e8s explicite l\u2019ic\u00f4ne d\u2019Oustioug reliant\u00a0le fil \u00e0 l\u2019enfant-embryon dans le sein de sa m\u00e8re. La M\u00e8re de Dieu l\u00e8ve la main dans un geste marquant\u00a0\u00e0 la fois l\u2019\u00e9tonnement \u00a0\u00bb <em>Comment cela se fera-t-il<\/em>\u00a0?\u00a0\u00bb interroge-t-elle et l \u2019acceptation\u00a0: \u00ab\u00a0<em> Je suis la servante du Seigneur, qu\u2019il m\u2019advienne selon ta parole<\/em>\u00ab\u00a0. L\u2019<strong>Esprit saint de Dieu <\/strong>mentionn\u00e9 par l\u2019archange\u00a0: \u00a0\u00bb \u00ab\u00a0<em>l\u2019Esprit saint viendra sur toi et la puissance du Tr\u00e8s Haut te prendra sous son ombre <\/em>\u00a0\u00bb est pr\u00e9sent sous la forme classique d\u2019une colombe (mosa\u00efque et Ohrid) ou sous l\u2019aspect de l\u2019Ancien des jours\u00a0dans l\u2019ic\u00f4ne russe.<\/p>\n<p><strong>Annonciation , Russie, Oustug, fin 12<sup>e<\/sup> si\u00e8cle<\/strong><\/p>\n<p><img loading=\"lazy\" decoding=\"async\" class=\"alignnone size-medium wp-image-5365\" src=\"http:\/\/image-bible.ch\/wp-content\/uploads\/2021\/05\/Icone-Annonciation-Oustiog-12e-s-225x300.png\" alt=\"\" width=\"225\" height=\"300\" srcset=\"http:\/\/image-bible.ch\/wp-content\/uploads\/2021\/05\/Icone-Annonciation-Oustiog-12e-s-225x300.png 225w, http:\/\/image-bible.ch\/wp-content\/uploads\/2021\/05\/Icone-Annonciation-Oustiog-12e-s.png 450w\" sizes=\"(max-width: 225px) 100vw, 225px\" \/><\/p>\n<p>Ic\u00f4ne russe, Oustioug, fin 12e si\u00e8cle<\/p>\n<p>Apr\u00e8s que le concile d\u2019Eph\u00e8se eut\u00a0proclam\u00e9 en 471 le dogme de la maternit\u00e9 divine en d\u00e9signant d\u00e9sormais Marie comme la Theotokos = la M\u00e8re de Dieu, le f\u00eate de l\u2019Annonciation\u00a0attest\u00e9e au 6<sup>e<\/sup> si\u00e8cle vit\u00a0sa\u00a0date fix\u00e9e au 25 mars par le pape Serge (687-701), ceci aussi bien pour l\u2019Orient que l\u2019Occident.<\/p>\n<p><strong>Annonciation d\u2019Ohrid, Mac\u00e9doine, 14<sup>e<\/sup> si\u00e8cle<\/strong><\/p>\n<p><img loading=\"lazy\" decoding=\"async\" class=\"alignnone size-medium wp-image-5364\" src=\"http:\/\/image-bible.ch\/wp-content\/uploads\/2021\/05\/Icone-Annonciaiton-Ohrid-14e-s-225x300.jpg\" alt=\"\" width=\"225\" height=\"300\" srcset=\"http:\/\/image-bible.ch\/wp-content\/uploads\/2021\/05\/Icone-Annonciaiton-Ohrid-14e-s-225x300.jpg 225w, http:\/\/image-bible.ch\/wp-content\/uploads\/2021\/05\/Icone-Annonciaiton-Ohrid-14e-s.jpg 450w\" sizes=\"(max-width: 225px) 100vw, 225px\" \/><\/p>\n<p>Origine : Ohrid, Yougoslavie<\/p>\n<p>Dimensions :94,5 x 80,3 cm. Cette ic\u00f4ne est tr\u00e8s vraisemblablement issue d&rsquo;un atelier de Constantinople.<\/p>\n<p>Conserv\u00e9e \u00e0 la Galerie des Ic\u00f4nes de l&rsquo;\u00e9glise Saint Cl\u00e9ment, Ohrid<\/p>\n<p>Annonciation, Ohrid,( Mac\u00e9doine),14e si\u00e8cle<\/p>\n<p>Rappelons enfin que lors des v\u00eapres de l\u2019Annonciation,\u00a0l\u2019\u00c9glise nous propose 5 lectures de l\u2019Ancien Testament annonciatrices du statut tr\u00e8s particulier de la M\u00e8re de Dieu\u00a0: 1\/ Gen\u00e8se 28,10-17\u00a0: vision de l\u2019\u00e9chelle\u00a0qui m\u00e8ne du patriarche Jacob \u00e0 Marie , Ezechiel 43,27-44\u00a0:\u00a0image de la porte scell\u00e9e, Proverbes 9,1-11\u00a0: \u00ab\u00a0la sagesse a b\u00e2ti sa maison&#8230;\u00a0\u00bb Exode 3,1-6\u00a0: vision du buisson ardent qui br\u00fble devant Mo\u00efse sans se consumer et au sein duquel repose le Seigneur, et Proverbes\u00a0: 8,22-30\u00a0Marie Temple de la sagesse incarn\u00e9e.<\/p>\n<p><a href=\"http:\/\/egliseorthodoxelemans.fr\/spip\/spip.php?article43\">R\u00e9f\u00e9rences<\/a><\/p>\n<p>Voir aussi ic\u00f4nes : <a href=\"http:\/\/image-bible.ch\/?page_id=5275\">A0.6 \/ Ic\u00f4ne<\/a><\/p>\n<p>Voir aussi iconostase roumaines : <a href=\"http:\/\/image-bible.ch\/wp-content\/uploads\/2021\/09\/Iconostases-roumaines.docx\">Iconostases roumaines<\/a><\/p>\n<p>&nbsp;<\/p>\n<p><!-- \/wp:paragraph --><\/p>\n","protected":false},"excerpt":{"rendered":"<p>A1. L\u2019Annonciation \u00e0 Marie \/\u00a0 Ic\u00f4ne &nbsp; Annonciation, copie Jacques Bihin. La f\u00eate de l\u2019Annonciation fait l&rsquo;objet d&rsquo;une grande v\u00e9n\u00e9ration dans les \u00c9glises d&rsquo;Orient. En elle est c\u00e9l\u00e9br\u00e9 tout le myst\u00e8re de notre Salut. Par l&rsquo;acceptation de la Vierge, Dieu<\/p>\n","protected":false},"author":1,"featured_media":0,"parent":21,"menu_order":6,"comment_status":"closed","ping_status":"closed","template":"","meta":{"footnotes":""},"_links":{"self":[{"href":"http:\/\/image-bible.ch\/index.php?rest_route=\/wp\/v2\/pages\/275"}],"collection":[{"href":"http:\/\/image-bible.ch\/index.php?rest_route=\/wp\/v2\/pages"}],"about":[{"href":"http:\/\/image-bible.ch\/index.php?rest_route=\/wp\/v2\/types\/page"}],"author":[{"embeddable":true,"href":"http:\/\/image-bible.ch\/index.php?rest_route=\/wp\/v2\/users\/1"}],"replies":[{"embeddable":true,"href":"http:\/\/image-bible.ch\/index.php?rest_route=%2Fwp%2Fv2%2Fcomments&post=275"}],"version-history":[{"count":17,"href":"http:\/\/image-bible.ch\/index.php?rest_route=\/wp\/v2\/pages\/275\/revisions"}],"predecessor-version":[{"id":5362,"href":"http:\/\/image-bible.ch\/index.php?rest_route=\/wp\/v2\/pages\/275\/revisions\/5362"}],"up":[{"embeddable":true,"href":"http:\/\/image-bible.ch\/index.php?rest_route=\/wp\/v2\/pages\/21"}],"wp:attachment":[{"href":"http:\/\/image-bible.ch\/index.php?rest_route=%2Fwp%2Fv2%2Fmedia&parent=275"}],"curies":[{"name":"wp","href":"https:\/\/api.w.org\/{rel}","templated":true}]}}