{"id":2752,"date":"2021-03-20T16:48:14","date_gmt":"2021-03-20T15:48:14","guid":{"rendered":"http:\/\/image-bible.ch\/?page_id=2752"},"modified":"2021-04-03T11:01:29","modified_gmt":"2021-04-03T09:01:29","slug":"g51-10-divers-videos-references","status":"publish","type":"page","link":"http:\/\/image-bible.ch\/?page_id=2752","title":{"rendered":"G51.10 \/ Divers Vid\u00e9o \u2013 R\u00e9f\u00e9rences"},"content":{"rendered":"<p style=\"text-align: center;\"><span style=\"font-family: 'comic sans ms', sans-serif; font-size: 14pt;\">G51.10<\/span><span style=\"font-family: 'comic sans ms', sans-serif; font-size: 14pt;\"> &#8211; Jugement dernier \/ Divers Vid\u00e9o &#8211; R\u00e9f\u00e9rences<\/span><\/p>\n<p>Texte<\/p>\n","protected":false},"excerpt":{"rendered":"<p>G51.10 &#8211; Jugement dernier \/ Divers Vid\u00e9o &#8211; R\u00e9f\u00e9rences Texte<\/p>\n","protected":false},"author":1,"featured_media":0,"parent":0,"menu_order":0,"comment_status":"closed","ping_status":"closed","template":"","meta":{"footnotes":""},"_links":{"self":[{"href":"http:\/\/image-bible.ch\/index.php?rest_route=\/wp\/v2\/pages\/2752"}],"collection":[{"href":"http:\/\/image-bible.ch\/index.php?rest_route=\/wp\/v2\/pages"}],"about":[{"href":"http:\/\/image-bible.ch\/index.php?rest_route=\/wp\/v2\/types\/page"}],"author":[{"embeddable":true,"href":"http:\/\/image-bible.ch\/index.php?rest_route=\/wp\/v2\/users\/1"}],"replies":[{"embeddable":true,"href":"http:\/\/image-bible.ch\/index.php?rest_route=%2Fwp%2Fv2%2Fcomments&post=2752"}],"version-history":[{"count":2,"href":"http:\/\/image-bible.ch\/index.php?rest_route=\/wp\/v2\/pages\/2752\/revisions"}],"predecessor-version":[{"id":4406,"href":"http:\/\/image-bible.ch\/index.php?rest_route=\/wp\/v2\/pages\/2752\/revisions\/4406"}],"wp:attachment":[{"href":"http:\/\/image-bible.ch\/index.php?rest_route=%2Fwp%2Fv2%2Fmedia&parent=2752"}],"curies":[{"name":"wp","href":"https:\/\/api.w.org\/{rel}","templated":true}]}}