{"id":2755,"date":"2021-03-20T16:52:56","date_gmt":"2021-03-20T15:52:56","guid":{"rendered":"http:\/\/image-bible.ch\/?page_id=2755"},"modified":"2021-09-20T16:04:45","modified_gmt":"2021-09-20T14:04:45","slug":"g50-1-la-bible-des-pauvres","status":"publish","type":"page","link":"http:\/\/image-bible.ch\/?page_id=2755","title":{"rendered":"G50.1 \/ La Bible des pauvres"},"content":{"rendered":"<p style=\"text-align: center;\"><span style=\"font-family: 'comic sans ms', sans-serif; font-size: 14pt;\">G50.1<\/span><span style=\"font-family: 'comic sans ms', sans-serif; font-size: 14pt;\"> &#8211; Pentec\u00f4te \/ La Bible des pauvres<\/span><\/p>\n<p><img loading=\"lazy\" decoding=\"async\" class=\"alignnone wp-image-5461\" src=\"http:\/\/image-bible.ch\/wp-content\/uploads\/2021\/05\/50.-Pentecote-C-1-195x300.jpg\" alt=\"\" width=\"257\" height=\"395\" srcset=\"http:\/\/image-bible.ch\/wp-content\/uploads\/2021\/05\/50.-Pentecote-C-1-195x300.jpg 195w, http:\/\/image-bible.ch\/wp-content\/uploads\/2021\/05\/50.-Pentecote-C-1.jpg 632w\" sizes=\"(max-width: 257px) 100vw, 257px\" \/><\/p>\n<p>Types : Alliance entre Dieu, et le peuple, Mo\u00efse au Sina\u00ef\u00a0 &#8211; L\u2019offrande de Elie<\/p>\n<p>Antitype : Pentec\u00f4te<\/p>\n<p>Dans le livre de l\u2019Exode on lit : Dieu parla \u00e0 <strong>Mo\u00efse<\/strong> : \u00ab\u00a0monte sur la montagne et je te donnerai <strong>deux tables de pierre<\/strong>. Comme il fut donn\u00e9 \u00e0 Mo\u00efse la loi et inscrite sur des tables de pierre, ainsi la nouvelle loi fut donn\u00e9 \u00e0 Pentec\u00f4te et fut \u00e9crite sur les c\u0153urs des croyants, lorsque les langues de feu descendirent sur les croyants rassembl\u00e9s.<\/p>\n<p><i>Ex 24,12 : Yahv\u00e9 dit \u00e0 Mo\u00efse : \u00ab Monte vers moi sur la montagne et demeure l\u00e0, que je te donne les tables de pierre &#8211; la loi et le commandement &#8211; que j&rsquo;ai \u00e9crites pour leur instruction. \u00bb <\/i><\/p>\n<p>Dans le livre de Rois nous lisons : Quand le <strong>proph\u00e8te Elie<\/strong> entour\u00e9 du peuple a \u00e9tendu un b\u0153uf sur le bois du sacrifice et pria Dieu, un feu descendit du ciel qui br\u00fbla tout et ainsi le peuple cru en Dieu. Ce <strong>feu c\u00e9leste<\/strong> est une pr\u00e9figuration du feu divin qui descendit sur les ap\u00f4tres \u00e0 Pentec\u00f4t et br\u00fbla tous les p\u00e9ch\u00e9s<\/p>\n<p><i>1R 18,29-40 : <\/i><i>Quand midi fut pass\u00e9, ils se mirent \u00e0 vaticiner jusqu&rsquo;\u00e0 l&rsquo;heure de la pr\u00e9sentation de l&rsquo;offrande, mais il n&rsquo;y eut aucune voix, ni r\u00e9ponse, ni signe d&rsquo;attention.30.\u00a0Alors \u00c9lie dit \u00e0 tout le peuple : \u00ab Approchez-vous de moi \u00bb ; et tout le peuple s&rsquo;approcha de lui. Il r\u00e9para l&rsquo;autel de Yahv\u00e9 qui avait \u00e9t\u00e9 d\u00e9moli.31.\u00a0\u00c9lie prit douze pierres, selon le nombre des tribus des fils de Jacob, \u00e0 qui Yahv\u00e9 s&rsquo;\u00e9tait adress\u00e9 en disant : \u00ab Ton nom sera Isra\u00ebl \u00bb,32.\u00a0et il construisit un autel au nom de Yahv\u00e9. Il fit un canal d&rsquo;une contenance de deux boisseaux de semence autour de l&rsquo;autel.33.\u00a0Il disposa le bois, d\u00e9pe\u00e7a le taureau et le pla\u00e7a sur le bois.34.\u00a0Puis il dit : \u00ab Emplissez quatre jarres d&rsquo;eau et versez-les sur l&rsquo;holocauste et sur le bois \u00bb, et ils firent ainsi ; il dit : \u00ab Doublez \u00bb, et ils doubl\u00e8rent ; il dit : \u00ab Triplez \u00bb, et ils tripl\u00e8rent.35.\u00a0L&rsquo;eau se r\u00e9pandit autour de l&rsquo;autel et m\u00eame le canal fut rempli d&rsquo;eau.36.\u00a0A l&rsquo;heure o\u00f9 l&rsquo;on pr\u00e9sente l&rsquo;offrande, \u00c9lie le proph\u00e8te s&rsquo;approcha et dit : \u00ab Yahv\u00e9, Dieu d&rsquo;Abraham, d&rsquo;Isaac et d&rsquo;Isra\u00ebl, qu&rsquo;on sache aujourd&rsquo;hui que tu es Dieu en Isra\u00ebl, que je suis ton serviteur et que c&rsquo;est par ton ordre que j&rsquo;ai accompli toutes ces choses.37.\u00a0R\u00e9ponds-moi, Yahv\u00e9, r\u00e9ponds-moi, pour que ce peuple sache que c&rsquo;est toi, Yahv\u00e9, qui es Dieu et qui convertis leur c\u0153ur ! \u00bb38.\u00a0Et le feu de Yahv\u00e9 tomba et d\u00e9vora l&rsquo;holocauste et le bois, et il absorba l&rsquo;eau qui \u00e9tait dans le canal.39.\u00a0Tout le peuple le vit ; les gens tomb\u00e8rent la face contre terre et dirent : \u00ab C&rsquo;est Yahv\u00e9 qui est Dieu ! C&rsquo;est Yahv\u00e9 qui est Dieu ! \u00bb40.\u00a0\u00c9lie leur dit : \u00ab Saisissez les proph\u00e8tes de Baal, que pas un d&rsquo;eux n&rsquo;\u00e9chappe ! \u00bb, et ils les saisirent. \u00c9lie les fit descendre pr\u00e8s du torrent du Qish\u00f4n, et l\u00e0 il les \u00e9gorgea. <\/i><\/p>\n<p><strong>David :<\/strong><i> Ps 32,6 : Le Seigneur a fait les cieux par sa parole, l&rsquo;univers, par le souffle de sa bouche.<br \/>\n<\/i><\/p>\n<p><strong>Ez\u00e9chiel : <\/strong><i>Ez 36,27 : Je mettrai en vous mon esprit, je ferai que vous marchiez selon mes lois, que vous gardiez mes pr\u00e9ceptes et leur soyez fid\u00e8les.<br \/>\n<\/i><\/p>\n<p><strong>Ben Sirach :<\/strong><i> Sg 1,7 : L\u2019esprit du Seigneur remplit l\u2019univers : lui qui tient ensemble tous les \u00eatres, il entend toutes les voix.<br \/>\n<\/i><\/p>\n<p><strong>Joel :<\/strong><i> Jl 3,1 : Alors, apr\u00e8s cela, je r\u00e9pandrai mon esprit sur tout \u00eatre de chair, vos fils et vos filles proph\u00e9tiseront, vos anciens seront instruits par des songes, et vos jeunes gens par des visions.<\/i><\/p>\n<p>&nbsp;<\/p>\n<p>&nbsp;<\/p>\n","protected":false},"excerpt":{"rendered":"<p>G50.1 &#8211; Pentec\u00f4te \/ La Bible des pauvres Types : Alliance entre Dieu, et le peuple, Mo\u00efse au Sina\u00ef\u00a0 &#8211; L\u2019offrande de Elie Antitype : Pentec\u00f4te Dans le livre de l\u2019Exode on lit : Dieu parla \u00e0 Mo\u00efse : \u00ab\u00a0monte<\/p>\n","protected":false},"author":1,"featured_media":0,"parent":0,"menu_order":0,"comment_status":"closed","ping_status":"closed","template":"","meta":{"footnotes":""},"_links":{"self":[{"href":"http:\/\/image-bible.ch\/index.php?rest_route=\/wp\/v2\/pages\/2755"}],"collection":[{"href":"http:\/\/image-bible.ch\/index.php?rest_route=\/wp\/v2\/pages"}],"about":[{"href":"http:\/\/image-bible.ch\/index.php?rest_route=\/wp\/v2\/types\/page"}],"author":[{"embeddable":true,"href":"http:\/\/image-bible.ch\/index.php?rest_route=\/wp\/v2\/users\/1"}],"replies":[{"embeddable":true,"href":"http:\/\/image-bible.ch\/index.php?rest_route=%2Fwp%2Fv2%2Fcomments&post=2755"}],"version-history":[{"count":6,"href":"http:\/\/image-bible.ch\/index.php?rest_route=\/wp\/v2\/pages\/2755\/revisions"}],"predecessor-version":[{"id":6197,"href":"http:\/\/image-bible.ch\/index.php?rest_route=\/wp\/v2\/pages\/2755\/revisions\/6197"}],"wp:attachment":[{"href":"http:\/\/image-bible.ch\/index.php?rest_route=%2Fwp%2Fv2%2Fmedia&parent=2755"}],"curies":[{"name":"wp","href":"https:\/\/api.w.org\/{rel}","templated":true}]}}