{"id":2763,"date":"2021-03-20T16:54:08","date_gmt":"2021-03-20T15:54:08","guid":{"rendered":"http:\/\/image-bible.ch\/?page_id=2763"},"modified":"2024-11-13T17:56:51","modified_gmt":"2024-11-13T16:56:51","slug":"g50-5-interpretation","status":"publish","type":"page","link":"http:\/\/image-bible.ch\/?page_id=2763","title":{"rendered":"G50.5 \/ Interpr\u00e9tation"},"content":{"rendered":"<p style=\"text-align: center;\"><span style=\"font-family: 'comic sans ms', sans-serif; font-size: 14pt;\">G50.5<\/span><span style=\"font-family: 'comic sans ms', sans-serif; font-size: 14pt;\"> &#8211; Pentec\u00f4te \/ Interpr\u00e9tation<\/span><\/p>\n<p>Comme Dieu parla \u00e0 <strong>Mo\u00efse<\/strong> : \u00ab\u00a0monte sur la montagne et je te donnerai <strong>deux tables de pierre<\/strong> et fut donn\u00e9 \u00e0 Mo\u00efse la loi et inscrite sur des tables de pierre. Ainsi la nouvelle loi, l&rsquo;Esprit-Saint, est donn\u00e9e \u00e0 Pentec\u00f4te \u00e9crite sur les c\u0153urs des croyants, lorsque les langues de feu descendent sur les ap\u00f4tres rassembl\u00e9s.<\/p>\n<p>Le lien entre <strong>le don de la Loi \u00e0 Mo\u00efse au Sina\u00ef<\/strong> et <strong>la Pentec\u00f4te chr\u00e9tienne<\/strong> r\u00e9side dans l&rsquo;id\u00e9e de renouvellement de l\u2019alliance de Dieu avec son peuple, marquant un moment de r\u00e9v\u00e9lation, de transformation et d\u2019inspiration divine.<\/p>\n<h3>1. <strong>\u00c9v\u00e9nements fondateurs de l&rsquo;alliance de Dieu avec son peuple<\/strong><\/h3>\n<ul>\n<li><strong>Don de la Loi au Sina\u00ef<\/strong> : Au mont Sina\u00ef, apr\u00e8s la lib\u00e9ration de l\u2019esclavage en \u00c9gypte, Dieu donne la Loi \u00e0 Mo\u00efse, marquant le d\u00e9but de l\u2019alliance entre Dieu et Isra\u00ebl. Cette Loi (Torah) est le fondement spirituel et moral du peuple d\u2019Isra\u00ebl, les guidant pour vivre en relation avec Dieu.<\/li>\n<li><strong>Pentec\u00f4te chr\u00e9tienne<\/strong> : \u00c0 la Pentec\u00f4te, apr\u00e8s la r\u00e9surrection et l\u2019ascension de J\u00e9sus, Dieu envoie le Saint-Esprit sur les disciples, marquant le d\u00e9but de l\u2019\u00c9glise et une nouvelle alliance avec toute l\u2019humanit\u00e9. La Pentec\u00f4te devient ainsi le fondement de l\u2019\u00c9glise, guid\u00e9e par l\u2019Esprit plut\u00f4t que par la seule Loi \u00e9crite.<\/li>\n<\/ul>\n<p><strong>Lien<\/strong> : Les deux \u00e9v\u00e9nements marquent l\u2019\u00e9tablissement d\u2019une alliance divine, l\u2019une fond\u00e9e sur la Loi donn\u00e9e \u00e0 Isra\u00ebl, l\u2019autre fond\u00e9e sur la gr\u00e2ce et l&rsquo;Esprit Saint qui anime l\u2019\u00c9glise. La Pentec\u00f4te repr\u00e9sente l\u2019accomplissement de la Loi en Christ, qui \u00e9tablit une relation directe avec Dieu.<\/p>\n<h3>2. <strong>L&rsquo;Esprit de Dieu \u00e0 l&rsquo;\u0153uvre : du texte \u00e0 l\u2019Esprit vivant<\/strong><\/h3>\n<ul>\n<li><strong>Sina\u00ef<\/strong> : Dieu r\u00e9v\u00e8le sa volont\u00e9 par la Loi, grav\u00e9e sur des tablettes de pierre, pour que le peuple suive des pr\u00e9ceptes pr\u00e9cis. La Loi refl\u00e8te la saintet\u00e9 de Dieu et constitue un guide moral pour le peuple.<\/li>\n<li><strong>Pentec\u00f4te<\/strong> : L\u2019Esprit Saint descend sur les disciples, leur donnant une compr\u00e9hension profonde de l\u2019enseignement de J\u00e9sus et leur permettant de proclamer l\u2019\u00c9vangile. \u00c0 la Pentec\u00f4te, la \u00ab Loi \u00bb divine est \u00e9crite dans les c\u0153urs (comme annonc\u00e9 par le proph\u00e8te J\u00e9r\u00e9mie), transformant les croyants de l\u2019int\u00e9rieur.<\/li>\n<\/ul>\n<p><strong>Lien<\/strong> : Au Sina\u00ef, Dieu donne la Loi externe, et \u00e0 la Pentec\u00f4te, Dieu insuffle son Esprit, rendant cette Loi vivante \u00e0 travers une relation directe. La Pentec\u00f4te compl\u00e8te le don de la Loi en permettant aux croyants d\u2019incarner ses valeurs par la puissance de l&rsquo;Esprit.<\/p>\n<h3>3. <strong>Signes manifestes et puissance divine<\/strong><\/h3>\n<ul>\n<li><strong>Sina\u00ef<\/strong> : Lors du don de la Loi, des signes impressionnants sont manifest\u00e9s : tonnerres, \u00e9clairs, et une nu\u00e9e couvrant le sommet de la montagne. Ce contexte de puissance divine exprime la majest\u00e9 de Dieu et inspire une sainte crainte parmi le peuple.<\/li>\n<li><strong>Pentec\u00f4te<\/strong> : La descente du Saint-Esprit est marqu\u00e9e par un bruit semblable \u00e0 un vent violent, des langues de feu apparaissant sur les disciples, et ils commencent \u00e0 parler en diff\u00e9rentes langues. Ces signes indiquent la pr\u00e9sence et la puissance de l\u2019Esprit Saint, suscitant l\u2019\u00e9tonnement chez les t\u00e9moins.<\/li>\n<\/ul>\n<p><strong>Lien<\/strong> : Dans les deux r\u00e9cits, la pr\u00e9sence divine se manifeste par des signes puissants. Ces manifestations montrent que Dieu est proche et actif, scellant le caract\u00e8re sacr\u00e9 de ces moments et rappelant que la rencontre avec Dieu produit des changements transformateurs.<\/p>\n<h3>4. <strong>Un peuple appel\u00e9 et envoy\u00e9 en mission<\/strong><\/h3>\n<ul>\n<li><strong>Sina\u00ef<\/strong> : En recevant la Loi, Isra\u00ebl devient un \u00ab peuple saint \u00bb, mis \u00e0 part pour vivre selon les voies de Dieu et \u00eatre un t\u00e9moignage pour les autres nations. La Loi est leur mission de vie, et leur vocation est de refl\u00e9ter Dieu dans leurs actions.<\/li>\n<li><strong>Pentec\u00f4te<\/strong> : \u00c0 la Pentec\u00f4te, les disciples re\u00e7oivent l\u2019Esprit pour devenir t\u00e9moins de J\u00e9sus \u00ab jusqu\u2019aux extr\u00e9mit\u00e9s de la terre \u00bb. L\u2019Esprit leur donne la force de transmettre la Bonne Nouvelle, inaugurant la mission universelle de l\u2019\u00c9glise pour rassembler tous les peuples en Dieu.<\/li>\n<\/ul>\n<p><strong>Lien<\/strong> : Au Sina\u00ef, Isra\u00ebl re\u00e7oit la mission d\u2019\u00eatre une nation sainte, et \u00e0 la Pentec\u00f4te, l\u2019\u00c9glise re\u00e7oit la mission de porter l\u2019\u00c9vangile au monde entier. Ces deux \u00e9v\u00e9nements marquent l\u2019envoi d\u2019un peuple pour accomplir la volont\u00e9 de Dieu sur terre.<\/p>\n<h3>Conclusion<\/h3>\n<p>Le lien entre <strong>le don de la Loi au Sina\u00ef<\/strong> et <strong>la Pentec\u00f4te<\/strong> est riche de sens, car ils repr\u00e9sentent chacun un moment de fondation o\u00f9 Dieu s\u2019engage avec son peuple. Au Sina\u00ef, la Loi donne une structure au peuple d\u2019Isra\u00ebl, tandis qu\u2019\u00e0 la Pentec\u00f4te, le Saint-Esprit inaugure la mission universelle de l\u2019\u00c9glise. La Pentec\u00f4te ach\u00e8ve ainsi la r\u00e9v\u00e9lation commenc\u00e9e au Sina\u00ef, en inscrivant la Loi divine dans les c\u0153urs par l&rsquo;Esprit et en appelant l&rsquo;humanit\u00e9 enti\u00e8re \u00e0 entrer dans la communion avec Dieu.<\/p>\n<p>Alors que les hommes ont construit une tour pour acc\u00e9der au ciel de Dieu par leurs propres forces et que Dieu les a dispers\u00e9s et par des langues rendus diff\u00e9rents.<br \/>\nA \u00a0Pentec\u00f4te les langues de feu de l\u2019Esprit-Saint ont unis tous les peuples dans l\u2019unique langage de l\u2019amour, la langue de l\u2019Esprit.<\/p>\n<p>Le lien entre <strong>la tour de Babel (Gen\u00e8se 11)<\/strong> et <strong>la Pentec\u00f4te chr\u00e9tienne<\/strong> se trouve dans les th\u00e8mes de la langue, de la compr\u00e9hension mutuelle et de l\u2019unit\u00e9. Alors que Babel repr\u00e9sente la confusion et la dispersion caus\u00e9es par l\u2019orgueil humain, la Pentec\u00f4te symbolise la r\u00e9conciliation, l\u2019unit\u00e9 et la communication restaur\u00e9e par le don de l&rsquo;Esprit Saint.<\/p>\n<h3>1. <strong>Langues et confusion vs. langues et compr\u00e9hension<\/strong><\/h3>\n<ul>\n<li><strong>Babel<\/strong> : Les hommes, dans leur orgueil, d\u00e9cident de construire une tour qui atteigne le ciel pour se faire un nom. Dieu, voyant leur projet, les disperse en confondant leurs langues, les emp\u00eachant ainsi de se comprendre. Babel devient alors un symbole de confusion et de division.<\/li>\n<li><strong>Pentec\u00f4te<\/strong> : Lors de la Pentec\u00f4te, l\u2019Esprit Saint descend sur les disciples, et ils commencent \u00e0 parler en diff\u00e9rentes langues, mais cette fois-ci, tous les peuples les comprennent. La Pentec\u00f4te est donc un \u00e9v\u00e9nement de r\u00e9conciliation linguistique, o\u00f9 les barri\u00e8res de la langue sont surmont\u00e9es par l&rsquo;action de l&rsquo;Esprit.<\/li>\n<\/ul>\n<p><strong>Lien<\/strong> : L\u00e0 o\u00f9 Babel repr\u00e9sente la confusion des langues et la division, la Pentec\u00f4te r\u00e9tablit la compr\u00e9hension et l\u2019unit\u00e9 entre des peuples divers, unis dans l\u2019\u00e9coute de l\u2019\u00c9vangile. Par l&rsquo;Esprit, Dieu restaure la communication humaine et la dirige vers la louange et le t\u00e9moignage.<\/p>\n<h3>2. <strong>Dispersion vs. rassemblement<\/strong><\/h3>\n<ul>\n<li><strong>Babel<\/strong> : Dieu disperse les hommes sur toute la terre apr\u00e8s qu&rsquo;ils ont tent\u00e9 de s&rsquo;unir pour construire leur propre renomm\u00e9e, sans Dieu. Cette dispersion devient synonyme de d\u00e9sunion et de la perte de la communaut\u00e9 originelle.<\/li>\n<li><strong>Pentec\u00f4te<\/strong> : La Pentec\u00f4te rassemble des personnes de diff\u00e9rentes nations sous une m\u00eame compr\u00e9hension spirituelle et linguistique, cr\u00e9ant ainsi une nouvelle communaut\u00e9 de croyants. Elle marque le d\u00e9but de l\u2019\u00c9glise, un peuple universel destin\u00e9 \u00e0 r\u00e9unir toutes les nations en Christ.<\/li>\n<\/ul>\n<p><strong>Lien<\/strong> : Babel entra\u00eene une dispersion des peuples et une fragmentation, alors que la Pentec\u00f4te rassemble toutes les nations dans la foi et la mission de l\u2019\u00c9glise, montrant un renversement divin de la dispersion de Babel.<\/p>\n<h3>3. <strong>Orgueil humain vs. don de Dieu<\/strong><\/h3>\n<ul>\n<li><strong>Babel<\/strong> : La construction de la tour de Babel est motiv\u00e9e par l\u2019orgueil humain : les hommes veulent se faire un nom pour eux-m\u00eames, atteignant le ciel par leurs propres moyens. Ce d\u00e9sir d\u2019autosuffisance entra\u00eene la d\u00e9sapprobation divine et la confusion.<\/li>\n<li><strong>Pentec\u00f4te<\/strong> : \u00c0 la Pentec\u00f4te, l&rsquo;unit\u00e9 et la communication ne viennent pas des efforts humains, mais du don de l&rsquo;Esprit Saint. Les croyants ne cherchent pas \u00e0 se faire un nom, mais \u00e0 t\u00e9moigner de J\u00e9sus et de l&rsquo;\u0153uvre de Dieu. Cette humilit\u00e9 attire la b\u00e9n\u00e9diction divine et cr\u00e9e l\u2019unit\u00e9.<\/li>\n<\/ul>\n<p><strong>Lien<\/strong> : Babel symbolise les efforts orgueilleux de l\u2019humanit\u00e9 pour atteindre Dieu, alors que la Pentec\u00f4te r\u00e9v\u00e8le l\u2019\u0153uvre de Dieu pour venir \u00e0 l\u2019humanit\u00e9. L\u2019ascension de Babel, motiv\u00e9e par l\u2019ego, conduit \u00e0 la s\u00e9paration, tandis que la descente de l\u2019Esprit, qui est un don de Dieu, conduit \u00e0 l\u2019unit\u00e9.<\/p>\n<h3>4. <strong>Unit\u00e9 dans la diversit\u00e9<\/strong><\/h3>\n<ul>\n<li><strong>Babel<\/strong> : En cherchant l\u2019unit\u00e9 dans leur projet, les hommes de Babel finissent dans une diversit\u00e9 de langues qui les s\u00e9pare. Ils sont incapables de construire quelque chose de durable sans Dieu.<\/li>\n<li><strong>Pentec\u00f4te<\/strong> : \u00c0 la Pentec\u00f4te, la diversit\u00e9 des langues n&rsquo;est plus un obstacle mais devient un moyen d&rsquo;expression de l\u2019\u00c9vangile. L\u2019Esprit permet \u00e0 chaque personne d\u2019entendre le message dans sa propre langue, montrant que Dieu valorise la diversit\u00e9 tout en offrant un message commun de salut.<\/li>\n<\/ul>\n<p><strong>Lien<\/strong> : Babel montre la diversit\u00e9 qui m\u00e8ne \u00e0 la division, tandis que la Pentec\u00f4te d\u00e9montre une diversit\u00e9 r\u00e9concili\u00e9e par l\u2019Esprit, o\u00f9 chaque langue est un canal pour la Bonne Nouvelle, unissant les diff\u00e9rences dans un m\u00eame message de foi.<\/p>\n<h3>Conclusion<\/h3>\n<p><strong>La tour de Babel<\/strong> et <strong>la Pentec\u00f4te<\/strong> offrent des perspectives oppos\u00e9es sur la communication, l\u2019unit\u00e9, et la relation entre l\u2019humanit\u00e9 et Dieu. Babel repr\u00e9sente la confusion n\u00e9e de l\u2019orgueil humain et de la tentative de construire un monde sans Dieu. \u00c0 l\u2019inverse, la Pentec\u00f4te marque l&rsquo;initiative divine pour r\u00e9unir l\u2019humanit\u00e9, montrant que l&rsquo;unit\u00e9 v\u00e9ritable vient de l\u2019Esprit Saint et de la communion avec Dieu. Par l&rsquo;Esprit, la Pentec\u00f4te restaure et d\u00e9passe Babel, en rassemblant dans l&rsquo;amour et la diversit\u00e9 les nations et les langues pour l\u2019av\u00e8nement du Royaume de Dieu.<\/p>\n<p>Quand le proph\u00e8te <strong>Elie<\/strong> entour\u00e9 du peuple a \u00e9tendu un b\u0153uf sur le bois du sacrifice et pria Dieu, <strong>un feu descendit<\/strong> du ciel qui br\u00fbla tout et ainsi le peuple cru en Dieu. Ce feu c\u00e9leste est une pr\u00e9figuration du feu divin qui descendit sur les ap\u00f4tres \u00e0 Pentec\u00f4te et br\u00fbla tous les p\u00e9ch\u00e9s.<\/p>\n<p>Le lien entre <strong>1 Rois 18,20-40<\/strong> (le r\u00e9cit du proph\u00e8te \u00c9lie et le d\u00e9fi sur le mont Carmel) et la <strong>Pentec\u00f4te chr\u00e9tienne<\/strong> r\u00e9side dans le th\u00e8me de la manifestation de la puissance divine et du renouvellement spirituel. Ces deux \u00e9v\u00e9nements montrent Dieu se r\u00e9v\u00e9lant de mani\u00e8re spectaculaire pour transformer et orienter son peuple vers une foi plus profonde, marqu\u00e9e par l&rsquo;Esprit.<\/p>\n<h3>1. <strong>Manifestation de la puissance divine par le feu<\/strong><\/h3>\n<ul>\n<li><strong>Mont Carmel<\/strong> : \u00c9lie, confront\u00e9 aux proph\u00e8tes de Baal, demande \u00e0 Dieu de r\u00e9pondre par le feu pour prouver qu&rsquo;il est le seul vrai Dieu. Lorsque Dieu envoie le feu qui consume l\u2019offrande, le peuple reconna\u00eet la puissance et la souverainet\u00e9 du Seigneur, en disant \u00ab C&rsquo;est le Seigneur qui est Dieu ! \u00bb<\/li>\n<li><strong>Pentec\u00f4te<\/strong> : Le jour de la Pentec\u00f4te, l&rsquo;Esprit Saint descend sur les disciples sous la forme de langues de feu, symbolisant la pr\u00e9sence de Dieu parmi eux. Ce feu divin transforme les disciples, les remplissant de courage et de foi pour proclamer l&rsquo;\u00c9vangile.<\/li>\n<\/ul>\n<p><strong>Lien<\/strong> : Dans les deux r\u00e9cits, le feu est un signe de la pr\u00e9sence divine et de l\u2019approbation de Dieu. Le feu qui tombe \u00e0 Carmel et \u00e0 la Pentec\u00f4te manifeste la puissance de Dieu et initie un renouvellement spirituel profond parmi le peuple.<\/p>\n<h3>2. <strong>R\u00e9v\u00e9lation et renouvellement de la foi du peuple<\/strong><\/h3>\n<ul>\n<li><strong>Mont Carmel<\/strong> : Le peuple d\u2019Isra\u00ebl, influenc\u00e9 par les cultes pa\u00efens, h\u00e9sitait entre le Seigneur et Baal. Le miracle du feu consume l\u2019autel et restaure la foi d\u2019Isra\u00ebl en Dieu, recentrant leur adoration sur lui seul.<\/li>\n<li><strong>Pentec\u00f4te<\/strong> : La descente du Saint-Esprit marque un renouvellement de la foi des disciples et initie l\u2019\u00c9glise. Remplis de l&rsquo;Esprit, les ap\u00f4tres partent pr\u00eacher avec assurance, attirant de nombreux croyants et \u00e9tablissant une communaut\u00e9 de foi nouvelle et fervente.<\/li>\n<\/ul>\n<p><strong>Lien<\/strong> : Au mont Carmel, le peuple est renouvel\u00e9 dans sa foi en Dieu, tandis qu\u2019\u00e0 la Pentec\u00f4te, les disciples sont fortifi\u00e9s dans leur foi pour porter l\u2019\u00c9vangile. Dans les deux cas, Dieu intervient pour rassembler son peuple et raviver sa foi.<\/p>\n<h3>3. <strong>Le d\u00e9fi de l\u2019idol\u00e2trie et de l\u2019engagement exclusif envers Dieu<\/strong><\/h3>\n<ul>\n<li><strong>Mont Carmel<\/strong> : \u00c9lie d\u00e9fie le peuple de cesser de \u00ab boiter des deux c\u00f4t\u00e9s \u00bb et de choisir entre le Seigneur et Baal, insistant sur un engagement exclusif envers Dieu. La confrontation pousse le peuple \u00e0 reconna\u00eetre que seul Dieu est digne de leur adoration.<\/li>\n<li><strong>Pentec\u00f4te<\/strong> : \u00c0 la Pentec\u00f4te, l&rsquo;Esprit Saint appelle les disciples \u00e0 un engagement exclusif dans leur mission d&rsquo;annoncer J\u00e9sus comme le Sauveur. La Pentec\u00f4te rassemble les croyants et leur donne une orientation claire, les d\u00e9tournant de leurs anciennes croyances et leur montrant le chemin du Christ.<\/li>\n<\/ul>\n<p><strong>Lien<\/strong> : L\u2019histoire du Carmel et celle de la Pentec\u00f4te appellent les croyants \u00e0 rejeter les influences idol\u00e2triques et \u00e0 consacrer leur foi uniquement \u00e0 Dieu. Dans les deux r\u00e9cits, l\u2019intervention divine entra\u00eene une r\u00e9ponse d&rsquo;engagement profond.<\/p>\n<h3>4. <strong>L\u2019\u00e9l\u00e9ment de rassemblement communautaire autour de la foi<\/strong><\/h3>\n<ul>\n<li><strong>Mont Carmel<\/strong> : \u00c9lie rassemble tout le peuple d&rsquo;Isra\u00ebl pour t\u00e9moigner de la puissance de Dieu et pour renouveler leur fid\u00e9lit\u00e9 au Seigneur. Cet acte public de foi restaure une unit\u00e9 religieuse dans un peuple divis\u00e9 spirituellement.<\/li>\n<li><strong>Pentec\u00f4te<\/strong> : \u00c0 la Pentec\u00f4te, des Juifs de diverses nations sont r\u00e9unis, et par la puissance de l&rsquo;Esprit Saint, ils entendent l&rsquo;\u00c9vangile dans leur propre langue, donnant naissance \u00e0 la premi\u00e8re communaut\u00e9 chr\u00e9tienne, unie dans la foi en J\u00e9sus.<\/li>\n<\/ul>\n<p><strong>Lien<\/strong> : Le mont Carmel et la Pentec\u00f4te sont des moments de rassemblement o\u00f9 Dieu r\u00e9unit son peuple autour d\u2019une d\u00e9monstration de sa puissance. Ces \u00e9v\u00e9nements r\u00e9tablissent l&rsquo;unit\u00e9 autour de la foi en Dieu et rassemblent des personnes diverses pour une mission commune.<\/p>\n<h3>Conclusion<\/h3>\n<p><strong>Le mont Carmel<\/strong> et <strong>la Pentec\u00f4te<\/strong> sont des moments de d\u00e9monstration divine et de renouvellement de la foi pour le peuple de Dieu. Dans les deux \u00e9v\u00e9nements, le feu divin manifeste la pr\u00e9sence et la puissance de Dieu, rappelant aux croyants son unicit\u00e9 et sa souverainet\u00e9. Le mont Carmel pr\u00e9pare le chemin pour une foi restaur\u00e9e et purifi\u00e9e en Isra\u00ebl, tandis que la Pentec\u00f4te inaugure l\u2019\u00e8re de l\u2019\u00c9glise, remplie de l\u2019Esprit et envoy\u00e9e pour proclamer l&rsquo;\u00c9vangile au monde entier.<\/p>\n","protected":false},"excerpt":{"rendered":"<p>G50.5 &#8211; Pentec\u00f4te \/ Interpr\u00e9tation Comme Dieu parla \u00e0 Mo\u00efse : \u00ab\u00a0monte sur la montagne et je te donnerai deux tables de pierre et fut donn\u00e9 \u00e0 Mo\u00efse la loi et inscrite sur des tables de pierre. Ainsi la nouvelle<\/p>\n","protected":false},"author":1,"featured_media":0,"parent":0,"menu_order":0,"comment_status":"closed","ping_status":"closed","template":"","meta":{"footnotes":""},"_links":{"self":[{"href":"http:\/\/image-bible.ch\/index.php?rest_route=\/wp\/v2\/pages\/2763"}],"collection":[{"href":"http:\/\/image-bible.ch\/index.php?rest_route=\/wp\/v2\/pages"}],"about":[{"href":"http:\/\/image-bible.ch\/index.php?rest_route=\/wp\/v2\/types\/page"}],"author":[{"embeddable":true,"href":"http:\/\/image-bible.ch\/index.php?rest_route=\/wp\/v2\/users\/1"}],"replies":[{"embeddable":true,"href":"http:\/\/image-bible.ch\/index.php?rest_route=%2Fwp%2Fv2%2Fcomments&post=2763"}],"version-history":[{"count":6,"href":"http:\/\/image-bible.ch\/index.php?rest_route=\/wp\/v2\/pages\/2763\/revisions"}],"predecessor-version":[{"id":9471,"href":"http:\/\/image-bible.ch\/index.php?rest_route=\/wp\/v2\/pages\/2763\/revisions\/9471"}],"wp:attachment":[{"href":"http:\/\/image-bible.ch\/index.php?rest_route=%2Fwp%2Fv2%2Fmedia&parent=2763"}],"curies":[{"name":"wp","href":"https:\/\/api.w.org\/{rel}","templated":true}]}}