{"id":2767,"date":"2021-03-20T16:54:48","date_gmt":"2021-03-20T15:54:48","guid":{"rendered":"http:\/\/image-bible.ch\/?page_id=2767"},"modified":"2022-05-02T16:17:57","modified_gmt":"2022-05-02T14:17:57","slug":"g50-7-fete-juive-et-chretienne","status":"publish","type":"page","link":"http:\/\/image-bible.ch\/?page_id=2767","title":{"rendered":"G50.7 \/ F\u00eate juive et chr\u00e9tienne"},"content":{"rendered":"<p style=\"text-align: center;\"><span style=\"font-family: 'comic sans ms', sans-serif; font-size: 14pt;\">G50.7<\/span><span style=\"font-family: 'comic sans ms', sans-serif; font-size: 14pt;\"> &#8211; Pentec\u00f4te \/ Chavouot et Pentec\u00f4te<\/span><\/p>\n<h3 style=\"text-align: justify;\"><a href=\"http:\/\/image-bible.ch\/wp-content\/uploads\/7-clefs-pour-Pentecote.pdf\">7 clefs pour Pentec\u00f4te<\/a><\/h3>\n<p style=\"text-align: justify;\">Chavouot en h\u00e9breu et Pentec\u00f4te en grec signifie la m\u00eame chose : \u00ab\u00a050 jours apr\u00e8s\u00a0\u00bb P\u00e2que.<\/p>\n<h2 style=\"text-align: justify;\">Chavouot :<\/h2>\n<p style=\"text-align: justify;\">est l\u2019une des <a class=\"mw-redirect\" title=\"Sheloshet Haregalim\" href=\"https:\/\/fr.wikipedia.org\/wiki\/Sheloshet_Haregalim\">trois f\u00eates de p\u00e8lerinage<\/a> du <a title=\"Juda\u00efsme\" href=\"https:\/\/fr.wikipedia.org\/wiki\/Juda%C3%AFsme\">juda\u00efsme<\/a> (P\u00e2que, Shavouot, F\u00eate des tentes), prescrites par la <a title=\"Bible\" href=\"https:\/\/fr.wikipedia.org\/wiki\/Bible\">Bible<\/a>, au cours de laquelle on c\u00e9l\u00e8bre le d\u00e9but de la saison de la moisson du bl\u00e9 et, dans la tradition rabbinique, le <a title=\"Don de la Torah sur le mont Sina\u00ef\" href=\"https:\/\/fr.wikipedia.org\/wiki\/Don_de_la_Torah_sur_le_mont_Sina%C3%AF\">don de la Torah sur le mont Sina\u00ef<\/a>.<\/p>\n<p style=\"text-align: justify;\">Chez les juifs chaque f\u00eate a une <strong>origine agricole<\/strong>, ici la f\u00eate des moisson, puis un <strong>rappel et actualisation de l&rsquo;histoire du peuple<\/strong> d&rsquo;Isra\u00ebl, ici le don de la Loi, la Torah, au mont Sina\u00ef.<\/p>\n<p style=\"text-align: justify;\">Cette f\u00eate marque l\u2019ach\u00e8vement de la p\u00e9riode des sept semaines du compte du <a title=\"Sefirat HaOmer\" href=\"https:\/\/fr.chabad.org\/library\/article_cdo\/aid\/667366\/jewish\/Sefirat-HaOmer.htm\">Omer<\/a> entre Pessa\u2019h et Chavouot. La Torah fut donn\u00e9e par Dieu au peuple juif sur le mont Sina\u00ef il y a plus de 3300 ans. Chaque ann\u00e9e, lors de la f\u00eate de Chavouot, nous renouvelons notre acceptation de ce cadeau divin, et Dieu \u00ab redonne \u00bb la Torah.<\/p>\n<p style=\"text-align: justify;\">Le don de la Torah fut un \u00e9v\u00e9nement spirituel d\u2019une grande port\u00e9e, qui marqua l\u2019essence de l\u2019\u00e2me juive pour l\u2019\u00e9ternit\u00e9.\u00a0 Nos Sages l\u2019ont compar\u00e9 \u00e0 un mariage entre D.ieu et le peuple juif. Chavouot signifie \u00e9galement \u00ab serment \u00bb, et en ce jour, D.ieu fit un serment d\u2019alliance perp\u00e9tuelle avec nous, et, en retour, nous lui avons jur\u00e9 une fid\u00e9lit\u00e9 \u00e9ternelle.<\/p>\n<p style=\"text-align: justify;\">Dans l\u2019Antiquit\u00e9, deux pains de bl\u00e9 \u00e9taient offerts au Saint Temple \u00e0 Chavouot. C\u2019\u00e9tait aussi \u00e0 ce moment-l\u00e0 que les gens commen\u00e7aient \u00e0 amener les Bikourim, leurs premiers et meilleurs fruits, pour remercier Dieu pour l\u2019abondance de la terre d\u2019Isra\u00ebl.<\/p>\n<h4 id=\"Comment\" style=\"text-align: justify;\">Comment Chavouot est-elle c\u00e9l\u00e9br\u00e9e\u00a0?<\/h4>\n<ul style=\"text-align: justify;\">\n<li>Les femmes et les jeunes filles allument les bougies de la f\u00eate pour accueillir celle-ci, le premier et aussi le second soir.<\/li>\n<li>C\u2019est une tradition de rester \u00e9veill\u00e9 toute la nuit en \u00e9tudiant la Torah le premier soir de Chavouot.<\/li>\n<li>Tous les hommes, femmes et enfants se rendent traditionnellement \u00e0 la synagogue le premier jour de Chavouot pour \u00e9couter la lecture des Dix Commandements.<\/li>\n<li>Comme lors des autres f\u00eates, des repas festifs sont consomm\u00e9s et aucun \u00ab\u00a0travail\u00a0\u00bb ne peut \u00eatre accompli.<\/li>\n<li>Il est de coutume de consommer des aliments lact\u00e9s \u00e0 Chavouot.<\/li>\n<li>Le second jour de Chavouot, la pri\u00e8re de Yizkor, \u00e0 la m\u00e9moire des disparus, est r\u00e9cit\u00e9e.<\/li>\n<li>Dans certaines communaut\u00e9s, on lit le livre de Ruth, car le Roi David \u2013 qui quitta ce monde \u00e0 Chavouot \u2013 \u00e9tait un descendant de Ruth la Moabite.<\/li>\n<\/ul>\n<p style=\"text-align: justify;\"><a href=\"https:\/\/fr.chabad.org\/library\/article_cdo\/aid\/619292\/jewish\/Chavouot.htm\">En savoir plus sur chavouot<\/a><\/p>\n<h2 style=\"text-align: justify;\">Pentec\u00f4te :<\/h2>\n<p style=\"text-align: justify;\">Comme les juifs, les chr\u00e9tiens c\u00e9l\u00e8brent la Pentec\u00f4te cinquante jours apr\u00e8s P\u00e2ques. C&rsquo;est un jour marqu\u00e9 par l&rsquo;acte de naissance des deux religions : les juifs comm\u00e9morent le jour o\u00f9 <strong>Mo\u00efse re\u00e7oit les dix commandements<\/strong>, les chr\u00e9tiens celui o\u00f9 les<strong> disciples de J\u00e9sus re\u00e7oivent l&rsquo;Esprit saint<\/strong>, qui les pousse \u00e0 annoncer que le Christ est vivant.<\/p>\n<p style=\"text-align: justify;\">L&rsquo;Esprit saint grave en leur c\u0153ur une nouvelle loi, celle de l&rsquo;amour. Dans le r\u00e9cit, il est symbolis\u00e9 par les langues de feu qui se d\u00e9posent au-dessus de la t\u00eate de chacun.<\/p>\n<h4 style=\"text-align: justify;\">Ils virent appara\u00eetre des langues de feu&#8230;<\/h4>\n<p style=\"text-align: justify;\">C&rsquo;est <strong>la f\u00eate du Saint-Esprit<\/strong> que l&rsquo;\u00c9glise c\u00e9l\u00e8bre en ce jour de Pentec\u00f4te. Les Actes des Ap\u00f4tres racontent comment les disciples, encore tout \u00e9mus de la mort de J\u00e9sus et de ses diverses apparitions, \u00e9taient r\u00e9unis ensemble dans un lieu appel\u00e9 C\u00e9nacle. Apr\u00e8s avoir entendu un bruit \u00e9tonnant, ils virent appara\u00eetre des langues de feu qui se pos\u00e8rent sur chacun d&rsquo;eux. Emplis de l&rsquo;Esprit saint, comprenant les myst\u00e8res de Dieu, ils se mettent \u00e0 parler dans toutes les langues, et se sentent soudain investis d&rsquo;une nouvelle mission, celle de r\u00e9pandre la Bonne Nouvelle de la r\u00e9surrection de J\u00e9sus.<\/p>\n<p style=\"text-align: justify;\">La Bible est riche de signes et de proph\u00e9ties qui parlent de cet \u00e9v\u00e9nement avant m\u00eame qu&rsquo;il ne se produise. L&rsquo;Ancien Testament nous r\u00e9v\u00e8le ainsi que l&rsquo;\u00e9poque troubl\u00e9e du peuple juif durerait jusqu&rsquo;\u00e0 ce que l&rsquo;Esprit saint soit r\u00e9pandu d&rsquo;en haut (Isa\u00efe 32,15). De m\u00eame, le proph\u00e8te Jo\u00ebl parle de la venue de l&rsquo;Esprit saint : <em>\u00ab\u00a0Je r\u00e9pandrai mon Esprit sur toute chair&#8230; M\u00eame sur les esclaves, hommes et femmes, en ces jours-l\u00e0, je r\u00e9pandrai mon Esprit\u00a0\u00bb<\/em> (Jo\u00ebl 3, 1-2). Et J\u00e9sus lui-m\u00eame l&rsquo;avait promis:<em> \u00ab\u00a0Vous recevrez une force nouvelle\u00a0\u00bb<\/em> (Actes des Ap\u00f4tres).<\/p>\n<p style=\"text-align: justify;\">La Pentec\u00f4te inaugure <strong>le temps de l&rsquo;\u00c9glise<\/strong>, elle constitue sa \u00ab\u00a0date\u00a0\u00bb de naissance. Pour les chr\u00e9tiens, c&rsquo;est la d\u00e9couverte incroyable d&rsquo;une force nouvelle, celle de l&rsquo;Esprit de Dieu, donn\u00e9e en surabondance au bapt\u00eame. L&rsquo;Esprit fortifie, console, inspire, vivifie! Il nous conforte dans une foi vivante et joyeuse. C&rsquo;est le meilleur des guides spirituels !<\/p>\n","protected":false},"excerpt":{"rendered":"<p>G50.7 &#8211; Pentec\u00f4te \/ Chavouot et Pentec\u00f4te 7 clefs pour Pentec\u00f4te Chavouot en h\u00e9breu et Pentec\u00f4te en grec signifie la m\u00eame chose : \u00ab\u00a050 jours apr\u00e8s\u00a0\u00bb P\u00e2que. Chavouot : est l\u2019une des trois f\u00eates de p\u00e8lerinage du juda\u00efsme (P\u00e2que, Shavouot,<\/p>\n","protected":false},"author":1,"featured_media":0,"parent":0,"menu_order":0,"comment_status":"closed","ping_status":"closed","template":"","meta":{"footnotes":""},"_links":{"self":[{"href":"http:\/\/image-bible.ch\/index.php?rest_route=\/wp\/v2\/pages\/2767"}],"collection":[{"href":"http:\/\/image-bible.ch\/index.php?rest_route=\/wp\/v2\/pages"}],"about":[{"href":"http:\/\/image-bible.ch\/index.php?rest_route=\/wp\/v2\/types\/page"}],"author":[{"embeddable":true,"href":"http:\/\/image-bible.ch\/index.php?rest_route=\/wp\/v2\/users\/1"}],"replies":[{"embeddable":true,"href":"http:\/\/image-bible.ch\/index.php?rest_route=%2Fwp%2Fv2%2Fcomments&post=2767"}],"version-history":[{"count":7,"href":"http:\/\/image-bible.ch\/index.php?rest_route=\/wp\/v2\/pages\/2767\/revisions"}],"predecessor-version":[{"id":6930,"href":"http:\/\/image-bible.ch\/index.php?rest_route=\/wp\/v2\/pages\/2767\/revisions\/6930"}],"wp:attachment":[{"href":"http:\/\/image-bible.ch\/index.php?rest_route=%2Fwp%2Fv2%2Fmedia&parent=2767"}],"curies":[{"name":"wp","href":"https:\/\/api.w.org\/{rel}","templated":true}]}}