{"id":2795,"date":"2021-03-20T17:09:23","date_gmt":"2021-03-20T16:09:23","guid":{"rendered":"http:\/\/image-bible.ch\/?page_id=2795"},"modified":"2021-09-20T14:42:56","modified_gmt":"2021-09-20T12:42:56","slug":"g48-1-la-bible-des-pauvres","status":"publish","type":"page","link":"http:\/\/image-bible.ch\/?page_id=2795","title":{"rendered":"G48.1 \/ La Bible des pauvres"},"content":{"rendered":"<p style=\"text-align: center;\"><span style=\"font-family: 'comic sans ms', sans-serif; font-size: 14pt;\">G48.1<\/span><span style=\"font-family: 'comic sans ms', sans-serif; font-size: 14pt;\"> &#8211; Apparition \u00e0 Thomas \/ La Bible des pauvres<\/span><\/p>\n<p><img loading=\"lazy\" decoding=\"async\" class=\"alignnone wp-image-5736\" src=\"http:\/\/image-bible.ch\/wp-content\/uploads\/2021\/05\/37.-Thomas-et-Jesus-192x300.jpg\" alt=\"\" width=\"329\" height=\"514\" srcset=\"http:\/\/image-bible.ch\/wp-content\/uploads\/2021\/05\/37.-Thomas-et-Jesus-192x300.jpg 192w, http:\/\/image-bible.ch\/wp-content\/uploads\/2021\/05\/37.-Thomas-et-Jesus.jpg 624w\" sizes=\"(max-width: 329px) 100vw, 329px\" \/><\/p>\n<p><strong>Types :<\/strong> Jacob combat avec l\u2019ange &#8211; G\u00e9d\u00e9on et l\u2019ange<\/p>\n<p><strong>Antitype :<\/strong> Thomas incr\u00e9dule et J\u00e9sus.<\/p>\n<p>Dans la Gen\u00e8se on lit : Jacob \u00e0 qui vint l\u2019ange et s\u2019empara de lui, combattit jusqu\u2019\u00e0 ce qu\u2019il le b\u00e9nisse. Ce Jacob est un une pr\u00e9figuration de l\u2019ap\u00f4tre Thomas qui par le toucher de l\u2019ange, le Christ, obtint la b\u00e9n\u00e9diction de la sainte foi et la confirmation de la r\u00e9surrection du Christ.<\/p>\n<p><i>Gn 32,24-29 : \u00a0Et Jacob resta seul. Et quelqu&rsquo;un lutta avec lui jusqu&rsquo;au lever de l&rsquo;aurore.25. 32:26 Voyant qu&rsquo;il ne le ma\u00eetrisait pas, il le frappa \u00e0 l&#8217;embo\u00eeture de la hanche, et la hanche de Jacob se d\u00e9mit pendant qu&rsquo;il luttait avec lui.26. 32:27 Il dit : L\u00e2che-moi, car l&rsquo;aurore est lev\u00e9e, mais Jacob r\u00e9pondit : Je ne te l\u00e2cherai pas, que tu ne m&rsquo;aies b\u00e9ni.27. 32:28 Il lui demanda : Quel est ton nom ? &#8211; Jacob, r\u00e9pondit-il.28. 32:29 Il reprit : On ne t&rsquo;appellera plus Jacob, mais Isra\u00ebl, car tu as \u00e9t\u00e9 fort contre Dieu et contre tous les hommes et tu l&rsquo;as emport\u00e9.29. 32:30 Jacob fit cette demande : R\u00e9v\u00e8le-moi ton nom, je te prie, mais il r\u00e9pondit : Et pourquoi me demandes-tu mon nom ? et, l\u00e0 m\u00eame, il le b\u00e9nit.30. 32:31 Jacob donna \u00e0 cet endroit le nom de Penuel, car, dit-il, j&rsquo;ai vu Dieu face \u00e0 face et j&rsquo;ai eu la vie sauve.<br \/>\n<\/i><\/p>\n<p>Dans le livre Juges on lit : l\u2019ange du Seigneur vint vers G\u00e9d\u00e9on et dit : \u00ab Le Seigneur soit avec toi , vaillant guerrier \u00bb. On lit qu\u2019il devait lib\u00e9rer le peuple\u00a0 d\u2019Isra\u00ebl et qu\u2019il parvint \u00e0 le faire effectivement. G\u00e9d\u00e9on est une pr\u00e9figuration de l\u2019ap\u00f4tre Thomas, \u00e0 qui vint l\u2019ange du jugement dernier, le Christ, qui le fortifia dans la foi et lui permit de toucher ses plaies<\/p>\n<p><i>Juges 6,11-16 : L&rsquo;Ange de Yahv\u00e9 vint et s&rsquo;assit sous le t\u00e9r\u00e9binthe d&rsquo;Ophra, qui appartenait \u00e0 Yoash d&rsquo;Abi\u00e9zer. G\u00e9d\u00e9on, son fils, battait le bl\u00e9 dans le pressoir pour le soustraire \u00e0 Madi\u00e2n,12.\u00a0et l&rsquo;Ange de Yahv\u00e9 lui apparut : \u00ab Yahv\u00e9 avec toi, lui dit-il, vaillant guerrier! \u00bb13.\u00a0G\u00e9d\u00e9on lui r\u00e9pondit : \u00ab Je t&rsquo;en prie mon Seigneur! Si Yahv\u00e9 est avec nous, d&rsquo;o\u00f9 vient tout ce qui nous arrive ? O\u00f9 sont tous ces prodiges que nous racontent nos p\u00e8res quand ils disent : \u00abYahv\u00e9 ne nous a-t-il pas fait monter d&rsquo;\u00c9gypte ?\u00bb Et maintenant Yahv\u00e9 nous a abandonn\u00e9s, il nous a livr\u00e9s au pouvoir de Madi\u00e2n&#8230; \u00bb14.\u00a0Alors Yahv\u00e9 se tourna vers lui et lui dit : \u00ab Va avec la force qui t&rsquo;anime et tu sauveras Isra\u00ebl de la main de Madi\u00e2n. N&rsquo;est-ce pas moi qui t&rsquo;envoie ? \u00bb -15.\u00a0\u00ab Pardon, mon Seigneur! lui r\u00e9pondit G\u00e9d\u00e9on, comment sauverais-je Isra\u00ebl ? Mon clan est le plus pauvre en Manass\u00e9 et moi, je suis le dernier dans la maison de mon p\u00e8re. \u00bb16.\u00a0Yahv\u00e9 lui r\u00e9pondit : \u00ab Je serai avec toi et tu battras Madi\u00e2n comme si c&rsquo;\u00e9tait un seul homme. \u00bb<\/i><\/p>\n<p><i>\u00a0<\/i><\/p>\n<p><strong>David :<\/strong><i> Ps 50,4 : Lave-moi tout entier de ma faute, purifie-moi de mon offense.<br \/>\n<\/i><\/p>\n<p><strong>J\u00e9r\u00e9mie :<\/strong><i> Jr 31,18 : J\u2019entends bien \u00c9phra\u00efm se plaindre : \u00ab Tu m\u2019as corrig\u00e9, et je suis corrig\u00e9, comme un jeune taureau non dress\u00e9. Fais-moi revenir, et je reviendrai, car c\u2019est toi qui es le Seigneur mon Dieu.\u00a0 \/ 5,21 : \u00c9coutez donc ceci, peuple stupide et sans intelligence ! \u2013 Ils ont des yeux et ne voient pas, des oreilles et n\u2019entendent pas !<br \/>\n<\/i><\/p>\n<p><strong>Isa\u00efe :<\/strong><i> Es 57,18 : Ses chemins, je les ai vus, mais je le gu\u00e9rirai, je le conduirai, je le comblerai de consolations, lui et les siens qui sont en deuil ; \/ (2 R 5,15 ) : Naaman retourna chez l\u2019homme de Dieu avec toute son escorte ; il entra, se pr\u00e9senta devant lui et d\u00e9clara : \u00ab D\u00e9sormais, je le sais : il n\u2019y a pas d\u2019autre Dieu, sur toute la terre, que celui d\u2019Isra\u00ebl !<br \/>\n<\/i><\/p>\n<p><strong>Os\u00e9e :<\/strong><i> Za 3,7: Ainsi parle le Seigneur de l\u2019univers : Si tu marches dans mes voies, si tu gardes mes observances, tu gouverneras ma maison, tu garderas mes parvis et je te ferai acc\u00e9der au rang de ceux qui se tiennent l\u00e0. \/ (So 3,7) : Je disais : Au moins tu me craindras, tu accepteras la le\u00e7on ; \u00e0 ses yeux ne peuvent s\u2019effacer toutes les fois o\u00f9 je l\u2019ai visit\u00e9e. Mais non ! \u00c0 peine lev\u00e9s, ils se sont mis \u00e0 pervertir toutes leurs actions !<br \/>\n<\/i><\/p>\n<p>&nbsp;<\/p>\n<p>&nbsp;<\/p>\n","protected":false},"excerpt":{"rendered":"<p>G48.1 &#8211; Apparition \u00e0 Thomas \/ La Bible des pauvres Types : Jacob combat avec l\u2019ange &#8211; G\u00e9d\u00e9on et l\u2019ange Antitype : Thomas incr\u00e9dule et J\u00e9sus. Dans la Gen\u00e8se on lit : Jacob \u00e0 qui vint l\u2019ange et s\u2019empara de<\/p>\n","protected":false},"author":1,"featured_media":0,"parent":0,"menu_order":0,"comment_status":"closed","ping_status":"closed","template":"","meta":{"footnotes":""},"_links":{"self":[{"href":"http:\/\/image-bible.ch\/index.php?rest_route=\/wp\/v2\/pages\/2795"}],"collection":[{"href":"http:\/\/image-bible.ch\/index.php?rest_route=\/wp\/v2\/pages"}],"about":[{"href":"http:\/\/image-bible.ch\/index.php?rest_route=\/wp\/v2\/types\/page"}],"author":[{"embeddable":true,"href":"http:\/\/image-bible.ch\/index.php?rest_route=\/wp\/v2\/users\/1"}],"replies":[{"embeddable":true,"href":"http:\/\/image-bible.ch\/index.php?rest_route=%2Fwp%2Fv2%2Fcomments&post=2795"}],"version-history":[{"count":7,"href":"http:\/\/image-bible.ch\/index.php?rest_route=\/wp\/v2\/pages\/2795\/revisions"}],"predecessor-version":[{"id":6186,"href":"http:\/\/image-bible.ch\/index.php?rest_route=\/wp\/v2\/pages\/2795\/revisions\/6186"}],"wp:attachment":[{"href":"http:\/\/image-bible.ch\/index.php?rest_route=%2Fwp%2Fv2%2Fmedia&parent=2795"}],"curies":[{"name":"wp","href":"https:\/\/api.w.org\/{rel}","templated":true}]}}