{"id":2797,"date":"2021-04-03T10:28:26","date_gmt":"2021-04-03T08:28:26","guid":{"rendered":"http:\/\/image-bible.ch\/?page_id=2797"},"modified":"2024-11-13T16:55:54","modified_gmt":"2024-11-13T15:55:54","slug":"g48-2-images","status":"publish","type":"page","link":"http:\/\/image-bible.ch\/?page_id=2797","title":{"rendered":"G48.2 \/ Images"},"content":{"rendered":"<p style=\"text-align: center;\"><span style=\"font-family: 'comic sans ms', sans-serif; font-size: 14pt;\">G48.2<\/span><span style=\"font-family: 'comic sans ms', sans-serif; font-size: 14pt;\"> &#8211; Apparition \u00e0 Thomas \/ Images<\/span><\/p>\n<p><img loading=\"lazy\" decoding=\"async\" class=\"alignnone wp-image-6844\" src=\"http:\/\/image-bible.ch\/wp-content\/uploads\/48a_Apparition-Thomas_Jn20-202x300.jpg\" alt=\"\" width=\"311\" height=\"462\" srcset=\"http:\/\/image-bible.ch\/wp-content\/uploads\/48a_Apparition-Thomas_Jn20-202x300.jpg 202w, http:\/\/image-bible.ch\/wp-content\/uploads\/48a_Apparition-Thomas_Jn20-691x1024.jpg 691w, http:\/\/image-bible.ch\/wp-content\/uploads\/48a_Apparition-Thomas_Jn20-768x1139.jpg 768w, http:\/\/image-bible.ch\/wp-content\/uploads\/48a_Apparition-Thomas_Jn20-1036x1536.jpg 1036w, http:\/\/image-bible.ch\/wp-content\/uploads\/48a_Apparition-Thomas_Jn20.jpg 1185w\" sizes=\"(max-width: 311px) 100vw, 311px\" \/><\/p>\n<div id='gallery-1' class='gallery galleryid-2797 gallery-columns-2 gallery-size-large'><figure class='gallery-item'>\n\t\t\t<div class='gallery-icon portrait'>\n\t\t\t\t<a href='http:\/\/image-bible.ch\/?attachment_id=9443'><img loading=\"lazy\" decoding=\"async\" width=\"629\" height=\"1024\" src=\"http:\/\/image-bible.ch\/wp-content\/uploads\/37.-Joseph-pardonne-ses-freres_Gn-453-8-1-629x1024.jpg\" class=\"attachment-large size-large\" alt=\"\" aria-describedby=\"gallery-1-9443\" srcset=\"http:\/\/image-bible.ch\/wp-content\/uploads\/37.-Joseph-pardonne-ses-freres_Gn-453-8-1-629x1024.jpg 629w, http:\/\/image-bible.ch\/wp-content\/uploads\/37.-Joseph-pardonne-ses-freres_Gn-453-8-1-184x300.jpg 184w, http:\/\/image-bible.ch\/wp-content\/uploads\/37.-Joseph-pardonne-ses-freres_Gn-453-8-1-768x1251.jpg 768w, http:\/\/image-bible.ch\/wp-content\/uploads\/37.-Joseph-pardonne-ses-freres_Gn-453-8-1-943x1536.jpg 943w, http:\/\/image-bible.ch\/wp-content\/uploads\/37.-Joseph-pardonne-ses-freres_Gn-453-8-1.jpg 1181w\" sizes=\"(max-width: 629px) 100vw, 629px\" \/><\/a>\n\t\t\t<\/div>\n\t\t\t\t<figcaption class='wp-caption-text gallery-caption' id='gallery-1-9443'>\n\t\t\t\tJoseph se fait reconna\u00eetre par ses fr\u00e8res\n\t\t\t\t<\/figcaption><\/figure><figure class='gallery-item'>\n\t\t\t<div class='gallery-icon portrait'>\n\t\t\t\t<a href='http:\/\/image-bible.ch\/?attachment_id=9445'><img loading=\"lazy\" decoding=\"async\" width=\"750\" height=\"992\" src=\"http:\/\/image-bible.ch\/wp-content\/uploads\/37_Ange-se-montre-annesse-Balam_Nb22-17-35-1-774x1024.jpg\" class=\"attachment-large size-large\" alt=\"\" aria-describedby=\"gallery-1-9445\" srcset=\"http:\/\/image-bible.ch\/wp-content\/uploads\/37_Ange-se-montre-annesse-Balam_Nb22-17-35-1-774x1024.jpg 774w, http:\/\/image-bible.ch\/wp-content\/uploads\/37_Ange-se-montre-annesse-Balam_Nb22-17-35-1-227x300.jpg 227w, http:\/\/image-bible.ch\/wp-content\/uploads\/37_Ange-se-montre-annesse-Balam_Nb22-17-35-1-768x1016.jpg 768w, http:\/\/image-bible.ch\/wp-content\/uploads\/37_Ange-se-montre-annesse-Balam_Nb22-17-35-1-1161x1536.jpg 1161w, http:\/\/image-bible.ch\/wp-content\/uploads\/37_Ange-se-montre-annesse-Balam_Nb22-17-35-1.jpg 1404w\" sizes=\"(max-width: 750px) 100vw, 750px\" \/><\/a>\n\t\t\t<\/div>\n\t\t\t\t<figcaption class='wp-caption-text gallery-caption' id='gallery-1-9445'>\n\t\t\t\tL&rsquo;ange appara\u00eet \u00e0 l&rsquo;\u00e2nesse de Balaam\n\t\t\t\t<\/figcaption><\/figure>\n\t\t<\/div>\n\n","protected":false},"excerpt":{"rendered":"<p>G48.2 &#8211; Apparition \u00e0 Thomas \/ Images<\/p>\n","protected":false},"author":1,"featured_media":0,"parent":0,"menu_order":0,"comment_status":"closed","ping_status":"closed","template":"","meta":{"footnotes":""},"_links":{"self":[{"href":"http:\/\/image-bible.ch\/index.php?rest_route=\/wp\/v2\/pages\/2797"}],"collection":[{"href":"http:\/\/image-bible.ch\/index.php?rest_route=\/wp\/v2\/pages"}],"about":[{"href":"http:\/\/image-bible.ch\/index.php?rest_route=\/wp\/v2\/types\/page"}],"author":[{"embeddable":true,"href":"http:\/\/image-bible.ch\/index.php?rest_route=\/wp\/v2\/users\/1"}],"replies":[{"embeddable":true,"href":"http:\/\/image-bible.ch\/index.php?rest_route=%2Fwp%2Fv2%2Fcomments&post=2797"}],"version-history":[{"count":4,"href":"http:\/\/image-bible.ch\/index.php?rest_route=\/wp\/v2\/pages\/2797\/revisions"}],"predecessor-version":[{"id":9446,"href":"http:\/\/image-bible.ch\/index.php?rest_route=\/wp\/v2\/pages\/2797\/revisions\/9446"}],"wp:attachment":[{"href":"http:\/\/image-bible.ch\/index.php?rest_route=%2Fwp%2Fv2%2Fmedia&parent=2797"}],"curies":[{"name":"wp","href":"https:\/\/api.w.org\/{rel}","templated":true}]}}