{"id":2800,"date":"2021-03-20T17:11:03","date_gmt":"2021-03-20T16:11:03","guid":{"rendered":"http:\/\/image-bible.ch\/?page_id=2800"},"modified":"2024-11-13T17:06:49","modified_gmt":"2024-11-13T16:06:49","slug":"g48-4-bible-a-t","status":"publish","type":"page","link":"http:\/\/image-bible.ch\/?page_id=2800","title":{"rendered":"G48.4 \/ Bible A-T"},"content":{"rendered":"<p style=\"text-align: center;\"><span style=\"font-family: 'comic sans ms', sans-serif; font-size: 14pt;\">G48.4<\/span><span style=\"font-family: 'comic sans ms', sans-serif; font-size: 14pt;\"> &#8211; Apparition \u00e0 Thomas \/ Bible Ancien-Testament<\/span><\/p>\n<h3>Jacob combat avec l\u2019ange<\/h3>\n<p><img loading=\"lazy\" decoding=\"async\" class=\"alignnone size-medium wp-image-5732\" src=\"http:\/\/image-bible.ch\/wp-content\/uploads\/2021\/05\/37.-Thomas-et-Jesus-A-Jacob-combat-avec-lange--197x300.jpg\" alt=\"\" width=\"197\" height=\"300\" srcset=\"http:\/\/image-bible.ch\/wp-content\/uploads\/2021\/05\/37.-Thomas-et-Jesus-A-Jacob-combat-avec-lange--197x300.jpg 197w, http:\/\/image-bible.ch\/wp-content\/uploads\/2021\/05\/37.-Thomas-et-Jesus-A-Jacob-combat-avec-lange-.jpg 314w\" sizes=\"(max-width: 197px) 100vw, 197px\" \/><\/p>\n<p><i>Gn 32,24-29 : \u00a0Et Jacob resta seul. Et quelqu&rsquo;un lutta avec lui jusqu&rsquo;au lever de l&rsquo;aurore.25. 32:26 Voyant qu&rsquo;il ne le ma\u00eetrisait pas, il le frappa \u00e0 l&#8217;embo\u00eeture de la hanche, et la hanche de Jacob se d\u00e9mit pendant qu&rsquo;il luttait avec lui.26. 32:27 Il dit : L\u00e2che-moi, car l&rsquo;aurore est lev\u00e9e, mais Jacob r\u00e9pondit : Je ne te l\u00e2cherai pas, que tu ne m&rsquo;aies b\u00e9ni.27. 32:28 Il lui demanda : Quel est ton nom ? &#8211; Jacob, r\u00e9pondit-il.28. 32:29 Il reprit : On ne t&rsquo;appellera plus Jacob, mais Isra\u00ebl, car tu as \u00e9t\u00e9 fort contre Dieu et contre tous les hommes et tu l&rsquo;as emport\u00e9.29. 32:30 Jacob fit cette demande : R\u00e9v\u00e8le-moi ton nom, je te prie, mais il r\u00e9pondit : Et pourquoi me demandes-tu mon nom ? et, l\u00e0 m\u00eame, il le b\u00e9nit.30. 32:31 Jacob donna \u00e0 cet endroit le nom de Penuel, car, dit-il, j&rsquo;ai vu Dieu face \u00e0 face et j&rsquo;ai eu la vie sauve.<br \/>\n<\/i><\/p>\n<p><a href=\"https:\/\/image-bible.ch\/?page_id=2361\">Voir aussi le combat de Jacob 25.4<\/a><\/p>\n<h3>ou Joseph se fait reconna\u00eetre par ses fr\u00e8res<\/h3>\n<p><span style=\"color: #0000ff;\">Gn 45,3-8\u00a0:<\/span><\/p>\n<p><span style=\"color: #0000ff;\"><sup>3<\/sup><\/span> <strong>Joseph<\/strong> dit \u00e0 <strong>ses fr\u00e8res\u00a0<\/strong>: \u00ab\u00a0Je suis <strong>Joseph\u00a0!<\/strong> Est-ce que <em>mon p\u00e8re vit encore\u00a0?\u00a0<\/em>\u00bb Mais <strong>ses fr\u00e8res<\/strong> \u00e9taient<em> incapables de lui r\u00e9pondre<\/em>, tant ils \u00e9taient <em>boulevers\u00e9s<\/em> de se trouver en face de lui.<\/p>\n<p><span style=\"color: #0000ff;\"><sup>4<\/sup><\/span> Alors<strong> Joseph<\/strong> dit \u00e0 <strong>ses fr\u00e8res\u00a0<\/strong>: \u00ab\u00a0Approchez-vous de moi\u00a0\u00bb. Ils s\u2019approch\u00e8rent, et il leur dit\u00a0: \u00ab\u00a0<em>Je suis Joseph, <\/em><span style=\"color: #ff0000;\">votre fr\u00e8re<\/span><em>, que vous avez vendu pour qu\u2019il soit emmen\u00e9 <span style=\"color: #008000;\">en \u00c9gypte.<\/span><\/em><\/p>\n<p><span style=\"color: #0000ff;\"><sup>5<\/sup><\/span> Mais maintenant ne vous affligez pas, et ne soyez pas tourment\u00e9s de m\u2019avoir vendu, car c\u2019est <span style=\"color: #ff0000;\">pour vous <strong>conserver la vie<\/strong> que Dieu m\u2019a envoy\u00e9 ici avant vous<\/span>.<\/p>\n<p><span style=\"color: #0000ff;\"><sup>6<\/sup><\/span> Voici d\u00e9j\u00e0 <span style=\"color: #993300;\">deux ans<\/span> que <em>la famine s\u00e9vit<\/em> dans le pays, et <span style=\"color: #993300;\">cinq ann\u00e9es<\/span> passeront encore sans labour ni moisson.<\/p>\n<p><span style=\"color: #0000ff;\"><sup>7<\/sup><\/span> <em>Dieu m\u2019a envoy\u00e9<\/em> ici avant vous, afin de vous assurer un reste dans le pays et ainsi vous maintenir en vie en pr\u00e9vision d\u2019une grande d\u00e9livrance.<\/p>\n<p><span style=\"color: #0000ff;\"><sup>8<\/sup><\/span> Non, ce n\u2019est pas vous qui m\u2019avez envoy\u00e9 ici, mais Dieu. C\u2019est lui qui <em>m\u2019a \u00e9lev\u00e9 au rang de P\u00e8re de Pharaon<\/em>, ma\u00eetre de toute sa maison, gouverneur de tout le pays d\u2019\u00c9gypte.<\/p>\n<p><strong><span style=\"color: #993300;\">Vocabulaire :<\/span><\/strong><\/p>\n<p>&nbsp;<\/p>\n<p><strong><span style=\"color: #0000ff;\">Questions :<\/span><\/strong><\/p>\n<p>&nbsp;<\/p>\n<h4>Commentaire :<\/h4>\n<p>Apr\u00e8s les sept ann\u00e9es d\u2019abondance, la famine gagne du terrain et Canaan n\u2019est pas \u00e9pargn\u00e9. Les fr\u00e8res de Joseph descendent en \u00c9gypte pour acheter du grain. \u00c0 leur arriv\u00e9e, Joseph les aper\u00e7oit et les traite sans m\u00e9nagement, car ils ne le reconnaissent plus. En les mettant \u00e0 l\u2019\u00e9preuve, Joseph leur demande de lui amener leur petit fr\u00e8re Benjamin qui est rest\u00e9 \u00e0 la maison avec Jacob. Ainsi, contraints par la famine, les fr\u00e8res reviennent en \u00c9gypte avec Benjamin. Joseph donne un banquet \u00e0 ses fr\u00e8res et apr\u00e8s un repas convivial, il fait en sorte que son petit fr\u00e8re Benjamin soit accus\u00e9 de vol. Mais Juda intervient en sa faveur et s\u2019offre de devenir esclave \u00e0 sa place. Mais Joseph ne peut plus se contenir et fond en larmes et se laisse enfin reconna\u00eetre.<\/p>\n<h3>G\u00e9d\u00e9on et l\u2019ange<\/h3>\n<p><img loading=\"lazy\" decoding=\"async\" class=\"alignnone size-medium wp-image-5733\" src=\"http:\/\/image-bible.ch\/wp-content\/uploads\/2021\/05\/37.-Thomas-et-Jesus-B-Gedeon-et-lange-195x300.jpg\" alt=\"\" width=\"195\" height=\"300\" srcset=\"http:\/\/image-bible.ch\/wp-content\/uploads\/2021\/05\/37.-Thomas-et-Jesus-B-Gedeon-et-lange-195x300.jpg 195w, http:\/\/image-bible.ch\/wp-content\/uploads\/2021\/05\/37.-Thomas-et-Jesus-B-Gedeon-et-lange.jpg 310w\" sizes=\"(max-width: 195px) 100vw, 195px\" \/><\/p>\n<p><i>Juges 6,11-16 : L&rsquo;Ange de Yahv\u00e9 vint et s&rsquo;assit sous le t\u00e9r\u00e9binthe d&rsquo;Ophra, qui appartenait \u00e0 Yoash d&rsquo;Abi\u00e9zer. G\u00e9d\u00e9on, son fils, battait le bl\u00e9 dans le pressoir pour le soustraire \u00e0 Madi\u00e2n,12.\u00a0et l&rsquo;Ange de Yahv\u00e9 lui apparut : \u00ab Yahv\u00e9 avec toi, lui dit-il, vaillant guerrier! \u00bb13.\u00a0G\u00e9d\u00e9on lui r\u00e9pondit : \u00ab Je t&rsquo;en prie mon Seigneur! Si Yahv\u00e9 est avec nous, d&rsquo;o\u00f9 vient tout ce qui nous arrive ? O\u00f9 sont tous ces prodiges que nous racontent nos p\u00e8res quand ils disent : \u00abYahv\u00e9 ne nous a-t-il pas fait monter d&rsquo;\u00c9gypte ?\u00bb Et maintenant Yahv\u00e9 nous a abandonn\u00e9s, il nous a livr\u00e9s au pouvoir de Madi\u00e2n&#8230; \u00bb14.\u00a0Alors Yahv\u00e9 se tourna vers lui et lui dit : \u00ab Va avec la force qui t&rsquo;anime et tu sauveras Isra\u00ebl de la main de Madi\u00e2n. N&rsquo;est-ce pas moi qui t&rsquo;envoie ? \u00bb -15.\u00a0\u00ab Pardon, mon Seigneur! lui r\u00e9pondit G\u00e9d\u00e9on, comment sauverais-je Isra\u00ebl ? Mon clan est le plus pauvre en Manass\u00e9 et moi, je suis le dernier dans la maison de mon p\u00e8re. \u00bb16.\u00a0Yahv\u00e9 lui r\u00e9pondit : \u00ab Je serai avec toi et tu battras Madi\u00e2n comme si c&rsquo;\u00e9tait un seul homme. \u00bb<\/i><\/p>\n<h3>ou l\u2019ange se montre \u00e0 l\u2019\u00e2nesse puis \u00e0 Balaam<\/h3>\n<p><span style=\"color: #0000ff;\">Nb 22,17-35\u00a0:<\/span><\/p>\n<p><em>Le proph\u00e8te Balaam, est convoqu\u00e9 par le roi de Moab pour maudire Isra\u00ebl. La sc\u00e8ne se passe lors de la travers\u00e9e du d\u00e9sert, au moment o\u00f9 Isra\u00ebl approche de la terre promise. Le roi de Moab est pris de panique quand il voit arriver la multitude des fils d&rsquo;Isra\u00ebl. \u00ab Ils vont tout brouter autour de nous comme un b\u0153uf broute l&rsquo;herbe des champs \u00bb, dit-il \u00e0 ses conseillers. Il envoie chercher Balaam, un jeteur de sort, pour maudire les nouveaux arrivants.<\/em><\/p>\n<p><em>Le voyage de Balaam est mouvement\u00e9. Il vient de loin, de l&rsquo;Orient, mont\u00e9 sur son \u00e2nesse. Mais il ne comprend pas bien la volont\u00e9 du Dieu d&rsquo;Isra\u00ebl. On ne peut pas lui en vouloir. Comme dans nos vies, la volont\u00e9 de Dieu ne s&rsquo;exprime pas toujours clairement. Une fois Dieu lui dit de suivre les \u00e9missaires du roi de Moab. Une autre fois il se f\u00e2che contre Balaam et envoie un ange pour lui barrer le passage. Balaam, le voyant, <strong>ne voit pas l&rsquo;ange du Seigneur<\/strong>. Son \u00e2nesse, par contre, <strong>voit l&rsquo;ange<\/strong> qui a d\u00e9gain\u00e9 son \u00e9p\u00e9e. Malgr\u00e9 les coups, elle refuse d&rsquo;avancer. Elle explique m\u00eame \u00e0 son ma\u00eetre ce qui se passe. Merveille du r\u00e9cit biblique o\u00f9 une \u00e2nesse rejoint le serpent des origines dans la liste des animaux qui parlent ! Parvenu aupr\u00e8s de Balaq, roi de Moab, Balaam prononce trois oracles des b\u00e9n\u00e9dictions sur Isra\u00ebl, au grand d\u00e9sappointement du roi.<\/em><\/p>\n<p><span style=\"color: #993300;\"><strong>Vocabulaire :<\/strong><\/span><\/p>\n<p>&nbsp;<\/p>\n<p><strong><span style=\"color: #0000ff;\">Questions :<\/span><\/strong><\/p>\n<p>&nbsp;<\/p>\n<h4>Commentaire :<\/h4>\n<p>Plusieurs textes indiquent que voir Dieu peut mener \u00e0 la mort. C\u2019est pour cela que dans ce r\u00e9cit, Balaam ne peut voir Dieu. Dieu est si grand que le voir ou le toucher est une exp\u00e9rience si intense qu\u2019elle est reli\u00e9e \u00e0 la mort. Curieusement, cette restriction ne semble pas s\u2019appliquer \u00e0 l\u2019\u00e2nesse puisqu\u2019elle peut voir la manifestation de Dieu. Elle va m\u00eame jusqu\u2019\u00e0 se faire battre par son ma\u00eetre pour qu\u2019il n&rsquo;entre pas en contact avec l\u2019Ange du Seigneur. Dans notre culture, les \u00e2nes sont vus comme des animaux peu intelligents et ent\u00eat\u00e9s. Pourtant, dans le monde de la Bible ils sont pr\u00e9sent\u00e9s de fa\u00e7on tr\u00e8s positive. L\u2019\u00e2ne est une b\u00eate utilis\u00e9e pour le travail et, surtout, il est le compagnon de voyage par excellence. L\u2019\u00e2nesse de Balaam, voit l\u2019ange du Seigneur alors que le proph\u00e8te ne le voit pas. Ici, l\u2019\u00e2ne est un animal capable de discerner la pr\u00e9sence de Dieu mieux que les humains.<\/p>\n<p><img loading=\"lazy\" decoding=\"async\" class=\"alignnone size-medium wp-image-5735\" src=\"http:\/\/image-bible.ch\/wp-content\/uploads\/2021\/05\/37.-Thomas-et-Jesus-D-300x244.jpg\" alt=\"\" width=\"300\" height=\"244\" srcset=\"http:\/\/image-bible.ch\/wp-content\/uploads\/2021\/05\/37.-Thomas-et-Jesus-D-300x244.jpg 300w, http:\/\/image-bible.ch\/wp-content\/uploads\/2021\/05\/37.-Thomas-et-Jesus-D.jpg 624w\" sizes=\"(max-width: 300px) 100vw, 300px\" \/><\/p>\n<p><strong>David :<\/strong><i> Ps 50,4 : Lave-moi tout entier de ma faute, purifie-moi de mon offense.<br \/>\n<\/i><\/p>\n<p><strong>J\u00e9r\u00e9mie :<\/strong><i> Jr 31,18 : J\u2019entends bien \u00c9phra\u00efm se plaindre : \u00ab Tu m\u2019as corrig\u00e9, et je suis corrig\u00e9, comme un jeune taureau non dress\u00e9. Fais-moi revenir, et je reviendrai, car c\u2019est toi qui es le Seigneur mon Dieu.\u00a0 \/ 5,21 : \u00c9coutez donc ceci, peuple stupide et sans intelligence ! \u2013 Ils ont des yeux et ne voient pas, des oreilles et n\u2019entendent pas !<br \/>\n<\/i><\/p>\n<p><strong>Isa\u00efe :<\/strong><i> Es 57,18 : Ses chemins, je les ai vus, mais je le gu\u00e9rirai, je le conduirai, je le comblerai de consolations, lui et les siens qui sont en deuil ; \/ (2 R 5,15 ) : Naaman retourna chez l\u2019homme de Dieu avec toute son escorte ; il entra, se pr\u00e9senta devant lui et d\u00e9clara : \u00ab D\u00e9sormais, je le sais : il n\u2019y a pas d\u2019autre Dieu, sur toute la terre, que celui d\u2019Isra\u00ebl !<br \/>\n<\/i><\/p>\n<p><strong>Os\u00e9e :<\/strong><i> Za 3,7: Ainsi parle le Seigneur de l\u2019univers : Si tu marches dans mes voies, si tu gardes mes observances, tu gouverneras ma maison, tu garderas mes parvis et je te ferai acc\u00e9der au rang de ceux qui se tiennent l\u00e0. \/ (So 3,7) : Je disais : Au moins tu me craindras, tu accepteras la le\u00e7on ; \u00e0 ses yeux ne peuvent s\u2019effacer toutes les fois o\u00f9 je l\u2019ai visit\u00e9e. Mais non ! \u00c0 peine lev\u00e9s, ils se sont mis \u00e0 pervertir toutes leurs actions !<br \/>\n<\/i><\/p>\n<p>&nbsp;<\/p>\n","protected":false},"excerpt":{"rendered":"<p>G48.4 &#8211; Apparition \u00e0 Thomas \/ Bible Ancien-Testament Jacob combat avec l\u2019ange Gn 32,24-29 : \u00a0Et Jacob resta seul. Et quelqu&rsquo;un lutta avec lui jusqu&rsquo;au lever de l&rsquo;aurore.25. 32:26 Voyant qu&rsquo;il ne le ma\u00eetrisait pas, il le frappa \u00e0 l&#8217;embo\u00eeture<\/p>\n","protected":false},"author":1,"featured_media":0,"parent":0,"menu_order":0,"comment_status":"closed","ping_status":"closed","template":"","meta":{"footnotes":""},"_links":{"self":[{"href":"http:\/\/image-bible.ch\/index.php?rest_route=\/wp\/v2\/pages\/2800"}],"collection":[{"href":"http:\/\/image-bible.ch\/index.php?rest_route=\/wp\/v2\/pages"}],"about":[{"href":"http:\/\/image-bible.ch\/index.php?rest_route=\/wp\/v2\/types\/page"}],"author":[{"embeddable":true,"href":"http:\/\/image-bible.ch\/index.php?rest_route=\/wp\/v2\/users\/1"}],"replies":[{"embeddable":true,"href":"http:\/\/image-bible.ch\/index.php?rest_route=%2Fwp%2Fv2%2Fcomments&post=2800"}],"version-history":[{"count":9,"href":"http:\/\/image-bible.ch\/index.php?rest_route=\/wp\/v2\/pages\/2800\/revisions"}],"predecessor-version":[{"id":6180,"href":"http:\/\/image-bible.ch\/index.php?rest_route=\/wp\/v2\/pages\/2800\/revisions\/6180"}],"wp:attachment":[{"href":"http:\/\/image-bible.ch\/index.php?rest_route=%2Fwp%2Fv2%2Fmedia&parent=2800"}],"curies":[{"name":"wp","href":"https:\/\/api.w.org\/{rel}","templated":true}]}}