{"id":2802,"date":"2021-03-20T17:11:27","date_gmt":"2021-03-20T16:11:27","guid":{"rendered":"http:\/\/image-bible.ch\/?page_id=2802"},"modified":"2024-11-13T17:13:15","modified_gmt":"2024-11-13T16:13:15","slug":"g48-5-interpretation","status":"publish","type":"page","link":"http:\/\/image-bible.ch\/?page_id=2802","title":{"rendered":"G48.5 \/ Interpr\u00e9tation"},"content":{"rendered":"<p style=\"text-align: center;\"><span style=\"font-family: 'comic sans ms', sans-serif; font-size: 14pt;\">G48.5<\/span><span style=\"font-family: 'comic sans ms', sans-serif; font-size: 14pt;\"> &#8211; Apparition \u00e0 Thomas \/ Interpr\u00e9tation<\/span><\/p>\n<p>Comme Jacob qui vit l\u2019ange et s\u2019empara de lui, combattit jusqu\u2019\u00e0 ce qu\u2019il le b\u00e9nisse. Ainsi l\u2019ap\u00f4tre Thomas qui par le toucher, obtient de J\u00e9sus-Christ la b\u00e9n\u00e9diction de la sainte foi et la confirmation de la r\u00e9surrection du Christ.<\/p>\n<p>Comme Joseph se fait reconna\u00eetre \u00e0 ses fr\u00e8res en leur r\u00e9v\u00e9lant que Dieu l\u2019a envoy\u00e9 en Egypte pour pr\u00e9server leur vie de la famine.<br \/>\nAinsi J\u00e9sus par ses plaies se fait reconna\u00eetre par Thomas en lui r\u00e9v\u00e9lant l\u2019immensit\u00e9 de son amour, qui s\u2019exclame\u00a0: \u00ab\u00a0<strong>Mon<\/strong> Seigneur et <strong>mon<\/strong> Dieu \u00bb.<\/p>\n<p>Le lien entre <strong>Gen\u00e8se 45,3-8<\/strong> et <strong>Jean 20,26-29<\/strong> se trouve dans la r\u00e9v\u00e9lation d&rsquo;une identit\u00e9 (Joseph et J\u00e9sus), le pardon face \u00e0 la trahison et au doute, la reconnaissance d&rsquo;un plan divin, et la transformation en une mission de vie nouvelle. Dans chaque passage, le pardon et la r\u00e9conciliation sont rendus possibles par la foi et la reconnaissance d\u2019un dessein sup\u00e9rieur, qui changent profond\u00e9ment la perspective des personnages sur leurs relations et sur leur mission.<\/p>\n<h3>1. <strong>La r\u00e9v\u00e9lation d&rsquo;une identit\u00e9 cach\u00e9e<\/strong><\/h3>\n<ul>\n<li><strong>Gen\u00e8se 45,3-8<\/strong> : Joseph, qui avait \u00e9t\u00e9 vendu en esclavage par ses fr\u00e8res, se r\u00e9v\u00e8le \u00e0 eux comme celui qu\u2019ils ont trahi, mais qui a maintenant un r\u00f4le de pouvoir en \u00c9gypte. Les fr\u00e8res sont d&rsquo;abord boulevers\u00e9s et effray\u00e9s en d\u00e9couvrant que cet homme puissant est leur propre fr\u00e8re qu\u2019ils ont abandonn\u00e9.<\/li>\n<li><strong>Jean 20,26-29<\/strong> : J\u00e9sus ressuscit\u00e9 se r\u00e9v\u00e8le \u00e0 Thomas, qui avait exprim\u00e9 des doutes sur sa r\u00e9surrection. En apparaissant devant lui et en lui montrant ses plaies, J\u00e9sus se manifeste comme le Christ ressuscit\u00e9 et r\u00e9pond aux doutes de Thomas.<\/li>\n<\/ul>\n<p><strong>Lien<\/strong> : Dans les deux r\u00e9cits, il y a une r\u00e9v\u00e9lation soudaine de la v\u00e9ritable identit\u00e9 d\u2019une personne per\u00e7ue diff\u00e9remment. Joseph, consid\u00e9r\u00e9 perdu par ses fr\u00e8res, et J\u00e9sus, consid\u00e9r\u00e9 comme mort par Thomas, se montrent vivants et investis d&rsquo;une nouvelle mission de r\u00e9conciliation. Cette r\u00e9v\u00e9lation provoque un profond bouleversement et une transformation dans ceux qui la re\u00e7oivent.<\/p>\n<h3>2. <strong>Le pardon malgr\u00e9 la trahison et le doute<\/strong><\/h3>\n<ul>\n<li><strong>Gen\u00e8se 45,3-8<\/strong> : Joseph pardonne \u00e0 ses fr\u00e8res malgr\u00e9 leur trahison, expliquant que Dieu a transform\u00e9 leur action en un bien plus grand : il a utilis\u00e9 leur acte pour sauver la vie de nombreuses personnes, y compris la leur. Joseph voit la main de Dieu derri\u00e8re leur geste et utilise cette perspective pour pardonner et r\u00e9concilier.<\/li>\n<li><strong>Jean 20,26-29<\/strong> : J\u00e9sus, bien que conscient des doutes de Thomas, ne le rejette pas. Il invite plut\u00f4t Thomas \u00e0 v\u00e9rifier ses plaies pour apaiser son incr\u00e9dulit\u00e9. Cette invitation peut \u00eatre interpr\u00e9t\u00e9e comme une forme de pardon pour le doute de Thomas, lui offrant l\u2019occasion de renouveler sa foi.<\/li>\n<\/ul>\n<p><strong>Lien<\/strong> : Dans les deux r\u00e9cits, la trahison et le doute sont transform\u00e9s en une occasion de pardon. Joseph pardonne ses fr\u00e8res pour leur acte pass\u00e9, et J\u00e9sus accepte le doute de Thomas et l\u2019invite \u00e0 la foi, en r\u00e9pondant \u00e0 ses besoins pour qu\u2019il puisse croire. Dans chaque cas, le pardon et la compr\u00e9hension facilitent une relation restaur\u00e9e.<\/p>\n<h3>3. <strong>La foi et la reconnaissance d\u2019un plan divin<\/strong><\/h3>\n<ul>\n<li><strong>Gen\u00e8se 45,3-8<\/strong> : Joseph interpr\u00e8te son histoire et celle de ses fr\u00e8res comme faisant partie du plan de Dieu pour sauver leur famille et toute l\u2019\u00c9gypte de la famine. En voyant cette perspective, il aide ses fr\u00e8res \u00e0 comprendre que Dieu a permis ces \u00e9v\u00e9nements pour un but plus \u00e9lev\u00e9.<\/li>\n<li><strong>Jean 20,26-29<\/strong> : J\u00e9sus invite Thomas \u00e0 croire sans voir. La d\u00e9claration \u00ab Heureux ceux qui croient sans avoir vu \u00bb appelle Thomas et tous les futurs croyants \u00e0 reconna\u00eetre un plan divin qui d\u00e9passe leur perception imm\u00e9diate. La foi est donc plac\u00e9e dans une perspective qui demande une confiance en Dieu m\u00eame au-del\u00e0 des \u00e9vidences.<\/li>\n<\/ul>\n<p><strong>Lien<\/strong> : Dans les deux passages, il est question d\u2019un plan divin que les personnages sont invit\u00e9s \u00e0 reconna\u00eetre. Joseph et J\u00e9sus am\u00e8nent les autres \u00e0 voir au-del\u00e0 des \u00e9v\u00e9nements visibles (la trahison et la mort) et \u00e0 saisir un dessein sup\u00e9rieur qui les relie \u00e0 Dieu. Cette reconnaissance de la providence divine dans chaque histoire favorise une foi plus profonde.<\/p>\n<h3>4. <strong>Transformation et mission de vie nouvelle<\/strong><\/h3>\n<ul>\n<li><strong>Gen\u00e8se 45,3-8<\/strong> : Apr\u00e8s la r\u00e9v\u00e9lation et la r\u00e9conciliation, Joseph et ses fr\u00e8res entrent dans une nouvelle phase de leur relation familiale, marqu\u00e9e par la paix et une mission commune : celle de pr\u00e9server la vie en \u00c9gypte et pour leur famille.<\/li>\n<li><strong>Jean 20,26-29<\/strong> : La rencontre de Thomas avec J\u00e9sus ressuscit\u00e9 transforme sa foi de mani\u00e8re radicale. Cette transformation porte non seulement Thomas, mais aussi toute la communaut\u00e9 des croyants, appel\u00e9s \u00e0 croire sans voir. J\u00e9sus lui-m\u00eame envoie ses disciples en mission avec cette foi renouvel\u00e9e.<\/li>\n<\/ul>\n<p><strong>Lien<\/strong> : Dans les deux r\u00e9cits, la r\u00e9v\u00e9lation conduit \u00e0 une transformation qui pr\u00e9pare les protagonistes \u00e0 entrer dans une nouvelle mission. Joseph et ses fr\u00e8res se r\u00e9concilient pour avancer ensemble dans un plan de salut pour leurs familles, tandis que J\u00e9sus appelle Thomas et les disciples \u00e0 une foi qui les envoie en mission, m\u00eame pour ceux qui n&rsquo;ont pas vu J\u00e9sus ressuscit\u00e9.<\/p>\n<p>&nbsp;<\/p>\n<p>Comme l\u2019ange du Seigneur vint vers G\u00e9d\u00e9on et dit : \u00ab Le Seigneur soit avec toi , vaillant guerrier \u00bb, pour lib\u00e9rer le peuple\u00a0 d\u2019Isra\u00ebl et qu\u2019il parvint \u00e0 le faire effectivement. Ainsi l\u2019ap\u00f4tre Thomas, \u00e0 qui vint l\u2019ange du jugement dernier, le Christ, qui le fortifia dans la foi et lui permit de toucher ses plaies et de proclame sa foi.<\/p>\n<p>De m\u00eame que l\u2019ange du Seigneur se montre \u00e0 l\u2019\u00e2nesse de Balaam, pour l\u2019inviter \u00e0 dire du bien d\u2019Isra\u00ebl. Ainsi J\u00e9sus se montre \u00e0 Thomas avec ses plaies, pour susciter sa foi et son adh\u00e9sion \u00e0 J\u00e9sus-Christ mort et ressuscit\u00e9.<\/p>\n<p>Le lien entre <strong>Jean 20,26-29<\/strong> et <strong>Nombres 22,17-35<\/strong> r\u00e9side dans le processus de r\u00e9v\u00e9lation et de correction divine qui m\u00e8ne de l\u2019incr\u00e9dulit\u00e9 ou de l\u2019h\u00e9sitation \u00e0 la foi et \u00e0 la conformit\u00e9 \u00e0 la volont\u00e9 de Dieu. Les deux passages illustrent la patience et la bienveillance de Dieu dans le processus de correction, permettant \u00e0 Thomas et \u00e0 Balaam de d\u00e9passer leur doute pour entrer dans une relation de foi et d\u2019ob\u00e9issance renouvel\u00e9es.<\/p>\n<h3>1. <strong>Incr\u00e9dulit\u00e9 et h\u00e9sitation initiale<\/strong><\/h3>\n<ul>\n<li><strong>Jean 20,26-29<\/strong> : Thomas est sceptique lorsque les autres disciples lui annoncent que J\u00e9sus est ressuscit\u00e9. Il exige de voir et de toucher les plaies de J\u00e9sus pour croire, illustrant un besoin de preuves tangibles pour surmonter son doute.<\/li>\n<li><strong>Nombres 22,17-35<\/strong> : Balaam h\u00e9site quant \u00e0 l&rsquo;action \u00e0 entreprendre face aux messages de Dieu, et m\u00eame apr\u00e8s avoir re\u00e7u des directives, il part pour accomplir une mission qui n&rsquo;est pas conforme \u00e0 la volont\u00e9 divine. Son \u00e2nesse, voyant l\u2019ange du Seigneur, h\u00e9site et d\u00e9vie pour \u00e9viter la col\u00e8re divine, mais Balaam est incr\u00e9dule et ne comprend pas imm\u00e9diatement ce qui se passe.<\/li>\n<\/ul>\n<p><strong>Lien<\/strong> : Thomas et Balaam sont tous deux incr\u00e9dules ou h\u00e9sitants devant des r\u00e9alit\u00e9s spirituelles qui \u00e9chappent \u00e0 leur compr\u00e9hension imm\u00e9diate. Ils requi\u00e8rent une intervention divine qui, dans chaque r\u00e9cit, transforme leur compr\u00e9hension.<\/p>\n<h3>2. <strong>Intervention surnaturelle pour r\u00e9v\u00e9ler la v\u00e9rit\u00e9<\/strong><\/h3>\n<ul>\n<li><strong>Jean 20,26-29<\/strong> : J\u00e9sus appara\u00eet soudainement devant Thomas et lui offre la possibilit\u00e9 de toucher ses plaies, satisfaisant son besoin de preuve et dissipant son doute par une r\u00e9v\u00e9lation directe. Cette intervention de J\u00e9sus ressuscit\u00e9 permet \u00e0 Thomas de passer du doute \u00e0 la foi.<\/li>\n<li><strong>Nombres 22,17-35<\/strong> : Dieu ouvre la bouche de l&rsquo;\u00e2nesse pour qu&rsquo;elle parle \u00e0 Balaam et lui reproche de l&rsquo;avoir frapp\u00e9e. Ensuite, Dieu ouvre les yeux de Balaam pour lui permettre de voir l&rsquo;ange du Seigneur qui lui barre la route. Cette r\u00e9v\u00e9lation divine corrige la vision de Balaam et lui permet de comprendre le v\u00e9ritable chemin \u00e0 suivre.<\/li>\n<\/ul>\n<p><strong>Lien<\/strong> : Dans les deux r\u00e9cits, une intervention surnaturelle transforme la perspective du protagoniste incr\u00e9dule, r\u00e9v\u00e9lant une v\u00e9rit\u00e9 spirituelle au-del\u00e0 de ce qu\u2019ils pouvaient saisir seuls. Thomas voit le Christ ressuscit\u00e9, tandis que Balaam, avec l\u2019aide de son \u00e2nesse et de l&rsquo;ange, comprend la volont\u00e9 de Dieu.<\/p>\n<h3>3. <strong>Une correction bienveillante visant \u00e0 faire grandir la foi<\/strong><\/h3>\n<ul>\n<li><strong>Jean 20,26-29<\/strong> : J\u00e9sus ne condamne pas Thomas pour son doute, mais le corrige avec bienveillance, lui disant : \u00ab Ne sois plus incr\u00e9dule, mais croyant. \u00bb J\u00e9sus fait ainsi preuve de patience envers Thomas, l\u2019invitant \u00e0 la foi par une exp\u00e9rience personnelle et \u00e0 un niveau de croyance plus profond.<\/li>\n<li><strong>Nombres 22,17-35<\/strong> : L\u2019intervention de Dieu pour corriger Balaam est ferme mais bienveillante. Par l\u2019interm\u00e9diaire de l\u2019\u00e2nesse et de l\u2019ange, Dieu montre \u00e0 Balaam que ses choix doivent se conformer \u00e0 la volont\u00e9 divine. Cette correction le conduit \u00e0 une meilleure compr\u00e9hension de la mission qui lui est confi\u00e9e.<\/li>\n<\/ul>\n<p><strong>Lien<\/strong> : Les deux r\u00e9cits montrent une correction divine qui n&rsquo;est pas punitive mais orient\u00e9e vers la croissance spirituelle. Dieu, \u00e0 travers J\u00e9sus avec Thomas et l\u2019ange avec Balaam, les invite tous deux \u00e0 une foi et une ob\u00e9issance accrues, ajustant leur c\u0153ur et leur compr\u00e9hension.<\/p>\n<h3>4. <strong>Une transformation et un t\u00e9moignage<\/strong><\/h3>\n<ul>\n<li><strong>Jean 20,26-29<\/strong> : Apr\u00e8s cette exp\u00e9rience, Thomas exprime une profession de foi profonde en disant : \u00ab Mon Seigneur et mon Dieu ! \u00bb Son doute s\u2019est transform\u00e9 en conviction, et son t\u00e9moignage rejoint celui des autres disciples, affirmant la r\u00e9surrection.<\/li>\n<li><strong>Nombres 22,17-35<\/strong> : Balaam, apr\u00e8s la r\u00e9v\u00e9lation, se conforme finalement \u00e0 la parole de Dieu. Il est transform\u00e9 par cette rencontre et se voit rappeler l\u2019importance d\u2019agir selon la volont\u00e9 divine, ce qui marquera son action et sa mission future.<\/li>\n<\/ul>\n<p><strong>Lien<\/strong> : Dans les deux r\u00e9cits, le doute ou l&rsquo;incompr\u00e9hension initiale est transform\u00e9 en un engagement renouvel\u00e9 et en un t\u00e9moignage de la puissance divine. Thomas proclame la divinit\u00e9 de J\u00e9sus, et Balaam prend conscience de la voie juste en suivant le message de Dieu.<\/p>\n<h3><\/h3>\n<p>&nbsp;<\/p>\n","protected":false},"excerpt":{"rendered":"<p>G48.5 &#8211; Apparition \u00e0 Thomas \/ Interpr\u00e9tation Comme Jacob qui vit l\u2019ange et s\u2019empara de lui, combattit jusqu\u2019\u00e0 ce qu\u2019il le b\u00e9nisse. Ainsi l\u2019ap\u00f4tre Thomas qui par le toucher, obtient de J\u00e9sus-Christ la b\u00e9n\u00e9diction de la sainte foi et la<\/p>\n","protected":false},"author":1,"featured_media":0,"parent":0,"menu_order":0,"comment_status":"closed","ping_status":"closed","template":"","meta":{"footnotes":""},"_links":{"self":[{"href":"http:\/\/image-bible.ch\/index.php?rest_route=\/wp\/v2\/pages\/2802"}],"collection":[{"href":"http:\/\/image-bible.ch\/index.php?rest_route=\/wp\/v2\/pages"}],"about":[{"href":"http:\/\/image-bible.ch\/index.php?rest_route=\/wp\/v2\/types\/page"}],"author":[{"embeddable":true,"href":"http:\/\/image-bible.ch\/index.php?rest_route=\/wp\/v2\/users\/1"}],"replies":[{"embeddable":true,"href":"http:\/\/image-bible.ch\/index.php?rest_route=%2Fwp%2Fv2%2Fcomments&post=2802"}],"version-history":[{"count":6,"href":"http:\/\/image-bible.ch\/index.php?rest_route=\/wp\/v2\/pages\/2802\/revisions"}],"predecessor-version":[{"id":9449,"href":"http:\/\/image-bible.ch\/index.php?rest_route=\/wp\/v2\/pages\/2802\/revisions\/9449"}],"wp:attachment":[{"href":"http:\/\/image-bible.ch\/index.php?rest_route=%2Fwp%2Fv2%2Fmedia&parent=2802"}],"curies":[{"name":"wp","href":"https:\/\/api.w.org\/{rel}","templated":true}]}}