{"id":2804,"date":"2021-03-20T17:11:43","date_gmt":"2021-03-20T16:11:43","guid":{"rendered":"http:\/\/image-bible.ch\/?page_id=2804"},"modified":"2024-11-13T17:20:12","modified_gmt":"2024-11-13T16:20:12","slug":"g48-6-icone","status":"publish","type":"page","link":"http:\/\/image-bible.ch\/?page_id=2804","title":{"rendered":"G48.6 \/ Ic\u00f4ne"},"content":{"rendered":"<p style=\"text-align: center;\"><span style=\"font-family: 'comic sans ms', sans-serif; font-size: 14pt;\">G48.6<\/span><span style=\"font-family: 'comic sans ms', sans-serif; font-size: 14pt;\"> &#8211; Apparition \u00e0 Thomas \/ Ic\u00f4ne<\/span><\/p>\n<p style=\"text-align: center;\"><span style=\"font-family: 'comic sans ms', sans-serif; font-size: 14pt;\"><img loading=\"lazy\" decoding=\"async\" class=\"alignnone wp-image-6874\" src=\"http:\/\/image-bible.ch\/wp-content\/uploads\/10.3-Resurrection-St-Thomas-Bihin-1-211x300.jpg\" alt=\"\" width=\"456\" height=\"648\" srcset=\"http:\/\/image-bible.ch\/wp-content\/uploads\/10.3-Resurrection-St-Thomas-Bihin-1-211x300.jpg 211w, http:\/\/image-bible.ch\/wp-content\/uploads\/10.3-Resurrection-St-Thomas-Bihin-1-719x1024.jpg 719w, http:\/\/image-bible.ch\/wp-content\/uploads\/10.3-Resurrection-St-Thomas-Bihin-1-1079x1536.jpg 1079w, http:\/\/image-bible.ch\/wp-content\/uploads\/10.3-Resurrection-St-Thomas-Bihin-1.jpg 1274w\" sizes=\"(max-width: 456px) 100vw, 456px\" \/><\/span><\/p>\n<p><img loading=\"lazy\" decoding=\"async\" class=\"alignnone wp-image-9450\" src=\"http:\/\/image-bible.ch\/wp-content\/uploads\/Thomas-Jesus-263x300.jpg\" alt=\"\" width=\"554\" height=\"632\" srcset=\"http:\/\/image-bible.ch\/wp-content\/uploads\/Thomas-Jesus-263x300.jpg 263w, http:\/\/image-bible.ch\/wp-content\/uploads\/Thomas-Jesus-898x1024.jpg 898w, http:\/\/image-bible.ch\/wp-content\/uploads\/Thomas-Jesus-768x876.jpg 768w, http:\/\/image-bible.ch\/wp-content\/uploads\/Thomas-Jesus-1347x1536.jpg 1347w, http:\/\/image-bible.ch\/wp-content\/uploads\/Thomas-Jesus-1796x2048.jpg 1796w\" sizes=\"(max-width: 554px) 100vw, 554px\" \/><\/p>\n<p><em>Apparition de J\u00e9sus \u00e0 Thomas, atelier du centre Aletti, Rome, 2010,<br \/>\n<\/em><em>Crypte de l\u2019\u00e9glise San Pio, San Giovanni <\/em><em>Rotondo (Italie).<\/em><\/p>\n<p><em>\u00a0<\/em>Thomas est \u00e0 genoux devant J\u00e9sus, avec une main il montre les stigmates de J\u00e9sus, les marques des clous des mains de J\u00e9sus et avec l\u2019autre il atteste sa foi\u00a0: \u00ab\u00a0mon Seigneur et mon Dieu\u00a0\u00bb.<br \/>\nJ\u00e9sus \u00e9tend sa main droite pour montrer la marque des clous et avec sa main gauche il montre la marque de la lance qui l\u2019a transperc\u00e9, sur son habit blanc de la lumi\u00e8re de la r\u00e9surrection.<br \/>\nDans cette mosa\u00efque le plus important c\u2019est le regard. Les yeux exag\u00e9r\u00e9ment grands de J\u00e9sus et Thomas, expriment leur relation d\u2019amour et nous invitent \u00e0 entrer dans cette relation personnelle avec notre Seigneur et notre Dieu.<\/p>\n<p>&nbsp;<\/p>\n<p><em>\u00a0<\/em><\/p>\n<p>&nbsp;<\/p>\n","protected":false},"excerpt":{"rendered":"<p>G48.6 &#8211; Apparition \u00e0 Thomas \/ Ic\u00f4ne Apparition de J\u00e9sus \u00e0 Thomas, atelier du centre Aletti, Rome, 2010, Crypte de l\u2019\u00e9glise San Pio, San Giovanni Rotondo (Italie). \u00a0Thomas est \u00e0 genoux devant J\u00e9sus, avec une main il montre les stigmates<\/p>\n","protected":false},"author":1,"featured_media":0,"parent":0,"menu_order":0,"comment_status":"closed","ping_status":"closed","template":"","meta":{"footnotes":""},"_links":{"self":[{"href":"http:\/\/image-bible.ch\/index.php?rest_route=\/wp\/v2\/pages\/2804"}],"collection":[{"href":"http:\/\/image-bible.ch\/index.php?rest_route=\/wp\/v2\/pages"}],"about":[{"href":"http:\/\/image-bible.ch\/index.php?rest_route=\/wp\/v2\/types\/page"}],"author":[{"embeddable":true,"href":"http:\/\/image-bible.ch\/index.php?rest_route=\/wp\/v2\/users\/1"}],"replies":[{"embeddable":true,"href":"http:\/\/image-bible.ch\/index.php?rest_route=%2Fwp%2Fv2%2Fcomments&post=2804"}],"version-history":[{"count":8,"href":"http:\/\/image-bible.ch\/index.php?rest_route=\/wp\/v2\/pages\/2804\/revisions"}],"predecessor-version":[{"id":9452,"href":"http:\/\/image-bible.ch\/index.php?rest_route=\/wp\/v2\/pages\/2804\/revisions\/9452"}],"wp:attachment":[{"href":"http:\/\/image-bible.ch\/index.php?rest_route=%2Fwp%2Fv2%2Fmedia&parent=2804"}],"curies":[{"name":"wp","href":"https:\/\/api.w.org\/{rel}","templated":true}]}}