{"id":2811,"date":"2021-03-20T17:13:27","date_gmt":"2021-03-20T16:13:27","guid":{"rendered":"http:\/\/image-bible.ch\/?page_id=2811"},"modified":"2021-04-03T10:33:12","modified_gmt":"2021-04-03T08:33:12","slug":"g48-10-divers-video-references","status":"publish","type":"page","link":"http:\/\/image-bible.ch\/?page_id=2811","title":{"rendered":"G48.10 \/ Divers Vid\u00e9o &#8211; R\u00e9f\u00e9rences"},"content":{"rendered":"<p style=\"text-align: center;\"><span style=\"font-family: 'comic sans ms', sans-serif; font-size: 14pt;\">G48.10<\/span><span style=\"font-family: 'comic sans ms', sans-serif; font-size: 14pt;\"> &#8211; Apparition \u00e0 Thomas \/ Divers Vid\u00e9o &#8211; R\u00e9f\u00e9rences<\/span><\/p>\n<p>Texte<\/p>\n","protected":false},"excerpt":{"rendered":"<p>G48.10 &#8211; Apparition \u00e0 Thomas \/ Divers Vid\u00e9o &#8211; R\u00e9f\u00e9rences Texte<\/p>\n","protected":false},"author":1,"featured_media":0,"parent":0,"menu_order":0,"comment_status":"closed","ping_status":"closed","template":"","meta":{"footnotes":""},"_links":{"self":[{"href":"http:\/\/image-bible.ch\/index.php?rest_route=\/wp\/v2\/pages\/2811"}],"collection":[{"href":"http:\/\/image-bible.ch\/index.php?rest_route=\/wp\/v2\/pages"}],"about":[{"href":"http:\/\/image-bible.ch\/index.php?rest_route=\/wp\/v2\/types\/page"}],"author":[{"embeddable":true,"href":"http:\/\/image-bible.ch\/index.php?rest_route=\/wp\/v2\/users\/1"}],"replies":[{"embeddable":true,"href":"http:\/\/image-bible.ch\/index.php?rest_route=%2Fwp%2Fv2%2Fcomments&post=2811"}],"version-history":[{"count":2,"href":"http:\/\/image-bible.ch\/index.php?rest_route=\/wp\/v2\/pages\/2811\/revisions"}],"predecessor-version":[{"id":4370,"href":"http:\/\/image-bible.ch\/index.php?rest_route=\/wp\/v2\/pages\/2811\/revisions\/4370"}],"wp:attachment":[{"href":"http:\/\/image-bible.ch\/index.php?rest_route=%2Fwp%2Fv2%2Fmedia&parent=2811"}],"curies":[{"name":"wp","href":"https:\/\/api.w.org\/{rel}","templated":true}]}}