{"id":2814,"date":"2021-03-20T17:18:13","date_gmt":"2021-03-20T16:18:13","guid":{"rendered":"http:\/\/image-bible.ch\/?page_id=2814"},"modified":"2024-11-13T16:57:41","modified_gmt":"2024-11-13T15:57:41","slug":"g48-3-bible-n-t","status":"publish","type":"page","link":"http:\/\/image-bible.ch\/?page_id=2814","title":{"rendered":"G48.3 \/ Bible Nouveau-Testament"},"content":{"rendered":"<p style=\"text-align: center;\"><span style=\"font-family: 'comic sans ms', sans-serif; font-size: 14pt;\">G48.3<\/span><span style=\"font-family: 'comic sans ms', sans-serif; font-size: 14pt;\"> &#8211; Apparition \u00e0 Thomas \/ Bible Nouveau-Testament<\/span><\/p>\n<p><span style=\"font-family: 'comic sans ms', sans-serif; font-size: 14pt;\"><img loading=\"lazy\" decoding=\"async\" class=\"alignnone wp-image-5734\" src=\"http:\/\/image-bible.ch\/wp-content\/uploads\/2021\/05\/37.-Thomas-et-Jesus-C-234x300.jpg\" alt=\"\" width=\"341\" height=\"437\" srcset=\"http:\/\/image-bible.ch\/wp-content\/uploads\/2021\/05\/37.-Thomas-et-Jesus-C-234x300.jpg 234w, http:\/\/image-bible.ch\/wp-content\/uploads\/2021\/05\/37.-Thomas-et-Jesus-C.jpg 399w\" sizes=\"(max-width: 341px) 100vw, 341px\" \/><\/span><\/p>\n<p><span style=\"color: #0000ff;\">Jn 20,26-29<\/span><\/p>\n<p><sup><span class=\"verse_number\" style=\"color: #0000ff;\">26<\/span><\/sup> <span style=\"color: #993300;\">Huit jours plus tard<\/span>, <strong>les disciples<\/strong> se trouvaient de nouveau <span style=\"color: #008000;\">dans la maison<\/span>, et <strong>Thomas<\/strong> \u00e9tait avec eux. <strong>J\u00e9sus<\/strong> <span style=\"color: #ff0000;\">vient, alors que les portes \u00e9taient verrouill\u00e9es<\/span>, et il \u00e9tait l\u00e0 au milieu d\u2019eux. Il dit\u00a0: \u00ab<em>\u00a0La paix soit avec vous\u00a0!\u00a0<\/em>\u00bb<\/p>\n<p><sup><span class=\"verse_number\" style=\"color: #0000ff;\">27<\/span><\/sup> Puis il dit \u00e0 <strong>Thomas<\/strong>\u00a0: \u00ab\u00a0<span style=\"color: #ff0000;\">Avance ton doigt ici, et vois mes mains\u00a0; avance ta main, et mets-la dans mon c\u00f4t\u00e9\u00a0: cesse d\u2019\u00eatre incr\u00e9dule, sois croyant.<\/span>\u00a0\u00bb<\/p>\n<p><sup><span class=\"verse_number\" style=\"color: #0000ff;\">28<\/span><\/sup> Alors <strong>Thomas<\/strong> lui dit\u00a0: \u00ab\u00a0<span style=\"color: #ff0000;\">Mon Seigneur et mon Dieu\u00a0!\u00a0<\/span>\u00bb<\/p>\n<p><sup><span class=\"verse_number\" style=\"color: #0000ff;\">29 <\/span><\/sup><strong>J\u00e9sus<\/strong> lui dit\u00a0: \u00ab\u00a0<em>Parce que tu m\u2019as vu, tu crois. Heureux ceux qui croient sans avoir vu.<\/em>\u00a0\u00bb<\/p>\n<p><strong><span style=\"color: #993300;\">Vocabulaire :<\/span><\/strong><\/p>\n<p>&nbsp;<\/p>\n<p><strong><span style=\"color: #0000ff;\">Questions :<\/span><\/strong><\/p>\n<p>&nbsp;<\/p>\n<h4>Commentaire :<\/h4>\n<p>Thomas, l&rsquo;un des Douze, est absent (Jn 20,1-25) lors de la venue de J\u00e9sus. Il est sur la pente de l&rsquo;incr\u00e9dulit\u00e9. Il refuse de croire \u00e0 la r\u00e9surrection de J\u00e9sus sur la parole des autres disciples. Il veut v\u00e9rifier par lui-m\u00eame. Il veut comme eux exp\u00e9rimenter la pr\u00e9sence du Ressuscit\u00e9, passer d&rsquo;un \u00ab\u00a0voir\u00a0\u00bb \u00e0 un \u00ab\u00a0toucher\u00a0\u00bb sensible. Il exige des preuves palpables pour confesser sa foi en J\u00e9sus ressuscit\u00e9. Huit jours plus tard, soit le dimanche suivant, (ainsi la pratique cultuelle des chr\u00e9tiens le\u00a0premier jour de la semaine est valid\u00e9e), J\u00e9sus appara\u00eet une deuxi\u00e8me fois \u00e0 ses disciples qui sont \u00e0 nouveau r\u00e9unis dans la maison. Cette fois-ci, Thomas est pr\u00e9sent. Jean d\u00e9crit cette seconde venue de J\u00e9sus dans les m\u00eames termes que la premi\u00e8re. J\u00e9sus accorde \u00e0 Thomas l&rsquo;exp\u00e9rience sensible qu&rsquo;il exigeait et lui adresse une invitation \u00e0 croire. Or, sans qu&rsquo;il soit dit que Thomas ait touch\u00e9 les plaies, Thomas croit maintenant parce qu&rsquo;il a vu J\u00e9sus vivant, qu&rsquo;il l&rsquo;a entendu et qu&rsquo;il a re\u00e7u de lui la le\u00e7on dont il avait besoin par le biais de sa parole. La foi retrouv\u00e9e de Thomas, l&rsquo;incroyant, va au-del\u00e0 de celle des disciples. Il confesse que J\u00e9sus ressuscit\u00e9 est pour lui \u00ab\u00a0<strong><em>Mon <\/em><\/strong><em>Seigneur et <strong>mon <\/strong>Dieu<\/em><em>\u00a0\u00bb. <\/em>Parmi tous les titres de J\u00e9sus qui se sont d\u00e9clin\u00e9s tout au long de l\u2019\u00c9vangile celui-ci, est un sommet que les d\u00e9finitions dogmatiques ult\u00e9rieures ne d\u00e9passeront pas. \u00c0 la d\u00e9claration de Thomas, J\u00e9sus lui dit\u00a0: \u00ab\u00a0<em>Parce que tu m&rsquo;as vu, tu as cru ; bienheureux ceux qui croient sans avoir vu !<\/em><em>\u00a0\u00bb <\/em>Cette B\u00e9atitude constitue une conclusion de tout l&rsquo;\u00e9vangile et une reprise d&rsquo;un th\u00e8me majeur du juda\u00efsme : entre le voir et le croire, le spectacle et l&rsquo;\u00e9coute, l\u2019exposition et la parole, c&rsquo;est le second terme qui constitue la condition normale et id\u00e9ale du croyant. Par ces paroles, J\u00e9sus proclame heureux les croyants, non seulement ceux du 1<sup>er<\/sup> s., mais aussi ceux des \u00e2ges \u00e0 venir, qui doivent croire \u00e0 travers le t\u00e9moignage de l&rsquo;\u00c9glise qui transmet la tradition des premiers disciples. Telle est la le\u00e7on que donne le Ressuscit\u00e9 sur la \u00ab tradition \u00bb dans laquelle nous naissons \u00e0 la foi, le\u00e7on aussi sur l&rsquo;impossibilit\u00e9 de demander des d\u00e9monstrations personnelles pour croire. Croire sans voir est le nouveau r\u00e9gime de la foi. Croire en reconnaissant les signes de la pr\u00e9sence de Dieu est la qualit\u00e9 premi\u00e8re du disciple,<\/p>\n","protected":false},"excerpt":{"rendered":"<p>G48.3 &#8211; Apparition \u00e0 Thomas \/ Bible Nouveau-Testament Jn 20,26-29 26 Huit jours plus tard, les disciples se trouvaient de nouveau dans la maison, et Thomas \u00e9tait avec eux. J\u00e9sus vient, alors que les portes \u00e9taient verrouill\u00e9es, et il \u00e9tait<\/p>\n","protected":false},"author":1,"featured_media":0,"parent":0,"menu_order":0,"comment_status":"closed","ping_status":"closed","template":"","meta":{"footnotes":""},"_links":{"self":[{"href":"http:\/\/image-bible.ch\/index.php?rest_route=\/wp\/v2\/pages\/2814"}],"collection":[{"href":"http:\/\/image-bible.ch\/index.php?rest_route=\/wp\/v2\/pages"}],"about":[{"href":"http:\/\/image-bible.ch\/index.php?rest_route=\/wp\/v2\/types\/page"}],"author":[{"embeddable":true,"href":"http:\/\/image-bible.ch\/index.php?rest_route=\/wp\/v2\/users\/1"}],"replies":[{"embeddable":true,"href":"http:\/\/image-bible.ch\/index.php?rest_route=%2Fwp%2Fv2%2Fcomments&post=2814"}],"version-history":[{"count":7,"href":"http:\/\/image-bible.ch\/index.php?rest_route=\/wp\/v2\/pages\/2814\/revisions"}],"predecessor-version":[{"id":9447,"href":"http:\/\/image-bible.ch\/index.php?rest_route=\/wp\/v2\/pages\/2814\/revisions\/9447"}],"wp:attachment":[{"href":"http:\/\/image-bible.ch\/index.php?rest_route=%2Fwp%2Fv2%2Fmedia&parent=2814"}],"curies":[{"name":"wp","href":"https:\/\/api.w.org\/{rel}","templated":true}]}}