{"id":2816,"date":"2021-03-20T20:04:10","date_gmt":"2021-03-20T19:04:10","guid":{"rendered":"http:\/\/image-bible.ch\/?page_id=2816"},"modified":"2021-09-20T14:23:53","modified_gmt":"2021-09-20T12:23:53","slug":"g47-1-la-bible-des-pauvres","status":"publish","type":"page","link":"http:\/\/image-bible.ch\/?page_id=2816","title":{"rendered":"G47.1 \/ La Bible des pauvres"},"content":{"rendered":"<p style=\"text-align: center;\"><span style=\"font-family: 'comic sans ms', sans-serif; font-size: 14pt;\">G47.1<\/span><span style=\"font-family: 'comic sans ms', sans-serif; font-size: 14pt;\"> &#8211; Apparition au c\u00e9nacle devant la Vierge et les Ap\u00f4tres \/ La Bible des pauvres<\/span><\/p>\n<p><img loading=\"lazy\" decoding=\"async\" class=\"alignnone wp-image-5731\" src=\"http:\/\/image-bible.ch\/wp-content\/uploads\/2021\/05\/36.-Apparition-aux-disciples-189x300.jpg\" alt=\"\" width=\"335\" height=\"532\" srcset=\"http:\/\/image-bible.ch\/wp-content\/uploads\/2021\/05\/36.-Apparition-aux-disciples-189x300.jpg 189w, http:\/\/image-bible.ch\/wp-content\/uploads\/2021\/05\/36.-Apparition-aux-disciples.jpg 614w\" sizes=\"(max-width: 335px) 100vw, 335px\" \/><\/p>\n<p><strong>Types :<\/strong> Joseph se donne \u00e0 reconna\u00eetre \u00e0 ses fr\u00e8res &#8211; Le retour du fils perdu<\/p>\n<p><strong>Antitype :<\/strong> J\u00e9sus appara\u00eet \u00e0 ses disciples portes closes.<\/p>\n<p>Dans la Gen\u00e8se on lit : Joseph, lorsqu\u2019il vit l\u2019effroi de ses fr\u00e8res et qu\u2019il ne le reconnaissait pas, leur parla : \u00ab\u00a0Je suis Joseph, votre fr\u00e8re, n\u2019ayez pas peur !\u00a0\u00bb. Joseph est une pr\u00e9figuration du Christ qui apr\u00e8s sa r\u00e9surrection\u00a0 apparut \u00e0 ses disciples leur disant pour les r\u00e9conforter : \u00ab\u00a0N\u2019ayez pas peur ! C\u2019est moi\u00a0\u00bb.<\/p>\n<p><i>Gn 41,1-5 : \u00a0lors Joseph ne put se contenir devant tous les gens de sa suite et il s&rsquo;\u00e9cria : Faites sortir tout le monde d&rsquo;aupr\u00e8s de moi; et personne ne resta aupr\u00e8s de lui pendant que Joseph se faisait conna\u00eetre \u00e0 ses fr\u00e8res,2.\u00a0mais il pleura tout haut et tous les \u00c9gyptiens entendirent, et la nouvelle parvint au palais de Pharaon.3.\u00a0Joseph dit \u00e0 ses fr\u00e8res : Je suis Joseph ! Mon p\u00e8re vit-il encore ? et ses fr\u00e8res ne purent lui r\u00e9pondre, car ils \u00e9taient boulevers\u00e9s de le voir.4.\u00a0Alors Joseph dit \u00e0 ses fr\u00e8res : Approchez-vous de moi ! et ils s&rsquo;approch\u00e8rent. Il dit : Je suis Joseph, votre fr\u00e8re, que vous avez vendu en \u00c9gypte.5.\u00a0Mais maintenant ne soyez pas chagrins et ne vous f\u00e2chez pas de m&rsquo;avoir vendu ici, car c&rsquo;est pour pr\u00e9server vos vies que Dieu m&rsquo;a envoy\u00e9 en avant de vous.6.\u00a0Voici, en effet, deux ans que la famine est install\u00e9e dans le pays et il y aura encore cinq ann\u00e9es sans labour ni moisson.7.\u00a0Dieu m&rsquo;a envoy\u00e9 en avant de vous pour assurer la permanence de votre race dans le pays et sauver vos vies pour une grande d\u00e9livrance.8.\u00a0Ainsi, ce n&rsquo;est pas vous qui m&rsquo;avez envoy\u00e9 ici, c&rsquo;est Dieu, et il m&rsquo;a \u00e9tabli comme p\u00e8re pour Pharaon, comme ma\u00eetre sur toute sa maison, comme gouverneur dans tout le pays d&rsquo;\u00c9gypte.9.\u00a0Remontez vite chez mon p\u00e8re et dites-lui : Ainsi parle ton fils Joseph : Dieu m&rsquo;a \u00e9tabli ma\u00eetre sur toute l&rsquo;\u00c9gypte. Descends aupr\u00e8s de moi sans tarder.10.\u00a0Tu habiteras dans le pays de Gosh\u00e8n et tu seras pr\u00e8s de moi, toi-m\u00eame, tes enfants, tes petits-enfants, ton petit et ton gros b\u00e9tail, et tout ce qui t&rsquo;appartient.11.\u00a0L\u00e0, je pourvoirai \u00e0 ton entretien, car la famine durera encore cinq ann\u00e9es, pour que tu ne sois pas dans l&rsquo;indigence, toi, ta famille et tout ce qui est \u00e0 toi.12.\u00a0Vous voyez de vos propres yeux et mon fr\u00e8re Benjamin voit que c&rsquo;est ma bouche qui vous parle.13.\u00a0Racontez \u00e0 mon p\u00e8re toute la gloire que j&rsquo;ai en \u00c9gypte et tout ce que vous avez vu, et h\u00e2tez-vous de faire descendre ici mon p\u00e8re.14.\u00a0Alors il se jeta au cou de son fr\u00e8re Benjamin et pleura. Benjamin aussi pleura \u00e0 son cou.15.\u00a0Puis il couvrit tous ses fr\u00e8res de baisers et pleura en les embrassant. Apr\u00e8s quoi, ses fr\u00e8res s&rsquo;entretinrent avec lui.<\/i><\/p>\n<p>Dans l\u2019\u00c9vangile ont lit : un p\u00e8re avait deux fils. Le cadet lui dit : donne-moi la moiti\u00e9 de l\u2019h\u00e9ritage. Lorsqu\u2019il eut tout d\u00e9pens\u00e9 il revint vers le p\u00e8re et le p\u00e8re\u00a0 l\u2019accueillit g\u00e9n\u00e9reusement. Cela est une pr\u00e9figuration d\u2019un vrai p\u00e9cheur repentant, comme Pierre, qui apr\u00e8s des larmes de regrets devint le chef des ap\u00f4tres.<\/p>\n<p><em>Luc 15,11-32 : <span class=\"verse_number\">11<\/span> J\u00e9sus dit encore : \u00ab Un homme avait deux fils. <span class=\"verse_number\">12<\/span> Le plus jeune dit \u00e0 son p\u00e8re : \u201cP\u00e8re, donne-moi la part de fortune qui me revient.\u201d Et le p\u00e8re leur partagea ses biens. <span class=\"verse_number\">13<\/span> Peu de jours apr\u00e8s, le plus jeune rassembla tout ce qu\u2019il avait, et partit pour un pays lointain o\u00f9 il dilapida sa fortune en menant une vie de d\u00e9sordre. <span class=\"verse_number\">14<\/span> Il avait tout d\u00e9pens\u00e9, quand une grande famine survint dans ce pays, et il commen\u00e7a \u00e0 se trouver dans le besoin. <span class=\"verse_number\">15<\/span> Il alla s\u2019engager aupr\u00e8s d\u2019un habitant de ce pays, qui l\u2019envoya dans ses champs garder les porcs. <span class=\"verse_number\">16<\/span> Il aurait bien voulu se remplir le ventre avec les gousses que mangeaient les porcs, mais personne ne lui donnait rien. <span class=\"verse_number\">17<\/span> Alors il rentra en lui-m\u00eame et se dit : \u201cCombien d\u2019ouvriers de mon p\u00e8re ont du pain en abondance, et moi, ici, je meurs de faim ! <span class=\"verse_number\">18<\/span> Je me l\u00e8verai, j\u2019irai vers mon p\u00e8re, et je lui dirai : P\u00e8re, j\u2019ai p\u00e9ch\u00e9 contre le ciel et envers toi. <span class=\"verse_number\">19<\/span> Je ne suis plus digne d\u2019\u00eatre appel\u00e9 ton fils. Traite-moi comme l\u2019un de tes ouvriers.\u201d <span class=\"verse_number\">20<\/span> Il se leva et s\u2019en alla vers son p\u00e8re. Comme il \u00e9tait encore loin, son p\u00e8re l\u2019aper\u00e7ut et fut saisi de compassion ; il courut se jeter \u00e0 son cou et le couvrit de baisers. <span class=\"verse_number\">21<\/span> Le fils lui dit : \u201cP\u00e8re, j\u2019ai p\u00e9ch\u00e9 contre le ciel et envers toi. Je ne suis plus digne d\u2019\u00eatre appel\u00e9 ton fils.\u201d <span class=\"verse_number\">22<\/span> Mais le p\u00e8re dit \u00e0 ses serviteurs : \u201cVite, apportez le plus beau v\u00eatement pour l\u2019habiller, mettez-lui une bague au doigt et des sandales aux pieds, <span class=\"verse_number\">23<\/span> allez chercher le veau gras, tuez-le, mangeons et festoyons, <span class=\"verse_number\">24<\/span> car mon fils que voil\u00e0 \u00e9tait mort, et il est revenu \u00e0 la vie ; il \u00e9tait perdu, et il est retrouv\u00e9.\u201d Et ils commenc\u00e8rent \u00e0 festoyer. <span class=\"verse_number\">25<\/span> Or le fils a\u00een\u00e9 \u00e9tait aux champs. Quand il revint et fut pr\u00e8s de la maison, il entendit la musique et les danses. <span class=\"verse_number\">26<\/span> Appelant un des serviteurs, il s\u2019informa de ce qui se passait. <span class=\"verse_number\">27<\/span> Celui-ci r\u00e9pondit : \u201cTon fr\u00e8re est arriv\u00e9, et ton p\u00e8re a tu\u00e9 le veau gras, parce qu\u2019il a retrouv\u00e9 ton fr\u00e8re en bonne sant\u00e9.\u201d <span class=\"verse_number\">28<\/span> Alors le fils a\u00een\u00e9 se mit en col\u00e8re, et il refusait d\u2019entrer. Son p\u00e8re sortit le supplier. <span class=\"verse_number\">29<\/span> Mais il r\u00e9pliqua \u00e0 son p\u00e8re : \u201cIl y a tant d\u2019ann\u00e9es que je suis \u00e0 ton service sans avoir jamais transgress\u00e9 tes ordres, et jamais tu ne m\u2019as donn\u00e9 un chevreau pour festoyer avec mes amis. <span class=\"verse_number\">30<\/span> Mais, quand ton fils que voil\u00e0 est revenu apr\u00e8s avoir d\u00e9vor\u00e9 ton bien avec des prostitu\u00e9es, tu as fait tuer pour lui le veau gras\u00a0!\u201d<\/em><\/p>\n<p><i>\u00a0<\/i><\/p>\n<p><strong>David :<\/strong><i> Ps 15,11 : Tu m&rsquo;apprends le chemin de la vie : + devant ta face, d\u00e9bordement de joie ! A ta droite, \u00e9ternit\u00e9 de d\u00e9lices !<br \/>\n<\/i><\/p>\n<p><strong>Isa\u00efe :<\/strong><i>\u00a0 Es 51,1 : \u00c9coutez-moi, vous qui tendez vers la justice, vous qui recherchez le Seigneur : regardez le rocher dans lequel vous avez \u00e9t\u00e9 taill\u00e9s, la carri\u00e8re d\u2019o\u00f9 vous avez \u00e9t\u00e9 tir\u00e9s.<br \/>\n<\/i><\/p>\n<p><strong>Ben Syrach :<\/strong><i> Sg 1,2 : car il se laisse trouver par ceux qui ne le mettent pas \u00e0 l\u2019\u00e9preuve, il se manifeste \u00e0 ceux qui ne refusent pas de croire en lui.<br \/>\n<\/i><\/p>\n<p><strong>Ez\u00e9chiel :<\/strong><i> Ez\u00a0 34,11 : Car ainsi parle le Seigneur Dieu : Voici que moi-m\u00eame, je m\u2019occuperai de mes brebis, et je veillerai sur elles.<\/i><\/p>\n<p>&nbsp;<\/p>\n<p>&nbsp;<\/p>\n","protected":false},"excerpt":{"rendered":"<p>G47.1 &#8211; Apparition au c\u00e9nacle devant la Vierge et les Ap\u00f4tres \/ La Bible des pauvres Types : Joseph se donne \u00e0 reconna\u00eetre \u00e0 ses fr\u00e8res &#8211; Le retour du fils perdu Antitype : J\u00e9sus appara\u00eet \u00e0 ses disciples portes<\/p>\n","protected":false},"author":1,"featured_media":0,"parent":0,"menu_order":0,"comment_status":"closed","ping_status":"closed","template":"","meta":{"footnotes":""},"_links":{"self":[{"href":"http:\/\/image-bible.ch\/index.php?rest_route=\/wp\/v2\/pages\/2816"}],"collection":[{"href":"http:\/\/image-bible.ch\/index.php?rest_route=\/wp\/v2\/pages"}],"about":[{"href":"http:\/\/image-bible.ch\/index.php?rest_route=\/wp\/v2\/types\/page"}],"author":[{"embeddable":true,"href":"http:\/\/image-bible.ch\/index.php?rest_route=\/wp\/v2\/users\/1"}],"replies":[{"embeddable":true,"href":"http:\/\/image-bible.ch\/index.php?rest_route=%2Fwp%2Fv2%2Fcomments&post=2816"}],"version-history":[{"count":6,"href":"http:\/\/image-bible.ch\/index.php?rest_route=\/wp\/v2\/pages\/2816\/revisions"}],"predecessor-version":[{"id":6173,"href":"http:\/\/image-bible.ch\/index.php?rest_route=\/wp\/v2\/pages\/2816\/revisions\/6173"}],"wp:attachment":[{"href":"http:\/\/image-bible.ch\/index.php?rest_route=%2Fwp%2Fv2%2Fmedia&parent=2816"}],"curies":[{"name":"wp","href":"https:\/\/api.w.org\/{rel}","templated":true}]}}