{"id":2820,"date":"2021-03-20T20:04:41","date_gmt":"2021-03-20T19:04:41","guid":{"rendered":"http:\/\/image-bible.ch\/?page_id=2820"},"modified":"2024-11-13T16:37:44","modified_gmt":"2024-11-13T15:37:44","slug":"g47-3-bible-n-t","status":"publish","type":"page","link":"http:\/\/image-bible.ch\/?page_id=2820","title":{"rendered":"G47.3 \/ Bible Nouveau-Testament"},"content":{"rendered":"<p style=\"text-align: center;\"><span style=\"font-family: 'comic sans ms', sans-serif; font-size: 14pt;\">G47.3<\/span><span style=\"font-family: 'comic sans ms', sans-serif; font-size: 14pt;\"> &#8211; Apparition au c\u00e9nacle devant la Vierge et les Ap\u00f4tres \/ Bible Nouveau-Testament<\/span><\/p>\n<p><img loading=\"lazy\" decoding=\"async\" class=\"alignnone size-medium wp-image-5729\" src=\"http:\/\/image-bible.ch\/wp-content\/uploads\/2021\/05\/36.-Apparition-aux-disciples-C-191x300.jpg\" alt=\"\" width=\"191\" height=\"300\" srcset=\"http:\/\/image-bible.ch\/wp-content\/uploads\/2021\/05\/36.-Apparition-aux-disciples-C-191x300.jpg 191w, http:\/\/image-bible.ch\/wp-content\/uploads\/2021\/05\/36.-Apparition-aux-disciples-C.jpg 313w\" sizes=\"(max-width: 191px) 100vw, 191px\" \/><\/p>\n<p>Lc 24,36-40 :<\/p>\n<p><sup><span class=\"verse_number\" style=\"color: #0000ff;\">36<\/span><\/sup> Comme ils en parlaient encore, lui-m\u00eame fut pr\u00e9sent au milieu d\u2019eux, et leur dit\u00a0: \u00ab\u00a0La paix soit avec vous\u00a0!\u00a0\u00bb<\/p>\n<p><sup><span class=\"verse_number\" style=\"color: #0000ff;\">37 <\/span><\/sup>Saisis de frayeur et de crainte, ils croyaient voir un esprit.<\/p>\n<p><sup><span class=\"verse_number\" style=\"color: #0000ff;\">38<\/span><\/sup> J\u00e9sus leur dit\u00a0: \u00ab\u00a0Pourquoi \u00eates-vous boulevers\u00e9s\u00a0? Et pourquoi ces pens\u00e9es qui surgissent dans votre c\u0153ur\u00a0?<\/p>\n<p><sup><span class=\"verse_number\" style=\"color: #0000ff;\">39<\/span><\/sup> Voyez mes mains et mes pieds\u00a0: c\u2019est bien moi\u00a0! Touchez-moi, regardez\u00a0: un esprit n\u2019a pas de chair ni d\u2019os comme vous constatez que j\u2019en ai.\u00a0\u00bb<\/p>\n<p><sup><span class=\"verse_number\" style=\"color: #0000ff;\">40 <\/span><\/sup>Apr\u00e8s cette parole, il leur montra ses mains et ses pieds.<\/p>\n<p>Jn 20,19-22<\/p>\n<p><sup><span class=\"verse_number\" style=\"color: #0000ff;\">19<\/span><\/sup> Le soir venu, en ce premier jour de la semaine, alors que les portes du lieu o\u00f9 se trouvaient les disciples \u00e9taient verrouill\u00e9es par crainte des Juifs, J\u00e9sus vint, et il \u00e9tait l\u00e0 au milieu d\u2019eux. Il leur dit\u00a0: \u00ab\u00a0La paix soit avec vous\u00a0!\u00a0\u00bb<\/p>\n<p><sup><span class=\"verse_number\" style=\"color: #0000ff;\">20<\/span><\/sup> Apr\u00e8s cette parole, il leur montra ses mains et son c\u00f4t\u00e9. Les disciples furent remplis de joie en voyant le Seigneur.<\/p>\n<p><sup><span class=\"verse_number\" style=\"color: #0000ff;\">21<\/span><\/sup> J\u00e9sus leur dit de nouveau\u00a0: \u00ab\u00a0La paix soit avec vous\u00a0! De m\u00eame que le P\u00e8re m\u2019a envoy\u00e9, moi aussi, je vous envoie.\u00a0\u00bb<\/p>\n<p><sup><span class=\"verse_number\" style=\"color: #0000ff;\">22<\/span><\/sup> Ayant ainsi parl\u00e9, il souffla sur eux et il leur dit\u00a0: \u00ab\u00a0Recevez l\u2019Esprit Saint.<\/p>\n<p><strong><span style=\"color: #993300;\">Vocabulaire :<\/span><\/strong><\/p>\n<p>&nbsp;<\/p>\n<p><strong><span style=\"color: #0000ff;\">Questions :<\/span><\/strong><\/p>\n<p>&nbsp;<\/p>\n<p><strong>Commentaire :<\/strong><\/p>\n<h3>1. <strong>La paix soit avec vous ! (v. 36)<\/strong><\/h3>\n<ul>\n<li>J\u00e9sus appara\u00eet soudainement au milieu des disciples, et sa premi\u00e8re parole est une salutation de paix. Cette salutation n&rsquo;est pas simplement une formule courante, mais elle rev\u00eat un sens profond, surtout apr\u00e8s la mort et la r\u00e9surrection de J\u00e9sus. La paix proclam\u00e9e par J\u00e9sus indique la fin de la s\u00e9paration entre Dieu et l&rsquo;humanit\u00e9, marqu\u00e9e par sa crucifixion. Elle est aussi une promesse de r\u00e9conciliation et de s\u00e9curit\u00e9 dans la pr\u00e9sence du Christ ressuscit\u00e9.<\/li>\n<li>La paix de J\u00e9sus apporte un r\u00e9confort aux disciples dans un moment de grande confusion et d&rsquo;inqui\u00e9tude, les r\u00e9confortant apr\u00e8s la trag\u00e9die de sa crucifixion.<\/li>\n<\/ul>\n<h3>2. <strong>Les disciples saisis de frayeur (v. 37)<\/strong><\/h3>\n<ul>\n<li>La r\u00e9action des disciples \u00e0 l\u2019apparition de J\u00e9sus est celle de la peur. Ils sont saisis de frayeur et croient voir un esprit. Leur \u00e9tonnement et leur crainte montrent \u00e0 quel point ils sont incr\u00e9dules, malgr\u00e9 les t\u00e9moignages des femmes et des disciples d\u2019Emma\u00fcs.<\/li>\n<li>Ce moment souligne l&rsquo;id\u00e9e de l&rsquo;incr\u00e9dulit\u00e9 humaine face \u00e0 la r\u00e9surrection. La r\u00e9surrection de J\u00e9sus est un \u00e9v\u00e9nement si extraordinaire qu&rsquo;il d\u00e9passe les attentes et la compr\u00e9hension des disciples, bien qu&rsquo;ils aient \u00e9t\u00e9 t\u00e9moins des miracles de J\u00e9sus pendant sa vie.<\/li>\n<\/ul>\n<h3>3. <strong>J\u00e9sus s\u2019explique et leur montre ses blessures (v. 38-40)<\/strong><\/h3>\n<ul>\n<li>J\u00e9sus cherche \u00e0 apaiser leurs doutes en leur demandant pourquoi ils sont troubl\u00e9s et pourquoi ces pens\u00e9es de doute surgissent dans leurs c\u0153urs. Il leur demande de regarder ses mains et ses pieds, d&rsquo;o\u00f9 il montre les marques de la crucifixion. Ces blessures sont des preuves tangibles de sa v\u00e9ritable r\u00e9surrection en chair et en os, excluant l\u2019id\u00e9e d\u2019un simple esprit ou d&rsquo;une apparition.<\/li>\n<li>J\u00e9sus insiste sur le fait qu&rsquo;un esprit n\u2019a pas de corps, et donc il r\u00e9fute l&rsquo;id\u00e9e qu&rsquo;il soit un spectre. Ce d\u00e9tail est crucial, car la r\u00e9surrection de J\u00e9sus n&rsquo;est pas simplement une \u00ab\u00a0r\u00e9animation\u00a0\u00bb ou une vision spirituelle, mais un \u00e9v\u00e9nement physique o\u00f9 J\u00e9sus ressuscite avec un corps transform\u00e9, mais reconnaissable.<\/li>\n<\/ul>\n<h3>4. <strong>La dimension physique de la r\u00e9surrection<\/strong><\/h3>\n<ul>\n<li>J\u00e9sus ressuscit\u00e9 conserve des traits physiques, notamment ses plaies visibles, qui t\u00e9moignent de sa passion et de sa crucifixion. Ces marques sont un signe que la r\u00e9surrection n\u2019efface pas ce qu\u2019il a endur\u00e9 pour le salut de l\u2019humanit\u00e9, mais au contraire, elles r\u00e9v\u00e8lent la victoire d\u00e9finitive de Dieu sur la mort et la souffrance. Cela montre \u00e9galement que la r\u00e9surrection chr\u00e9tienne est une r\u00e9surrection corporelle et non une r\u00e9incarnation ou une existence spirituelle flottante.<\/li>\n<li>Ce corps transform\u00e9 mais tangible est un avant-go\u00fbt de la r\u00e9surrection future des croyants. Cela signifie que la r\u00e9surrection n&rsquo;est pas seulement un retour \u00e0 la vie, mais un renouvellement, une victoire sur la mort, et une transformation du corps.<\/li>\n<\/ul>\n<h3>5. <strong>Invitation \u00e0 toucher et \u00e0 v\u00e9rifier (v. 39)<\/strong><\/h3>\n<ul>\n<li>J\u00e9sus invite les disciples \u00e0 le toucher pour v\u00e9rifier qu&rsquo;il n&rsquo;est pas un esprit. Cela met en avant le caract\u00e8re tangible et r\u00e9el de sa r\u00e9surrection, d\u00e9mentant toute id\u00e9e que la r\u00e9surrection de J\u00e9sus pourrait \u00eatre une simple vision ou hallucination.<\/li>\n<li>Cette invitation montre \u00e9galement que J\u00e9sus ne craint pas que ses disciples doutent de ce qu\u2019ils voient. Il leur donne la possibilit\u00e9 de v\u00e9rifier de mani\u00e8re concr\u00e8te la r\u00e9alit\u00e9 de sa r\u00e9surrection. Il est pleinement humain et pleinement ressuscit\u00e9.<\/li>\n<\/ul>\n<h3>6. <strong>Les implications pour les disciples<\/strong><\/h3>\n<ul>\n<li>Ce passage met en \u00e9vidence l&rsquo;importance de la foi en la r\u00e9surrection physique de J\u00e9sus. Pour les disciples, la reconnaissance de J\u00e9sus ressuscit\u00e9 avec un corps tangible les pr\u00e9pare \u00e0 comprendre la mission qu&rsquo;il va leur confier. J\u00e9sus leur donnera dans les versets suivants la charge de pr\u00eacher la repentance et le pardon des p\u00e9ch\u00e9s en son nom.<\/li>\n<li>Ce moment est aussi un signe du d\u00e9fi de la foi chr\u00e9tienne : croire \u00e0 la r\u00e9surrection physique de J\u00e9sus, au-del\u00e0 des limites de l\u2019exp\u00e9rience humaine normale. Cette foi est essentielle pour la mission de l\u2019\u00c9glise et pour la proclamation de la victoire sur la mort.<\/li>\n<\/ul>\n<h3>Conclusion :<\/h3>\n<p>Luc 24,36-40 montre de mani\u00e8re claire et tangible la r\u00e9surrection corporelle de J\u00e9sus. Ses disciples, malgr\u00e9 les t\u00e9moignages pr\u00e9c\u00e9dents, doivent encore \u00eatre convaincus par des preuves concr\u00e8tes de ses plaies et de son corps ressuscit\u00e9. J\u00e9sus, en apparaissant ainsi, leur offre la paix, chasse leurs peurs et leur annonce la r\u00e9alit\u00e9 d&rsquo;une r\u00e9surrection qui est \u00e0 la fois un myst\u00e8re divin et un \u00e9v\u00e9nement physique. Ce passage met \u00e9galement en lumi\u00e8re le d\u00e9but de la nouvelle mission confi\u00e9e \u00e0 ses disciples : \u00eatre t\u00e9moins de la victoire sur la mort et d&rsquo;une nouvelle esp\u00e9rance pour l\u2019humanit\u00e9.<\/p>\n<p>&nbsp;<\/p>\n","protected":false},"excerpt":{"rendered":"<p>G47.3 &#8211; Apparition au c\u00e9nacle devant la Vierge et les Ap\u00f4tres \/ Bible Nouveau-Testament Lc 24,36-40 : 36 Comme ils en parlaient encore, lui-m\u00eame fut pr\u00e9sent au milieu d\u2019eux, et leur dit\u00a0: \u00ab\u00a0La paix soit avec vous\u00a0!\u00a0\u00bb 37 Saisis de<\/p>\n","protected":false},"author":1,"featured_media":0,"parent":0,"menu_order":0,"comment_status":"closed","ping_status":"closed","template":"","meta":{"footnotes":""},"_links":{"self":[{"href":"http:\/\/image-bible.ch\/index.php?rest_route=\/wp\/v2\/pages\/2820"}],"collection":[{"href":"http:\/\/image-bible.ch\/index.php?rest_route=\/wp\/v2\/pages"}],"about":[{"href":"http:\/\/image-bible.ch\/index.php?rest_route=\/wp\/v2\/types\/page"}],"author":[{"embeddable":true,"href":"http:\/\/image-bible.ch\/index.php?rest_route=\/wp\/v2\/users\/1"}],"replies":[{"embeddable":true,"href":"http:\/\/image-bible.ch\/index.php?rest_route=%2Fwp%2Fv2%2Fcomments&post=2820"}],"version-history":[{"count":5,"href":"http:\/\/image-bible.ch\/index.php?rest_route=\/wp\/v2\/pages\/2820\/revisions"}],"predecessor-version":[{"id":9439,"href":"http:\/\/image-bible.ch\/index.php?rest_route=\/wp\/v2\/pages\/2820\/revisions\/9439"}],"wp:attachment":[{"href":"http:\/\/image-bible.ch\/index.php?rest_route=%2Fwp%2Fv2%2Fmedia&parent=2820"}],"curies":[{"name":"wp","href":"https:\/\/api.w.org\/{rel}","templated":true}]}}