{"id":2836,"date":"2021-03-20T20:11:15","date_gmt":"2021-03-20T19:11:15","guid":{"rendered":"http:\/\/image-bible.ch\/?page_id=2836"},"modified":"2021-09-20T13:54:03","modified_gmt":"2021-09-20T11:54:03","slug":"g46-1-la-bible-des-pauvres","status":"publish","type":"page","link":"http:\/\/image-bible.ch\/?page_id=2836","title":{"rendered":"G46.1 \/ La Bible des pauvres"},"content":{"rendered":"<p style=\"text-align: center;\"><span style=\"font-family: 'comic sans ms', sans-serif; font-size: 14pt;\">G46.1<\/span><span style=\"font-family: 'comic sans ms', sans-serif; font-size: 14pt;\"> &#8211; Apparition \u00e0 Marie-Madeleine \/ La Bible des pauvres<\/span><\/p>\n<p><img loading=\"lazy\" decoding=\"async\" class=\"alignnone size-medium wp-image-5726\" src=\"http:\/\/image-bible.ch\/wp-content\/uploads\/2021\/05\/35.-Apparition-a-Marie-Madeleine-191x300.jpg\" alt=\"\" width=\"191\" height=\"300\" srcset=\"http:\/\/image-bible.ch\/wp-content\/uploads\/2021\/05\/35.-Apparition-a-Marie-Madeleine-191x300.jpg 191w, http:\/\/image-bible.ch\/wp-content\/uploads\/2021\/05\/35.-Apparition-a-Marie-Madeleine.jpg 622w\" sizes=\"(max-width: 191px) 100vw, 191px\" \/><\/p>\n<p><strong>Types :<\/strong> La fianc\u00e9e se r\u00e9jouit d\u2019avoir trouv\u00e9 le fianc\u00e9 tant attendu &#8211; Le roi Darius se r\u00e9joui de voir Daniel vivant dans la fosse aux lions<\/p>\n<p><strong>Antitype :<\/strong> J\u00e9sus appara\u00eet \u00e0 Marie-Madeleine qui le prend pour le jardinier<\/p>\n<p>Dans le Cantique des cantiques on lit: la fianc\u00e9e, lorsqu\u2019elle trouva son bien-aim\u00e9, dit : \u00ab J\u2019ai trouv\u00e9 celui que mon \u00e2me aime, je le tiens fort et ne le l\u00e2cherai point. Cette fianc\u00e9e pr\u00e9figure Marie-Madeleine, qui vit son fianc\u00e9, le Christ et voulu le retenir, mais lui r\u00e9pondit : \u00ab Ne me touche pas ! \u00bb<\/p>\n<p><i>Ct 3,4 : \u00a0Les gardes m&rsquo;ont rencontr\u00e9e, ceux qui font la ronde dans la ville : \u00ab Avez-vous vu celui que mon c\u0153ur aime ? \u00bb4.\u00a0A peine les avais-je d\u00e9pass\u00e9s, j&rsquo;ai trouv\u00e9 celui que mon c\u0153ur aime. <\/i><b><i>Je l&rsquo;ai saisi et ne le l\u00e2cherai point <\/i><\/b><i>que je ne l&rsquo;aie fait entrer dans la maison de ma m\u00e8re, dans la chambre de celle qui m&rsquo;a con\u00e7ue.<\/i><\/p>\n<p>Dans le livre de Daniel on lit :le matin apr\u00e8s que Daniel eu \u00e9t\u00e9 donn\u00e9 \u00e0 manger aux lions dans la fosse, le roi Darius vint vers la fosse pour voir si Daniel \u00e9tait encore vivant. Lorsqu\u2019il le vit en vie, il se r\u00e9jouit beaucoup. Darius est une pr\u00e9figuration de Marie-Madeleine qui vint t\u00f4t le matin au tombeau et vit la premi\u00e8re son ma\u00eetre et se r\u00e9jouit beaucoup de sa r\u00e9surrection des morts.<\/p>\n<p><i>Dn 6,19-24 : \u00a019.\u00a06:20\u00a0et d\u00e8s l&rsquo;aube, au petit jour, le roi se leva et se rendit en h\u00e2te \u00e0 la fosse aux lions.20.\u00a06:21\u00a0S&rsquo;approchant de la fosse, il cria \u00e0 Daniel d&rsquo;une voix angoiss\u00e9e : \u00abDaniel, serviteur du Dieu vivant, ce Dieu que tu sers avec pers\u00e9v\u00e9rance a-t-il pu te faire \u00e9chapper aux lions?\u00bb21.\u00a06:22\u00a0Daniel r\u00e9pondit au roi : \u00abO roi, vis \u00e0 jamais!22.\u00a06:23\u00a0Mon Dieu a envoy\u00e9 son ange, il a ferm\u00e9 la gueule des lions et ils ne m&rsquo;ont pas fait de mal, parce que j&rsquo;ai \u00e9t\u00e9 trouv\u00e9 innocent devant lui. Et devant toi aussi, \u00f4 roi, je suis sans faute.\u00bb23.\u00a06:24\u00a0<\/i><b><i>Le roi \u00e9prouva une grande joie<\/i><\/b><i> et ordonna de faire sortir Daniel de la fosse. On fit sortir Daniel de la fosse et on le trouva indemne, parce qu&rsquo;il avait eu foi en son Dieu.24.\u00a06:25\u00a0Le roi manda ces hommes qui avaient calomni\u00e9 Daniel et les fit jeter dans la fosse aux lions, eux, leurs enfants et leurs femmes : et avant m\u00eame qu&rsquo;ils eussent atteint le fond de la fosse, les lions s&rsquo;\u00e9taient empar\u00e9s d&rsquo;eux et leur avaient broy\u00e9 les os.<\/i><\/p>\n<p><strong>Anne :<\/strong><i> 1Sm 2,1 Et Anne fit cette pri\u00e8re : Mon c\u0153ur exulte \u00e0 cause du Seigneur ; mon front s\u2019est relev\u00e9 gr\u00e2ce \u00e0 mon Dieu ! Face \u00e0 mes ennemis, s\u2019ouvre ma bouche : oui, je me r\u00e9jouis de ton salut ! (Mi 7,7) : \u00ab Moi, J\u00e9rusalem, je veux guetter le Seigneur, attendre Dieu mon Sauveur ; lui, mon Dieu, m\u2019entendra.<br \/>\n<\/i><\/p>\n<p><strong>Isa\u00efe :<\/strong><i> Es 61,10 : Je tressaille de joie dans le Seigneur, mon \u00e2me exulte en mon Dieu. Car il m\u2019a v\u00eatue des v\u00eatements du salut, il m\u2019a couverte du manteau de la justice, comme le jeune mari\u00e9 orn\u00e9 du diad\u00e8me, la jeune mari\u00e9e que parent ses joyaux.<br \/>\n<\/i><\/p>\n<p><strong>David :<\/strong><i> Ps 9,11 : ils s&rsquo;appuieront sur toi, ceux qui connaissent ton nom ; jamais tu n&rsquo;abandonnes, Seigneur, ceux qui te cherchent. \u00a0 \/ 69,5 : Mais tu seras l&rsquo;all\u00e9gresse et la joie de tous ceux qui te cherchent ; * toujours ils rediront : \u00ab Dieu est grand ! \u00bb ceux qui aiment ton salut.<br \/>\n<\/i><\/p>\n<p><strong>Salomon :<\/strong><i> 1R 2,1 : <\/i> <em>Comme les jours de David approchaient de leur fin, il exprima ses volont\u00e9s \u00e0 son fils Salomon :\u00a0\u00ab Je m\u2019en vais par le chemin de tout le monde. Sois fort, sois un homme courageux !<\/em><\/p>\n<p>&nbsp;<\/p>\n","protected":false},"excerpt":{"rendered":"<p>G46.1 &#8211; Apparition \u00e0 Marie-Madeleine \/ La Bible des pauvres Types : La fianc\u00e9e se r\u00e9jouit d\u2019avoir trouv\u00e9 le fianc\u00e9 tant attendu &#8211; Le roi Darius se r\u00e9joui de voir Daniel vivant dans la fosse aux lions Antitype : J\u00e9sus<\/p>\n","protected":false},"author":1,"featured_media":0,"parent":0,"menu_order":0,"comment_status":"closed","ping_status":"closed","template":"","meta":{"footnotes":""},"_links":{"self":[{"href":"http:\/\/image-bible.ch\/index.php?rest_route=\/wp\/v2\/pages\/2836"}],"collection":[{"href":"http:\/\/image-bible.ch\/index.php?rest_route=\/wp\/v2\/pages"}],"about":[{"href":"http:\/\/image-bible.ch\/index.php?rest_route=\/wp\/v2\/types\/page"}],"author":[{"embeddable":true,"href":"http:\/\/image-bible.ch\/index.php?rest_route=\/wp\/v2\/users\/1"}],"replies":[{"embeddable":true,"href":"http:\/\/image-bible.ch\/index.php?rest_route=%2Fwp%2Fv2%2Fcomments&post=2836"}],"version-history":[{"count":6,"href":"http:\/\/image-bible.ch\/index.php?rest_route=\/wp\/v2\/pages\/2836\/revisions"}],"predecessor-version":[{"id":6167,"href":"http:\/\/image-bible.ch\/index.php?rest_route=\/wp\/v2\/pages\/2836\/revisions\/6167"}],"wp:attachment":[{"href":"http:\/\/image-bible.ch\/index.php?rest_route=%2Fwp%2Fv2%2Fmedia&parent=2836"}],"curies":[{"name":"wp","href":"https:\/\/api.w.org\/{rel}","templated":true}]}}