{"id":2842,"date":"2021-03-20T20:12:11","date_gmt":"2021-03-20T19:12:11","guid":{"rendered":"http:\/\/image-bible.ch\/?page_id=2842"},"modified":"2024-11-13T14:59:40","modified_gmt":"2024-11-13T13:59:40","slug":"g46-4-bible-a-t","status":"publish","type":"page","link":"http:\/\/image-bible.ch\/?page_id=2842","title":{"rendered":"G46.4 \/ Bible Ancien-Testament"},"content":{"rendered":"<p style=\"text-align: center;\"><span style=\"font-family: 'comic sans ms', sans-serif; font-size: 14pt;\">G46.4<\/span><span style=\"font-family: 'comic sans ms', sans-serif; font-size: 14pt;\"> &#8211; Apparition \u00e0 Marie-Madeleine \/ Bible Ancien-Testament<\/span><\/p>\n<h3>La fianc\u00e9e se r\u00e9jouit d\u2019avoir trouv\u00e9 le fianc\u00e9 tant attendu<\/h3>\n<p><img loading=\"lazy\" decoding=\"async\" class=\"alignnone size-medium wp-image-5722\" src=\"http:\/\/image-bible.ch\/wp-content\/uploads\/2021\/05\/35.-Apparition-a-Marie-Madeleine-A-La-fiancee-se-rejouit-davoir-trouve-le-fiance-tant-attendu--194x300.jpg\" alt=\"\" width=\"194\" height=\"300\" srcset=\"http:\/\/image-bible.ch\/wp-content\/uploads\/2021\/05\/35.-Apparition-a-Marie-Madeleine-A-La-fiancee-se-rejouit-davoir-trouve-le-fiance-tant-attendu--194x300.jpg 194w, http:\/\/image-bible.ch\/wp-content\/uploads\/2021\/05\/35.-Apparition-a-Marie-Madeleine-A-La-fiancee-se-rejouit-davoir-trouve-le-fiance-tant-attendu-.jpg 315w\" sizes=\"(max-width: 194px) 100vw, 194px\" \/><\/p>\n<p><i>Ct 3,4 : \u00a0<\/i><\/p>\n<p>Les gardes m&rsquo;ont rencontr\u00e9e, ceux qui font la ronde dans la ville : \u00ab Avez-vous vu celui que mon c\u0153ur aime ? \u00bb4.\u00a0A peine les avais-je d\u00e9pass\u00e9s, j&rsquo;ai trouv\u00e9 celui que mon c\u0153ur aime. <b>Je l&rsquo;ai saisi et ne le l\u00e2cherai point <\/b>que je ne l&rsquo;aie fait entrer dans la maison de ma m\u00e8re, dans la chambre de celle qui m&rsquo;a con\u00e7ue.<\/p>\n<p>ou<\/p>\n<h3>Dieu demande au peuple de ne pas toucher la montagne<\/h3>\n<p><span style=\"color: #0000ff;\">Ex 19,10-12 :<\/span><\/p>\n<p><em>Dieu annonce \u00e0 Mo\u00efse sa venue sur la montagne du Sina\u00ef et lui demande de pr\u00e9parer le peuple.<\/em><\/p>\n<p><span style=\"color: #0000ff;\"><sup>10<\/sup><\/span> Le <strong>Seigneur<\/strong> dit encore \u00e0<strong> Mo\u00efse<\/strong>\u00a0: \u00ab\u00a0Va vers <strong>le peuple<\/strong> ; sanctifie-le, aujourd\u2019hui et demain\u00a0; qu\u2019ils lavent leurs v\u00eatements, <span style=\"color: #0000ff;\"><sup>11<\/sup><\/span> pour \u00eatre pr\u00eats <span style=\"color: #993300;\">le troisi\u00e8me jour\u00a0<\/span>; car, ce troisi\u00e8me jour, en pr\u00e9sence de tout le peuple,<span style=\"color: #ff0000;\"> le Seigneur descendra<\/span> sur<span style=\"color: #008000;\"> la montagne du Sina\u00ef.<\/span><\/p>\n<p><span style=\"color: #0000ff;\"><sup>12<\/sup><\/span> Fixe des limites au peuple, en leur disant\u00a0: Gardez-vous de <span style=\"color: #ff0000;\">gravir la montagne et d\u2019en <strong>toucher le bord<\/strong>\u00a0<\/span>! Quiconque touchera la montagne <em>sera mis \u00e0 mort<\/em>\u00a0!<\/p>\n<p><strong><span style=\"color: #993300;\">Vocabulaire :<\/span><\/strong><\/p>\n<p>&nbsp;<\/p>\n<p><strong><span style=\"color: #0000ff;\">Questions :<\/span><\/strong><\/p>\n<p>&nbsp;<\/p>\n<h4>Commentaire :<\/h4>\n<p>Pour pr\u00e9server le lieu sacr\u00e9 de la rencontre entre Dieu et Mo\u00efse sur la montagne du Sina\u00ef, Dieu interdit au peuple l\u2019acc\u00e8s de la montagne et m\u00eame de la toucher. Comme Mo\u00efse qui a du enlever ses sandales devant le buisson ardent (Ex 2).<\/p>\n<p>&nbsp;<\/p>\n<h3>Le roi Darius se r\u00e9joui de voir Daniel vivant dans la fosse aux lions<\/h3>\n<p><img loading=\"lazy\" decoding=\"async\" class=\"alignnone size-medium wp-image-5723\" src=\"http:\/\/image-bible.ch\/wp-content\/uploads\/2021\/05\/35.-Apparition-a-Marie-Madeleine-B-Le-roi-Darius-se-rejoui-de-voir-Daniel-vivant-dans-la-fosse-aux-lions-192x300.jpg\" alt=\"\" width=\"192\" height=\"300\" srcset=\"http:\/\/image-bible.ch\/wp-content\/uploads\/2021\/05\/35.-Apparition-a-Marie-Madeleine-B-Le-roi-Darius-se-rejoui-de-voir-Daniel-vivant-dans-la-fosse-aux-lions-192x300.jpg 192w, http:\/\/image-bible.ch\/wp-content\/uploads\/2021\/05\/35.-Apparition-a-Marie-Madeleine-B-Le-roi-Darius-se-rejoui-de-voir-Daniel-vivant-dans-la-fosse-aux-lions.jpg 308w\" sizes=\"(max-width: 192px) 100vw, 192px\" \/><\/p>\n<p><span style=\"color: #0000ff;\">Dn 6,19-24\u00a0:<\/span><\/p>\n<p><em>Sous la pression de ses ministres le roi ordonne de mettre Daniel dans la fosse au lion car il n\u2019avait pas pri\u00e9 le dieu des m\u00e8des et des perses.<\/em><\/p>\n<p><span style=\"color: #0000ff;\"><sup>19<\/sup><\/span><strong> Le roi Nabuchodonosor<\/strong> rentra dans son palais\u00a0; il passa<span style=\"color: #993300;\"> la nuit<\/span> <em>sans manger ni boire<\/em>, il ne fit venir aucune concubine, il ne put trouver <em>le sommeil<\/em>.<\/p>\n<p><span style=\"color: #0000ff;\"><sup>20<\/sup><\/span> Il se leva <span style=\"color: #993300;\">d\u00e8s l\u2019aube<\/span>, au petit jour, et se rendit en h\u00e2te<span style=\"color: #008000;\"> \u00e0 la fosse aux lions<\/span>.<\/p>\n<p><span style=\"color: #0000ff;\"><sup>21<\/sup><\/span> Arriv\u00e9 pr\u00e8s de la fosse, il appela <strong>Daniel<\/strong> d\u2019une <em>voix angoiss\u00e9e<\/em>\u00a0: \u00ab\u00a0<em>Daniel, serviteur <\/em><span style=\"color: #ff0000;\">du Dieu vivant<\/span>, ton Dieu, que tu sers avec tant de constance, a-t-il pu te faire <span style=\"color: #ff0000;\">\u00e9chapper aux lions<\/span>\u00a0?\u00a0\u00bb<\/p>\n<p><span style=\"color: #0000ff;\"><sup>22<\/sup><\/span><strong> Daniel<\/strong> r\u00e9pondit\u00a0: \u00ab\u00a0\u00d4 roi, puisses-tu vivre \u00e0 jamais\u00a0!<\/p>\n<p><i><span style=\"color: #0000ff;\"><sup>23<\/sup><\/span><\/i><span style=\"color: #ff0000;\">Mon Dieu a envoy\u00e9 son ange<\/span>, qui a <span style=\"color: #ff0000;\">ferm\u00e9 la gueule des lions<\/span>. Ils ne m\u2019ont fait aucun mal, car j\u2019avais \u00e9t\u00e9 reconnu innocent devant lui\u00a0; et devant toi, \u00f4 roi, je n\u2019avais rien fait de criminel.\u00a0\u00bb<\/p>\n<p><strong><span style=\"color: #993300;\">Vocabulaire :<\/span><\/strong><\/p>\n<p>&nbsp;<\/p>\n<p><strong><span style=\"color: #0000ff;\">Questions :<\/span><\/strong><\/p>\n<p>&nbsp;<\/p>\n<h4>Commentaire :<\/h4>\n<p>Le roi Nabuchodonosor a donn\u00e9 l&rsquo;ordre de jeter Daniel dans la fosse aux lions, en esp\u00e9rant que son dieu le sauvera. Mais une fois la fosse scell\u00e9e avec les cachets du roi et de ses dignitaires, le roi se met \u00e0 je\u00fbner dans sa chambre. Au petit matin il va voir si Dieu a sauv\u00e9 Daniel (6,20-21). De fait, Daniel est vivant : un ange a ferm\u00e9 la gueule des lions (6 22-23). Daniel est donc tir\u00e9 de sa fosse et le roi envoie alors \u00e0 tous les gens de son royaume une lettre circulaire pour qu&rsquo;on adore le Dieu de Daniel, dont il fait un \u00e9loge vibrant (6,26-28).<\/p>\n<p>&nbsp;<\/p>\n<p><img loading=\"lazy\" decoding=\"async\" class=\"alignnone wp-image-5725\" src=\"http:\/\/image-bible.ch\/wp-content\/uploads\/2021\/05\/35.-Apparition-a-Marie-Madeleine-D-300x241.jpg\" alt=\"\" width=\"357\" height=\"287\" srcset=\"http:\/\/image-bible.ch\/wp-content\/uploads\/2021\/05\/35.-Apparition-a-Marie-Madeleine-D-300x241.jpg 300w, http:\/\/image-bible.ch\/wp-content\/uploads\/2021\/05\/35.-Apparition-a-Marie-Madeleine-D.jpg 622w\" sizes=\"(max-width: 357px) 100vw, 357px\" \/><\/p>\n<p><strong>Anne :<\/strong><i> 1Sm 2,1 Et Anne fit cette pri\u00e8re : Mon c\u0153ur exulte \u00e0 cause du Seigneur ; mon front s\u2019est relev\u00e9 gr\u00e2ce \u00e0 mon Dieu ! Face \u00e0 mes ennemis, s\u2019ouvre ma bouche : oui, je me r\u00e9jouis de ton salut ! (Mi 7,7) : \u00ab Moi, J\u00e9rusalem, je veux guetter le Seigneur, attendre Dieu mon Sauveur ; lui, mon Dieu, m\u2019entendra.<br \/>\n<\/i><\/p>\n<p><strong>Isa\u00efe :<\/strong><i> Es 61,10 : Je tressaille de joie dans le Seigneur, mon \u00e2me exulte en mon Dieu. Car il m\u2019a v\u00eatue des v\u00eatements du salut, il m\u2019a couverte du manteau de la justice, comme le jeune mari\u00e9 orn\u00e9 du diad\u00e8me, la jeune mari\u00e9e que parent ses joyaux.<br \/>\n<\/i><\/p>\n<p><strong>David :<\/strong><i> Ps 9,11 : ils s&rsquo;appuieront sur toi, ceux qui connaissent ton nom ; jamais tu n&rsquo;abandonnes, Seigneur, ceux qui te cherchent. \u00a0 \/ 69,5 : Mais tu seras l&rsquo;all\u00e9gresse et la joie de tous ceux qui te cherchent ; * toujours ils rediront : \u00ab Dieu est grand ! \u00bb ceux qui aiment ton salut.<br \/>\n<\/i><\/p>\n<p><strong>Salomon :<\/strong><i> 1R 2,1 : <\/i> <em>Comme les jours de David approchaient de leur fin, il exprima ses volont\u00e9s \u00e0 son fils Salomon :\u00a0\u00ab Je m\u2019en vais par le chemin de tout le monde. Sois fort, sois un homme courageux !<\/em><\/p>\n<p><i>\u00a0<\/i><\/p>\n<p>&nbsp;<\/p>\n","protected":false},"excerpt":{"rendered":"<p>G46.4 &#8211; Apparition \u00e0 Marie-Madeleine \/ Bible Ancien-Testament La fianc\u00e9e se r\u00e9jouit d\u2019avoir trouv\u00e9 le fianc\u00e9 tant attendu Ct 3,4 : \u00a0 Les gardes m&rsquo;ont rencontr\u00e9e, ceux qui font la ronde dans la ville : \u00ab Avez-vous vu celui que<\/p>\n","protected":false},"author":1,"featured_media":0,"parent":0,"menu_order":0,"comment_status":"closed","ping_status":"closed","template":"","meta":{"footnotes":""},"_links":{"self":[{"href":"http:\/\/image-bible.ch\/index.php?rest_route=\/wp\/v2\/pages\/2842"}],"collection":[{"href":"http:\/\/image-bible.ch\/index.php?rest_route=\/wp\/v2\/pages"}],"about":[{"href":"http:\/\/image-bible.ch\/index.php?rest_route=\/wp\/v2\/types\/page"}],"author":[{"embeddable":true,"href":"http:\/\/image-bible.ch\/index.php?rest_route=\/wp\/v2\/users\/1"}],"replies":[{"embeddable":true,"href":"http:\/\/image-bible.ch\/index.php?rest_route=%2Fwp%2Fv2%2Fcomments&post=2842"}],"version-history":[{"count":7,"href":"http:\/\/image-bible.ch\/index.php?rest_route=\/wp\/v2\/pages\/2842\/revisions"}],"predecessor-version":[{"id":9432,"href":"http:\/\/image-bible.ch\/index.php?rest_route=\/wp\/v2\/pages\/2842\/revisions\/9432"}],"wp:attachment":[{"href":"http:\/\/image-bible.ch\/index.php?rest_route=%2Fwp%2Fv2%2Fmedia&parent=2842"}],"curies":[{"name":"wp","href":"https:\/\/api.w.org\/{rel}","templated":true}]}}