{"id":2847,"date":"2021-03-20T20:12:57","date_gmt":"2021-03-20T19:12:57","guid":{"rendered":"http:\/\/image-bible.ch\/?page_id=2847"},"modified":"2024-11-13T15:08:51","modified_gmt":"2024-11-13T14:08:51","slug":"g46-6-icone","status":"publish","type":"page","link":"http:\/\/image-bible.ch\/?page_id=2847","title":{"rendered":"G46.6 \/ Ic\u00f4ne"},"content":{"rendered":"<p style=\"text-align: center;\"><span style=\"font-family: 'comic sans ms', sans-serif; font-size: 14pt;\">G46.6<\/span><span style=\"font-family: 'comic sans ms', sans-serif; font-size: 14pt;\"> &#8211; Apparition \u00e0 Marie-Madeleine \/ Ic\u00f4ne<\/span><\/p>\n<p><img loading=\"lazy\" decoding=\"async\" class=\"alignnone wp-image-6884\" src=\"http:\/\/image-bible.ch\/wp-content\/uploads\/Marie-Madeleine-11.9.04-001-247x300.jpg\" alt=\"\" width=\"308\" height=\"374\" srcset=\"http:\/\/image-bible.ch\/wp-content\/uploads\/Marie-Madeleine-11.9.04-001-247x300.jpg 247w, http:\/\/image-bible.ch\/wp-content\/uploads\/Marie-Madeleine-11.9.04-001-845x1024.jpg 845w, http:\/\/image-bible.ch\/wp-content\/uploads\/Marie-Madeleine-11.9.04-001-768x931.jpg 768w, http:\/\/image-bible.ch\/wp-content\/uploads\/Marie-Madeleine-11.9.04-001-1267x1536.jpg 1267w, http:\/\/image-bible.ch\/wp-content\/uploads\/Marie-Madeleine-11.9.04-001.jpg 1272w\" sizes=\"(max-width: 308px) 100vw, 308px\" \/><\/p>\n<p><img loading=\"lazy\" decoding=\"async\" class=\"alignnone  wp-image-6886\" src=\"http:\/\/image-bible.ch\/wp-content\/uploads\/Marie-Madeleine-Jesus-Noli-me-tangere--300x227.jpg\" alt=\"\" width=\"612\" height=\"463\" srcset=\"http:\/\/image-bible.ch\/wp-content\/uploads\/Marie-Madeleine-Jesus-Noli-me-tangere--300x227.jpg 300w, http:\/\/image-bible.ch\/wp-content\/uploads\/Marie-Madeleine-Jesus-Noli-me-tangere--1024x775.jpg 1024w, http:\/\/image-bible.ch\/wp-content\/uploads\/Marie-Madeleine-Jesus-Noli-me-tangere--768x581.jpg 768w, http:\/\/image-bible.ch\/wp-content\/uploads\/Marie-Madeleine-Jesus-Noli-me-tangere--1536x1162.jpg 1536w, http:\/\/image-bible.ch\/wp-content\/uploads\/Marie-Madeleine-Jesus-Noli-me-tangere--2048x1550.jpg 2048w\" sizes=\"(max-width: 612px) 100vw, 612px\" \/><\/p>\n<p><em>Fresque : Apparition \u00e0 Marie Madeleine Noli me tangere (ne me touche pas), Giotto, 1308, chapelle Ste Marie-Madeleine, \u00e9glise inf\u00e9rieure, Basilique St Fran\u00e7ois, Assise (Italie).<\/em><\/p>\n<p class=\"Normallivre\">Contemplez les visages, regardez les mains. Marie Madeleine est toute enti\u00e8re tendue vers son Seigneur et son Dieu. J\u00e9sus tout en \u00e9tant accueillant \u00e0 celle qui l\u2019aime, marque son \u00e9loignement. L\u2019un et l\u2019autre nous invitent \u00e0 une relation int\u00e9rieure du c\u0153ur qui est un attachement dans la diff\u00e9rence, une communion dans la distance, une unit\u00e9 sans uniformit\u00e9. J\u00e9sus reste Dieu et Marie-Madeleine reste une cr\u00e9ature qui vit sur la terre.<\/p>\n<p><img loading=\"lazy\" decoding=\"async\" class=\"alignnone  wp-image-6589\" src=\"http:\/\/image-bible.ch\/wp-content\/uploads\/Marie-Madeleine-et-Jesus-ressuscite-Ne-me-touche-pas-Jn20-36-Mosaique-byzantine-Monreale-293x300.jpg\" alt=\"\" width=\"593\" height=\"607\" srcset=\"http:\/\/image-bible.ch\/wp-content\/uploads\/Marie-Madeleine-et-Jesus-ressuscite-Ne-me-touche-pas-Jn20-36-Mosaique-byzantine-Monreale-293x300.jpg 293w, http:\/\/image-bible.ch\/wp-content\/uploads\/Marie-Madeleine-et-Jesus-ressuscite-Ne-me-touche-pas-Jn20-36-Mosaique-byzantine-Monreale-999x1024.jpg 999w, http:\/\/image-bible.ch\/wp-content\/uploads\/Marie-Madeleine-et-Jesus-ressuscite-Ne-me-touche-pas-Jn20-36-Mosaique-byzantine-Monreale-768x787.jpg 768w, http:\/\/image-bible.ch\/wp-content\/uploads\/Marie-Madeleine-et-Jesus-ressuscite-Ne-me-touche-pas-Jn20-36-Mosaique-byzantine-Monreale-1499x1536.jpg 1499w, http:\/\/image-bible.ch\/wp-content\/uploads\/Marie-Madeleine-et-Jesus-ressuscite-Ne-me-touche-pas-Jn20-36-Mosaique-byzantine-Monreale-1998x2048.jpg 1998w\" sizes=\"(max-width: 593px) 100vw, 593px\" \/><\/p>\n<p class=\"Normallivre\"><em>Marie Madeleine et Marie femme de Jacob, Mosa\u00efque byzantine, cath\u00e9drale de Montreale, Sicile (Italie)<\/em><\/p>\n<p class=\"Normallivre\">Les anges au tombeau marquent la r\u00e9surrection et ceux dans le ciel la mission de J\u00e9sus de retourner aupr\u00e8s de son P\u00e8re.<\/p>\n<p>J\u00e9sus b\u00e9nit Marie-Madeleine, il tient la croix de la R\u00e9surrection. Marie m\u00e8re de Jacques est \u00e0 genoux et tient en signe de respect la tunique dans sa main.<\/p>\n<p>&nbsp;<\/p>\n","protected":false},"excerpt":{"rendered":"<p>G46.6 &#8211; Apparition \u00e0 Marie-Madeleine \/ Ic\u00f4ne Fresque : Apparition \u00e0 Marie Madeleine Noli me tangere (ne me touche pas), Giotto, 1308, chapelle Ste Marie-Madeleine, \u00e9glise inf\u00e9rieure, Basilique St Fran\u00e7ois, Assise (Italie). Contemplez les visages, regardez les mains. Marie Madeleine<\/p>\n","protected":false},"author":1,"featured_media":0,"parent":0,"menu_order":0,"comment_status":"closed","ping_status":"closed","template":"","meta":{"footnotes":""},"_links":{"self":[{"href":"http:\/\/image-bible.ch\/index.php?rest_route=\/wp\/v2\/pages\/2847"}],"collection":[{"href":"http:\/\/image-bible.ch\/index.php?rest_route=\/wp\/v2\/pages"}],"about":[{"href":"http:\/\/image-bible.ch\/index.php?rest_route=\/wp\/v2\/types\/page"}],"author":[{"embeddable":true,"href":"http:\/\/image-bible.ch\/index.php?rest_route=\/wp\/v2\/users\/1"}],"replies":[{"embeddable":true,"href":"http:\/\/image-bible.ch\/index.php?rest_route=%2Fwp%2Fv2%2Fcomments&post=2847"}],"version-history":[{"count":5,"href":"http:\/\/image-bible.ch\/index.php?rest_route=\/wp\/v2\/pages\/2847\/revisions"}],"predecessor-version":[{"id":9434,"href":"http:\/\/image-bible.ch\/index.php?rest_route=\/wp\/v2\/pages\/2847\/revisions\/9434"}],"wp:attachment":[{"href":"http:\/\/image-bible.ch\/index.php?rest_route=%2Fwp%2Fv2%2Fmedia&parent=2847"}],"curies":[{"name":"wp","href":"https:\/\/api.w.org\/{rel}","templated":true}]}}