{"id":285,"date":"2021-03-02T16:45:08","date_gmt":"2021-03-02T15:45:08","guid":{"rendered":"http:\/\/image-bible.ch\/?page_id=285"},"modified":"2021-05-19T20:23:24","modified_gmt":"2021-05-19T18:23:24","slug":"21-divers-video-references","status":"publish","type":"page","link":"http:\/\/image-bible.ch\/?page_id=285","title":{"rendered":"A1.10 \/ Video &#8211; R\u00e9f\u00e9rences"},"content":{"rendered":"<p style=\"text-align: center;\"><span style=\"font-size: 14pt; font-family: 'comic sans ms', sans-serif;\">A1. L\u2019Annonciation \u00e0 Marie \/\u00a0 Divers Vid\u00e9o &#8211; R\u00e9f\u00e9rences<\/span><\/p>\r\n<p style=\"text-align: justify;\">Une repr\u00e9sentation de l&rsquo;annonciation d&rsquo;Andr\u00e9 Carpentier : originale et profonde : <a href=\"http:\/\/www.interbible.org\/carpentier\/gloire\/annonciation.htm\">Annonciation A. Carpentier<\/a><\/p>\r\n<div class=\"wp-block-columns\">\r\n<div class=\"wp-block-column\" style=\"flex-basis: 100%;\"><!-- \/wp:paragraph --><\/div>\r\n<!-- \/wp:column --><\/div>\r\n<!-- \/wp:columns -->\r\n\r\n<!-- wp:heading {\"level\":4} --><!-- \/wp:heading -->\r\n\r\n<!-- wp:paragraph --><!-- \/wp:paragraph -->","protected":false},"excerpt":{"rendered":"<p>A1. L\u2019Annonciation \u00e0 Marie \/\u00a0 Divers Vid\u00e9o &#8211; R\u00e9f\u00e9rences Une repr\u00e9sentation de l&rsquo;annonciation d&rsquo;Andr\u00e9 Carpentier : originale et profonde : Annonciation A. Carpentier<\/p>\n","protected":false},"author":1,"featured_media":0,"parent":21,"menu_order":10,"comment_status":"closed","ping_status":"closed","template":"","meta":{"footnotes":""},"_links":{"self":[{"href":"http:\/\/image-bible.ch\/index.php?rest_route=\/wp\/v2\/pages\/285"}],"collection":[{"href":"http:\/\/image-bible.ch\/index.php?rest_route=\/wp\/v2\/pages"}],"about":[{"href":"http:\/\/image-bible.ch\/index.php?rest_route=\/wp\/v2\/types\/page"}],"author":[{"embeddable":true,"href":"http:\/\/image-bible.ch\/index.php?rest_route=\/wp\/v2\/users\/1"}],"replies":[{"embeddable":true,"href":"http:\/\/image-bible.ch\/index.php?rest_route=%2Fwp%2Fv2%2Fcomments&post=285"}],"version-history":[{"count":19,"href":"http:\/\/image-bible.ch\/index.php?rest_route=\/wp\/v2\/pages\/285\/revisions"}],"predecessor-version":[{"id":5405,"href":"http:\/\/image-bible.ch\/index.php?rest_route=\/wp\/v2\/pages\/285\/revisions\/5405"}],"up":[{"embeddable":true,"href":"http:\/\/image-bible.ch\/index.php?rest_route=\/wp\/v2\/pages\/21"}],"wp:attachment":[{"href":"http:\/\/image-bible.ch\/index.php?rest_route=%2Fwp%2Fv2%2Fmedia&parent=285"}],"curies":[{"name":"wp","href":"https:\/\/api.w.org\/{rel}","templated":true}]}}