{"id":2854,"date":"2021-03-20T20:14:39","date_gmt":"2021-03-20T19:14:39","guid":{"rendered":"http:\/\/image-bible.ch\/?page_id=2854"},"modified":"2022-04-29T23:26:06","modified_gmt":"2022-04-29T21:26:06","slug":"46-10-divers-video-references","status":"publish","type":"page","link":"http:\/\/image-bible.ch\/?page_id=2854","title":{"rendered":"G46.10 \/ Divers Vid\u00e9o &#8211; R\u00e9f\u00e9rences"},"content":{"rendered":"<p style=\"text-align: center;\"><span style=\"font-family: 'comic sans ms', sans-serif; font-size: 14pt;\">G46.10<\/span><span style=\"font-family: 'comic sans ms', sans-serif; font-size: 14pt;\"> &#8211; Apparition \u00e0 Marie-Madeleine \/ Divers Vid\u00e9o &#8211; R\u00e9f\u00e9rences<\/span><\/p>\n<p><span style=\"font-family: 'comic sans ms', sans-serif; font-size: 14pt;\"><img loading=\"lazy\" decoding=\"async\" class=\"alignnone  wp-image-6886\" src=\"http:\/\/image-bible.ch\/wp-content\/uploads\/Marie-Madeleine-Jesus-Noli-me-tangere--300x227.jpg\" alt=\"\" width=\"378\" height=\"286\" srcset=\"http:\/\/image-bible.ch\/wp-content\/uploads\/Marie-Madeleine-Jesus-Noli-me-tangere--300x227.jpg 300w, http:\/\/image-bible.ch\/wp-content\/uploads\/Marie-Madeleine-Jesus-Noli-me-tangere--1024x775.jpg 1024w, http:\/\/image-bible.ch\/wp-content\/uploads\/Marie-Madeleine-Jesus-Noli-me-tangere--768x581.jpg 768w, http:\/\/image-bible.ch\/wp-content\/uploads\/Marie-Madeleine-Jesus-Noli-me-tangere--1536x1162.jpg 1536w, http:\/\/image-bible.ch\/wp-content\/uploads\/Marie-Madeleine-Jesus-Noli-me-tangere--2048x1550.jpg 2048w\" sizes=\"(max-width: 378px) 100vw, 378px\" \/><\/span><\/p>\n<p>Noli me tangere (ne me touche pas), Giotto 1307-08, chapelle Ste Marie-Madeleine,<br \/>\n\u00e9glise inf\u00e9rieure, Basilique St Fran\u00e7ois, Assise (Italie).<\/p>\n<p class=\"Normallivre\">Contemplez les visages, regardez les mains. Marie-Madeleine est toute enti\u00e8re tendue vers son Seigneur et son Dieu et J\u00e9sus tout en \u00e9tant accueillant \u00e0 celle qui l\u2019aime, marque son \u00e9loignement. L\u2019une et l\u2019autre nous invitent \u00e0 une relation int\u00e9rieur du c\u0153ur qui est un attachement dans la diff\u00e9rence, une communion dans la distance, une unit\u00e9 sans uniformit\u00e9. J\u00e9sus reste Dieu et Marie-Madeleine reste une cr\u00e9ature qui vit sur la terre.<\/p>\n<p class=\"Normallivre\">Les anges au tombeau marquent la r\u00e9surrection et ceux dans le ciel la mission de J\u00e9sus de retourner aupr\u00e8s de son P\u00e8re.<\/p>\n","protected":false},"excerpt":{"rendered":"<p>G46.10 &#8211; Apparition \u00e0 Marie-Madeleine \/ Divers Vid\u00e9o &#8211; R\u00e9f\u00e9rences Noli me tangere (ne me touche pas), Giotto 1307-08, chapelle Ste Marie-Madeleine, \u00e9glise inf\u00e9rieure, Basilique St Fran\u00e7ois, Assise (Italie). Contemplez les visages, regardez les mains. Marie-Madeleine est toute enti\u00e8re tendue<\/p>\n","protected":false},"author":1,"featured_media":0,"parent":0,"menu_order":0,"comment_status":"closed","ping_status":"closed","template":"","meta":{"footnotes":""},"_links":{"self":[{"href":"http:\/\/image-bible.ch\/index.php?rest_route=\/wp\/v2\/pages\/2854"}],"collection":[{"href":"http:\/\/image-bible.ch\/index.php?rest_route=\/wp\/v2\/pages"}],"about":[{"href":"http:\/\/image-bible.ch\/index.php?rest_route=\/wp\/v2\/types\/page"}],"author":[{"embeddable":true,"href":"http:\/\/image-bible.ch\/index.php?rest_route=\/wp\/v2\/users\/1"}],"replies":[{"embeddable":true,"href":"http:\/\/image-bible.ch\/index.php?rest_route=%2Fwp%2Fv2%2Fcomments&post=2854"}],"version-history":[{"count":5,"href":"http:\/\/image-bible.ch\/index.php?rest_route=\/wp\/v2\/pages\/2854\/revisions"}],"predecessor-version":[{"id":6888,"href":"http:\/\/image-bible.ch\/index.php?rest_route=\/wp\/v2\/pages\/2854\/revisions\/6888"}],"wp:attachment":[{"href":"http:\/\/image-bible.ch\/index.php?rest_route=%2Fwp%2Fv2%2Fmedia&parent=2854"}],"curies":[{"name":"wp","href":"https:\/\/api.w.org\/{rel}","templated":true}]}}