{"id":2879,"date":"2021-03-20T20:28:15","date_gmt":"2021-03-20T19:28:15","guid":{"rendered":"http:\/\/image-bible.ch\/?page_id=2879"},"modified":"2021-09-20T13:34:07","modified_gmt":"2021-09-20T11:34:07","slug":"g45-1-la-bible-des-pauvres","status":"publish","type":"page","link":"http:\/\/image-bible.ch\/?page_id=2879","title":{"rendered":"G45.1 \/ La Bible des pauvres"},"content":{"rendered":"<p style=\"text-align: center;\"><span style=\"font-family: 'comic sans ms', sans-serif; font-size: 14pt;\">G45.1<\/span><span style=\"font-family: 'comic sans ms', sans-serif; font-size: 14pt;\"> &#8211; Apparition aux femmes au tombeau \/ La Bible des pauvres<\/span><\/p>\n<p><img loading=\"lazy\" decoding=\"async\" class=\"alignnone wp-image-5721\" src=\"http:\/\/image-bible.ch\/wp-content\/uploads\/2021\/05\/34.-Apparition-aux-femmes-199x300.jpg\" alt=\"\" width=\"382\" height=\"576\" srcset=\"http:\/\/image-bible.ch\/wp-content\/uploads\/2021\/05\/34.-Apparition-aux-femmes-199x300.jpg 199w, http:\/\/image-bible.ch\/wp-content\/uploads\/2021\/05\/34.-Apparition-aux-femmes.jpg 643w\" sizes=\"(max-width: 382px) 100vw, 382px\" \/><\/p>\n<p><strong>Types :<\/strong> Ruben appr\u00e9hende la mort de Joseph dans la citerne &#8211; La bien-aim\u00e9e cherche avidement son fianc\u00e9<\/p>\n<p><strong>Antitype :<\/strong> Apparition aux femmes venues au tombeau<\/p>\n<p>Dans la Gen\u00e8se on lit : Ruben vint et cherchait Joseph dans la citerne. Lorsqu\u2019il ne le trouva point et fut tr\u00e8s angoiss\u00e9 et il dit \u00e0 ses fr\u00e8res : \u00ab\u00a0l\u2019enfant n\u2019est pas l\u00e0 et o\u00f9 vias-je aller ? Ce Ruben pr\u00e9figure Maire-Madeleine qui cherchait avec grand effroi J\u00e9sus au tombeau<\/p>\n<p><i>Gn 37,29-30 : \u00a0Lorsque Ruben retourna \u00e0 la citerne, voil\u00e0 que Joseph n&rsquo;y \u00e9tait plus ! Il d\u00e9chira ses v\u00eatements30.\u00a0et, revenant vers ses fr\u00e8res, il dit : L&rsquo;enfant n&rsquo;est plus l\u00e0 ! Et moi, o\u00f9 vais-je aller ?<\/i><\/p>\n<p>Dans le Cantique des cantiques il est dit de la fianc\u00e9e : lors de la recherche de son bien-aim\u00e9\u00a0 elle dit : \u00ab\u00a0j\u2019ai cherch\u00e9 celui que mon c\u0153ur aime, je l\u2019ai cherch\u00e9 et ne l\u2019ai pas trouv\u00e9\u00a0\u00bb. Cette fianc\u00e9e est une pr\u00e9figuration de Marie-Madeleine qui cherchait son bien-aim\u00e9e, le Christ, au tombeau.<\/p>\n<p><i>Ct 3,1-2 : \u00a0Sur ma couche, la nuit, j&rsquo;ai cherch\u00e9 celui que mon c\u0153ur aime. Je l&rsquo;ai cherch\u00e9, mais ne l&rsquo;ai point trouv\u00e9!2.\u00a0Je me l\u00e8verai donc, et parcourrai la ville. Dans les rues et sur les places, je chercherai celui que mon c\u0153ur aime. Je l&rsquo;ai cherch\u00e9, mais ne l&rsquo;ai point trouv\u00e9!<\/i><\/p>\n<p><strong>Jacob :<\/strong> <i>Gn 49,18 : En ton salut, j\u2019esp\u00e8re, Seigneur !<br \/>\n<\/i><\/p>\n<p><strong>Mich\u00e9e :<\/strong><i> Mi 7,7 : \u00ab Moi, J\u00e9rusalem, je veux guetter le Seigneur, attendre Dieu mon Sauveur ; lui, mon Dieu, m\u2019entendra.<br \/>\n<\/i><\/p>\n<p><strong>David :<\/strong><i> Ps 104,3 : Cherchez le Seigneur et sa puissance, recherchez sans tr\u00eave sa face ;<br \/>\n<\/i><\/p>\n<p><strong>Isa\u00efe :<\/strong><i> Es 55,6 : Cherchez le Seigneur tant qu\u2019il se laisse trouver ; invoquez-le tant qu\u2019il est proche.<\/i><\/p>\n<p>&nbsp;<\/p>\n<p>&nbsp;<\/p>\n","protected":false},"excerpt":{"rendered":"<p>G45.1 &#8211; Apparition aux femmes au tombeau \/ La Bible des pauvres Types : Ruben appr\u00e9hende la mort de Joseph dans la citerne &#8211; La bien-aim\u00e9e cherche avidement son fianc\u00e9 Antitype : Apparition aux femmes venues au tombeau Dans la<\/p>\n","protected":false},"author":1,"featured_media":0,"parent":0,"menu_order":0,"comment_status":"closed","ping_status":"closed","template":"","meta":{"footnotes":""},"_links":{"self":[{"href":"http:\/\/image-bible.ch\/index.php?rest_route=\/wp\/v2\/pages\/2879"}],"collection":[{"href":"http:\/\/image-bible.ch\/index.php?rest_route=\/wp\/v2\/pages"}],"about":[{"href":"http:\/\/image-bible.ch\/index.php?rest_route=\/wp\/v2\/types\/page"}],"author":[{"embeddable":true,"href":"http:\/\/image-bible.ch\/index.php?rest_route=\/wp\/v2\/users\/1"}],"replies":[{"embeddable":true,"href":"http:\/\/image-bible.ch\/index.php?rest_route=%2Fwp%2Fv2%2Fcomments&post=2879"}],"version-history":[{"count":6,"href":"http:\/\/image-bible.ch\/index.php?rest_route=\/wp\/v2\/pages\/2879\/revisions"}],"predecessor-version":[{"id":6153,"href":"http:\/\/image-bible.ch\/index.php?rest_route=\/wp\/v2\/pages\/2879\/revisions\/6153"}],"wp:attachment":[{"href":"http:\/\/image-bible.ch\/index.php?rest_route=%2Fwp%2Fv2%2Fmedia&parent=2879"}],"curies":[{"name":"wp","href":"https:\/\/api.w.org\/{rel}","templated":true}]}}