{"id":2883,"date":"2021-03-20T20:28:50","date_gmt":"2021-03-20T19:28:50","guid":{"rendered":"http:\/\/image-bible.ch\/?page_id=2883"},"modified":"2024-11-13T14:38:43","modified_gmt":"2024-11-13T13:38:43","slug":"g45-3-bible-n-t","status":"publish","type":"page","link":"http:\/\/image-bible.ch\/?page_id=2883","title":{"rendered":"G45.3 \/ Bible Nouveau-Testament"},"content":{"rendered":"<p style=\"text-align: center;\"><span style=\"font-family: 'comic sans ms', sans-serif; font-size: 14pt;\">G45.3<\/span><span style=\"font-family: 'comic sans ms', sans-serif; font-size: 14pt;\"> &#8211; Apparition aux femmes au tombeau \/ Bible Nouveau-Testament<\/span><\/p>\n<p><img loading=\"lazy\" decoding=\"async\" class=\"alignnone size-medium wp-image-5719\" src=\"http:\/\/image-bible.ch\/wp-content\/uploads\/2021\/05\/34.-Apparition-aux-femmes-C-223x300.jpg\" alt=\"\" width=\"223\" height=\"300\" srcset=\"http:\/\/image-bible.ch\/wp-content\/uploads\/2021\/05\/34.-Apparition-aux-femmes-C-223x300.jpg 223w, http:\/\/image-bible.ch\/wp-content\/uploads\/2021\/05\/34.-Apparition-aux-femmes-C.jpg 370w\" sizes=\"(max-width: 223px) 100vw, 223px\" \/><\/p>\n<p><span style=\"color: #0000ff;\">Mt 28,1-10 :<\/span><\/p>\n<p><sup><span class=\"verse_number\" style=\"color: #0000ff;\">1<\/span><\/sup> <span style=\"color: #993300;\">Apr\u00e8s le sabbat<\/span>, \u00e0 l\u2019heure o\u00f9 commen\u00e7ait \u00e0 poindre<span style=\"color: #993300;\"> le premier jour<\/span> de la semaine, <strong>Marie Madeleine<\/strong> et l\u2019autre <strong>Marie<\/strong> vinrent pour regarder <span style=\"color: #008000;\">le s\u00e9pulcre.<\/span><\/p>\n<p><sup><span class=\"verse_number\" style=\"color: #0000ff;\">2<\/span><\/sup> Et voil\u00e0 qu\u2019il y eut un <em>grand tremblement de terre<\/em>\u00a0; <strong>l\u2019ange du Seigneur<\/strong> descendit <span style=\"color: #008000;\">du ciel<\/span>, <em>vint rouler la pierre et s\u2019assit dessus<\/em>.<\/p>\n<p><sup><span class=\"verse_number\" style=\"color: #0000ff;\">3<\/span><\/sup> Il avait l\u2019aspect d<em>e l\u2019\u00e9clair<\/em>, et son v\u00eatement \u00e9tait <em>blanc comme neige.<\/em><\/p>\n<p><sup><span class=\"verse_number\" style=\"color: #0000ff;\">4<\/span><\/sup> <strong>Les gardes<\/strong>, dans la crainte qu\u2019ils \u00e9prouv\u00e8rent, se mirent \u00e0 trembler et devinrent<em> comme morts<\/em>.<\/p>\n<p><sup><span class=\"verse_number\" style=\"color: #0000ff;\">5<\/span><\/sup> <strong>L\u2019ange<\/strong> prit la parole et dit <strong>aux femmes\u00a0<\/strong>: \u00ab\u00a0Vous, <em>soyez sans crainte<\/em>\u00a0! Je sais que <span style=\"color: #ff0000;\">vous cherchez J\u00e9sus le Crucifi\u00e9<\/span>.<\/p>\n<p><sup><span class=\"verse_number\" style=\"color: #0000ff;\">6<\/span><\/sup> Il n\u2019est <span style=\"color: #ff0000;\">pas ici<\/span>, car<span style=\"color: #ff0000;\"><strong> il est ressuscit\u00e9<\/strong><\/span>, <span style=\"color: #ff0000;\">comme il l\u2019avait di<\/span>t. Venez voir l\u2019endroit o\u00f9 il reposait.<\/p>\n<p><sup><span class=\"verse_number\" style=\"color: #0000ff;\">7<\/span><\/sup> Puis, vite, allez dire <strong>\u00e0 ses disciples<\/strong>\u00a0: \u201c<span style=\"color: #ff0000;\"><strong>Il est ressuscit\u00e9<\/strong><\/span> <span style=\"color: #ff0000;\">d\u2019entre les morts<\/span>, et voici qu\u2019il vous <em>pr\u00e9c\u00e8de<\/em> <span style=\"color: #008000;\">en Galil\u00e9e<\/span>\u00a0; l\u00e0, vous le verrez.\u201d Voil\u00e0 ce que j\u2019avais \u00e0 vous dire.\u00a0\u00bb<\/p>\n<p><sup><span class=\"verse_number\" style=\"color: #0000ff;\">8<\/span><\/sup> Vite, elles quitt\u00e8rent<span style=\"color: #008000;\"> le tombeau<\/span>, remplies \u00e0 la fois de<em> crainte<\/em> et d\u2019une grande<em> joie,<\/em> et elles coururent porter la nouvelle \u00e0 ses disciples.<\/p>\n<p><sup><span class=\"verse_number\" style=\"color: #0000ff;\">9<\/span><\/sup> Et voici que <strong>J\u00e9sus<\/strong> vint \u00e0 leur rencontre et leur dit\u00a0: \u00ab\u00a0<em>Je vous salue<\/em>.\u00a0\u00bb Elles s\u2019approch\u00e8rent, <em>lui saisirent les pied<\/em>s et <em>se prostern\u00e8rent<\/em> devant lui.<\/p>\n<p><sup><span class=\"verse_number\" style=\"color: #0000ff;\">10<\/span><\/sup> Alors <strong>J\u00e9sus<\/strong> leur dit\u00a0: \u00ab\u00a0<em>Soyez sans crainte<\/em>, allez annoncer \u00e0 mes fr\u00e8res qu\u2019ils doivent se rendre <span style=\"color: #008000;\">en Galil\u00e9e<\/span>\u00a0: c\u2019est l\u00e0 <em>qu\u2019ils me verront<\/em>.\u00a0\u00bb<\/p>\n<p><strong><span style=\"color: #993300;\">Vocabulaire :<\/span><\/strong><\/p>\n<p>&nbsp;<\/p>\n<p><strong><span style=\"color: #0000ff;\">Questions :<\/span><\/strong><\/p>\n<p>&nbsp;<\/p>\n<h4>Commentaire :<\/h4>\n<p>Le jour va se lever sur une r\u00e9alit\u00e9 absolument in\u00e9dite et impr\u00e9visible. Les \u00e9vang\u00e9listes &#8211; et particuli\u00e8rement Matthieu &#8211; insistent sur le fait que la d\u00e9couverte du tombeau vide se fait le premier jour de la semaine. C\u2019est vraiment le premier de la nouvelle cr\u00e9ation, faisant \u00e9cho \u00e0 celui o\u00f9 Dieu a cr\u00e9\u00e9 la lumi\u00e8re (Gn 1,2-5). C&rsquo;est pourquoi l&rsquo;\u00e9vang\u00e9liste fait co\u00efncider la visite des femmes au tombeau avec le lever du soleil.<\/p>\n<p>Les femmes ont v\u00e9cu une exp\u00e9rience de la pr\u00e9sence de Dieu d\u2019abord avec l\u2019ange puis avec J\u00e9sus lui-m\u00eame. Matthieu met en sc\u00e8ne cette exp\u00e9rience avec le tremblement de terre, l\u2019aspect de l\u2019ange comme un \u00e9clair, la blancheur de son v\u00eatement. Il s\u2019agit d\u2019une v\u00e9ritable th\u00e9ophanie (manifestation de Dieu) qui renvoie aux th\u00e9ophanies de l\u2019ancien testament (Mo\u00efse et le buisson ardent, \u2026). L\u2019ange puis J\u00e9sus donne une mission aux femmes\u00a0:\u00a0\u00ab\u00a0allez annoncer \u00e0 mes fr\u00e8res qu\u2019ils doivent se rendre en Galil\u00e9e\u00a0: c\u2019est l\u00e0 <em>qu\u2019ils me verront<\/em>.\u00a0\u00bb<\/p>\n","protected":false},"excerpt":{"rendered":"<p>G45.3 &#8211; Apparition aux femmes au tombeau \/ Bible Nouveau-Testament Mt 28,1-10 : 1 Apr\u00e8s le sabbat, \u00e0 l\u2019heure o\u00f9 commen\u00e7ait \u00e0 poindre le premier jour de la semaine, Marie Madeleine et l\u2019autre Marie vinrent pour regarder le s\u00e9pulcre. 2<\/p>\n","protected":false},"author":1,"featured_media":0,"parent":0,"menu_order":0,"comment_status":"closed","ping_status":"closed","template":"","meta":{"footnotes":""},"_links":{"self":[{"href":"http:\/\/image-bible.ch\/index.php?rest_route=\/wp\/v2\/pages\/2883"}],"collection":[{"href":"http:\/\/image-bible.ch\/index.php?rest_route=\/wp\/v2\/pages"}],"about":[{"href":"http:\/\/image-bible.ch\/index.php?rest_route=\/wp\/v2\/types\/page"}],"author":[{"embeddable":true,"href":"http:\/\/image-bible.ch\/index.php?rest_route=\/wp\/v2\/users\/1"}],"replies":[{"embeddable":true,"href":"http:\/\/image-bible.ch\/index.php?rest_route=%2Fwp%2Fv2%2Fcomments&post=2883"}],"version-history":[{"count":7,"href":"http:\/\/image-bible.ch\/index.php?rest_route=\/wp\/v2\/pages\/2883\/revisions"}],"predecessor-version":[{"id":9421,"href":"http:\/\/image-bible.ch\/index.php?rest_route=\/wp\/v2\/pages\/2883\/revisions\/9421"}],"wp:attachment":[{"href":"http:\/\/image-bible.ch\/index.php?rest_route=%2Fwp%2Fv2%2Fmedia&parent=2883"}],"curies":[{"name":"wp","href":"https:\/\/api.w.org\/{rel}","templated":true}]}}