{"id":2885,"date":"2021-03-20T20:29:07","date_gmt":"2021-03-20T19:29:07","guid":{"rendered":"http:\/\/image-bible.ch\/?page_id=2885"},"modified":"2024-11-13T14:39:51","modified_gmt":"2024-11-13T13:39:51","slug":"g45-4-bible-a-t","status":"publish","type":"page","link":"http:\/\/image-bible.ch\/?page_id=2885","title":{"rendered":"G45.4 \/ Bible Ancien-Testament"},"content":{"rendered":"<p style=\"text-align: center;\"><span style=\"font-family: 'comic sans ms', sans-serif; font-size: 14pt;\">G45.4<\/span><span style=\"font-family: 'comic sans ms', sans-serif; font-size: 14pt;\"> &#8211; Apparition aux femmes au tombeau \/ Bible Ancien-Testament<\/span><\/p>\n<h3>Ruben ne retrouve pas Joseph dans la citerne<\/h3>\n<p><strong><img loading=\"lazy\" decoding=\"async\" class=\"alignnone size-medium wp-image-5717\" src=\"http:\/\/image-bible.ch\/wp-content\/uploads\/2021\/05\/34.-Apparition-aux-femmes-A-Ruben-cherche-Joseph-dans-la-citerne-204x300.jpg\" alt=\"\" width=\"204\" height=\"300\" srcset=\"http:\/\/image-bible.ch\/wp-content\/uploads\/2021\/05\/34.-Apparition-aux-femmes-A-Ruben-cherche-Joseph-dans-la-citerne-204x300.jpg 204w, http:\/\/image-bible.ch\/wp-content\/uploads\/2021\/05\/34.-Apparition-aux-femmes-A-Ruben-cherche-Joseph-dans-la-citerne.jpg 329w\" sizes=\"(max-width: 204px) 100vw, 204px\" \/><\/strong><\/p>\n<p><span style=\"color: #0000ff;\">Gn 37,26-34 :<\/span><\/p>\n<p><span style=\"color: #0000ff;\"><sup>26 <\/sup><\/span>Alors <strong>Juda<\/strong> dit \u00e0 <strong>ses fr\u00e8res\u00a0<\/strong>: \u00ab\u00a0Quel profit aurions-nous <em>\u00e0 tuer notre fr\u00e8re<\/em> et \u00e0 <em>dissimuler sa mort<\/em>\u00a0?<\/p>\n<p><span style=\"color: #0000ff;\"><sup>27<\/sup><\/span> <em>Vendons-le<\/em> plut\u00f4t aux Isma\u00e9lites et ne portons pas la main sur lui, car il est notre fr\u00e8re, notre propre chair.\u00a0\u00bb Ses fr\u00e8res l\u2019\u00e9cout\u00e8rent.<\/p>\n<p><span style=\"color: #0000ff;\"><sup>28<\/sup><\/span> Des<strong> marchands madianites<\/strong> qui passaient par l\u00e0 retir\u00e8rent Joseph <span style=\"color: #008000;\">de la citerne<\/span>, ils le vendirent pour <em>vingt pi\u00e8ces d\u2019argent<\/em> aux Isma\u00e9lites, et ceux-ci l\u2019emmen\u00e8rent <span style=\"color: #008000;\">en \u00c9gypte.<\/span><\/p>\n<p><span style=\"color: #0000ff;\"><sup>29<\/sup><\/span> Quand <strong>Roub\u00e8ne<\/strong> revint \u00e0 la <span style=\"color: #008000;\">citerne<\/span>,<strong> Joseph<\/strong> <span style=\"color: #ff0000;\">n\u2019y \u00e9tait plus.<\/span> Il <em>d\u00e9chira ses v\u00eatements<\/em>, <span style=\"color: #0000ff;\"><sup>30<\/sup><\/span> revint vers ses fr\u00e8res et dit\u00a0: \u00ab\u00a0<span style=\"color: #ff0000;\">L\u2019enfant n\u2019est plus l\u00e0<\/span>\u00a0! Et moi, o\u00f9 vais-je donc aller, moi\u00a0?\u00a0\u00bb<\/p>\n<p><span style=\"color: #0000ff;\"><sup>31<\/sup><\/span> Ils prirent alors <em>la tunique<\/em> de <strong>Joseph<\/strong>, \u00e9gorg\u00e8rent <em>un bouc<\/em> et tremp\u00e8rent la <em>tunique dans le sang.<\/em><\/p>\n<p><span style=\"color: #0000ff;\"><sup>32<\/sup><\/span> Puis ils firent porter \u00e0 leur p\u00e8re <em>la tunique de grand prix<\/em>, avec ce message\u00a0: \u00ab\u00a0Nous avons trouv\u00e9 ceci. Regarde bien\u00a0: <em>est-ce ou n\u2019est-ce pas la tunique de ton fils<\/em>\u00a0?\u00a0\u00bb<\/p>\n<p><span style=\"color: #0000ff;\"><sup>33<\/sup><\/span> Il la reconnut et s\u2019\u00e9cria\u00a0: \u00ab\u00a0La tunique de mon fils\u00a0! <em>Une b\u00eate f\u00e9roce a d\u00e9vor\u00e9 <\/em><strong>Joseph<\/strong><strong>\u00a0<\/strong>! Il a \u00e9t\u00e9 mis en pi\u00e8ces\u00a0!\u00a0\u00bb<\/p>\n<p><span style=\"color: #0000ff;\"><sup>34<\/sup> <\/span><strong>Jacob<\/strong> <em>d\u00e9chira ses v\u00eatements<\/em>, mit un sac sur ses reins et <em>porta le deuil<\/em> de son fils <span style=\"color: #993300;\">pendant de longs jours.<\/span><\/p>\n<p><strong><span style=\"color: #993300;\">Vocabulaire :<\/span><\/strong><\/p>\n<p>&nbsp;<\/p>\n<p><strong><span style=\"color: #0000ff;\">Questions :<\/span><\/strong><\/p>\n<p>&nbsp;<\/p>\n<h4>Commentaire :<\/h4>\n<p>Joseph est une bonne pr\u00e9figuration de J\u00e9sus-Christ. Il est le fils bien-aim\u00e9 de Jacob, ses fr\u00e8res jaloux l\u2019ont enferm\u00e9 dans une citerne vide, comme une tombeau. Il \u00e9chappe \u00e0 la mort en \u00e9tant vendu \u00e0 des marchands madianites. L\u2019a\u00een\u00e9 Rouben ne retrouve plus Joseph, comme les femmes au tombeau. Ses fr\u00e8res et lui vont faire croire \u00e0 leur p\u00e8re que Joseph est mort d\u00e9vor\u00e9 par une b\u00eate f\u00e9roce.<\/p>\n<p>&nbsp;<\/p>\n<h3>La bien-aim\u00e9e cherche avidement son fianc\u00e9<\/h3>\n<p><img loading=\"lazy\" decoding=\"async\" class=\"alignnone size-medium wp-image-5718\" src=\"http:\/\/image-bible.ch\/wp-content\/uploads\/2021\/05\/34.-Apparition-aux-femmes-B-La-bien-aimee-cherche-avidement-son-fiance-202x300.jpg\" alt=\"\" width=\"202\" height=\"300\" srcset=\"http:\/\/image-bible.ch\/wp-content\/uploads\/2021\/05\/34.-Apparition-aux-femmes-B-La-bien-aimee-cherche-avidement-son-fiance-202x300.jpg 202w, http:\/\/image-bible.ch\/wp-content\/uploads\/2021\/05\/34.-Apparition-aux-femmes-B-La-bien-aimee-cherche-avidement-son-fiance.jpg 328w\" sizes=\"(max-width: 202px) 100vw, 202px\" \/><\/p>\n<p><span style=\"color: #0000ff;\">Ct 3,1-2\u00a0:<\/span><\/p>\n<p><strong>ELLE<\/strong><\/p>\n<p><span style=\"color: #0000ff;\"><sup>1<\/sup><\/span> Sur mon lit,<span style=\"color: #993300;\"> la nuit<\/span>, j\u2019ai cherch\u00e9 celui que <em>mon \u00e2me d\u00e9sire<\/em>\u00a0; je l\u2019ai <em>cherch\u00e9\u00a0<\/em>; je ne l\u2019ai <em>pas trouv\u00e9.<\/em><\/p>\n<p><span style=\"color: #0000ff;\"><sup>2<\/sup><\/span> <em>Oui, je me l\u00e8verai,<\/em> je tournerai <span style=\"color: #008000;\">dans la ville<\/span>, par les rues et les places\u00a0:<span style=\"color: #ff0000;\"> je chercherai celui que mon \u00e2me d\u00e9sire\u00a0<\/span>; je l\u2019ai cherch\u00e9\u00a0; je ne <strong><span style=\"color: #ff0000;\">l\u2019ai pas trouv\u00e9<\/span><\/strong>.<\/p>\n<p><span style=\"color: #0000ff;\"><sup>3<\/sup><\/span> Ils m\u2019ont trouv\u00e9e, <strong>les gardes<\/strong>, eux qui tournent <span style=\"color: #008000;\">dans la ville<\/span>\u00a0: \u00ab\u00a0Celui que mon \u00e2me d\u00e9sire<em>, l\u2019auriez-vous vu\u00a0?\u00a0<\/em>\u00bb<\/p>\n<p><strong><span style=\"color: #993300;\">Vocabulaire :<\/span><\/strong><\/p>\n<p>&nbsp;<\/p>\n<p><strong><span style=\"color: #0000ff;\">Questions :<\/span><\/strong><\/p>\n<p>&nbsp;<\/p>\n<h4>Commentaire :<\/h4>\n<p>Jeune, belle, fleurie comme le printemps, une voix de femme nous fait participer \u00e0 l\u2019\u00e9motion de la rencontre amoureuse, au d\u00e9sarroi des s\u00e9parations, \u00e0 l\u2019obstination de la recherche. Les obstacles ne manquent pas, mais la foi dans le partenaire permet d\u2019en triompher.<\/p>\n<p><img loading=\"lazy\" decoding=\"async\" class=\"alignnone size-medium wp-image-5720\" src=\"http:\/\/image-bible.ch\/wp-content\/uploads\/2021\/05\/34.-Apparition-aux-femmes-D-300x234.jpg\" alt=\"\" width=\"300\" height=\"234\" srcset=\"http:\/\/image-bible.ch\/wp-content\/uploads\/2021\/05\/34.-Apparition-aux-femmes-D-300x234.jpg 300w, http:\/\/image-bible.ch\/wp-content\/uploads\/2021\/05\/34.-Apparition-aux-femmes-D.jpg 643w\" sizes=\"(max-width: 300px) 100vw, 300px\" \/><\/p>\n<p><strong>Jacob :<\/strong> <i>Gn 49,18 : En ton salut, j\u2019esp\u00e8re, Seigneur !<br \/>\n<\/i><\/p>\n<p><strong>Mich\u00e9e :<\/strong><i> Mi 7,7 : \u00ab Moi, J\u00e9rusalem, je veux guetter le Seigneur, attendre Dieu mon Sauveur ; lui, mon Dieu, m\u2019entendra.<br \/>\n<\/i><\/p>\n<p><strong>David :<\/strong><i> Ps 104,3 : Cherchez le Seigneur et sa puissance, recherchez sans tr\u00eave sa face ;<br \/>\n<\/i><\/p>\n<p><strong>Isa\u00efe :<\/strong><i> Es 55,6 : Cherchez le Seigneur tant qu\u2019il se laisse trouver ; invoquez-le tant qu\u2019il est proche.<br \/>\n<\/i><\/p>\n<p>&nbsp;<\/p>\n","protected":false},"excerpt":{"rendered":"<p>G45.4 &#8211; Apparition aux femmes au tombeau \/ Bible Ancien-Testament Ruben ne retrouve pas Joseph dans la citerne Gn 37,26-34 : 26 Alors Juda dit \u00e0 ses fr\u00e8res\u00a0: \u00ab\u00a0Quel profit aurions-nous \u00e0 tuer notre fr\u00e8re et \u00e0 dissimuler sa mort\u00a0?<\/p>\n","protected":false},"author":1,"featured_media":0,"parent":0,"menu_order":0,"comment_status":"closed","ping_status":"closed","template":"","meta":{"footnotes":""},"_links":{"self":[{"href":"http:\/\/image-bible.ch\/index.php?rest_route=\/wp\/v2\/pages\/2885"}],"collection":[{"href":"http:\/\/image-bible.ch\/index.php?rest_route=\/wp\/v2\/pages"}],"about":[{"href":"http:\/\/image-bible.ch\/index.php?rest_route=\/wp\/v2\/types\/page"}],"author":[{"embeddable":true,"href":"http:\/\/image-bible.ch\/index.php?rest_route=\/wp\/v2\/users\/1"}],"replies":[{"embeddable":true,"href":"http:\/\/image-bible.ch\/index.php?rest_route=%2Fwp%2Fv2%2Fcomments&post=2885"}],"version-history":[{"count":7,"href":"http:\/\/image-bible.ch\/index.php?rest_route=\/wp\/v2\/pages\/2885\/revisions"}],"predecessor-version":[{"id":9422,"href":"http:\/\/image-bible.ch\/index.php?rest_route=\/wp\/v2\/pages\/2885\/revisions\/9422"}],"wp:attachment":[{"href":"http:\/\/image-bible.ch\/index.php?rest_route=%2Fwp%2Fv2%2Fmedia&parent=2885"}],"curies":[{"name":"wp","href":"https:\/\/api.w.org\/{rel}","templated":true}]}}